{"id":1483,"date":"2024-09-13T10:02:57","date_gmt":"2024-09-13T10:02:57","guid":{"rendered":"https:\/\/magicaluminum.com\/?post_type=product&#038;p=1483"},"modified":"2024-09-14T08:19:34","modified_gmt":"2024-09-14T08:19:34","slug":"anodized-aluminum-panels","status":"publish","type":"product","link":"https:\/\/magicaluminum.com\/de\/produkt\/paneelen-aus-eloxiertem-aluminium\/","title":{"rendered":"Eloxierte Aluminium-Paneele"},"content":{"rendered":"<p>Dekorative Wandpaneele aus Aluminium k\u00f6nnen in eloxiertes Aluminiumfurnier, PVDF-Aluminiumfurnier, pulverbeschichtete Aluminiumpaneele und so weiter unterteilt werden.<\/p>\n<p>Eloxierte Aluminium-Paneele Vorteil:<\/p>\n<p><strong>Starkes metallisches Finish.<\/strong> Die eloxierte Aluminiumoberfl\u00e4che weist eine hohe H\u00e4rte auf, die Edelsteinqualit\u00e4t erreicht, und bietet eine ausgezeichnete Kratzfestigkeit. Ohne Farbbeschichtung beh\u00e4lt sie Die nat\u00fcrliche metallische Farbe des Aluminiums bleibt erhalten, was die moderne metallische \u00c4sthetik unterstreicht und die Produktqualit\u00e4t und den Wert erh\u00f6ht.<\/p>\n<p><strong>Hohe Feuerbest\u00e4ndigkeit.<\/strong> Hergestellt aus reinem Metall, ohne Farbe oder chemische Substanzen auf der Oberfl\u00e4che, h\u00e4lt es Temperaturen von bis zu 600\u00b0C stand, ohne zu verbrennen oder giftige Gase freizusetzen. und erf\u00fcllt die Standards f\u00fcr Brandschutz und Umweltschutz.<\/p>\n<p><strong>Starke Anti-Fouling-Eigenschaften.<\/strong> Es ist resistent gegen Fingerabdr\u00fccke und Flecken, ist leicht zu reinigen und verhindert Korrosionsflecken.<\/p>","protected":false},"excerpt":{"rendered":"<p>Dekoratives Aluminium [...]<\/p>","protected":false},"featured_media":1073,"comment_status":"open","ping_status":"closed","template":"","meta":{"site-sidebar-layout":"default","site-content-layout":"","ast-site-content-layout":"default","site-content-style":"default","site-sidebar-style":"default","ast-global-header-display":"","ast-banner-title-visibility":"","ast-main-header-display":"","ast-hfb-above-header-display":"","ast-hfb-below-header-display":"","ast-hfb-mobile-header-display":"","site-post-title":"","ast-breadcrumbs-content":"","ast-featured-img":"","footer-sml-layout":"","ast-disable-related-posts":"","theme-transparent-header-meta":"default","adv-header-id-meta":"","stick-header-meta":"","header-above-stick-meta":"","header-main-stick-meta":"","header-below-stick-meta":"","astra-migrate-meta-layouts":"set","ast-page-background-enabled":"default","ast-page-background-meta":{"desktop":{"background-color":"var(--ast-global-color-4)","background-image":"","background-repeat":"repeat","background-position":"center center","background-size":"auto","background-attachment":"scroll","background-type":"","background-media":"","overlay-type":"","overlay-color":"","overlay-opacity":"","overlay-gradient":""},"tablet":{"background-color":"","background-image":"","background-repeat":"repeat","background-position":"center center","background-size":"auto","background-attachment":"scroll","background-type":"","background-media":"","overlay-type":"","overlay-color":"","overlay-opacity":"","overlay-gradient":""},"mobile":{"background-color":"","background-image":"","background-repeat":"repeat","background-position":"center center","background-size":"auto","background-attachment":"scroll","background-type":"","background-media":"","overlay-type":"","overlay-color":"","overlay-opacity":"","overlay-gradient":""}},"ast-content-background-meta":{"desktop":{"background-color":"var(--ast-global-color-5)","background-image":"","background-repeat":"repeat","background-position":"center center","background-size":"auto","background-attachment":"scroll","background-type":"","background-media":"","overlay-type":"","overlay-color":"","overlay-opacity":"","overlay-gradient":""},"tablet":{"background-color":"var(--ast-global-color-5)","background-image":"","background-repeat":"repeat","background-position":"center center","background-size":"auto","background-attachment":"scroll","background-type":"","background-media":"","overlay-type":"","overlay-color":"","overlay-opacity":"","overlay-gradient":""},"mobile":{"background-color":"var(--ast-global-color-5)","background-image":"","background-repeat":"repeat","background-position":"center center","background-size":"auto","background-attachment":"scroll","background-type":"","background-media":"","overlay-type":"","overlay-color":"","overlay-opacity":"","overlay-gradient":""}}},"product_brand":[],"product_cat":[35],"product_tag":[],"class_list":{"0":"post-1483","1":"product","2":"type-product","3":"status-publish","4":"has-post-thumbnail","6":"product_cat-anodized-aluminum-veneer","7":"desktop-align-center","8":"tablet-align-left","9":"mobile-align-left","11":"first","12":"instock","13":"taxable","14":"shipping-taxable","15":"purchasable","16":"product-type-simple"},"_links":{"self":[{"href":"https:\/\/magicaluminum.com\/de\/wp-json\/wp\/v2\/product\/1483","targetHints":{"allow":["GET"]}}],"collection":[{"href":"https:\/\/magicaluminum.com\/de\/wp-json\/wp\/v2\/product"}],"about":[{"href":"https:\/\/magicaluminum.com\/de\/wp-json\/wp\/v2\/types\/product"}],"replies":[{"embeddable":true,"href":"https:\/\/magicaluminum.com\/de\/wp-json\/wp\/v2\/comments?post=1483"}],"wp:featuredmedia":[{"embeddable":true,"href":"https:\/\/magicaluminum.com\/de\/wp-json\/wp\/v2\/media\/1073"}],"wp:attachment":[{"href":"https:\/\/magicaluminum.com\/de\/wp-json\/wp\/v2\/media?parent=1483"}],"wp:term":[{"taxonomy":"product_brand","embeddable":true,"href":"https:\/\/magicaluminum.com\/de\/wp-json\/wp\/v2\/product_brand?post=1483"},{"taxonomy":"product_cat","embeddable":true,"href":"https:\/\/magicaluminum.com\/de\/wp-json\/wp\/v2\/product_cat?post=1483"},{"taxonomy":"product_tag","embeddable":true,"href":"https:\/\/magicaluminum.com\/de\/wp-json\/wp\/v2\/product_tag?post=1483"}],"curies":[{"name":"wp","href":"https:\/\/api.w.org\/{rel}","templated":true}]}}