{"id":1506,"date":"2024-09-18T08:41:56","date_gmt":"2024-09-18T08:41:56","guid":{"rendered":"https:\/\/magicaluminum.com\/?post_type=product&#038;p=1506"},"modified":"2025-08-21T16:51:35","modified_gmt":"2025-08-21T08:51:35","slug":"pvdf-coating-aluminum-veneer-sheets","status":"publish","type":"product","link":"https:\/\/magicaluminum.com\/de\/produkt\/pvdf-beschichtung-aluminium-furnierblatter\/","title":{"rendered":"pvdf-Beschichtung Aluminium Furnierbl\u00e4tter"},"content":{"rendered":"<p>Magic PVDF-Beschichtung Aluminiumfurnier bezieht sich auf Geb\u00e4udedekorationsmaterialien, die mit Chromatierungs- und Fluorkohlenstoffspritztechniken verarbeitet werden. Bei der Fluorkohlenstoffbeschichtung wird in erster Linie Polyvinylidenfluoridharz (KANAR500) verwendet, mit einem dreischichtigen Beschichtungssystem, das aus einer Grundierung, einem Decklack und einem Klarlack besteht. , und Klarlack.<\/p>\n<p>Die Struktur des Aluminiumpaneels besteht haupts\u00e4chlich aus der Deckplatte, den Verst\u00e4rkungsrippen und den Eckkanten. Die maximalen Abmessungen der Form k\u00f6nnen 8000 mm \u00d7 1800 mm erreichen. Der Beschichtungsprozess besteht in der Regel aus zwei Schichten und einem Einbrennvorgang oder aus drei Schichten und zwei Einbrennvorg\u00e4ngen und erf\u00fcllt die von der American Architectural Manufacturers Association (AAMA) und der American Subcontractors Association festgelegten Standards AAMA2605-98. Der Beschichtungsprozess besteht in der Regel aus zwei Schichten und einem Einbrennvorgang oder aus drei Schichten und zwei Einbrennvorg\u00e4ngen und erf\u00fcllt die von der American Architectural Manufacturers Association (AAMA) und der American Subcontractors Association (ASCA) festgelegten Standards AAMA2605-98.<\/p>\n<p><strong>Standardst\u00e4rken.<\/strong> 1,5mm, 2,0mm, 2,5mm, 3,0mm<br \/>\n<strong>G\u00e4ngige Gr\u00f6\u00dfen.<\/strong> 600 x<em>600mm, 600\u00d7<\/em>1200mm<\/p>\n<p><script src=\"chrome-extension:\/\/fpelahbljekknahkcaegamhcndkfpfnc\/iFrame.js\" type=\"text\/javascript\"><\/script><\/p>","protected":false},"excerpt":{"rendered":"<p>Magic PVDF-Beschichtung ein [...]<\/p>","protected":false},"featured_media":1508,"comment_status":"open","ping_status":"closed","template":"","meta":{"site-sidebar-layout":"default","site-content-layout":"","ast-site-content-layout":"default","site-content-style":"default","site-sidebar-style":"default","ast-global-header-display":"","ast-banner-title-visibility":"","ast-main-header-display":"","ast-hfb-above-header-display":"","ast-hfb-below-header-display":"","ast-hfb-mobile-header-display":"","site-post-title":"","ast-breadcrumbs-content":"","ast-featured-img":"","footer-sml-layout":"","theme-transparent-header-meta":"default","adv-header-id-meta":"","stick-header-meta":"","header-above-stick-meta":"","header-main-stick-meta":"","header-below-stick-meta":"","astra-migrate-meta-layouts":"set","ast-page-background-enabled":"default","ast-page-background-meta":{"desktop":{"background-color":"var(--ast-global-color-4)","background-image":"","background-repeat":"repeat","background-position":"center center","background-size":"auto","background-attachment":"scroll","background-type":"","background-media":"","overlay-type":"","overlay-color":"","overlay-opacity":"","overlay-gradient":""},"tablet":{"background-color":"","background-image":"","background-repeat":"repeat","background-position":"center center","background-size":"auto","background-attachment":"scroll","background-type":"","background-media":"","overlay-type":"","overlay-color":"","overlay-opacity":"","overlay-gradient":""},"mobile":{"background-color":"","background-image":"","background-repeat":"repeat","background-position":"center center","background-size":"auto","background-attachment":"scroll","background-type":"","background-media":"","overlay-type":"","overlay-color":"","overlay-opacity":"","overlay-gradient":""}},"ast-content-background-meta":{"desktop":{"background-color":"var(--ast-global-color-5)","background-image":"","background-repeat":"repeat","background-position":"center center","background-size":"auto","background-attachment":"scroll","background-type":"","background-media":"","overlay-type":"","overlay-color":"","overlay-opacity":"","overlay-gradient":""},"tablet":{"background-color":"var(--ast-global-color-5)","background-image":"","background-repeat":"repeat","background-position":"center center","background-size":"auto","background-attachment":"scroll","background-type":"","background-media":"","overlay-type":"","overlay-color":"","overlay-opacity":"","overlay-gradient":""},"mobile":{"background-color":"var(--ast-global-color-5)","background-image":"","background-repeat":"repeat","background-position":"center center","background-size":"auto","background-attachment":"scroll","background-type":"","background-media":"","overlay-type":"","overlay-color":"","overlay-opacity":"","overlay-gradient":""}}},"product_brand":[],"product_cat":[37],"product_tag":[85],"class_list":{"0":"post-1506","1":"product","2":"type-product","3":"status-publish","4":"has-post-thumbnail","6":"product_cat-pvdf-aluminum-veneer","7":"product_tag-aluminum-buildings-curtain-wall","8":"desktop-align-center","9":"tablet-align-left","10":"mobile-align-left","12":"first","13":"instock","14":"sale","15":"taxable","16":"shipping-taxable","17":"purchasable","18":"product-type-simple"},"_links":{"self":[{"href":"https:\/\/magicaluminum.com\/de\/wp-json\/wp\/v2\/product\/1506","targetHints":{"allow":["GET"]}}],"collection":[{"href":"https:\/\/magicaluminum.com\/de\/wp-json\/wp\/v2\/product"}],"about":[{"href":"https:\/\/magicaluminum.com\/de\/wp-json\/wp\/v2\/types\/product"}],"replies":[{"embeddable":true,"href":"https:\/\/magicaluminum.com\/de\/wp-json\/wp\/v2\/comments?post=1506"}],"wp:featuredmedia":[{"embeddable":true,"href":"https:\/\/magicaluminum.com\/de\/wp-json\/wp\/v2\/media\/1508"}],"wp:attachment":[{"href":"https:\/\/magicaluminum.com\/de\/wp-json\/wp\/v2\/media?parent=1506"}],"wp:term":[{"taxonomy":"product_brand","embeddable":true,"href":"https:\/\/magicaluminum.com\/de\/wp-json\/wp\/v2\/product_brand?post=1506"},{"taxonomy":"product_cat","embeddable":true,"href":"https:\/\/magicaluminum.com\/de\/wp-json\/wp\/v2\/product_cat?post=1506"},{"taxonomy":"product_tag","embeddable":true,"href":"https:\/\/magicaluminum.com\/de\/wp-json\/wp\/v2\/product_tag?post=1506"}],"curies":[{"name":"wp","href":"https:\/\/api.w.org\/{rel}","templated":true}]}}