{"id":1514,"date":"2024-09-19T07:21:27","date_gmt":"2024-09-19T07:21:27","guid":{"rendered":"https:\/\/magicaluminum.com\/?post_type=product&#038;p=1514"},"modified":"2024-09-19T07:21:27","modified_gmt":"2024-09-19T07:21:27","slug":"metal-building-wall-panels","status":"publish","type":"product","link":"https:\/\/magicaluminum.com\/de\/produkt\/metallwandplatten-fur-gebaude\/","title":{"rendered":"Bemalung von Aluminium-Furnier-Metall-Wandpaneelen"},"content":{"rendered":"<p><a href=\"https:\/\/magicaluminum.com\/de\/\">Magie<\/a> 3D-UV-Lackierung von Aluminiumfurnier bietet eine sichere und umweltfreundliche L\u00f6sung f\u00fcr die Wanddekoration von Baumaterialien. Nachdem die Aluminiumplatte eine Grundbeschichtung erhalten hat, wird sie mit einem automatisierten 3D-UV-Druckverfahren fertiggestellt, um Ihr gew\u00fcnschtes Design zu erstellen. Nachdem das Aluminiumpaneel eine Grundbeschichtung erhalten hat, wird es mit einem automatisierten 3D-UV-Druckverfahren veredelt, um das von Ihnen gew\u00fcnschte Design zu gestalten. Dieses Verfahren sch\u00fctzt nicht nur die Umwelt, sondern erm\u00f6glicht auch die Paneele sind vollst\u00e4ndig recycelbar, was eine effiziente Nutzung der Ressourcen gew\u00e4hrleistet.<\/p>\n<p>\"Kohlenstoffarm\" und \"energiesparend\" werden die wichtigsten Trends in der zuk\u00fcnftigen Entwicklung der Bauindustrie sein. Aluminiumplattenprodukte k\u00f6nnen in Kombination mit anderen umweltfreundlichen Materialien die energiesparende und umweltfreundliche Leistung von Fluorcarbon-Aluminiumplatten erheblich verbessern. Aluminiumprodukte k\u00f6nnen in Kombination mit anderen umweltfreundlichen Materialien die energiesparende und umweltfreundliche Leistung von Fluorcarbon-Aluminiumpaneelen erheblich verbessern. Die Anbringung von Steinwolle auf der R\u00fcckseite einer Vorhangfassade aus Fluorcarbon-Aluminiumpaneelen bietet zum Beispiel eine hervorragende Isolierung und tr\u00e4gt zur Temperaturkontrolle bei. Die Anbringung von Steinwolle auf der R\u00fcckseite einer Vorhangfassade aus Fluorkohlenstoff-Aluminiumpaneelen bietet beispielsweise eine hervorragende Isolierung und tr\u00e4gt zur Temperaturkontrolle bei. Die Anbringung von Steinwolle auf der R\u00fcckseite einer Vorhangfassade aus Fluorkohlenstoff-Aluminiumpaneelen sorgt beispielsweise f\u00fcr eine hervorragende Isolierung und tr\u00e4gt zur Temperaturkontrolle bei.<\/p>","protected":false},"excerpt":{"rendered":"<p>Magische 3D-UV-Malerei [...]<\/p>","protected":false},"featured_media":1519,"comment_status":"open","ping_status":"closed","template":"","meta":{"site-sidebar-layout":"default","site-content-layout":"","ast-site-content-layout":"default","site-content-style":"default","site-sidebar-style":"default","ast-global-header-display":"","ast-banner-title-visibility":"","ast-main-header-display":"","ast-hfb-above-header-display":"","ast-hfb-below-header-display":"","ast-hfb-mobile-header-display":"","site-post-title":"","ast-breadcrumbs-content":"","ast-featured-img":"","footer-sml-layout":"","ast-disable-related-posts":"","theme-transparent-header-meta":"default","adv-header-id-meta":"","stick-header-meta":"","header-above-stick-meta":"","header-main-stick-meta":"","header-below-stick-meta":"","astra-migrate-meta-layouts":"set","ast-page-background-enabled":"default","ast-page-background-meta":{"desktop":{"background-color":"var(--ast-global-color-4)","background-image":"","background-repeat":"repeat","background-position":"center center","background-size":"auto","background-attachment":"scroll","background-type":"","background-media":"","overlay-type":"","overlay-color":"","overlay-opacity":"","overlay-gradient":""},"tablet":{"background-color":"","background-image":"","background-repeat":"repeat","background-position":"center center","background-size":"auto","background-attachment":"scroll","background-type":"","background-media":"","overlay-type":"","overlay-color":"","overlay-opacity":"","overlay-gradient":""},"mobile":{"background-color":"","background-image":"","background-repeat":"repeat","background-position":"center center","background-size":"auto","background-attachment":"scroll","background-type":"","background-media":"","overlay-type":"","overlay-color":"","overlay-opacity":"","overlay-gradient":""}},"ast-content-background-meta":{"desktop":{"background-color":"var(--ast-global-color-5)","background-image":"","background-repeat":"repeat","background-position":"center center","background-size":"auto","background-attachment":"scroll","background-type":"","background-media":"","overlay-type":"","overlay-color":"","overlay-opacity":"","overlay-gradient":""},"tablet":{"background-color":"var(--ast-global-color-5)","background-image":"","background-repeat":"repeat","background-position":"center center","background-size":"auto","background-attachment":"scroll","background-type":"","background-media":"","overlay-type":"","overlay-color":"","overlay-opacity":"","overlay-gradient":""},"mobile":{"background-color":"var(--ast-global-color-5)","background-image":"","background-repeat":"repeat","background-position":"center center","background-size":"auto","background-attachment":"scroll","background-type":"","background-media":"","overlay-type":"","overlay-color":"","overlay-opacity":"","overlay-gradient":""}}},"product_brand":[],"product_cat":[41],"product_tag":[85,79],"class_list":{"0":"post-1514","1":"product","2":"type-product","3":"status-publish","4":"has-post-thumbnail","6":"product_cat-painting-aluminum-veneer","7":"product_tag-aluminum-buildings-curtain-wall","8":"product_tag-aluminum-interior-wall-cladding","9":"desktop-align-center","10":"tablet-align-left","11":"mobile-align-left","13":"first","14":"instock","15":"taxable","16":"shipping-taxable","17":"purchasable","18":"product-type-simple"},"_links":{"self":[{"href":"https:\/\/magicaluminum.com\/de\/wp-json\/wp\/v2\/product\/1514","targetHints":{"allow":["GET"]}}],"collection":[{"href":"https:\/\/magicaluminum.com\/de\/wp-json\/wp\/v2\/product"}],"about":[{"href":"https:\/\/magicaluminum.com\/de\/wp-json\/wp\/v2\/types\/product"}],"replies":[{"embeddable":true,"href":"https:\/\/magicaluminum.com\/de\/wp-json\/wp\/v2\/comments?post=1514"}],"wp:featuredmedia":[{"embeddable":true,"href":"https:\/\/magicaluminum.com\/de\/wp-json\/wp\/v2\/media\/1519"}],"wp:attachment":[{"href":"https:\/\/magicaluminum.com\/de\/wp-json\/wp\/v2\/media?parent=1514"}],"wp:term":[{"taxonomy":"product_brand","embeddable":true,"href":"https:\/\/magicaluminum.com\/de\/wp-json\/wp\/v2\/product_brand?post=1514"},{"taxonomy":"product_cat","embeddable":true,"href":"https:\/\/magicaluminum.com\/de\/wp-json\/wp\/v2\/product_cat?post=1514"},{"taxonomy":"product_tag","embeddable":true,"href":"https:\/\/magicaluminum.com\/de\/wp-json\/wp\/v2\/product_tag?post=1514"}],"curies":[{"name":"wp","href":"https:\/\/api.w.org\/{rel}","templated":true}]}}