{"id":680,"date":"2024-07-25T09:32:11","date_gmt":"2024-07-25T09:32:11","guid":{"rendered":"https:\/\/magicaluminum.com\/?post_type=product&#038;p=680"},"modified":"2024-07-27T08:20:33","modified_gmt":"2024-07-27T08:20:33","slug":"aluminium-wood-u-baffle-ceiling-system","status":"publish","type":"product","link":"https:\/\/magicaluminum.com\/de\/produkt\/aluminium-holz-u-baffel-deckensystem\/","title":{"rendered":"Deckeneinbau-System aus Holz mit U-Baffel"},"content":{"rendered":"<p><strong>u Baffel Decke Holz Farbe<\/strong>:<\/p>\n<p>magic's aluminium baffle ceiling system kann eine Vielzahl von Farben, die Sie w\u00fcnschen, nach Ihren Bed\u00fcrfnissen anpassen, wir machen oft die Farbkarte wie wir machen die Farbkarte oft wie folgt.<\/p>\n<p><img fetchpriority=\"high\" decoding=\"async\" class=\"alignnone size-medium wp-image-688\" src=\"https:\/\/magicaluminum.com\/wp-content\/uploads\/2024\/07\/magic-aluminum-baffled-ceiling-partial-wood-grain-color-300x209.jpg\" alt=\"magic aluminium baffled ceiling Teilweise Holzmaserung Farbe\" width=\"300\" height=\"209\" srcset=\"https:\/\/magicaluminum.com\/wp-content\/uploads\/2024\/07\/magic-aluminum-baffled-ceiling-partial-wood-grain-color-300x209.jpg 300w, https:\/\/magicaluminum.com\/wp-content\/uploads\/2024\/07\/magic-aluminum-baffled-ceiling-partial-wood-grain-color-600x419.jpg 600w, https:\/\/magicaluminum.com\/wp-content\/uploads\/2024\/07\/magic-aluminum-baffled-ceiling-partial-wood-grain-color-768x536.jpg 768w, https:\/\/magicaluminum.com\/wp-content\/uploads\/2024\/07\/magic-aluminum-baffled-ceiling-partial-wood-grain-color.jpg 1000w\" sizes=\"(max-width: 300px) 100vw, 300px\" \/><\/p>\n<p>Das derzeit beliebteste Deckensystem aus Aluminium ist haupts\u00e4chlich mit einer Holzmaserung verziert. Die Oberfl\u00e4che \u00e4hnelt der von Massivholz, ist aber Die Oberfl\u00e4che ist dem Massivholz sehr \u00e4hnlich, aber sie ist kosteng\u00fcnstiger als eine Massivholzdecke.<\/p>\n<p>F\u00fcr weitere Farben und mehr Produkte wenden Sie sich bitte an den Kundendienst. Wir werden sie so lange f\u00fcr Sie bearbeiten, wie Sie sie ben\u00f6tigen.<\/p>\n<p><strong>Schema f\u00fcr den Einbau einer U-f\u00f6rmigen Prallplatte<\/strong>:<\/p>\n<p><img decoding=\"async\" class=\"alignnone size-medium wp-image-691\" src=\"https:\/\/magicaluminum.com\/wp-content\/uploads\/2024\/07\/magic-aluminum-U-shaped-baffle-ceiling-installation-diagram-287x300.jpg\" alt=\"Magic aluminium U baffled ceiling Installationsschema\" width=\"287\" height=\"300\" srcset=\"https:\/\/magicaluminum.com\/wp-content\/uploads\/2024\/07\/magic-aluminum-U-shaped-baffle-ceiling-installation-diagram-287x300.jpg 287w, https:\/\/magicaluminum.com\/wp-content\/uploads\/2024\/07\/magic-aluminum-U-shaped-baffle-ceiling-installation-diagram-600x627.jpg 600w, https:\/\/magicaluminum.com\/wp-content\/uploads\/2024\/07\/magic-aluminum-U-shaped-baffle-ceiling-installation-diagram.jpg 750w\" sizes=\"(max-width: 287px) 100vw, 287px\" \/><\/p>","protected":false},"excerpt":{"rendered":"<p><strong><b>PRODUKTMERKMAL<\/b><\/strong><\/p>\n<p>Magic's aluminium baffle ceiling system has a transparent structure, excellent exhaust effect,be one of the plate installed,the Magic's aluminium baffle ceiling system has a transparent structure, excellent exhaust effect,be one of the plate installed,the formation of one-way screen-level vision,beautiful shape,bright lines,elegant,simple and elegant,if properly selected height,the visual angle of der Raum kann die Wirkung des Vorhangs, so dass das Design der schnellen Ver\u00e4nderung, die gesamte Geb\u00e4ude Raum ger\u00e4umig transparent, mehr stilvolle Decke produzieren Das gesamte Geb\u00e4ude ger\u00e4umig transparent, mehr stilvolle Decke!<\/p>\n<p><strong><b>ANWENDUNG<\/b><\/strong><\/p>\n<p>Weit verbreitet in Fluren, Bars, Einkaufszentren, B\u00fcrogeb\u00e4uden, Bibliotheken, Clubs, Pl\u00e4tzen, Ausstellungen, U-Bahnstationen, Flugh\u00e4fen und anderen Orten.<\/p>\n<p>Eine dekorative Decke kann die gef\u00fchlte H\u00f6he eines Raumes anpassen und Rohre und andere Versorgungseinrichtungen verbergen. Au\u00dferdem mildert und streut sie nat\u00fcrliches Sonnenlicht oder k\u00fcnstliches Licht und bietet einen offenen Blick mit ausgezeichneter Bel\u00fcftung. Au\u00dferdem wird das nat\u00fcrliche Sonnen- oder Kunstlicht ged\u00e4mpft und gestreut, so dass eine offene Aussicht mit hervorragender Bel\u00fcftung entsteht. Die sauberen und klaren Linien spiegeln einen modernen, minimalistischen Stil wider. Durch die einfache Installation und die leichte Pflege sind diese Decken eine beliebte Wahl auf dem Dekorationsmarkt geworden, da sie ein lebendiges und dennoch ordentliches Aussehen.<\/p>","protected":false},"featured_media":686,"comment_status":"open","ping_status":"closed","template":"","meta":{"site-sidebar-layout":"default","site-content-layout":"","ast-site-content-layout":"default","site-content-style":"default","site-sidebar-style":"default","ast-global-header-display":"","ast-banner-title-visibility":"","ast-main-header-display":"","ast-hfb-above-header-display":"","ast-hfb-below-header-display":"","ast-hfb-mobile-header-display":"","site-post-title":"","ast-breadcrumbs-content":"","ast-featured-img":"","footer-sml-layout":"","ast-disable-related-posts":"","theme-transparent-header-meta":"default","adv-header-id-meta":"","stick-header-meta":"","header-above-stick-meta":"","header-main-stick-meta":"","header-below-stick-meta":"","astra-migrate-meta-layouts":"set","ast-page-background-enabled":"default","ast-page-background-meta":{"desktop":{"background-color":"var(--ast-global-color-4)","background-image":"","background-repeat":"repeat","background-position":"center center","background-size":"auto","background-attachment":"scroll","background-type":"","background-media":"","overlay-type":"","overlay-color":"","overlay-opacity":"","overlay-gradient":""},"tablet":{"background-color":"","background-image":"","background-repeat":"repeat","background-position":"center center","background-size":"auto","background-attachment":"scroll","background-type":"","background-media":"","overlay-type":"","overlay-color":"","overlay-opacity":"","overlay-gradient":""},"mobile":{"background-color":"","background-image":"","background-repeat":"repeat","background-position":"center center","background-size":"auto","background-attachment":"scroll","background-type":"","background-media":"","overlay-type":"","overlay-color":"","overlay-opacity":"","overlay-gradient":""}},"ast-content-background-meta":{"desktop":{"background-color":"var(--ast-global-color-5)","background-image":"","background-repeat":"repeat","background-position":"center center","background-size":"auto","background-attachment":"scroll","background-type":"","background-media":"","overlay-type":"","overlay-color":"","overlay-opacity":"","overlay-gradient":""},"tablet":{"background-color":"var(--ast-global-color-5)","background-image":"","background-repeat":"repeat","background-position":"center center","background-size":"auto","background-attachment":"scroll","background-type":"","background-media":"","overlay-type":"","overlay-color":"","overlay-opacity":"","overlay-gradient":""},"mobile":{"background-color":"var(--ast-global-color-5)","background-image":"","background-repeat":"repeat","background-position":"center center","background-size":"auto","background-attachment":"scroll","background-type":"","background-media":"","overlay-type":"","overlay-color":"","overlay-opacity":"","overlay-gradient":""}}},"product_brand":[],"product_cat":[52],"product_tag":[],"class_list":{"0":"post-680","1":"product","2":"type-product","3":"status-publish","4":"has-post-thumbnail","6":"product_cat-u-baffle-ceiling","7":"desktop-align-center","8":"tablet-align-left","9":"mobile-align-left","11":"first","12":"instock","13":"taxable","14":"shipping-taxable","15":"product-type-simple"},"_links":{"self":[{"href":"https:\/\/magicaluminum.com\/de\/wp-json\/wp\/v2\/product\/680","targetHints":{"allow":["GET"]}}],"collection":[{"href":"https:\/\/magicaluminum.com\/de\/wp-json\/wp\/v2\/product"}],"about":[{"href":"https:\/\/magicaluminum.com\/de\/wp-json\/wp\/v2\/types\/product"}],"replies":[{"embeddable":true,"href":"https:\/\/magicaluminum.com\/de\/wp-json\/wp\/v2\/comments?post=680"}],"wp:featuredmedia":[{"embeddable":true,"href":"https:\/\/magicaluminum.com\/de\/wp-json\/wp\/v2\/media\/686"}],"wp:attachment":[{"href":"https:\/\/magicaluminum.com\/de\/wp-json\/wp\/v2\/media?parent=680"}],"wp:term":[{"taxonomy":"product_brand","embeddable":true,"href":"https:\/\/magicaluminum.com\/de\/wp-json\/wp\/v2\/product_brand?post=680"},{"taxonomy":"product_cat","embeddable":true,"href":"https:\/\/magicaluminum.com\/de\/wp-json\/wp\/v2\/product_cat?post=680"},{"taxonomy":"product_tag","embeddable":true,"href":"https:\/\/magicaluminum.com\/de\/wp-json\/wp\/v2\/product_tag?post=680"}],"curies":[{"name":"wp","href":"https:\/\/api.w.org\/{rel}","templated":true}]}}