{"id":704,"date":"2024-07-31T08:51:11","date_gmt":"2024-07-31T08:51:11","guid":{"rendered":"https:\/\/magicaluminum.com\/?post_type=product&#038;p=704"},"modified":"2024-08-02T06:46:01","modified_gmt":"2024-08-02T06:46:01","slug":"perforated-panel-aluminum-facade-cladding","status":"publish","type":"product","link":"https:\/\/magicaluminum.com\/de\/produkt\/perforierte-aluminium-fassadenverkleidungen\/","title":{"rendered":"Perforierte Aluminium-Fassadenpaneele zur Verkleidung von Au\u00dfenw\u00e4nden"},"content":{"rendered":"<p><strong>Verbesserung des akustischen Komforts mit Magic's Perforierter Aluminium-Fassadenverkleidung<\/strong><\/p>\n<p>Die perforierten Aluminiumverkleidungen von Magic wurden entwickelt, um Innenr\u00e4ume neu zu definieren, indem sie au\u00dfergew\u00f6hnliche Schallabsorption und \u00e4sthetische Vielseitigkeit bieten. Als f\u00fchrender Anbieter innovativer Wandverkleidungsl\u00f6sungen hat Magic seine perforierten Fassadenpaneele so gestaltet, dass sie den vielf\u00e4ltigen Anforderungen moderner Architektur gerecht werden und gleichzeitig eine hervorragende akustische Leistung bieten. Als f\u00fchrender Anbieter innovativer Wandverkleidungsl\u00f6sungen hat Magic seine perforierten Fassadenpaneele so konzipiert, dass sie den unterschiedlichen Anforderungen moderner Architektur gerecht werden und gleichzeitig eine hervorragende akustische Leistung bieten. Unsere Produkte wurden entwickelt, um mit ihrer einzigartigen Zusammensetzung und ihren praktischen Vorteilen R\u00e4ume zu verwandeln, was sie zu einer idealen Wahl f\u00fcr jede Umgebung macht.<\/p>\n<p><strong>Unerreichte akustische Leistung<\/strong><\/p>\n<p>Die akustischen F\u00e4higkeiten der Magic-Lochplattenverkleidung sind beispiellos. Durch die strategische Anordnung von Perforationen in verschiedenen Durch die strategische Anordnung von Perforationen in verschiedenen Mustern und Gr\u00f6\u00dfen reduzieren unsere Aluminiumverkleidungen effektiv den L\u00e4rmpegel und verbessern die Schalld\u00e4mmung. Diese Designinnovation erm\u00f6glicht es unseren Produkten, die Industriestandards f\u00fcr Schallabsorption in den Vereinigten Staaten zu erf\u00fcllen und zu \u00fcbertreffen. passt sich den spezifischen Anforderungen des Raums an und gew\u00e4hrleistet eine optimale akustische Leistung.<\/p>\n<p>Um die schallabsorbierenden Eigenschaften noch weiter zu verbessern, enthalten unsere perforierten Au\u00dfenverkleidungen zus\u00e4tzliche Materialien wie Wollgewebe oder Glaswolle als Unterlage. Diese Materialien erh\u00f6hen die schallabsorbierende Wirkung der Paneele erheblich und machen sie besonders effektiv in Umgebungen, in denen L\u00e4rmreduzierung von gr\u00f6\u00dfter Bedeutung ist. Diese Materialien erh\u00f6hen die schallabsorbierende Wirkung der Paneele betr\u00e4chtlich und machen sie besonders effektiv in Umgebungen, in denen L\u00e4rmreduzierung von gr\u00f6\u00dfter Bedeutung ist. Insbesondere unsere \u04243.0 perforierten Paneele sind f\u00fcr ihre herausragenden schallabsorbierenden Eigenschaften bekannt, was sie zu einem Unsere \u04243.0 perforierten Paneele sind f\u00fcr ihre herausragenden Schallabsorptionseigenschaften bekannt und werden daher bevorzugt in Umgebungen eingesetzt, in denen eine hervorragende akustische Leistung erforderlich ist.<\/p>\n<p><strong>Anpassbare Designoptionen<\/strong><\/p>\n<p>Die perforierten Aluminiumverkleidungen von Magic bieten eine breite Palette von Designoptionen, um den \u00e4sthetischen Vorlieben unserer Kunden gerecht zu werden. Mit \u00fcber 30 verschiedenen Perforationsmustern k\u00f6nnen Designer eine optisch auff\u00e4llige Fassadenverkleidung entwerfen, die das gesamte Innendesign erg\u00e4nzt. Mit mehr als 30 verschiedenen Perforationsmustern k\u00f6nnen Designer eine optisch auff\u00e4llige Fassadenverkleidung entwerfen, die das gesamte Einrichtungskonzept erg\u00e4nzt. Dar\u00fcber hinaus bieten wir einen Anpassungsservice an, um spezifische Designanforderungen zu erf\u00fcllen, so dass Architekten und Designer ihre Visionen mit Pr\u00e4zision umsetzen k\u00f6nnen. Dar\u00fcber hinaus bieten wir individuelle Anpassungen an, um spezielle Designanforderungen zu erf\u00fcllen, so dass Architekten und Designer ihre Visionen pr\u00e4zise umsetzen k\u00f6nnen.<\/p>\n<p>Der Perforationsgrad unserer Fassadenpaneele reicht von 15% bis 25% und bietet ein hervorragendes Gleichgewicht zwischen Schallabsorption und Design\u00e4sthetik. Dieser Bereich stellt sicher, dass die Paneele ihre strukturelle Integrit\u00e4t behalten und gleichzeitig eine hervorragende akustische Leistung erbringen. Die sorgf\u00e4ltig ausgef\u00fchrten Perforationen tragen zum Gesamtschallabsorptionskoeffizienten bei, der zwischen 0,45 und 0,92 liegt und unerw\u00fcnschte Ger\u00e4usche und Echos in einer Vielzahl von R\u00e4umen effektiv minimiert. Die sorgf\u00e4ltig ausgearbeiteten Perforationen tragen zum Gesamtschallabsorptionskoeffizienten bei, der zwischen 0,45 und 0,92 liegt und unerw\u00fcnschte Ger\u00e4usche und Echos in einer Vielzahl von R\u00e4umen wirksam minimiert.<\/p>\n<p><strong>Vielseitigkeit und Anwendung<\/strong><\/p>\n<p>Die Aluminium-Fassadenverkleidungen von Magic sind \u00e4u\u00dferst vielseitig und eignen sich daher f\u00fcr eine Vielzahl von Anwendungen. Ganz gleich, ob es sich um ein B\u00fcrogeb\u00e4ude, eine Bildungseinrichtung, eine Gesundheitseinrichtung oder ein Unterhaltungszentrum handelt, unsere Verkleidungspaneele sind so konzipiert, dass sie die akustische Umgebung verbessern und das Gesamtdesign aufwerten. Die M\u00f6glichkeit, Perforationsmuster individuell zu gestalten und schallabsorbierende Materialien zu integrieren, macht die Wandverkleidungen von Magic anpassungsf\u00e4hig. Die Wandverkleidungen von Magic lassen sich an verschiedene architektonische Stile und funktionale Anforderungen anpassen.<\/p>\n<p>Die Kombination von gro\u00dfen und kleinen Perforationen in unseren Aluminiumpaneelen erm\u00f6glicht eine ausgewogene Absorption verschiedener Schallfrequenzen. Gro\u00dfe Perforationen sind besonders effektiv bei der Absorption von tieffrequenten Ger\u00e4uschen, w\u00e4hrend kleinere Perforationen besonders gut bei der Absorption von hochfrequenten Ger\u00e4uschen sind. Gro\u00dfe Perforationen sind besonders effektiv bei der Absorption von niederfrequentem Schall, w\u00e4hrend kleinere Perforationen sich durch die Absorption von hochfrequentem Schall auszeichnen. Diese doppelte Frequenzabsorptionsf\u00e4higkeit sorgt f\u00fcr eine angenehme akustische Umgebung, unabh\u00e4ngig von der Art des L\u00e4rms.<\/p>\n<p><strong>\u00d6kologische und praktische Vorteile<\/strong><\/p>\n<p>Zus\u00e4tzlich zu ihren akustischen und \u00e4sthetischen Vorteilen bieten die perforierten Paneele von Magic mehrere praktische Vorteile: Die leichte Konstruktion der Paneele vereinfacht die Installation und reduziert die strukturelle Gesamtbelastung des Geb\u00e4udes. Die Leichtbauweise der Paneele vereinfacht die Installation und verringert die strukturelle Gesamtbelastung des Geb\u00e4udes. Dar\u00fcber hinaus gew\u00e4hrleisten die Haltbarkeit und der geringe Wartungsaufwand unserer perforierten Paneele eine lang anhaltende Leistung und machen sie zu einer kosteng\u00fcnstigen Alternative zu herk\u00f6mmlichen Paneelen. Die Langlebigkeit und der geringe Wartungsaufwand unserer perforierten Paneele gew\u00e4hrleisten eine lang anhaltende Leistung und machen sie zu einer kosteneffizienten L\u00f6sung f\u00fcr Architekten und Bauherren.<\/p>\n<p>Magic hat sich der Nachhaltigkeit verschrieben, und unsere perforierten Paneele wurden mit Blick auf die Umwelt entwickelt. Die in unseren Produkten verwendeten Materialien sind Die f\u00fcr unsere Produkte verwendeten Materialien werden sorgf\u00e4ltig ausgew\u00e4hlt, um die Auswirkungen auf die Umwelt zu minimieren und gleichzeitig die Leistung zu maximieren. Wir haben es uns zur Aufgabe gemacht, innovative Baul\u00f6sungen anzubieten, die sowohl funktional als auch umweltfreundlich sind.<\/p>\n<p><strong>Fazit<\/strong><\/p>\n<p>Die perforierten Verkleidungspaneele von Magic stellen die perfekte Verbindung von Design, Funktionalit\u00e4t und akustischer Leistung dar. Mit ihrer F\u00e4higkeit Mit ihrer F\u00e4higkeit, R\u00e4ume zu ver\u00e4ndern, L\u00e4rm zu reduzieren und die \u00c4sthetik zu verbessern, sind diese Au\u00dfenwandpaneele eine unverzichtbare Wahl f\u00fcr die moderne Architektur. Unser Engagement f\u00fcr Qualit\u00e4t und Innovation stellt sicher, dass jede von uns hergestellte Lochwandverkleidung h\u00f6chsten Anspr\u00fcchen gen\u00fcgt. Das macht Magic zu einem zuverl\u00e4ssigen Partner bei der Gestaltung au\u00dfergew\u00f6hnlicher Innenr\u00e4ume. Unser Engagement f\u00fcr Qualit\u00e4t und Innovation stellt sicher, dass jede von uns hergestellte Lochwandverkleidung h\u00f6chsten Anspr\u00fcchen gen\u00fcgt. Das macht Magic zu einem zuverl\u00e4ssigen Partner bei der Gestaltung au\u00dfergew\u00f6hnlicher Innenr\u00e4ume. Mit unseren Lochwandverkleidungen erreichen Sie neue Dimensionen des akustischen Komforts und der gestalterischen Raffinesse in Ihrem Raum.<\/p>","protected":false},"excerpt":{"rendered":"<p>perforierte Aluminium-Fassadenverkleidungen Eigenschaften.<\/p>\n<table style=\"border-collapse: collapse; width: 444.25pt;\" border=\"0\" width=\"654\" cellspacing=\"0\" cellpadding=\"0\">\n<tbody>\n<tr style=\"height: 12.90pt;\">\n<td class=\"et1\" style=\"height: 12.90pt; width: 124.30pt;\" width=\"182\" height=\"18\">Produktname<\/td>\n<td class=\"et1\" style=\"width: 319.95pt;\" width=\"471\">Aluminium-Lochblechverkleidungen<\/td>\n<\/tr>\n<tr style=\"height: 12.90pt;\">\n<td class=\"et1\" style=\"height: 12.90pt;\" height=\"18\">Oberfl\u00e4chenbeschichtung<\/td>\n<td class=\"et1\">Fluorkohlenstoff-Polyesterfarbe, Pulverspritzen, Holzmaserung, Steinmaserung, usw.<\/td>\n<\/tr>\n<tr style=\"height: 12.90pt;\">\n<td class=\"et1\" style=\"height: 12.90pt;\" height=\"18\">Produktst\u00e4rke<\/td>\n<td class=\"et1\">Individuell nach Bedarf<\/td>\n<\/tr>\n<tr style=\"height: 12.90pt;\">\n<td class=\"et1\" style=\"height: 12.90pt;\" height=\"18\">Produkt Prozess<\/td>\n<td class=\"et1\">Stanzen, Schnitzen und Aush\u00f6hlen, Bogen, unregelm\u00e4\u00dfige Formen, etc.<\/td>\n<\/tr>\n<tr style=\"height: 12.90pt;\">\n<td class=\"et1\" style=\"height: 12.90pt;\" height=\"18\">Service nach dem Verkauf<\/td>\n<td class=\"et1\">R\u00fcckgabe und Umtausch<\/td>\n<\/tr>\n<tr style=\"height: 12.90pt;\">\n<td class=\"et1\" style=\"height: 12.90pt;\" height=\"18\">Projektl\u00f6sungskompetenz<\/td>\n<td class=\"et1\">Gesamtl\u00f6sung f\u00fcr Projekte, 3D-Modell-Design<span class=\"font2\">(math.) Genus<\/span><span class=\"font0\">Kategorien\u00fcbergreifende Konsolidierung<\/span><\/td>\n<\/tr>\n<tr style=\"height: 25.80pt;\">\n<td class=\"et1\" style=\"height: 25.80pt;\" height=\"37\">Anwendung des Produkts<\/td>\n<td class=\"et2\" style=\"width: 319.95pt;\" width=\"471\">Vorhangwand, Innen- und Au\u00dfendekoration, Pl\u00e4tze, Einkaufszentren, Hotels, Flugh\u00e4fen, Tankstellen, Parkpl\u00e4tze, U-Bahnen, Sporthallen, Gesch\u00e4fte, etc.<\/td>\n<\/tr>\n<tr style=\"height: 25.80pt;\">\n<td class=\"et1\" style=\"height: 25.80pt;\" height=\"37\">Produktvorteile<\/td>\n<td class=\"et2\" style=\"width: 319.95pt;\" width=\"471\">Geringes Gewicht, gute Steifigkeit, hohe Festigkeit, gute Witterungs- und Korrosionsbest\u00e4ndigkeit, umweltfreundlich und recycelbar<\/td>\n<\/tr>\n<tr style=\"height: 15.60pt;\">\n<td class=\"et1\" style=\"height: 15.60pt;\" height=\"22\">Funktion<\/td>\n<td class=\"et3\">Feuerfest, W\u00e4rmed\u00e4mmung, feuchtigkeitsbest\u00e4ndig, wasserdicht<\/td>\n<\/tr>\n<tr style=\"height: 12.90pt;\">\n<td class=\"et1\" style=\"height: 12.90pt;\" height=\"18\">Verwendung<\/td>\n<td class=\"et1\">Geb\u00e4ude-Au\u00dfenwand-Dekoration<\/td>\n<\/tr>\n<tr style=\"height: 12.90pt;\">\n<td class=\"et1\" style=\"height: 12.90pt;\" height=\"18\">Entwurf<\/td>\n<td class=\"et1\">Ma\u00dfgeschneiderte Wandverkleidungen aus Aluminium<\/td>\n<\/tr>\n<\/tbody>\n<\/table>\n<p>&nbsp;<\/p>","protected":false},"featured_media":708,"comment_status":"open","ping_status":"closed","template":"","meta":{"site-sidebar-layout":"default","site-content-layout":"","ast-site-content-layout":"default","site-content-style":"default","site-sidebar-style":"default","ast-global-header-display":"","ast-banner-title-visibility":"","ast-main-header-display":"","ast-hfb-above-header-display":"","ast-hfb-below-header-display":"","ast-hfb-mobile-header-display":"","site-post-title":"","ast-breadcrumbs-content":"","ast-featured-img":"","footer-sml-layout":"","ast-disable-related-posts":"","theme-transparent-header-meta":"default","adv-header-id-meta":"","stick-header-meta":"","header-above-stick-meta":"","header-main-stick-meta":"","header-below-stick-meta":"","astra-migrate-meta-layouts":"set","ast-page-background-enabled":"default","ast-page-background-meta":{"desktop":{"background-color":"var(--ast-global-color-4)","background-image":"","background-repeat":"repeat","background-position":"center center","background-size":"auto","background-attachment":"scroll","background-type":"","background-media":"","overlay-type":"","overlay-color":"","overlay-opacity":"","overlay-gradient":""},"tablet":{"background-color":"","background-image":"","background-repeat":"repeat","background-position":"center center","background-size":"auto","background-attachment":"scroll","background-type":"","background-media":"","overlay-type":"","overlay-color":"","overlay-opacity":"","overlay-gradient":""},"mobile":{"background-color":"","background-image":"","background-repeat":"repeat","background-position":"center center","background-size":"auto","background-attachment":"scroll","background-type":"","background-media":"","overlay-type":"","overlay-color":"","overlay-opacity":"","overlay-gradient":""}},"ast-content-background-meta":{"desktop":{"background-color":"var(--ast-global-color-5)","background-image":"","background-repeat":"repeat","background-position":"center center","background-size":"auto","background-attachment":"scroll","background-type":"","background-media":"","overlay-type":"","overlay-color":"","overlay-opacity":"","overlay-gradient":""},"tablet":{"background-color":"var(--ast-global-color-5)","background-image":"","background-repeat":"repeat","background-position":"center center","background-size":"auto","background-attachment":"scroll","background-type":"","background-media":"","overlay-type":"","overlay-color":"","overlay-opacity":"","overlay-gradient":""},"mobile":{"background-color":"var(--ast-global-color-5)","background-image":"","background-repeat":"repeat","background-position":"center center","background-size":"auto","background-attachment":"scroll","background-type":"","background-media":"","overlay-type":"","overlay-color":"","overlay-opacity":"","overlay-gradient":""}}},"product_brand":[],"product_cat":[43,47],"product_tag":[],"class_list":{"0":"post-704","1":"product","2":"type-product","3":"status-publish","4":"has-post-thumbnail","6":"product_cat-aluminum-hollow-panel-series","7":"product_cat-aluminum-perforation-panel","8":"desktop-align-center","9":"tablet-align-left","10":"mobile-align-left","12":"first","13":"instock","14":"taxable","15":"shipping-taxable","16":"product-type-simple"},"_links":{"self":[{"href":"https:\/\/magicaluminum.com\/de\/wp-json\/wp\/v2\/product\/704","targetHints":{"allow":["GET"]}}],"collection":[{"href":"https:\/\/magicaluminum.com\/de\/wp-json\/wp\/v2\/product"}],"about":[{"href":"https:\/\/magicaluminum.com\/de\/wp-json\/wp\/v2\/types\/product"}],"replies":[{"embeddable":true,"href":"https:\/\/magicaluminum.com\/de\/wp-json\/wp\/v2\/comments?post=704"}],"wp:featuredmedia":[{"embeddable":true,"href":"https:\/\/magicaluminum.com\/de\/wp-json\/wp\/v2\/media\/708"}],"wp:attachment":[{"href":"https:\/\/magicaluminum.com\/de\/wp-json\/wp\/v2\/media?parent=704"}],"wp:term":[{"taxonomy":"product_brand","embeddable":true,"href":"https:\/\/magicaluminum.com\/de\/wp-json\/wp\/v2\/product_brand?post=704"},{"taxonomy":"product_cat","embeddable":true,"href":"https:\/\/magicaluminum.com\/de\/wp-json\/wp\/v2\/product_cat?post=704"},{"taxonomy":"product_tag","embeddable":true,"href":"https:\/\/magicaluminum.com\/de\/wp-json\/wp\/v2\/product_tag?post=704"}],"curies":[{"name":"wp","href":"https:\/\/api.w.org\/{rel}","templated":true}]}}