{"id":790,"date":"2024-08-06T08:41:16","date_gmt":"2024-08-06T08:41:16","guid":{"rendered":"https:\/\/magicaluminum.com\/?post_type=product&#038;p=790"},"modified":"2024-08-06T08:50:59","modified_gmt":"2024-08-06T08:50:59","slug":"pvdf-coating-aluminium-cladding","status":"publish","type":"product","link":"https:\/\/magicaluminum.com\/de\/produkt\/pvdf-beschichtung-fur-aluminiumverkleidungen\/","title":{"rendered":"pvdf-beschichtete Aluminiumverkleidungsbleche"},"content":{"rendered":"<div class=\"flex-shrink-0 flex flex-col relative items-end\">\n<div>\n<div class=\"pt-0\">\n<div class=\"gizmo-bot-avatar flex h-8 w-8 items-center justify-center overflow-hidden rounded-full\">\n<div class=\"relative p-1 rounded-sm flex items-center justify-center bg-token-main-surface-primary text-token-text-primary h-8 w-8\"><strong>pvdf-Beschichtung von Aluminiumverkleidungen Produkteigenschaften:<\/strong><\/div>\n<\/div>\n<\/div>\n<\/div>\n<\/div>\n<div class=\"group\/conversation-turn relative flex w-full min-w-0 flex-col agent-turn\">\n<div class=\"flex-col gap-1 md:gap-3\">\n<div class=\"flex flex-grow flex-col max-w-full\">\n<div class=\"min-h-[20px] text-message flex w-full flex-col items-end gap-2 whitespace-pre-wrap break-words [.text-message+&amp;]:mt-5 overflow-x-auto\" dir=\"auto\" data-message-author-role=\"assistant\" data-message-id=\"110de4a8-b163-44c9-b8f3-78484e63d11d\">\n<div class=\"flex w-full flex-col gap-1 empty:hidden first:pt-[3px]\">\n<div class=\"markdown prose w-full break-words dark:prose-invert light\">\n<p><a href=\"https:\/\/magicaluminum.com\/de\/\">Magie<\/a> Aluminiumfurnierfassade ist aus hochwertigem Aluminium gefertigt und mit einer dauerhaften PVDF-Beschichtung versehen, die vor UV-Licht, Temperaturschwankungen und atmosph\u00e4rischer Erosion sch\u00fctzt. Dieses Produkt zeichnet sich durch eine hervorragende Biege- und Windbest\u00e4ndigkeit aus, was seine Anpassungsf\u00e4higkeit und sein Potenzial f\u00fcr weitere Entwicklungen unterstreicht. Die Aluminium-Furnierfassade von Magic bietet die folgenden Eigenschaften.<\/p>\n<ul>\n<li><strong>Leichtes Gewicht und hohe Festigkeit.<\/strong> Trotz seines geringen Gewichts bietet dieses Furnier eine beeindruckende strukturelle Integrit\u00e4t.<\/li>\n<li><strong>Wasserdicht und korrosionsbest\u00e4ndig.<\/strong> Er ist so konzipiert, dass er auch rauen Wetterbedingungen standh\u00e4lt, was ihn ideal f\u00fcr den langfristigen Einsatz macht.<\/li>\n<li><strong>Feuerfest und schadstofffrei.<\/strong> Die Vorhangfassade ist feuer- und schmutzbest\u00e4ndig und bietet somit zus\u00e4tzliche Sicherheit und Haltbarkeit.<\/li>\n<li><strong>Geringe Wartung und lange Lebensdauer.<\/strong> Dieses Produkt erfordert nur einen minimalen Wartungsaufwand, was die Gesamtkosten f\u00fcr die Wartung reduziert.<\/li>\n<li><strong>Vielseitige Designoptionen.<\/strong> Das Aluminiumfurnier kann in verschiedene Kurven und Designs geformt werden, und seine Oberfl\u00e4che kann in verschiedenen Farben lackiert werden, um atemberaubende Muster zu schaffen. Dies erm\u00f6glicht eine kreative Freiheit, die es den Designern erlaubt, eine breite Palette von \u00e4sthetischen Effekten zu erzielen. erm\u00f6glicht kreative Freiheiten, so dass die Designer eine breite Palette \u00e4sthetischer Effekte erzielen k\u00f6nnen. Die Kombination mit Glasfassaden unterstreicht die Eleganz und Raffinesse des Geb\u00e4udes und verleiht ihm ein modernes und edles Aussehen.<\/li>\n<\/ul>\n<p>Mit diesen Attributen. <a href=\"https:\/\/magicaluminum.com\/de\/\">Magie<\/a> Die Aluminiumfassade verbessert nicht nur die funktionale Leistung eines Geb\u00e4udes, sondern erh\u00f6ht auch dessen architektonischen Reiz.<\/p>\n<\/div>\n<\/div>\n<\/div>\n<\/div>\n<\/div>\n<\/div>","protected":false},"excerpt":{"rendered":"<p>pvdf Aluminiumverkleidungen Geeignet f\u00fcr alle Arten von Flugh\u00e4fen, Tankstellen, Parkpl\u00e4tzen, U-Bahnen, Stadien, Einkaufszentren, B\u00fcrogeb\u00e4uden, B\u00fcros, Freizeiteinrichtungen. Freizeiteinrichtungen.<\/p>\n<p>Unter <a href=\"https:\/\/magicaluminum.com\/de\/\">Magie<\/a>Wir verwenden KYNAR500, ein Polyvinylidenfluoridharz, f\u00fcr seine au\u00dfergew\u00f6hnliche Korrosions- und Wetterbest\u00e4ndigkeit. Wir verwenden KYNAR500, ein Polyvinylidenfluoridharz, wegen seiner au\u00dfergew\u00f6hnlichen Korrosions- und Witterungsbest\u00e4ndigkeit. Unsere Fluorkohlenstoffbeschichtungen werden in der Regel in zwei, drei oder vier Schichten aufgetragen und bieten einen hervorragenden Schutz gegen sauren Regen, Salznebel und verschiedene Luftschadstoffe. Die Beschichtungen sind korrosions- und k\u00e4ltebest\u00e4ndig und k\u00f6nnen starker UV-Bestrahlung standhalten, was eine lange Farbstabilit\u00e4t und Haltbarkeit gew\u00e4hrleistet. Wir beziehen unsere erstklassigen Fluorkohlenstoff-Beschichtungsmaterialien von renommierten Herstellern. Wir beziehen unsere erstklassigen Fluorcarbon-Beschichtungsmaterialien von renommierten Herstellern wie PPG, NDT, AKZO und NIPPO. <a href=\"https:\/\/magicaluminum.com\/de\/\"><strong>Magie<\/strong><\/a>Wir bieten eine breite Palette an sch\u00f6nen Farboptionen an, die es unseren Kunden erm\u00f6glichen, aus den vom Hersteller zur Verf\u00fcgung gestellten Farbplatten zu w\u00e4hlen oder ihre eigenen Farbmuster f\u00fcr ein individuelles Finish zu liefern. Muster f\u00fcr ein individuelles Finish.<\/p>","protected":false},"featured_media":791,"comment_status":"open","ping_status":"closed","template":"","meta":{"site-sidebar-layout":"default","site-content-layout":"","ast-site-content-layout":"default","site-content-style":"default","site-sidebar-style":"default","ast-global-header-display":"","ast-banner-title-visibility":"","ast-main-header-display":"","ast-hfb-above-header-display":"","ast-hfb-below-header-display":"","ast-hfb-mobile-header-display":"","site-post-title":"","ast-breadcrumbs-content":"","ast-featured-img":"","footer-sml-layout":"","theme-transparent-header-meta":"default","adv-header-id-meta":"","stick-header-meta":"","header-above-stick-meta":"","header-main-stick-meta":"","header-below-stick-meta":"","astra-migrate-meta-layouts":"set","ast-page-background-enabled":"default","ast-page-background-meta":{"desktop":{"background-color":"var(--ast-global-color-4)","background-image":"","background-repeat":"repeat","background-position":"center center","background-size":"auto","background-attachment":"scroll","background-type":"","background-media":"","overlay-type":"","overlay-color":"","overlay-opacity":"","overlay-gradient":""},"tablet":{"background-color":"","background-image":"","background-repeat":"repeat","background-position":"center center","background-size":"auto","background-attachment":"scroll","background-type":"","background-media":"","overlay-type":"","overlay-color":"","overlay-opacity":"","overlay-gradient":""},"mobile":{"background-color":"","background-image":"","background-repeat":"repeat","background-position":"center center","background-size":"auto","background-attachment":"scroll","background-type":"","background-media":"","overlay-type":"","overlay-color":"","overlay-opacity":"","overlay-gradient":""}},"ast-content-background-meta":{"desktop":{"background-color":"var(--ast-global-color-5)","background-image":"","background-repeat":"repeat","background-position":"center center","background-size":"auto","background-attachment":"scroll","background-type":"","background-media":"","overlay-type":"","overlay-color":"","overlay-opacity":"","overlay-gradient":""},"tablet":{"background-color":"var(--ast-global-color-5)","background-image":"","background-repeat":"repeat","background-position":"center center","background-size":"auto","background-attachment":"scroll","background-type":"","background-media":"","overlay-type":"","overlay-color":"","overlay-opacity":"","overlay-gradient":""},"mobile":{"background-color":"var(--ast-global-color-5)","background-image":"","background-repeat":"repeat","background-position":"center center","background-size":"auto","background-attachment":"scroll","background-type":"","background-media":"","overlay-type":"","overlay-color":"","overlay-opacity":"","overlay-gradient":""}}},"product_brand":[],"product_cat":[30,37],"product_tag":[],"class_list":{"0":"post-790","1":"product","2":"type-product","3":"status-publish","4":"has-post-thumbnail","6":"product_cat-aluminum-veneer-series","7":"product_cat-pvdf-aluminum-veneer","8":"desktop-align-center","9":"tablet-align-left","10":"mobile-align-left","12":"first","13":"onbackorder","14":"taxable","15":"shipping-taxable","16":"purchasable","17":"product-type-simple"},"_links":{"self":[{"href":"https:\/\/magicaluminum.com\/de\/wp-json\/wp\/v2\/product\/790","targetHints":{"allow":["GET"]}}],"collection":[{"href":"https:\/\/magicaluminum.com\/de\/wp-json\/wp\/v2\/product"}],"about":[{"href":"https:\/\/magicaluminum.com\/de\/wp-json\/wp\/v2\/types\/product"}],"replies":[{"embeddable":true,"href":"https:\/\/magicaluminum.com\/de\/wp-json\/wp\/v2\/comments?post=790"}],"wp:featuredmedia":[{"embeddable":true,"href":"https:\/\/magicaluminum.com\/de\/wp-json\/wp\/v2\/media\/791"}],"wp:attachment":[{"href":"https:\/\/magicaluminum.com\/de\/wp-json\/wp\/v2\/media?parent=790"}],"wp:term":[{"taxonomy":"product_brand","embeddable":true,"href":"https:\/\/magicaluminum.com\/de\/wp-json\/wp\/v2\/product_brand?post=790"},{"taxonomy":"product_cat","embeddable":true,"href":"https:\/\/magicaluminum.com\/de\/wp-json\/wp\/v2\/product_cat?post=790"},{"taxonomy":"product_tag","embeddable":true,"href":"https:\/\/magicaluminum.com\/de\/wp-json\/wp\/v2\/product_tag?post=790"}],"curies":[{"name":"wp","href":"https:\/\/api.w.org\/{rel}","templated":true}]}}