{"id":1213,"date":"2024-09-04T09:03:57","date_gmt":"2024-09-04T09:03:57","guid":{"rendered":"https:\/\/magicaluminum.com\/?page_id=1213"},"modified":"2024-09-05T02:11:03","modified_gmt":"2024-09-05T02:11:03","slug":"privacy-policy","status":"publish","type":"page","link":"https:\/\/magicaluminum.com\/es\/politica-de-privacidad\/","title":{"rendered":"Pol\u00edtica de privacidad"},"content":{"rendered":"<div data-elementor-type=\"wp-page\" data-elementor-id=\"1213\" class=\"elementor elementor-1213\" data-elementor-post-type=\"page\">\n\t\t\t\t<div class=\"elementor-element elementor-element-486007d e-flex e-con-boxed e-con e-parent\" data-id=\"486007d\" data-element_type=\"container\" data-e-type=\"container\">\n\t\t\t\t\t<div class=\"e-con-inner\">\n\t\t\t\t<div class=\"elementor-element elementor-element-37b8bd6 elementor-widget elementor-widget-elementskit-heading\" data-id=\"37b8bd6\" data-element_type=\"widget\" data-e-type=\"widget\" data-widget_type=\"elementskit-heading.default\">\n\t\t\t\t<div class=\"elementor-widget-container\">\n\t\t\t\t\t<div class=\"ekit-wid-con\" ><div class=\"ekit-heading elementskit-section-title-wraper text_left   ekit_heading_tablet-   ekit_heading_mobile-\"><h2 class=\"ekit-heading--title elementskit-section-title\">Pol\u00edtica de privacidad<\/h2><div class=\"ekit_heading_separetor_wraper ekit_heading_elementskit-border-divider\"><div class=\"elementskit-border-divider\"><\/div><\/div><h4 class=\"ekit-heading--subtitle elementskit-section-subtitle  elementskit-style-border\">\n\t\t\t\t\t\tAviso y exenci\u00f3n de responsabilidad\n\t\t\t\t\t<\/h4>\t\t\t\t<div class='ekit-heading__description'>\n\t\t\t\t\t<p>Respuestas a sus preguntas<\/p>\n\t\t\t\t<\/div>\n\t\t\t<\/div><\/div>\t\t\t\t<\/div>\n\t\t\t\t<\/div>\n\t\t\t\t\t<\/div>\n\t\t\t\t<\/div>\n\t\t<div class=\"elementor-element elementor-element-6ef5520 e-flex e-con-boxed e-con e-parent\" data-id=\"6ef5520\" data-element_type=\"container\" data-e-type=\"container\">\n\t\t\t\t\t<div class=\"e-con-inner\">\n\t\t\t\t<div class=\"elementor-element elementor-element-141502e elementor-widget elementor-widget-text-editor\" data-id=\"141502e\" data-element_type=\"widget\" data-e-type=\"widget\" data-widget_type=\"text-editor.default\">\n\t\t\t\t<div class=\"elementor-widget-container\">\n\t\t\t\t\t\t\t\t\t<p>\u00bfQu\u00e9 es la informaci\u00f3n personal y por qu\u00e9 la recopilamos?<\/p><p>La Informaci\u00f3n Personal es informaci\u00f3n o una opini\u00f3n que identifica a un individuo. Ejemplos de Informaci\u00f3n Personal que recopilamos incluyen: nombres, direcciones, direcciones de correo electr\u00f3nico, n\u00fameros de tel\u00e9fono y fax. Algunos ejemplos de Datos Personales que recopilamos son: nombres, direcciones, direcciones de correo electr\u00f3nico, n\u00fameros de tel\u00e9fono y fax.<\/p><p>Esta informaci\u00f3n personal se obtiene de muchas formas, entre ellas\u00a0<strong>[entrevistas, correspondencia, por tel\u00e9fono y fax, por correo electr\u00f3nico, a trav\u00e9s de nuestro sitio web\u00a0<\/strong><span style=\"font-size: 14.4px;\"><b>https:\/\/magicaluminum.com<\/b><\/span><b>de su sitio web, de medios de comunicaci\u00f3n y publicaciones, de otras fuentes de acceso p\u00fablico, de cookies (suprima todo lo que no proceda).\u00a0<\/b>No garantizamos los enlaces a sitios web ni la pol\u00edtica de terceros autorizados.<\/p><p>Recogemos sus Datos Personales con la finalidad principal de prestarle nuestros servicios, facilitar informaci\u00f3n a nuestros clientes y realizar actividades de marketing. Tambi\u00e9n utilizamos sus Datos Personales para fines secundarios estrechamente relacionados con el fin principal, en circunstancias en las que usted esperar\u00eda razonablemente Tambi\u00e9n podemos utilizar sus Datos Personales para fines secundarios estrechamente relacionados con el fin principal, en circunstancias en las que usted esperar\u00eda razonablemente dicho uso o divulgaci\u00f3n. Puede darse de baja de nuestras listas de correo\/marketing en cualquier momento poni\u00e9ndose en contacto con nosotros por escrito.<\/p><p>Cuando recabemos Datos Personales le explicaremos, cuando proceda y siempre que sea posible, por qu\u00e9 recabamos la informaci\u00f3n y c\u00f3mo pensamos utilizarla.<\/p><h4>INFORMACI\u00d3N SENSIBLE<\/h4><p>La Ley de Protecci\u00f3n de la Intimidad define la informaci\u00f3n sensible como informaci\u00f3n u opini\u00f3n sobre el origen racial o \u00e9tnico de una persona, sus opiniones pol\u00edticas, su pertenencia a una asociaci\u00f3n pol\u00edtica, sus creencias religiosas o filos\u00f3ficas, su afiliaci\u00f3n a un sindicato u otros motivos. La Ley de Protecci\u00f3n de la Intimidad define la informaci\u00f3n sensible como informaci\u00f3n u opini\u00f3n sobre el origen racial o \u00e9tnico de una persona, sus opiniones pol\u00edticas, su pertenencia a una asociaci\u00f3n pol\u00edtica, sus creencias religiosas o filos\u00f3ficas, su afiliaci\u00f3n a un sindicato u otros aspectos. La Ley de Protecci\u00f3n de la Intimidad define la informaci\u00f3n como informaci\u00f3n u opini\u00f3n sobre el origen racial o \u00e9tnico de una persona, sus opiniones pol\u00edticas, su pertenencia a una asociaci\u00f3n pol\u00edtica, sus creencias religiosas o filos\u00f3ficas, su afiliaci\u00f3n a un sindicato u otro organismo sindical o profesional, sus antecedentes penales o su informaci\u00f3n sanitaria.<\/p><p>La informaci\u00f3n sensible s\u00f3lo ser\u00e1 utilizada por nosotros.<\/p><ul><li>Para el fin principal para el que se obtuvo<\/li><li>Para un fin secundario directamente relacionado con el fin principal<\/li><li>Con su consentimiento; o cuando lo exija o autorice la ley.<\/li><\/ul><h4>TERCEROS<\/h4><p>Siempre que sea razonable y factible hacerlo, recabaremos sus Datos Personales \u00fanicamente de usted. No obstante, en algunas circunstancias es posible que recibamos informaci\u00f3n de terceros. En tal caso, tomaremos las medidas razonables para asegurarnos de que usted tenga conocimiento de la informaci\u00f3n que nos facilite el tercero. No obstante, en determinadas circunstancias, es posible que recibamos informaci\u00f3n de terceros.<\/p><h4>divulgaci\u00f3n de informaci\u00f3n personal<\/h4><p>Sus Datos Personales pueden ser divulgados en diversas circunstancias, entre las que se incluyen las siguientes.<\/p><ul><li>Terceros cuando usted consienta en el uso o divulgaci\u00f3n; y<\/li><li>Cuando lo exija o autorice la ley.<\/li><\/ul><h4>secreto de los datos personales<\/h4><p>Sus Datos Personales se almacenan de forma que queden razonablemente protegidos de usos indebidos y p\u00e9rdidas, as\u00ed como de accesos, modificaciones o divulgaciones no autorizados. divulgaci\u00f3n.<\/p><p>Cuando sus Datos Personales dejen de ser necesarios para los fines para los que se obtuvieron, tomaremos las medidas razonables para destruir o desidentificar permanentemente sus Datos Personales. No obstante, la mayor parte de la Informaci\u00f3n Personal se almacena o almacenar\u00e1 en archivos de clientes que conservaremos durante un m\u00ednimo de 7 a\u00f1os.<\/p><h4>acceso a su informaci\u00f3n personal<\/h4><p>Usted puede acceder a la Informaci\u00f3n Personal que tenemos sobre usted y actualizarla y\/o corregirla, sujeto a ciertas excepciones. Si desea acceder a su Informaci\u00f3n Personal, p\u00f3ngase en contacto con nosotros por escrito. Si desea acceder a su Informaci\u00f3n Personal, p\u00f3ngase en contacto con nosotros por escrito.<\/p><p>Con el fin de proteger sus datos personales, es posible que le pidamos que se identifique antes de facilitarle la informaci\u00f3n solicitada.<\/p><h4>Mantener la calidad de su informaci\u00f3n personal<\/h4><p>Para nosotros es importante que sus datos personales est\u00e9n actualizados, por lo que tomaremos las medidas razonables para asegurarnos de que sean exactos, completos y est\u00e9n al d\u00eda. Si descubre que la informaci\u00f3n que tenemos no est\u00e1 actualizada o es inexacta, le rogamos que nos lo comunique lo antes posible para que podamos actualizarla. Si descubre que la informaci\u00f3n que tenemos no est\u00e1 actualizada o es inexacta, le rogamos que nos lo comunique lo antes posible para que podamos actualizar nuestros registros y garantizar que podamos seguir prest\u00e1ndole servicios de calidad.<\/p><h4>ACTUALIZACIONES DE LA POL\u00cdTICA<\/h4><p>Esta Pol\u00edtica puede cambiar de vez en cuando y est\u00e1 disponible en nuestro sitio web.<\/p><h4>reclamaciones y consultas sobre p\u00f3lizas privadas<\/h4><p>Si tiene alguna duda o queja sobre nuestra Pol\u00edtica de privacidad, p\u00f3ngase en contacto con nosotros en.<\/p><p><strong>Ecocampor<\/strong><br \/><a href=\"mailto:xenia@oupinaluminum.com\"><b>xenia@oupinaluminum.com<\/b><\/a><\/p>\t\t\t\t\t\t\t\t<\/div>\n\t\t\t\t<\/div>\n\t\t\t\t\t<\/div>\n\t\t\t\t<\/div>\n\t\t<div class=\"elementor-element elementor-element-23da82a e-flex e-con-boxed e-con e-parent\" data-id=\"23da82a\" data-element_type=\"container\" data-e-type=\"container\">\n\t\t\t\t\t<div class=\"e-con-inner\">\n\t\t\t\t<div class=\"elementor-element elementor-element-029f1ed elementor-button-align-stretch elementor-widget elementor-widget-form\" data-id=\"029f1ed\" data-element_type=\"widget\" data-e-type=\"widget\" data-settings=\"{&quot;step_next_label&quot;:&quot;Next&quot;,&quot;step_previous_label&quot;:&quot;Previous&quot;,&quot;button_width&quot;:&quot;100&quot;,&quot;step_type&quot;:&quot;number_text&quot;,&quot;step_icon_shape&quot;:&quot;circle&quot;}\" data-widget_type=\"form.default\">\n\t\t\t\t<div class=\"elementor-widget-container\">\n\t\t\t\t\t\t\t<form class=\"elementor-form\" method=\"post\" name=\"New Form\" aria-label=\"Nuevo formulario\" action=\"\">\n\t\t\t<input type=\"hidden\" name=\"post_id\" value=\"1213\"\/>\n\t\t\t<input type=\"hidden\" name=\"form_id\" value=\"029f1ed\"\/>\n\t\t\t<input type=\"hidden\" name=\"referer_title\" value=\"Privacy Policy - Mingic Aluminum Cladding Wall\" \/>\n\n\t\t\t\t\t\t\t<input type=\"hidden\" name=\"queried_id\" value=\"1213\"\/>\n\t\t\t\n\t\t\t<div class=\"elementor-form-fields-wrapper elementor-labels-above\">\n\t\t\t\t\t\t\t\t<div class=\"elementor-field-type-text elementor-field-group elementor-column elementor-field-group-name elementor-col-100\">\n\t\t\t\t\t\t\t\t\t\t\t\t<label for=\"form-field-name\" class=\"elementor-field-label\">\n\t\t\t\t\t\t\t\tNombre\t\t\t\t\t\t\t<\/label>\n\t\t\t\t\t\t\t\t\t\t\t\t\t\t<input size=\"1\" type=\"text\" name=\"form_fields[name]\" id=\"form-field-name\" class=\"elementor-field elementor-size-sm  elementor-field-textual\" placeholder=\"Nombre\">\n\t\t\t\t\t\t\t\t\t\t\t<\/div>\n\t\t\t\t\t\t\t\t<div class=\"elementor-field-type-email elementor-field-group elementor-column elementor-field-group-email elementor-col-100 elementor-field-required\">\n\t\t\t\t\t\t\t\t\t\t\t\t<label for=\"form-field-email\" class=\"elementor-field-label\">\n\t\t\t\t\t\t\t\tCorreo electr\u00f3nico\t\t\t\t\t\t\t<\/label>\n\t\t\t\t\t\t\t\t\t\t\t\t\t\t<input size=\"1\" type=\"email\" name=\"form_fields[email]\" id=\"form-field-email\" class=\"elementor-field elementor-size-sm  elementor-field-textual\" placeholder=\"Correo electr\u00f3nico\" required=\"required\">\n\t\t\t\t\t\t\t\t\t\t\t<\/div>\n\t\t\t\t\t\t\t\t<div class=\"elementor-field-type-textarea elementor-field-group elementor-column elementor-field-group-message elementor-col-100\">\n\t\t\t\t\t\t\t\t\t\t\t\t<label for=\"form-field-message\" class=\"elementor-field-label\">\n\t\t\t\t\t\t\t\tMensaje\t\t\t\t\t\t\t<\/label>\n\t\t\t\t\t\t<textarea class=\"elementor-field-textual elementor-field  elementor-size-sm\" name=\"form_fields[message]\" id=\"form-field-message\" rows=\"4\" placeholder=\"Mensaje\"><\/textarea>\t\t\t\t<\/div>\n\t\t\t\t\t\t\t\t<div class=\"elementor-field-group elementor-column elementor-field-type-submit elementor-col-100 e-form__buttons\">\n\t\t\t\t\t<button class=\"elementor-button elementor-size-sm\" type=\"submit\">\n\t\t\t\t\t\t<span class=\"elementor-button-content-wrapper\">\n\t\t\t\t\t\t\t\t\t\t\t\t\t\t\t\t\t\t\t\t\t\t<span class=\"elementor-button-text\">Enviar<\/span>\n\t\t\t\t\t\t\t\t\t\t\t\t\t<\/span>\n\t\t\t\t\t<\/button>\n\t\t\t\t<\/div>\n\t\t\t<\/div>\n\t\t<input type=\"hidden\" name=\"trp-form-language\" value=\"es\"\/><\/form>\n\t\t\t\t\t\t<\/div>\n\t\t\t\t<\/div>\n\t\t\t\t\t<\/div>\n\t\t\t\t<\/div>\n\t\t\t\t<\/div>","protected":false},"excerpt":{"rendered":"<p>Pol\u00edtica de privacidad Notic [...]<\/p>","protected":false},"author":1,"featured_media":0,"parent":0,"menu_order":0,"comment_status":"closed","ping_status":"closed","template":"","meta":{"site-sidebar-layout":"no-sidebar","site-content-layout":"","ast-site-content-layout":"full-width-container","site-content-style":"default","site-sidebar-style":"default","ast-global-header-display":"","ast-banner-title-visibility":"","ast-main-header-display":"","ast-hfb-above-header-display":"","ast-hfb-below-header-display":"","ast-hfb-mobile-header-display":"","site-post-title":"disabled","ast-breadcrumbs-content":"","ast-featured-img":"disabled","footer-sml-layout":"","theme-transparent-header-meta":"","adv-header-id-meta":"","stick-header-meta":"","header-above-stick-meta":"","header-main-stick-meta":"","header-below-stick-meta":"","astra-migrate-meta-layouts":"default","ast-page-background-enabled":"default","ast-page-background-meta":{"desktop":{"background-color":"var(--ast-global-color-4)","background-image":"","background-repeat":"repeat","background-position":"center center","background-size":"auto","background-attachment":"scroll","background-type":"","background-media":"","overlay-type":"","overlay-color":"","overlay-opacity":"","overlay-gradient":""},"tablet":{"background-color":"","background-image":"","background-repeat":"repeat","background-position":"center center","background-size":"auto","background-attachment":"scroll","background-type":"","background-media":"","overlay-type":"","overlay-color":"","overlay-opacity":"","overlay-gradient":""},"mobile":{"background-color":"","background-image":"","background-repeat":"repeat","background-position":"center center","background-size":"auto","background-attachment":"scroll","background-type":"","background-media":"","overlay-type":"","overlay-color":"","overlay-opacity":"","overlay-gradient":""}},"ast-content-background-meta":{"desktop":{"background-color":"var(--ast-global-color-5)","background-image":"","background-repeat":"repeat","background-position":"center center","background-size":"auto","background-attachment":"scroll","background-type":"","background-media":"","overlay-type":"","overlay-color":"","overlay-opacity":"","overlay-gradient":""},"tablet":{"background-color":"var(--ast-global-color-5)","background-image":"","background-repeat":"repeat","background-position":"center center","background-size":"auto","background-attachment":"scroll","background-type":"","background-media":"","overlay-type":"","overlay-color":"","overlay-opacity":"","overlay-gradient":""},"mobile":{"background-color":"var(--ast-global-color-5)","background-image":"","background-repeat":"repeat","background-position":"center center","background-size":"auto","background-attachment":"scroll","background-type":"","background-media":"","overlay-type":"","overlay-color":"","overlay-opacity":"","overlay-gradient":""}},"footnotes":""},"class_list":["post-1213","page","type-page","status-publish","hentry"],"_links":{"self":[{"href":"https:\/\/magicaluminum.com\/es\/wp-json\/wp\/v2\/pages\/1213","targetHints":{"allow":["GET"]}}],"collection":[{"href":"https:\/\/magicaluminum.com\/es\/wp-json\/wp\/v2\/pages"}],"about":[{"href":"https:\/\/magicaluminum.com\/es\/wp-json\/wp\/v2\/types\/page"}],"author":[{"embeddable":true,"href":"https:\/\/magicaluminum.com\/es\/wp-json\/wp\/v2\/users\/1"}],"replies":[{"embeddable":true,"href":"https:\/\/magicaluminum.com\/es\/wp-json\/wp\/v2\/comments?post=1213"}],"version-history":[{"count":10,"href":"https:\/\/magicaluminum.com\/es\/wp-json\/wp\/v2\/pages\/1213\/revisions"}],"predecessor-version":[{"id":1227,"href":"https:\/\/magicaluminum.com\/es\/wp-json\/wp\/v2\/pages\/1213\/revisions\/1227"}],"wp:attachment":[{"href":"https:\/\/magicaluminum.com\/es\/wp-json\/wp\/v2\/media?parent=1213"}],"curies":[{"name":"wp","href":"https:\/\/api.w.org\/{rel}","templated":true}]}}