{"id":1418,"date":"2024-09-12T09:42:33","date_gmt":"2024-09-12T09:42:33","guid":{"rendered":"https:\/\/magicaluminum.com\/?page_id=1418"},"modified":"2024-12-09T15:56:59","modified_gmt":"2024-12-09T07:56:59","slug":"project-case","status":"publish","type":"page","link":"https:\/\/magicaluminum.com\/es\/caso-de-proyecto\/","title":{"rendered":"Caso de proyecto"},"content":{"rendered":"<div data-elementor-type=\"wp-page\" data-elementor-id=\"1418\" class=\"elementor elementor-1418\" data-elementor-post-type=\"page\">\n\t\t\t\t<div class=\"elementor-element elementor-element-ea2c2db e-flex e-con-boxed e-con e-parent\" data-id=\"ea2c2db\" data-element_type=\"container\" data-e-type=\"container\" data-settings=\"{&quot;background_background&quot;:&quot;slideshow&quot;,&quot;background_slideshow_gallery&quot;:[{&quot;id&quot;:434,&quot;url&quot;:&quot;https:\\\/\\\/magicaluminum.com\\\/wp-content\\\/uploads\\\/2024\\\/05\\\/Magic-Aluminium-panel-curtain-wall2.jpg&quot;}],&quot;background_slideshow_loop&quot;:&quot;yes&quot;,&quot;background_slideshow_slide_duration&quot;:5000,&quot;background_slideshow_slide_transition&quot;:&quot;fade&quot;,&quot;background_slideshow_transition_duration&quot;:500}\">\n\t\t\t\t\t<div class=\"e-con-inner\">\n\t\t\t\t<div class=\"elementor-element elementor-element-cc9c1d3 elementor-widget elementor-widget-elementskit-heading\" data-id=\"cc9c1d3\" data-element_type=\"widget\" data-e-type=\"widget\" data-widget_type=\"elementskit-heading.default\">\n\t\t\t\t<div class=\"elementor-widget-container\">\n\t\t\t\t\t<div class=\"ekit-wid-con\" ><div class=\"ekit-heading elementskit-section-title-wraper text_center   ekit_heading_tablet-   ekit_heading_mobile-\"><h2 class=\"ekit-heading--title elementskit-section-title\">PROYECTO MINGIC  <span><span>CASO<\/span><\/span><\/h2><h6 class=\"ekit-heading--subtitle elementskit-section-subtitle  elementskit-style-border\">\n\t\t\t\t\t\tServicios integrales de aluminio\n\t\t\t\t\t<\/h6>\t\t\t\t<div class='ekit-heading__description'>\n\t\t\t\t\t<p>Revestimientos murales\/techos\/pantallas\/vallas\/escaleras de aluminio, etc.<\/p>\n\t\t\t\t<\/div>\n\t\t\t<\/div><\/div>\t\t\t\t<\/div>\n\t\t\t\t<\/div>\n\t\t\t\t\t<\/div>\n\t\t\t\t<\/div>\n\t\t\t\t<section class=\"elementor-section elementor-top-section elementor-element elementor-element-0dea1d8 elementor-section-boxed elementor-section-height-default elementor-section-height-default\" data-id=\"0dea1d8\" data-element_type=\"section\" data-e-type=\"section\" data-settings=\"{&quot;background_background&quot;:&quot;classic&quot;}\">\n\t\t\t\t\t\t<div class=\"elementor-container elementor-column-gap-default\">\n\t\t\t\t\t<div class=\"elementor-column elementor-col-100 elementor-top-column elementor-element elementor-element-c704430\" data-id=\"c704430\" data-element_type=\"column\" data-e-type=\"column\">\n\t\t\t<div class=\"elementor-widget-wrap elementor-element-populated\">\n\t\t\t\t\t\t<div class=\"elementor-element elementor-element-b81084d elementor-widget elementor-widget-elementskit-heading\" data-id=\"b81084d\" data-element_type=\"widget\" data-e-type=\"widget\" data-widget_type=\"elementskit-heading.default\">\n\t\t\t\t<div class=\"elementor-widget-container\">\n\t\t\t\t\t<div class=\"ekit-wid-con\" ><div class=\"ekit-heading elementskit-section-title-wraper text_center   ekit_heading_tablet-   ekit_heading_mobile-\"><h2 class=\"ekit-heading--title elementskit-section-title\">Ingenier\u00eda internacional <br><span><span>Apreciaci\u00f3n del caso<\/h2><\/div><\/div>\t\t\t\t<\/div>\n\t\t\t\t<\/div>\n\t\t\t\t<div class=\"elementor-element elementor-element-11132f7 elementor-widget elementor-widget-text-editor\" data-id=\"11132f7\" data-element_type=\"widget\" data-e-type=\"widget\" data-widget_type=\"text-editor.default\">\n\t\t\t\t<div class=\"elementor-widget-container\">\n\t\t\t\t\t\t\t\t\t<p>Mingic aluminio materiales de decoraci\u00f3n con 11 a\u00f1os de experiencia en la producci\u00f3n, nuestra f\u00e1brica ha completado m\u00e1s de 5.000 proyectos hasta la fecha<\/p>\t\t\t\t\t\t\t\t<\/div>\n\t\t\t\t<\/div>\n\t\t\t\t<section class=\"elementor-section elementor-inner-section elementor-element elementor-element-1602037 elementor-section-boxed elementor-section-height-default elementor-section-height-default\" data-id=\"1602037\" data-element_type=\"section\" data-e-type=\"section\">\n\t\t\t\t\t\t<div class=\"elementor-container elementor-column-gap-default\">\n\t\t\t\t\t<div class=\"elementor-column elementor-col-50 elementor-inner-column elementor-element elementor-element-e61491c\" data-id=\"e61491c\" data-element_type=\"column\" data-e-type=\"column\">\n\t\t\t<div class=\"elementor-widget-wrap elementor-element-populated\">\n\t\t\t\t\t\t<div class=\"elementor-element elementor-element-7ba3191 animated-slow elementor-invisible elementor-widget elementor-widget-image\" data-id=\"7ba3191\" data-element_type=\"widget\" data-e-type=\"widget\" data-settings=\"{&quot;_animation&quot;:&quot;fadeInLeft&quot;,&quot;_animation_mobile&quot;:&quot;fadeInDown&quot;}\" data-widget_type=\"image.default\">\n\t\t\t\t<div class=\"elementor-widget-container\">\n\t\t\t\t\t\t\t\t\t\t\t\t\t\t\t<img fetchpriority=\"high\" decoding=\"async\" width=\"1080\" height=\"607\" src=\"https:\/\/magicaluminum.com\/wp-content\/uploads\/2024\/09\/Nanning-Wuxu-International-Airport-aluminum-decoration-materials-11.bmp\" class=\"attachment-full size-full wp-image-1432\" alt=\"\" \/>\t\t\t\t\t\t\t\t\t\t\t\t\t\t\t<\/div>\n\t\t\t\t<\/div>\n\t\t\t\t\t<\/div>\n\t\t<\/div>\n\t\t\t\t<div class=\"elementor-column elementor-col-50 elementor-inner-column elementor-element elementor-element-e1692cf animated-slow elementor-invisible\" data-id=\"e1692cf\" data-element_type=\"column\" data-e-type=\"column\" data-settings=\"{&quot;background_background&quot;:&quot;classic&quot;,&quot;animation&quot;:&quot;fadeInRight&quot;,&quot;animation_tablet&quot;:&quot;fadeInRight&quot;,&quot;animation_mobile&quot;:&quot;fadeInUp&quot;}\">\n\t\t\t<div class=\"elementor-widget-wrap elementor-element-populated\">\n\t\t\t\t\t\t<div class=\"elementor-element elementor-element-c2af68b elementor-widget elementor-widget-heading\" data-id=\"c2af68b\" data-element_type=\"widget\" data-e-type=\"widget\" data-widget_type=\"heading.default\">\n\t\t\t\t<div class=\"elementor-widget-container\">\n\t\t\t\t\t<h1 class=\"elementor-heading-title elementor-size-default\">Nanning Wuxu <br>Aeropuerto internacional<\/h1>\t\t\t\t<\/div>\n\t\t\t\t<\/div>\n\t\t\t\t<div class=\"elementor-element elementor-element-4e3ba4d elementor-widget elementor-widget-text-editor\" data-id=\"4e3ba4d\" data-element_type=\"widget\" data-e-type=\"widget\" data-widget_type=\"text-editor.default\">\n\t\t\t\t<div class=\"elementor-widget-container\">\n\t\t\t\t\t\t\t\t\t<p>\u00a0 \u00a0 El aeropuerto de Nanning Wuwei se encuentra frente al aeropuerto internacional de la ASEAN, utilizando techo de aluminio, revestimiento de pared de aluminio, edificio de aluminio muro cortina, 30000 metros cuadrados.<\/p>\t\t\t\t\t\t\t\t<\/div>\n\t\t\t\t<\/div>\n\t\t\t\t<div class=\"elementor-element elementor-element-262bd35 elementor-align-left elementor-widget elementor-widget-button\" data-id=\"262bd35\" data-element_type=\"widget\" data-e-type=\"widget\" data-widget_type=\"button.default\">\n\t\t\t\t<div class=\"elementor-widget-container\">\n\t\t\t\t\t\t\t\t\t<div class=\"elementor-button-wrapper\">\n\t\t\t\t\t<a class=\"elementor-button elementor-button-link elementor-size-sm\" href=\"#\">\n\t\t\t\t\t\t<span class=\"elementor-button-content-wrapper\">\n\t\t\t\t\t\t\t\t\t<span class=\"elementor-button-text\">LEER M\u00c1S<\/span>\n\t\t\t\t\t<\/span>\n\t\t\t\t\t<\/a>\n\t\t\t\t<\/div>\n\t\t\t\t\t\t\t\t<\/div>\n\t\t\t\t<\/div>\n\t\t\t\t\t<\/div>\n\t\t<\/div>\n\t\t\t\t\t<\/div>\n\t\t<\/section>\n\t\t\t\t\t<\/div>\n\t\t<\/div>\n\t\t\t\t\t<\/div>\n\t\t<\/section>\n\t\t\t\t<section class=\"elementor-section elementor-top-section elementor-element elementor-element-0808e00 elementor-section-boxed elementor-section-height-default elementor-section-height-default\" data-id=\"0808e00\" data-element_type=\"section\" data-e-type=\"section\" data-settings=\"{&quot;background_background&quot;:&quot;classic&quot;}\">\n\t\t\t\t\t\t<div class=\"elementor-container elementor-column-gap-default\">\n\t\t\t\t\t<div class=\"elementor-column elementor-col-100 elementor-top-column elementor-element elementor-element-dc576f2\" data-id=\"dc576f2\" data-element_type=\"column\" data-e-type=\"column\">\n\t\t\t<div class=\"elementor-widget-wrap elementor-element-populated\">\n\t\t\t\t\t\t<div class=\"elementor-element elementor-element-23716c0 elementor-widget elementor-widget-heading\" data-id=\"23716c0\" data-element_type=\"widget\" data-e-type=\"widget\" data-widget_type=\"heading.default\">\n\t\t\t\t<div class=\"elementor-widget-container\">\n\t\t\t\t\t<h2 class=\"elementor-heading-title elementor-size-default\">Otros casos de ingenier\u00eda<\/h2>\t\t\t\t<\/div>\n\t\t\t\t<\/div>\n\t\t\t\t<div class=\"elementor-element elementor-element-7bd67bc elementor-grid-3 elementor-grid-tablet-2 elementor-grid-mobile-1 elementor-widget elementor-widget-loop-grid\" data-id=\"7bd67bc\" data-element_type=\"widget\" data-e-type=\"widget\" data-settings=\"{&quot;_skin&quot;:&quot;post_taxonomy&quot;,&quot;row_gap&quot;:{&quot;unit&quot;:&quot;px&quot;,&quot;size&quot;:0,&quot;sizes&quot;:[]},&quot;template_id&quot;:1457,&quot;columns&quot;:&quot;3&quot;,&quot;columns_tablet&quot;:&quot;2&quot;,&quot;columns_mobile&quot;:&quot;1&quot;,&quot;edit_handle_selector&quot;:&quot;[data-elementor-type=\\&quot;loop-item\\&quot;]&quot;,&quot;row_gap_tablet&quot;:{&quot;unit&quot;:&quot;px&quot;,&quot;size&quot;:&quot;&quot;,&quot;sizes&quot;:[]},&quot;row_gap_mobile&quot;:{&quot;unit&quot;:&quot;px&quot;,&quot;size&quot;:&quot;&quot;,&quot;sizes&quot;:[]}}\" data-widget_type=\"loop-grid.post_taxonomy\">\n\t\t\t\t<div class=\"elementor-widget-container\">\n\t\t\t\t\t\t\t<div class=\"elementor-loop-container elementor-grid\" role=\"list\">\n\t\t<style id=\"loop-1457\">.elementor-1457 .elementor-element.elementor-element-ab62fe1{--display:flex;}<\/style>\t\t<div data-elementor-type=\"loop-item\" data-elementor-id=\"1457\" class=\"elementor elementor-1457 e-loop-item e-loop-item-98 post-98 attachment type-attachment status-inherit hentry\" data-elementor-post-type=\"elementor_library\" data-custom-edit-handle=\"1\">\n\t\t\t<div class=\"elementor-element elementor-element-ab62fe1 e-flex e-con-boxed e-con e-parent\" data-id=\"ab62fe1\" data-element_type=\"container\" data-e-type=\"container\">\n\t\t\t\t\t<div class=\"e-con-inner\">\n\t\t\t\t\t<\/div>\n\t\t\t\t<\/div>\n\t\t\t\t<\/div>\n\t\t\t\t<\/div>\n\t\t\t\t\t\t<\/div>\n\t\t\t\t<\/div>\n\t\t\t\t\t<\/div>\n\t\t<\/div>\n\t\t\t\t\t<\/div>\n\t\t<\/section>\n\t\t<div class=\"elementor-element elementor-element-a86b70b e-flex e-con-boxed e-con e-parent\" data-id=\"a86b70b\" data-element_type=\"container\" data-e-type=\"container\">\n\t\t\t\t\t<div class=\"e-con-inner\">\n\t\t\t\t<div class=\"elementor-element elementor-element-9e14a3d elementor-widget elementor-widget-html\" data-id=\"9e14a3d\" data-element_type=\"widget\" data-e-type=\"widget\" data-widget_type=\"html.default\">\n\t\t\t\t<div class=\"elementor-widget-container\">\n\t\t\t\t\t<!DOCTYPE html>\n<html lang=\"en\">\n<head>\n    <meta charset=\"UTF-8\">\n    <meta name=\"viewport\" content=\"width=device-width, initial-scale=1.0\">\n    <title>Art\u00edculos por categor\u00eda<\/title>\n    <style>\n        body {\n            font-family: Arial, sans-serif;\n        }\n        \/* \u5206\u7c7b\u5bb9\u5668\u6837\u5f0f *\/\n        .category-container {\n            display: flex;\n            flex-wrap: wrap;\n            gap: 20px;\n            margin-top: 20px;\n        }\n        \/* \u6bcf\u4e2a\u5206\u7c7b\u7684\u6837\u5f0f *\/\n        .category {\n            border: 2px solid #ddd;\n            border-radius: 8px;\n            padding: 20px;\n            width: 300px;\n            box-shadow: 0 2px 10px rgba(0, 0, 0, 0.1);\n            transition: transform 0.3s ease, box-shadow 0.3s ease;\n        }\n        .category:hover {\n            transform: translateY(-5px);\n            box-shadow: 0 4px 15px rgba(0, 0, 0, 0.2);\n        }\n        \/* \u5206\u7c7b\u6807\u9898\u6837\u5f0f *\/\n        .category h3 {\n            font-size: 1.5em;\n            margin-bottom: 10px;\n            color: #333;\n        }\n        \/* \u6587\u7ae0\u94fe\u63a5\u6837\u5f0f *\/\n        .category a {\n            display: block;\n            margin-bottom: 8px;\n            color: #007BFF;\n            text-decoration: none;\n            font-size: 1em;\n        }\n        .category a:hover {\n            text-decoration: underline;\n        }\n    <\/style>\n<\/head>\n<body>\n\n    <h1>Art\u00edculos por categor\u00eda<\/h1>\n\n    <!-- \u5206\u7c7b\u5bb9\u5668 -->\n    <div class=\"category-container\">\n        <!-- \u5206\u7c7b 1 -->\n        <div class=\"category\">\n            <h3>Tecnolog\u00eda<\/h3>\n            <a href=\"\/es\/article1-link\/\">C\u00f3mo la IA est\u00e1 cambiando el mundo<\/a>\n            <a href=\"\/es\/article2-link\/\">El futuro de las redes 5G<\/a>\n            <a href=\"\/es\/article3-link\/\">Las 10 innovaciones tecnol\u00f3gicas m\u00e1s importantes de 2024<\/a>\n        <\/div>\n\n        <!-- \u5206\u7c7b 2 -->\n        <div class=\"category\">\n            <h3>Salud<\/h3>\n            <a href=\"\/es\/article4-link\/\">Los beneficios de una dieta equilibrada<\/a>\n            <a href=\"\/es\/article5-link\/\">Concienciaci\u00f3n sobre la salud mental en 2024<\/a>\n            <a href=\"\/es\/article6-link\/\">Buenas pr\u00e1cticas para conciliar la vida laboral y familiar<\/a>\n        <\/div>\n\n        <!-- \u5206\u7c7b 3 -->\n        <div class=\"category\">\n            <h3>Empresas<\/h3>\n            <a href=\"\/es\/article7-link\/\">C\u00f3mo ampliar su empresa<\/a>\n            <a href=\"\/es\/article8-link\/\">Las mejores estrategias de marketing para peque\u00f1as empresas<\/a>\n            <a href=\"\/es\/article9-link\/\">El impacto de las pol\u00edticas comerciales mundiales<\/a>\n        <\/div>\n    <\/div>\n\n<\/body>\n<\/html>\t\t\t\t<\/div>\n\t\t\t\t<\/div>\n\t\t\t\t\t<\/div>\n\t\t\t\t<\/div>\n\t\t\t\t<\/div>","protected":false},"excerpt":{"rendered":"<p>CASO DEL PROYECTO MINGIC [...]<\/p>","protected":false},"author":1,"featured_media":0,"parent":0,"menu_order":0,"comment_status":"closed","ping_status":"closed","template":"","meta":{"site-sidebar-layout":"no-sidebar","site-content-layout":"","ast-site-content-layout":"full-width-container","site-content-style":"default","site-sidebar-style":"default","ast-global-header-display":"","ast-banner-title-visibility":"","ast-main-header-display":"","ast-hfb-above-header-display":"","ast-hfb-below-header-display":"","ast-hfb-mobile-header-display":"","site-post-title":"disabled","ast-breadcrumbs-content":"","ast-featured-img":"disabled","footer-sml-layout":"","ast-disable-related-posts":"","theme-transparent-header-meta":"","adv-header-id-meta":"","stick-header-meta":"","header-above-stick-meta":"","header-main-stick-meta":"","header-below-stick-meta":"","astra-migrate-meta-layouts":"default","ast-page-background-enabled":"default","ast-page-background-meta":{"desktop":{"background-color":"var(--ast-global-color-4)","background-image":"","background-repeat":"repeat","background-position":"center center","background-size":"auto","background-attachment":"scroll","background-type":"","background-media":"","overlay-type":"","overlay-color":"","overlay-opacity":"","overlay-gradient":""},"tablet":{"background-color":"","background-image":"","background-repeat":"repeat","background-position":"center center","background-size":"auto","background-attachment":"scroll","background-type":"","background-media":"","overlay-type":"","overlay-color":"","overlay-opacity":"","overlay-gradient":""},"mobile":{"background-color":"","background-image":"","background-repeat":"repeat","background-position":"center center","background-size":"auto","background-attachment":"scroll","background-type":"","background-media":"","overlay-type":"","overlay-color":"","overlay-opacity":"","overlay-gradient":""}},"ast-content-background-meta":{"desktop":{"background-color":"var(--ast-global-color-5)","background-image":"","background-repeat":"repeat","background-position":"center center","background-size":"auto","background-attachment":"scroll","background-type":"","background-media":"","overlay-type":"","overlay-color":"","overlay-opacity":"","overlay-gradient":""},"tablet":{"background-color":"var(--ast-global-color-5)","background-image":"","background-repeat":"repeat","background-position":"center center","background-size":"auto","background-attachment":"scroll","background-type":"","background-media":"","overlay-type":"","overlay-color":"","overlay-opacity":"","overlay-gradient":""},"mobile":{"background-color":"var(--ast-global-color-5)","background-image":"","background-repeat":"repeat","background-position":"center center","background-size":"auto","background-attachment":"scroll","background-type":"","background-media":"","overlay-type":"","overlay-color":"","overlay-opacity":"","overlay-gradient":""}},"footnotes":""},"class_list":["post-1418","page","type-page","status-publish","hentry"],"_links":{"self":[{"href":"https:\/\/magicaluminum.com\/es\/wp-json\/wp\/v2\/pages\/1418","targetHints":{"allow":["GET"]}}],"collection":[{"href":"https:\/\/magicaluminum.com\/es\/wp-json\/wp\/v2\/pages"}],"about":[{"href":"https:\/\/magicaluminum.com\/es\/wp-json\/wp\/v2\/types\/page"}],"author":[{"embeddable":true,"href":"https:\/\/magicaluminum.com\/es\/wp-json\/wp\/v2\/users\/1"}],"replies":[{"embeddable":true,"href":"https:\/\/magicaluminum.com\/es\/wp-json\/wp\/v2\/comments?post=1418"}],"version-history":[{"count":22,"href":"https:\/\/magicaluminum.com\/es\/wp-json\/wp\/v2\/pages\/1418\/revisions"}],"predecessor-version":[{"id":2084,"href":"https:\/\/magicaluminum.com\/es\/wp-json\/wp\/v2\/pages\/1418\/revisions\/2084"}],"wp:attachment":[{"href":"https:\/\/magicaluminum.com\/es\/wp-json\/wp\/v2\/media?parent=1418"}],"curies":[{"name":"wp","href":"https:\/\/api.w.org\/{rel}","templated":true}]}}