{"id":1483,"date":"2024-09-13T10:02:57","date_gmt":"2024-09-13T10:02:57","guid":{"rendered":"https:\/\/magicaluminum.com\/?post_type=product&#038;p=1483"},"modified":"2024-09-14T08:19:34","modified_gmt":"2024-09-14T08:19:34","slug":"anodized-aluminum-panels","status":"publish","type":"product","link":"https:\/\/magicaluminum.com\/es\/producto\/paneles-de-aluminio-anodizado\/","title":{"rendered":"Paneles de aluminio anodizado"},"content":{"rendered":"<p>Los paneles decorativos de aluminio para pared pueden dividirse en enchapado de aluminio anodizado, enchapado de aluminio PVDF, paneles de aluminio con recubrimiento en polvo, etc.<\/p>\n<p>Paneles de aluminio anodizado Ventaja:<\/p>\n<p><strong>Fuerte acabado met\u00e1lico.<\/strong> La superficie de aluminio anodizado tiene una gran dureza, que alcanza niveles de calidad gema, y ofrece una excelente resistencia a los ara\u00f1azos. conserva el color met\u00e1lico natural del aluminio, realzando la est\u00e9tica met\u00e1lica moderna y aumentando la calidad y el valor del producto.<\/p>\n<p><strong>Alta resistencia al fuego.<\/strong> Fabricado en metal puro, sin pintura ni sustancias qu\u00edmicas en la superficie, soporta temperaturas de hasta 600\u00b0C sin quemarse ni liberar gases t\u00f3xicos. cumpliendo las normas de seguridad contra incendios y medioambientales.<\/p>\n<p><strong>Potentes propiedades antiincrustantes.<\/strong> Resiste las huellas y las manchas, es f\u00e1cil de limpiar y evita las manchas de corrosi\u00f3n.<\/p>","protected":false},"excerpt":{"rendered":"<p>Aluminio decorativo [...]<\/p>","protected":false},"featured_media":1073,"comment_status":"open","ping_status":"closed","template":"","meta":{"site-sidebar-layout":"default","site-content-layout":"","ast-site-content-layout":"default","site-content-style":"default","site-sidebar-style":"default","ast-global-header-display":"","ast-banner-title-visibility":"","ast-main-header-display":"","ast-hfb-above-header-display":"","ast-hfb-below-header-display":"","ast-hfb-mobile-header-display":"","site-post-title":"","ast-breadcrumbs-content":"","ast-featured-img":"","footer-sml-layout":"","theme-transparent-header-meta":"default","adv-header-id-meta":"","stick-header-meta":"","header-above-stick-meta":"","header-main-stick-meta":"","header-below-stick-meta":"","astra-migrate-meta-layouts":"set","ast-page-background-enabled":"default","ast-page-background-meta":{"desktop":{"background-color":"var(--ast-global-color-4)","background-image":"","background-repeat":"repeat","background-position":"center center","background-size":"auto","background-attachment":"scroll","background-type":"","background-media":"","overlay-type":"","overlay-color":"","overlay-opacity":"","overlay-gradient":""},"tablet":{"background-color":"","background-image":"","background-repeat":"repeat","background-position":"center center","background-size":"auto","background-attachment":"scroll","background-type":"","background-media":"","overlay-type":"","overlay-color":"","overlay-opacity":"","overlay-gradient":""},"mobile":{"background-color":"","background-image":"","background-repeat":"repeat","background-position":"center center","background-size":"auto","background-attachment":"scroll","background-type":"","background-media":"","overlay-type":"","overlay-color":"","overlay-opacity":"","overlay-gradient":""}},"ast-content-background-meta":{"desktop":{"background-color":"var(--ast-global-color-5)","background-image":"","background-repeat":"repeat","background-position":"center center","background-size":"auto","background-attachment":"scroll","background-type":"","background-media":"","overlay-type":"","overlay-color":"","overlay-opacity":"","overlay-gradient":""},"tablet":{"background-color":"var(--ast-global-color-5)","background-image":"","background-repeat":"repeat","background-position":"center center","background-size":"auto","background-attachment":"scroll","background-type":"","background-media":"","overlay-type":"","overlay-color":"","overlay-opacity":"","overlay-gradient":""},"mobile":{"background-color":"var(--ast-global-color-5)","background-image":"","background-repeat":"repeat","background-position":"center center","background-size":"auto","background-attachment":"scroll","background-type":"","background-media":"","overlay-type":"","overlay-color":"","overlay-opacity":"","overlay-gradient":""}}},"product_brand":[],"product_cat":[35],"product_tag":[],"class_list":{"0":"post-1483","1":"product","2":"type-product","3":"status-publish","4":"has-post-thumbnail","6":"product_cat-anodized-aluminum-veneer","7":"desktop-align-center","8":"tablet-align-left","9":"mobile-align-left","11":"first","12":"instock","13":"taxable","14":"shipping-taxable","15":"purchasable","16":"product-type-simple"},"_links":{"self":[{"href":"https:\/\/magicaluminum.com\/es\/wp-json\/wp\/v2\/product\/1483","targetHints":{"allow":["GET"]}}],"collection":[{"href":"https:\/\/magicaluminum.com\/es\/wp-json\/wp\/v2\/product"}],"about":[{"href":"https:\/\/magicaluminum.com\/es\/wp-json\/wp\/v2\/types\/product"}],"replies":[{"embeddable":true,"href":"https:\/\/magicaluminum.com\/es\/wp-json\/wp\/v2\/comments?post=1483"}],"wp:featuredmedia":[{"embeddable":true,"href":"https:\/\/magicaluminum.com\/es\/wp-json\/wp\/v2\/media\/1073"}],"wp:attachment":[{"href":"https:\/\/magicaluminum.com\/es\/wp-json\/wp\/v2\/media?parent=1483"}],"wp:term":[{"taxonomy":"product_brand","embeddable":true,"href":"https:\/\/magicaluminum.com\/es\/wp-json\/wp\/v2\/product_brand?post=1483"},{"taxonomy":"product_cat","embeddable":true,"href":"https:\/\/magicaluminum.com\/es\/wp-json\/wp\/v2\/product_cat?post=1483"},{"taxonomy":"product_tag","embeddable":true,"href":"https:\/\/magicaluminum.com\/es\/wp-json\/wp\/v2\/product_tag?post=1483"}],"curies":[{"name":"wp","href":"https:\/\/api.w.org\/{rel}","templated":true}]}}