{"id":1502,"date":"2024-09-14T09:19:30","date_gmt":"2024-09-14T09:19:30","guid":{"rendered":"https:\/\/magicaluminum.com\/?post_type=product&#038;p=1502"},"modified":"2024-09-14T09:19:30","modified_gmt":"2024-09-14T09:19:30","slug":"aluminum-mesh-panels","status":"publish","type":"product","link":"https:\/\/magicaluminum.com\/es\/producto\/paneles-de-malla-de-aluminio\/","title":{"rendered":"Paneles de malla de aluminio"},"content":{"rendered":"<p><a href=\"https:\/\/magicaluminum.com\/es\/product-category\/aluminum-hollow-panel-series\/aluminum-mesh-veneer\/\">Paneles de malla de aluminio<\/a> Cuando se utilizan para muros cortina exteriores en la decoraci\u00f3n arquitect\u00f3nica, la resistencia de su material met\u00e1lico le permite soportar con facilidad condiciones clim\u00e1ticas adversas como tormentas, al tiempo que permite su uso como cubierta protectora del exterior del edificio. En el caso de los muros cortina interiores en la decoraci\u00f3n arquitect\u00f3nica, la resistencia de su material met\u00e1lico le permite soportar con facilidad condiciones clim\u00e1ticas adversas, como tormentas, al tiempo que se utiliza como cubierta protectora del exterior del edificio. Cuando se utiliza para muros cortina interiores en decoraci\u00f3n arquitect\u00f3nica, la resistencia de su material met\u00e1lico le permite soportar f\u00e1cilmente condiciones clim\u00e1ticas adversas como tormentas, al tiempo que es f\u00e1cil de mantener. Desde un punto de vista est\u00e9tico, la malla se asemeja a una tela tejida, lo que ofrece un placer visual. Cuando se utiliza para techos o tabiques interiores, su transparencia y brillo \u00fanicos a\u00f1aden una capa extra de placer est\u00e9tico al espacio.<\/p>\n<p>La apertura de la malla de aluminio se divide en: 0.5x1mm, 1x2mm, 1.25\u00d72.5mm, 1.5\u00d72.5mm, 1.6\u00d73.2mm, 2x3mm, 3x4mm, 3*5mm, 3*6mm, 4*8mm, 5*10mm, 6*12mm 8*16mm, 10*20mm, 12*25mm, 15*30mm 20x40mm 25x50mm 30x60mm 40x80mm 50x100mm y as\u00ed sucesivamente.<\/p>\n<p>&nbsp;<\/p>","protected":false},"excerpt":{"rendered":"<p>Paneles de malla de aluminio [...]<\/p>","protected":false},"featured_media":1499,"comment_status":"open","ping_status":"closed","template":"","meta":{"site-sidebar-layout":"default","site-content-layout":"","ast-site-content-layout":"default","site-content-style":"default","site-sidebar-style":"default","ast-global-header-display":"","ast-banner-title-visibility":"","ast-main-header-display":"","ast-hfb-above-header-display":"","ast-hfb-below-header-display":"","ast-hfb-mobile-header-display":"","site-post-title":"","ast-breadcrumbs-content":"","ast-featured-img":"","footer-sml-layout":"","ast-disable-related-posts":"","theme-transparent-header-meta":"default","adv-header-id-meta":"","stick-header-meta":"","header-above-stick-meta":"","header-main-stick-meta":"","header-below-stick-meta":"","astra-migrate-meta-layouts":"set","ast-page-background-enabled":"default","ast-page-background-meta":{"desktop":{"background-color":"var(--ast-global-color-4)","background-image":"","background-repeat":"repeat","background-position":"center center","background-size":"auto","background-attachment":"scroll","background-type":"","background-media":"","overlay-type":"","overlay-color":"","overlay-opacity":"","overlay-gradient":""},"tablet":{"background-color":"","background-image":"","background-repeat":"repeat","background-position":"center center","background-size":"auto","background-attachment":"scroll","background-type":"","background-media":"","overlay-type":"","overlay-color":"","overlay-opacity":"","overlay-gradient":""},"mobile":{"background-color":"","background-image":"","background-repeat":"repeat","background-position":"center center","background-size":"auto","background-attachment":"scroll","background-type":"","background-media":"","overlay-type":"","overlay-color":"","overlay-opacity":"","overlay-gradient":""}},"ast-content-background-meta":{"desktop":{"background-color":"var(--ast-global-color-5)","background-image":"","background-repeat":"repeat","background-position":"center center","background-size":"auto","background-attachment":"scroll","background-type":"","background-media":"","overlay-type":"","overlay-color":"","overlay-opacity":"","overlay-gradient":""},"tablet":{"background-color":"var(--ast-global-color-5)","background-image":"","background-repeat":"repeat","background-position":"center center","background-size":"auto","background-attachment":"scroll","background-type":"","background-media":"","overlay-type":"","overlay-color":"","overlay-opacity":"","overlay-gradient":""},"mobile":{"background-color":"var(--ast-global-color-5)","background-image":"","background-repeat":"repeat","background-position":"center center","background-size":"auto","background-attachment":"scroll","background-type":"","background-media":"","overlay-type":"","overlay-color":"","overlay-opacity":"","overlay-gradient":""}}},"product_brand":[],"product_cat":[95],"product_tag":[85],"class_list":{"0":"post-1502","1":"product","2":"type-product","3":"status-publish","4":"has-post-thumbnail","6":"product_cat-aluminum-mesh-veneer","7":"product_tag-aluminum-buildings-curtain-wall","8":"desktop-align-center","9":"tablet-align-left","10":"mobile-align-left","12":"first","13":"instock","14":"sale","15":"taxable","16":"shipping-taxable","17":"purchasable","18":"product-type-simple"},"_links":{"self":[{"href":"https:\/\/magicaluminum.com\/es\/wp-json\/wp\/v2\/product\/1502","targetHints":{"allow":["GET"]}}],"collection":[{"href":"https:\/\/magicaluminum.com\/es\/wp-json\/wp\/v2\/product"}],"about":[{"href":"https:\/\/magicaluminum.com\/es\/wp-json\/wp\/v2\/types\/product"}],"replies":[{"embeddable":true,"href":"https:\/\/magicaluminum.com\/es\/wp-json\/wp\/v2\/comments?post=1502"}],"wp:featuredmedia":[{"embeddable":true,"href":"https:\/\/magicaluminum.com\/es\/wp-json\/wp\/v2\/media\/1499"}],"wp:attachment":[{"href":"https:\/\/magicaluminum.com\/es\/wp-json\/wp\/v2\/media?parent=1502"}],"wp:term":[{"taxonomy":"product_brand","embeddable":true,"href":"https:\/\/magicaluminum.com\/es\/wp-json\/wp\/v2\/product_brand?post=1502"},{"taxonomy":"product_cat","embeddable":true,"href":"https:\/\/magicaluminum.com\/es\/wp-json\/wp\/v2\/product_cat?post=1502"},{"taxonomy":"product_tag","embeddable":true,"href":"https:\/\/magicaluminum.com\/es\/wp-json\/wp\/v2\/product_tag?post=1502"}],"curies":[{"name":"wp","href":"https:\/\/api.w.org\/{rel}","templated":true}]}}