{"id":1512,"date":"2024-09-19T03:19:00","date_gmt":"2024-09-19T03:19:00","guid":{"rendered":"https:\/\/magicaluminum.com\/?post_type=product&#038;p=1512"},"modified":"2024-09-19T03:19:00","modified_gmt":"2024-09-19T03:19:00","slug":"stone-grain-aluminum-veneer","status":"publish","type":"product","link":"https:\/\/magicaluminum.com\/es\/producto\/chapa-de-aluminio-de-grano-de-piedra\/","title":{"rendered":"revestimiento exterior de aluminio con aspecto de piedra"},"content":{"rendered":"<p>Piedra con textura natural, textura avanzada por la mayor\u00eda de los propietarios y dise\u00f1adores de amor, sino como un recurso no renovable, m\u00e1s y m\u00e1s personas prestan atenci\u00f3n a la utilizaci\u00f3n racional de la piedra, con el fin de reducir el consumo excesivo de recursos de la tierra. El nacimiento de la imitaci\u00f3n de piedra de chapa de aluminio compensa los defectos de muchos de piedra en s\u00ed, y puede tener el efecto decorativo. compensa los defectos de muchas piedras en s\u00ed, y puede tener el efecto decorativo de la piedra sin consumir recursos, lo que constituye una opci\u00f3n de alta calidad en dise\u00f1o de interiores y exteriores<\/p>\n<p>El proceso de fabricaci\u00f3n de la chapa de aluminio de grano de piedra consiste principalmente en el recubrimiento. El recubrimiento se divide en dos procesos, uno es el recubrimiento con rodillo de fluorocarbono, y el otro es el recubrimiento con spray de fluorocarbono. El recubrimiento se divide en dos procesos, uno es el recubrimiento con rodillo de fluorocarbono, y el otro es el recubrimiento por pulverizaci\u00f3n de fluorocarbono. El proceso de transformaci\u00f3n de la chapa antes del recubrimiento es b\u00e1sicamente similar, y consiste principalmente en El proceso de transformaci\u00f3n de la chapa antes del revestimiento es b\u00e1sicamente similar y consiste principalmente en cortar, punzonar, doblar, curvar, soldar, esmerilar, etc. Los paneles de aluminio se transforman en las formas y tama\u00f1os necesarios para la construcci\u00f3n y, a continuaci\u00f3n, se lleva a cabo el proceso de revestimiento correspondiente. Los paneles de aluminio se transforman en las formas y tama\u00f1os requeridos para la construcci\u00f3n y, a continuaci\u00f3n, se lleva a cabo el proceso de revestimiento correspondiente seg\u00fan el proceso.<br \/>\nPaneles de aluminio s\u00edmil piedra: 1,5~3,0 mm: 130~260 yuanes\/\u33a1, tratamiento superficial: pulverizaci\u00f3n de textura de piedra.<br \/>\nTextura de piedra que roc\u00eda los paneles de aluminio: 1.5~3.0m m: 130~300 yuan\/\u33a1, tratamiento superficial: rociadura de la textura de piedra de la tres-capa del fluorocarbono.<\/p>","protected":false},"excerpt":{"rendered":"<p>Piedra con t [...]<\/p>","protected":false},"featured_media":1347,"comment_status":"open","ping_status":"closed","template":"","meta":{"site-sidebar-layout":"default","site-content-layout":"","ast-site-content-layout":"default","site-content-style":"default","site-sidebar-style":"default","ast-global-header-display":"","ast-banner-title-visibility":"","ast-main-header-display":"","ast-hfb-above-header-display":"","ast-hfb-below-header-display":"","ast-hfb-mobile-header-display":"","site-post-title":"","ast-breadcrumbs-content":"","ast-featured-img":"","footer-sml-layout":"","theme-transparent-header-meta":"default","adv-header-id-meta":"","stick-header-meta":"","header-above-stick-meta":"","header-main-stick-meta":"","header-below-stick-meta":"","astra-migrate-meta-layouts":"set","ast-page-background-enabled":"default","ast-page-background-meta":{"desktop":{"background-color":"var(--ast-global-color-4)","background-image":"","background-repeat":"repeat","background-position":"center center","background-size":"auto","background-attachment":"scroll","background-type":"","background-media":"","overlay-type":"","overlay-color":"","overlay-opacity":"","overlay-gradient":""},"tablet":{"background-color":"","background-image":"","background-repeat":"repeat","background-position":"center center","background-size":"auto","background-attachment":"scroll","background-type":"","background-media":"","overlay-type":"","overlay-color":"","overlay-opacity":"","overlay-gradient":""},"mobile":{"background-color":"","background-image":"","background-repeat":"repeat","background-position":"center center","background-size":"auto","background-attachment":"scroll","background-type":"","background-media":"","overlay-type":"","overlay-color":"","overlay-opacity":"","overlay-gradient":""}},"ast-content-background-meta":{"desktop":{"background-color":"var(--ast-global-color-5)","background-image":"","background-repeat":"repeat","background-position":"center center","background-size":"auto","background-attachment":"scroll","background-type":"","background-media":"","overlay-type":"","overlay-color":"","overlay-opacity":"","overlay-gradient":""},"tablet":{"background-color":"var(--ast-global-color-5)","background-image":"","background-repeat":"repeat","background-position":"center center","background-size":"auto","background-attachment":"scroll","background-type":"","background-media":"","overlay-type":"","overlay-color":"","overlay-opacity":"","overlay-gradient":""},"mobile":{"background-color":"var(--ast-global-color-5)","background-image":"","background-repeat":"repeat","background-position":"center center","background-size":"auto","background-attachment":"scroll","background-type":"","background-media":"","overlay-type":"","overlay-color":"","overlay-opacity":"","overlay-gradient":""}}},"product_brand":[],"product_cat":[38],"product_tag":[],"class_list":{"0":"post-1512","1":"product","2":"type-product","3":"status-publish","4":"has-post-thumbnail","6":"product_cat-stone-grain-aluminum-veneer","7":"desktop-align-center","8":"tablet-align-left","9":"mobile-align-left","11":"first","12":"instock","13":"taxable","14":"shipping-taxable","15":"product-type-simple"},"_links":{"self":[{"href":"https:\/\/magicaluminum.com\/es\/wp-json\/wp\/v2\/product\/1512","targetHints":{"allow":["GET"]}}],"collection":[{"href":"https:\/\/magicaluminum.com\/es\/wp-json\/wp\/v2\/product"}],"about":[{"href":"https:\/\/magicaluminum.com\/es\/wp-json\/wp\/v2\/types\/product"}],"replies":[{"embeddable":true,"href":"https:\/\/magicaluminum.com\/es\/wp-json\/wp\/v2\/comments?post=1512"}],"wp:featuredmedia":[{"embeddable":true,"href":"https:\/\/magicaluminum.com\/es\/wp-json\/wp\/v2\/media\/1347"}],"wp:attachment":[{"href":"https:\/\/magicaluminum.com\/es\/wp-json\/wp\/v2\/media?parent=1512"}],"wp:term":[{"taxonomy":"product_brand","embeddable":true,"href":"https:\/\/magicaluminum.com\/es\/wp-json\/wp\/v2\/product_brand?post=1512"},{"taxonomy":"product_cat","embeddable":true,"href":"https:\/\/magicaluminum.com\/es\/wp-json\/wp\/v2\/product_cat?post=1512"},{"taxonomy":"product_tag","embeddable":true,"href":"https:\/\/magicaluminum.com\/es\/wp-json\/wp\/v2\/product_tag?post=1512"}],"curies":[{"name":"wp","href":"https:\/\/api.w.org\/{rel}","templated":true}]}}