{"id":1514,"date":"2024-09-19T07:21:27","date_gmt":"2024-09-19T07:21:27","guid":{"rendered":"https:\/\/magicaluminum.com\/?post_type=product&#038;p=1514"},"modified":"2024-09-19T07:21:27","modified_gmt":"2024-09-19T07:21:27","slug":"metal-building-wall-panels","status":"publish","type":"product","link":"https:\/\/magicaluminum.com\/es\/producto\/paneles-murales-metalicos\/","title":{"rendered":"Pintura de paneles met\u00e1licos de aluminio para edificios"},"content":{"rendered":"<p><a href=\"https:\/\/magicaluminum.com\/es\/\">Magia<\/a> La chapa de aluminio con pintura UV 3D ofrece una soluci\u00f3n de decoraci\u00f3n de paredes segura y ecol\u00f3gica para materiales de construcci\u00f3n. Despu\u00e9s de someter el panel de aluminio a un revestimiento base, se termina con un proceso automatizado de impresi\u00f3n UV 3D para crear el dise\u00f1o que desee. Despu\u00e9s de someter el panel de aluminio a un revestimiento de base, se termina con un proceso automatizado de impresi\u00f3n 3D UV para crear el dise\u00f1o deseado. Este proceso no s\u00f3lo protege el medio ambiente, sino que tambi\u00e9n reciclables, lo que garantiza un uso eficiente de los recursos.<\/p>\n<p>La \"baja emisi\u00f3n de carbono\" y el \"ahorro de energ\u00eda\" ser\u00e1n las tendencias clave en el futuro desarrollo de la industria de la construcci\u00f3n. Los paneles de aluminio, combinados con otros materiales respetuosos con el medio ambiente, pueden mejorar significativamente el ahorro energ\u00e9tico y las prestaciones medioambientales de los paneles de aluminio con fluorocarbono. Los paneles de aluminio, combinados con otros materiales respetuosos con el medio ambiente, pueden mejorar significativamente el ahorro energ\u00e9tico y las prestaciones medioambientales de los paneles de aluminio fluorocarbono. Por ejemplo, la fijaci\u00f3n de lana de roca en la parte posterior de un muro cortina de paneles de aluminio fluorocarbono proporciona un excelente aislamiento, ayudando a mantener el control de la temperatura. Por ejemplo, la fijaci\u00f3n de lana de roca en la parte posterior de un muro cortina de paneles de aluminio fluorocarbono proporciona un excelente aislamiento, ayudando a mantener el control de la temperatura. Por ejemplo, la fijaci\u00f3n de lana de roca a la parte posterior de un muro cortina de paneles de aluminio fluorocarbono proporciona un excelente aislamiento, ayudando a mantener el control de la temperatura.<\/p>","protected":false},"excerpt":{"rendered":"<p>Pintura UV 3D m\u00e1gica [...]<\/p>","protected":false},"featured_media":1519,"comment_status":"open","ping_status":"closed","template":"","meta":{"site-sidebar-layout":"default","site-content-layout":"","ast-site-content-layout":"default","site-content-style":"default","site-sidebar-style":"default","ast-global-header-display":"","ast-banner-title-visibility":"","ast-main-header-display":"","ast-hfb-above-header-display":"","ast-hfb-below-header-display":"","ast-hfb-mobile-header-display":"","site-post-title":"","ast-breadcrumbs-content":"","ast-featured-img":"","footer-sml-layout":"","theme-transparent-header-meta":"default","adv-header-id-meta":"","stick-header-meta":"","header-above-stick-meta":"","header-main-stick-meta":"","header-below-stick-meta":"","astra-migrate-meta-layouts":"set","ast-page-background-enabled":"default","ast-page-background-meta":{"desktop":{"background-color":"var(--ast-global-color-4)","background-image":"","background-repeat":"repeat","background-position":"center center","background-size":"auto","background-attachment":"scroll","background-type":"","background-media":"","overlay-type":"","overlay-color":"","overlay-opacity":"","overlay-gradient":""},"tablet":{"background-color":"","background-image":"","background-repeat":"repeat","background-position":"center center","background-size":"auto","background-attachment":"scroll","background-type":"","background-media":"","overlay-type":"","overlay-color":"","overlay-opacity":"","overlay-gradient":""},"mobile":{"background-color":"","background-image":"","background-repeat":"repeat","background-position":"center center","background-size":"auto","background-attachment":"scroll","background-type":"","background-media":"","overlay-type":"","overlay-color":"","overlay-opacity":"","overlay-gradient":""}},"ast-content-background-meta":{"desktop":{"background-color":"var(--ast-global-color-5)","background-image":"","background-repeat":"repeat","background-position":"center center","background-size":"auto","background-attachment":"scroll","background-type":"","background-media":"","overlay-type":"","overlay-color":"","overlay-opacity":"","overlay-gradient":""},"tablet":{"background-color":"var(--ast-global-color-5)","background-image":"","background-repeat":"repeat","background-position":"center center","background-size":"auto","background-attachment":"scroll","background-type":"","background-media":"","overlay-type":"","overlay-color":"","overlay-opacity":"","overlay-gradient":""},"mobile":{"background-color":"var(--ast-global-color-5)","background-image":"","background-repeat":"repeat","background-position":"center center","background-size":"auto","background-attachment":"scroll","background-type":"","background-media":"","overlay-type":"","overlay-color":"","overlay-opacity":"","overlay-gradient":""}}},"product_brand":[],"product_cat":[41],"product_tag":[85,79],"class_list":{"0":"post-1514","1":"product","2":"type-product","3":"status-publish","4":"has-post-thumbnail","6":"product_cat-painting-aluminum-veneer","7":"product_tag-aluminum-buildings-curtain-wall","8":"product_tag-aluminum-interior-wall-cladding","9":"desktop-align-center","10":"tablet-align-left","11":"mobile-align-left","13":"first","14":"instock","15":"taxable","16":"shipping-taxable","17":"purchasable","18":"product-type-simple"},"_links":{"self":[{"href":"https:\/\/magicaluminum.com\/es\/wp-json\/wp\/v2\/product\/1514","targetHints":{"allow":["GET"]}}],"collection":[{"href":"https:\/\/magicaluminum.com\/es\/wp-json\/wp\/v2\/product"}],"about":[{"href":"https:\/\/magicaluminum.com\/es\/wp-json\/wp\/v2\/types\/product"}],"replies":[{"embeddable":true,"href":"https:\/\/magicaluminum.com\/es\/wp-json\/wp\/v2\/comments?post=1514"}],"wp:featuredmedia":[{"embeddable":true,"href":"https:\/\/magicaluminum.com\/es\/wp-json\/wp\/v2\/media\/1519"}],"wp:attachment":[{"href":"https:\/\/magicaluminum.com\/es\/wp-json\/wp\/v2\/media?parent=1514"}],"wp:term":[{"taxonomy":"product_brand","embeddable":true,"href":"https:\/\/magicaluminum.com\/es\/wp-json\/wp\/v2\/product_brand?post=1514"},{"taxonomy":"product_cat","embeddable":true,"href":"https:\/\/magicaluminum.com\/es\/wp-json\/wp\/v2\/product_cat?post=1514"},{"taxonomy":"product_tag","embeddable":true,"href":"https:\/\/magicaluminum.com\/es\/wp-json\/wp\/v2\/product_tag?post=1514"}],"curies":[{"name":"wp","href":"https:\/\/api.w.org\/{rel}","templated":true}]}}