{"id":680,"date":"2024-07-25T09:32:11","date_gmt":"2024-07-25T09:32:11","guid":{"rendered":"https:\/\/magicaluminum.com\/?post_type=product&#038;p=680"},"modified":"2024-07-27T08:20:33","modified_gmt":"2024-07-27T08:20:33","slug":"aluminium-wood-u-baffle-ceiling-system","status":"publish","type":"product","link":"https:\/\/magicaluminum.com\/es\/producto\/sistema-de-techo-bafle-en-u-de-aluminio-y-madera\/","title":{"rendered":"sistema de falsos techos en u de aluminio empotrado en madera"},"content":{"rendered":"<p><strong>u bafle techo madera color<\/strong>:<\/p>\n<p>magic's sistema de techo de aluminio baffle puede personalizar una variedad de colores que desee de acuerdo a sus necesidades, a menudo hacemos la carta de colores como a menudo hacemos la carta de colores como<\/p>\n<p><img fetchpriority=\"high\" decoding=\"async\" class=\"alignnone size-medium wp-image-688\" src=\"https:\/\/magicaluminum.com\/wp-content\/uploads\/2024\/07\/magic-aluminum-baffled-ceiling-partial-wood-grain-color-300x209.jpg\" alt=\"techo m\u00e1gico de aluminio baffled color parcial veteado madera\" width=\"300\" height=\"209\" srcset=\"https:\/\/magicaluminum.com\/wp-content\/uploads\/2024\/07\/magic-aluminum-baffled-ceiling-partial-wood-grain-color-300x209.jpg 300w, https:\/\/magicaluminum.com\/wp-content\/uploads\/2024\/07\/magic-aluminum-baffled-ceiling-partial-wood-grain-color-600x419.jpg 600w, https:\/\/magicaluminum.com\/wp-content\/uploads\/2024\/07\/magic-aluminum-baffled-ceiling-partial-wood-grain-color-768x536.jpg 768w, https:\/\/magicaluminum.com\/wp-content\/uploads\/2024\/07\/magic-aluminum-baffled-ceiling-partial-wood-grain-color.jpg 1000w\" sizes=\"(max-width: 300px) 100vw, 300px\" \/><\/p>\n<p>En la actualidad, el principal sistema de techo de aluminio deflector popular est\u00e1 decorado principalmente con color de grano de madera, la superficie es muy similar a la madera maciza, pero es m\u00e1s La superficie es muy similar a la madera maciza, pero es m\u00e1s rentable que el techo de madera maciza.<\/p>\n<p>Para m\u00e1s colores y m\u00e1s productos, consulte con el servicio de atenci\u00f3n al cliente, y nos ocuparemos de ellos todo el tiempo que necesite.<\/p>\n<p><strong>Esquema de instalaci\u00f3n del techo deflector en U<\/strong>:<\/p>\n<p><img decoding=\"async\" class=\"alignnone size-medium wp-image-691\" src=\"https:\/\/magicaluminum.com\/wp-content\/uploads\/2024\/07\/magic-aluminum-U-shaped-baffle-ceiling-installation-diagram-287x300.jpg\" alt=\"Diagrama de instalaci\u00f3n del techo de aluminio Magic U\" width=\"287\" height=\"300\" srcset=\"https:\/\/magicaluminum.com\/wp-content\/uploads\/2024\/07\/magic-aluminum-U-shaped-baffle-ceiling-installation-diagram-287x300.jpg 287w, https:\/\/magicaluminum.com\/wp-content\/uploads\/2024\/07\/magic-aluminum-U-shaped-baffle-ceiling-installation-diagram-600x627.jpg 600w, https:\/\/magicaluminum.com\/wp-content\/uploads\/2024\/07\/magic-aluminum-U-shaped-baffle-ceiling-installation-diagram.jpg 750w\" sizes=\"(max-width: 287px) 100vw, 287px\" \/><\/p>","protected":false},"excerpt":{"rendered":"<p><strong><b>CARACTER\u00cdSTICA DEL PRODUCTO<\/b><\/strong><\/p>\n<p>Sistema de techo deflector de aluminio de Magic tiene una estructura transparente, excelente efecto de escape,ser uno de la placa instalada,la Sistema de techo deflector de aluminio de Magic tiene una estructura transparente, excelente efecto de escape, ser uno de la placa instalada, la formaci\u00f3n de una sola v\u00eda de visi\u00f3n a nivel de pantalla, forma hermosa, l\u00edneas brillantes, elegante, sencillo y elegante, si se selecciona correctamente la altura, el \u00e1ngulo visual de el espacio puede producir el efecto de la cortina, por lo que el dise\u00f1o de cambio r\u00e1pido, todo el espacio del edificio amplio techo transparente, m\u00e1s elegante \u00a1El dise\u00f1o de cambio r\u00e1pido, todo el espacio del edificio amplio y transparente, m\u00e1s elegante industria del techo!<\/p>\n<p><strong><b>SOLICITUD<\/b><\/strong><\/p>\n<p>Ampliamente utilizado en pasillo, bares, centros comerciales, edificios de oficinas, biblioteca, club, plaza, exposici\u00f3n, estaci\u00f3n de metro, aeropuerto y otros lugares.<\/p>\n<p>Un techo decorativo puede ajustar la altura percibida de una habitaci\u00f3n y ocultar tuber\u00edas y otros servicios. Adem\u00e1s, suaviza y difunde la luz solar natural o artificial, ofreciendo una vista abierta con excelente ventilaci\u00f3n. Adem\u00e1s, suaviza y difumina la luz natural o artificial, ofreciendo una visi\u00f3n abierta con una excelente ventilaci\u00f3n. Sus l\u00edneas limpias y definidas reflejan un estilo moderno y minimalista. Con una instalaci\u00f3n sencilla y un mantenimiento f\u00e1cil, estos techos se han convertido en una opci\u00f3n popular en el mercado de la decoraci\u00f3n, ofreciendo un aspecto vivo pero ordenado. pero ordenado.<\/p>","protected":false},"featured_media":686,"comment_status":"open","ping_status":"closed","template":"","meta":{"site-sidebar-layout":"default","site-content-layout":"","ast-site-content-layout":"default","site-content-style":"default","site-sidebar-style":"default","ast-global-header-display":"","ast-banner-title-visibility":"","ast-main-header-display":"","ast-hfb-above-header-display":"","ast-hfb-below-header-display":"","ast-hfb-mobile-header-display":"","site-post-title":"","ast-breadcrumbs-content":"","ast-featured-img":"","footer-sml-layout":"","theme-transparent-header-meta":"default","adv-header-id-meta":"","stick-header-meta":"","header-above-stick-meta":"","header-main-stick-meta":"","header-below-stick-meta":"","astra-migrate-meta-layouts":"set","ast-page-background-enabled":"default","ast-page-background-meta":{"desktop":{"background-color":"var(--ast-global-color-4)","background-image":"","background-repeat":"repeat","background-position":"center center","background-size":"auto","background-attachment":"scroll","background-type":"","background-media":"","overlay-type":"","overlay-color":"","overlay-opacity":"","overlay-gradient":""},"tablet":{"background-color":"","background-image":"","background-repeat":"repeat","background-position":"center center","background-size":"auto","background-attachment":"scroll","background-type":"","background-media":"","overlay-type":"","overlay-color":"","overlay-opacity":"","overlay-gradient":""},"mobile":{"background-color":"","background-image":"","background-repeat":"repeat","background-position":"center center","background-size":"auto","background-attachment":"scroll","background-type":"","background-media":"","overlay-type":"","overlay-color":"","overlay-opacity":"","overlay-gradient":""}},"ast-content-background-meta":{"desktop":{"background-color":"var(--ast-global-color-5)","background-image":"","background-repeat":"repeat","background-position":"center center","background-size":"auto","background-attachment":"scroll","background-type":"","background-media":"","overlay-type":"","overlay-color":"","overlay-opacity":"","overlay-gradient":""},"tablet":{"background-color":"var(--ast-global-color-5)","background-image":"","background-repeat":"repeat","background-position":"center center","background-size":"auto","background-attachment":"scroll","background-type":"","background-media":"","overlay-type":"","overlay-color":"","overlay-opacity":"","overlay-gradient":""},"mobile":{"background-color":"var(--ast-global-color-5)","background-image":"","background-repeat":"repeat","background-position":"center center","background-size":"auto","background-attachment":"scroll","background-type":"","background-media":"","overlay-type":"","overlay-color":"","overlay-opacity":"","overlay-gradient":""}}},"product_brand":[],"product_cat":[52],"product_tag":[],"class_list":{"0":"post-680","1":"product","2":"type-product","3":"status-publish","4":"has-post-thumbnail","6":"product_cat-u-baffle-ceiling","7":"desktop-align-center","8":"tablet-align-left","9":"mobile-align-left","11":"first","12":"instock","13":"taxable","14":"shipping-taxable","15":"product-type-simple"},"_links":{"self":[{"href":"https:\/\/magicaluminum.com\/es\/wp-json\/wp\/v2\/product\/680","targetHints":{"allow":["GET"]}}],"collection":[{"href":"https:\/\/magicaluminum.com\/es\/wp-json\/wp\/v2\/product"}],"about":[{"href":"https:\/\/magicaluminum.com\/es\/wp-json\/wp\/v2\/types\/product"}],"replies":[{"embeddable":true,"href":"https:\/\/magicaluminum.com\/es\/wp-json\/wp\/v2\/comments?post=680"}],"wp:featuredmedia":[{"embeddable":true,"href":"https:\/\/magicaluminum.com\/es\/wp-json\/wp\/v2\/media\/686"}],"wp:attachment":[{"href":"https:\/\/magicaluminum.com\/es\/wp-json\/wp\/v2\/media?parent=680"}],"wp:term":[{"taxonomy":"product_brand","embeddable":true,"href":"https:\/\/magicaluminum.com\/es\/wp-json\/wp\/v2\/product_brand?post=680"},{"taxonomy":"product_cat","embeddable":true,"href":"https:\/\/magicaluminum.com\/es\/wp-json\/wp\/v2\/product_cat?post=680"},{"taxonomy":"product_tag","embeddable":true,"href":"https:\/\/magicaluminum.com\/es\/wp-json\/wp\/v2\/product_tag?post=680"}],"curies":[{"name":"wp","href":"https:\/\/api.w.org\/{rel}","templated":true}]}}