{"id":704,"date":"2024-07-31T08:51:11","date_gmt":"2024-07-31T08:51:11","guid":{"rendered":"https:\/\/magicaluminum.com\/?post_type=product&#038;p=704"},"modified":"2024-08-02T06:46:01","modified_gmt":"2024-08-02T06:46:01","slug":"perforated-panel-aluminum-facade-cladding","status":"publish","type":"product","link":"https:\/\/magicaluminum.com\/es\/producto\/panel-perforado-revestimiento-de-fachada-de-aluminio\/","title":{"rendered":"panel de fachada de aluminio perforado revestimiento de paredes exteriores"},"content":{"rendered":"<p><strong>Mejora del confort ac\u00fastico con el revestimiento de fachada de aluminio perforado Magic<\/strong><\/p>\n<p>Los revestimientos de aluminio perforado de Magic est\u00e1n dise\u00f1ados para redefinir los espacios interiores ofreciendo una excepcional absorci\u00f3n ac\u00fastica y versatilidad est\u00e9tica. Como l\u00edder en soluciones innovadoras de revestimiento de paredes, Magic ha creado su panel de fachada perforada para satisfacer las diversas necesidades de la arquitectura moderna, al tiempo que ofrece un rendimiento ac\u00fastico superior. Como l\u00edder en soluciones innovadoras de revestimiento de paredes, Magic ha creado su panel de fachada perforada para satisfacer las diversas necesidades de la arquitectura moderna, al tiempo que ofrece un rendimiento ac\u00fastico superior. Nuestros productos est\u00e1n dise\u00f1ados para transformar espacios gracias a su composici\u00f3n \u00fanica y sus ventajas pr\u00e1cticas, lo que los convierte en la opci\u00f3n ideal para cualquier entorno.<\/p>\n<p><strong>Rendimiento ac\u00fastico inigualable<\/strong><\/p>\n<p>Las capacidades ac\u00fasticas de los revestimientos de paneles perforados de Magic son incomparables. Mediante la disposici\u00f3n estrat\u00e9gica de las perforaciones en distintos patrones y tama\u00f1os, nuestros revestimientos de aluminio reducen eficazmente los niveles de ruido y mejoran el aislamiento ac\u00fastico. Esta innovaci\u00f3n en el dise\u00f1o permite que nuestros productos cumplan y superen las normas del sector en materia de absorci\u00f3n ac\u00fastica en Estados Unidos. se adapta a las necesidades espec\u00edficas del espacio, garantizando un rendimiento ac\u00fastico \u00f3ptimo.<\/p>\n<p>Para mejorar a\u00fan m\u00e1s las propiedades de absorci\u00f3n ac\u00fastica, nuestros revestimientos exteriores perforados incorporan materiales adicionales, como tejido de lana o soporte de lana de vidrio. Estos materiales aumentan significativamente la eficacia fonoabsorbente de los paneles, lo que los hace especialmente eficaces en entornos en los que la reducci\u00f3n del ruido es primordial. Estos materiales aumentan significativamente la eficiencia de absorci\u00f3n ac\u00fastica de los paneles, lo que los hace especialmente eficaces en entornos en los que la reducci\u00f3n del ruido es primordial. En particular, nuestros paneles perforados \u04243.0 son conocidos por sus excelentes propiedades de absorci\u00f3n ac\u00fastica, lo que los convierte en una soluci\u00f3n ideal para la reducci\u00f3n del ruido. En particular, nuestros paneles perforados \u04243.0 son famosos por sus extraordinarias propiedades de absorci\u00f3n ac\u00fastica, lo que los convierte en la opci\u00f3n preferida en entornos que exigen un rendimiento ac\u00fastico superior.<\/p>\n<p><strong>Opciones de dise\u00f1o personalizables<\/strong><\/p>\n<p>Los revestimientos de paredes de aluminio perforado de Magic ofrecen una amplia gama de opciones de dise\u00f1o para satisfacer las preferencias est\u00e9ticas de nuestros clientes. Con m\u00e1s de 30 patrones de perforaci\u00f3n distintos disponibles, los dise\u00f1adores pueden crear un panel de fachada visualmente impactante que complemente el dise\u00f1o interior general. Con m\u00e1s de 30 patrones de perforaci\u00f3n distintos disponibles, los dise\u00f1adores pueden crear un panel de fachada visualmente llamativo que complemente el dise\u00f1o interior general. Adem\u00e1s, ofrecemos servicios de personalizaci\u00f3n para adaptarnos a requisitos de dise\u00f1o espec\u00edficos, lo que permite a arquitectos y dise\u00f1adores lograr su visi\u00f3n con precisi\u00f3n. Adem\u00e1s, ofrecemos servicios de personalizaci\u00f3n para adaptarnos a requisitos de dise\u00f1o espec\u00edficos, lo que permite a arquitectos y dise\u00f1adores lograr su visi\u00f3n con precisi\u00f3n.<\/p>\n<p>El \u00edndice de perforaci\u00f3n de nuestros paneles de fachada oscila entre 15% y 25%, lo que ofrece un excelente equilibrio entre la absorci\u00f3n ac\u00fastica y la est\u00e9tica del dise\u00f1o. Esta gama garantiza que los paneles mantengan su integridad estructural al tiempo que ofrecen un rendimiento ac\u00fastico superior. Las perforaciones cuidadosamente elaboradas contribuyen al coeficiente global de absorci\u00f3n ac\u00fastica, que oscila entre 0,45 y 0,92, minimizando eficazmente el ruido y el eco no deseados en diversos espacios. Las cuidadas perforaciones contribuyen al coeficiente global de absorci\u00f3n ac\u00fastica, que oscila entre 0,45 y 0,92, minimizando eficazmente el ruido y el eco no deseados en diversos espacios.<\/p>\n<p><strong>Versatilidad y aplicaci\u00f3n<\/strong><\/p>\n<p>Los revestimientos de fachada de aluminio de Magic son muy vers\u00e1tiles, por lo que resultan adecuados para una amplia gama de aplicaciones. Ya se trate de un edificio de oficinas, una instituci\u00f3n educativa, un centro sanitario o un local de ocio, nuestros paneles de revestimiento est\u00e1n dise\u00f1ados para mejorar el entorno ac\u00fastico y elevar el dise\u00f1o general. La posibilidad de personalizar los patrones de perforaci\u00f3n e integrar materiales fonoabsorbentes hace que los revestimientos de paredes Magic sean adaptables. El revestimiento de paredes Magic se adapta a diferentes estilos arquitect\u00f3nicos y requisitos funcionales.<\/p>\n<p>La combinaci\u00f3n de perforaciones grandes y peque\u00f1as en nuestro revestimiento de paneles de aluminio permite una absorci\u00f3n equilibrada de diferentes frecuencias sonoras. Las perforaciones grandes son especialmente eficaces para absorber sonidos de baja frecuencia, mientras que las perforaciones m\u00e1s peque\u00f1as destacan en la absorci\u00f3n de sonidos de alta frecuencia. Las perforaciones grandes son particularmente eficaces para absorber sonidos de baja frecuencia, mientras que las perforaciones m\u00e1s peque\u00f1as destacan en la absorci\u00f3n de sonidos de alta frecuencia. Esta capacidad de absorci\u00f3n de doble frecuencia garantiza un entorno ac\u00fastico confortable, independientemente del tipo de ruido presente.<\/p>\n<p><strong>Ventajas medioambientales y pr\u00e1cticas<\/strong><\/p>\n<p>Adem\u00e1s de sus ventajas ac\u00fasticas y est\u00e9ticas, los paneles perforados de Magic ofrecen varias ventajas pr\u00e1cticas. La construcci\u00f3n ligera de los paneles simplifica la instalaci\u00f3n y reduce la carga estructural global del edificio. La construcci\u00f3n ligera de los paneles simplifica la instalaci\u00f3n y reduce la carga estructural global del edificio. Adem\u00e1s, la durabilidad y el bajo mantenimiento de nuestros paneles perforados garantizan un rendimiento duradero, lo que los convierte en una alternativa rentable a los paneles convencionales. Adem\u00e1s, la durabilidad y el bajo mantenimiento de nuestros paneles perforados garantizan un rendimiento duradero, lo que los convierte en una soluci\u00f3n rentable para arquitectos y constructores.<\/p>\n<p>Magic est\u00e1 comprometida con la sostenibilidad, y nuestros paneles perforados est\u00e1n dise\u00f1ados teniendo en cuenta el medio ambiente. Los materiales utilizados en nuestros productos son Los materiales utilizados en nuestros productos se seleccionan cuidadosamente para minimizar el impacto ambiental y maximizar el rendimiento. La misi\u00f3n de Magic es ofrecer soluciones de construcci\u00f3n innovadoras que sean a la vez funcionales y respetuosas con el medio ambiente.<\/p>\n<p><strong>Conclusi\u00f3n<\/strong><\/p>\n<p>Los paneles perforados de revestimiento Magic representan la fusi\u00f3n perfecta de dise\u00f1o, funcionalidad y rendimiento ac\u00fastico. Con su capacidad Con su capacidad para transformar espacios, reducir el ruido y mejorar la est\u00e9tica, estos paneles para paredes exteriores son una opci\u00f3n indispensable para la arquitectura moderna. Nuestra dedicaci\u00f3n a la calidad y la innovaci\u00f3n garantiza que todos los revestimientos de paredes perforadas que producimos cumplen los m\u00e1s altos est\u00e1ndares de excelencia, lo que convierte a Magic en un socio de confianza para la creaci\u00f3n de ambientes interiores excepcionales. Nuestra dedicaci\u00f3n a la calidad y la innovaci\u00f3n garantiza que todos los revestimientos de paredes perforadas que producimos cumplen los m\u00e1s altos est\u00e1ndares de excelencia, lo que convierte a Magic en un socio de confianza para la creaci\u00f3n de entornos interiores excepcionales. Nuestro compromiso con la calidad y la innovaci\u00f3n garantiza que todos los revestimientos de paredes perforadas que producimos cumplen los m\u00e1s altos est\u00e1ndares de excelencia, lo que convierte a Magic en un socio de confianza en la creaci\u00f3n de ambientes interiores excepcionales.<\/p>","protected":false},"excerpt":{"rendered":"<p>atributos del revestimiento de fachada de aluminio perforado.<\/p>\n<table style=\"border-collapse: collapse; width: 444.25pt;\" border=\"0\" width=\"654\" cellspacing=\"0\" cellpadding=\"0\">\n<tbody>\n<tr style=\"height: 12.90pt;\">\n<td class=\"et1\" style=\"height: 12.90pt; width: 124.30pt;\" width=\"182\" height=\"18\">Nombre del producto<\/td>\n<td class=\"et1\" style=\"width: 319.95pt;\" width=\"471\">revestimiento perforado de aluminio<\/td>\n<\/tr>\n<tr style=\"height: 12.90pt;\">\n<td class=\"et1\" style=\"height: 12.90pt;\" height=\"18\">Revestimiento de superficies<\/td>\n<td class=\"et1\">Pintura de poli\u00e9ster de fluorocarbono, pulverizaci\u00f3n de polvo, grano de madera, grano de piedra, etc.<\/td>\n<\/tr>\n<tr style=\"height: 12.90pt;\">\n<td class=\"et1\" style=\"height: 12.90pt;\" height=\"18\">Espesor del producto<\/td>\n<td class=\"et1\">A medida<\/td>\n<\/tr>\n<tr style=\"height: 12.90pt;\">\n<td class=\"et1\" style=\"height: 12.90pt;\" height=\"18\">Proceso del producto<\/td>\n<td class=\"et1\">Punzonado, tallado y ahuecado, arco, forma irregular, etc.<\/td>\n<\/tr>\n<tr style=\"height: 12.90pt;\">\n<td class=\"et1\" style=\"height: 12.90pt;\" height=\"18\">Servicio posventa<\/td>\n<td class=\"et1\">Devoluci\u00f3n y sustituci\u00f3n<\/td>\n<\/tr>\n<tr style=\"height: 12.90pt;\">\n<td class=\"et1\" style=\"height: 12.90pt;\" height=\"18\">Capacidad de soluci\u00f3n de proyectos<\/td>\n<td class=\"et1\">soluci\u00f3n total para proyectos, dise\u00f1o de modelos 3D<span class=\"font2\">(matem\u00e1ticas) g\u00e9nero<\/span><span class=\"font0\">Consolidaci\u00f3n de categor\u00edas cruzadas<\/span><\/td>\n<\/tr>\n<tr style=\"height: 25.80pt;\">\n<td class=\"et1\" style=\"height: 25.80pt;\" height=\"37\">Aplicaci\u00f3n del producto<\/td>\n<td class=\"et2\" style=\"width: 319.95pt;\" width=\"471\">Muro cortina, decoraci\u00f3n interior y exterior, plazas, centros comerciales, hoteles, aeropuertos, gasolineras, aparcamientos, metros, gimnasios, etc.<\/td>\n<\/tr>\n<tr style=\"height: 25.80pt;\">\n<td class=\"et1\" style=\"height: 25.80pt;\" height=\"37\">Ventajas del producto<\/td>\n<td class=\"et2\" style=\"width: 319.95pt;\" width=\"471\">Peso ligero, buena rigidez, alta resistencia, buena resistencia a la intemperie y a la corrosi\u00f3n, respetuoso con el medio ambiente y reciclable.<\/td>\n<\/tr>\n<tr style=\"height: 15.60pt;\">\n<td class=\"et1\" style=\"height: 15.60pt;\" height=\"22\">Funci\u00f3n<\/td>\n<td class=\"et3\">Ign\u00edfugo, aislante t\u00e9rmico, antihumedad, impermeable<\/td>\n<\/tr>\n<tr style=\"height: 12.90pt;\">\n<td class=\"et1\" style=\"height: 12.90pt;\" height=\"18\">Utilizaci\u00f3n<\/td>\n<td class=\"et1\">Decoraci\u00f3n de paredes exteriores de edificios<\/td>\n<\/tr>\n<tr style=\"height: 12.90pt;\">\n<td class=\"et1\" style=\"height: 12.90pt;\" height=\"18\">Dise\u00f1o<\/td>\n<td class=\"et1\">Revestimientos murales de aluminio personalizados<\/td>\n<\/tr>\n<\/tbody>\n<\/table>\n<p>&nbsp;<\/p>","protected":false},"featured_media":708,"comment_status":"open","ping_status":"closed","template":"","meta":{"site-sidebar-layout":"default","site-content-layout":"","ast-site-content-layout":"default","site-content-style":"default","site-sidebar-style":"default","ast-global-header-display":"","ast-banner-title-visibility":"","ast-main-header-display":"","ast-hfb-above-header-display":"","ast-hfb-below-header-display":"","ast-hfb-mobile-header-display":"","site-post-title":"","ast-breadcrumbs-content":"","ast-featured-img":"","footer-sml-layout":"","ast-disable-related-posts":"","theme-transparent-header-meta":"default","adv-header-id-meta":"","stick-header-meta":"","header-above-stick-meta":"","header-main-stick-meta":"","header-below-stick-meta":"","astra-migrate-meta-layouts":"set","ast-page-background-enabled":"default","ast-page-background-meta":{"desktop":{"background-color":"var(--ast-global-color-4)","background-image":"","background-repeat":"repeat","background-position":"center center","background-size":"auto","background-attachment":"scroll","background-type":"","background-media":"","overlay-type":"","overlay-color":"","overlay-opacity":"","overlay-gradient":""},"tablet":{"background-color":"","background-image":"","background-repeat":"repeat","background-position":"center center","background-size":"auto","background-attachment":"scroll","background-type":"","background-media":"","overlay-type":"","overlay-color":"","overlay-opacity":"","overlay-gradient":""},"mobile":{"background-color":"","background-image":"","background-repeat":"repeat","background-position":"center center","background-size":"auto","background-attachment":"scroll","background-type":"","background-media":"","overlay-type":"","overlay-color":"","overlay-opacity":"","overlay-gradient":""}},"ast-content-background-meta":{"desktop":{"background-color":"var(--ast-global-color-5)","background-image":"","background-repeat":"repeat","background-position":"center center","background-size":"auto","background-attachment":"scroll","background-type":"","background-media":"","overlay-type":"","overlay-color":"","overlay-opacity":"","overlay-gradient":""},"tablet":{"background-color":"var(--ast-global-color-5)","background-image":"","background-repeat":"repeat","background-position":"center center","background-size":"auto","background-attachment":"scroll","background-type":"","background-media":"","overlay-type":"","overlay-color":"","overlay-opacity":"","overlay-gradient":""},"mobile":{"background-color":"var(--ast-global-color-5)","background-image":"","background-repeat":"repeat","background-position":"center center","background-size":"auto","background-attachment":"scroll","background-type":"","background-media":"","overlay-type":"","overlay-color":"","overlay-opacity":"","overlay-gradient":""}}},"product_brand":[],"product_cat":[43,47],"product_tag":[],"class_list":{"0":"post-704","1":"product","2":"type-product","3":"status-publish","4":"has-post-thumbnail","6":"product_cat-aluminum-hollow-panel-series","7":"product_cat-aluminum-perforation-panel","8":"desktop-align-center","9":"tablet-align-left","10":"mobile-align-left","12":"first","13":"instock","14":"taxable","15":"shipping-taxable","16":"product-type-simple"},"_links":{"self":[{"href":"https:\/\/magicaluminum.com\/es\/wp-json\/wp\/v2\/product\/704","targetHints":{"allow":["GET"]}}],"collection":[{"href":"https:\/\/magicaluminum.com\/es\/wp-json\/wp\/v2\/product"}],"about":[{"href":"https:\/\/magicaluminum.com\/es\/wp-json\/wp\/v2\/types\/product"}],"replies":[{"embeddable":true,"href":"https:\/\/magicaluminum.com\/es\/wp-json\/wp\/v2\/comments?post=704"}],"wp:featuredmedia":[{"embeddable":true,"href":"https:\/\/magicaluminum.com\/es\/wp-json\/wp\/v2\/media\/708"}],"wp:attachment":[{"href":"https:\/\/magicaluminum.com\/es\/wp-json\/wp\/v2\/media?parent=704"}],"wp:term":[{"taxonomy":"product_brand","embeddable":true,"href":"https:\/\/magicaluminum.com\/es\/wp-json\/wp\/v2\/product_brand?post=704"},{"taxonomy":"product_cat","embeddable":true,"href":"https:\/\/magicaluminum.com\/es\/wp-json\/wp\/v2\/product_cat?post=704"},{"taxonomy":"product_tag","embeddable":true,"href":"https:\/\/magicaluminum.com\/es\/wp-json\/wp\/v2\/product_tag?post=704"}],"curies":[{"name":"wp","href":"https:\/\/api.w.org\/{rel}","templated":true}]}}