{"id":713,"date":"2024-08-02T08:32:20","date_gmt":"2024-08-02T08:32:20","guid":{"rendered":"https:\/\/magicaluminum.com\/?post_type=product&#038;p=713"},"modified":"2024-08-02T09:09:47","modified_gmt":"2024-08-02T09:09:47","slug":"decorative-metal-garden-screen-panels","status":"publish","type":"product","link":"https:\/\/magicaluminum.com\/es\/producto\/paneles-metalicos-decorativos-para-jardin\/","title":{"rendered":"paneles decorativos de aluminio para jard\u00edn"},"content":{"rendered":"<p>Magic se enorgullece de presentar nuestra innovadora l\u00ednea de paneles de pantalla de jard\u00edn que est\u00e1n dise\u00f1ados para mejorar la belleza y la funcionalidad de los espacios al aire libre. Nuestros paneles de pantalla de jard\u00edn de metal y paneles de pantalla de jard\u00edn decorativos son perfectos para transformar jardines ordinarios en extraordinarios retiros al aire libre. Los paneles met\u00e1licos para jard\u00edn y los paneles decorativos para jard\u00edn son perfectos para transformar jardines ordinarios en extraordinarios refugios al aire libre. Con un enfoque en el atractivo est\u00e9tico y la durabilidad, las pantallas de jard\u00edn de Magic son la opci\u00f3n ideal para cualquiera que busque a\u00f1adir un toque de elegancia y privacidad a su jard\u00edn. y privacidad a su jard\u00edn.<\/p>\n<h3>Versatilidad y dise\u00f1o<\/h3>\n<p>Los paneles decorativos para jard\u00edn Magic se fabrican pensando en la versatilidad, ya que se pueden utilizar en una gran variedad de entornos para crear privacidad. Nuestros paneles met\u00e1licos para jard\u00edn est\u00e1n disponibles en una amplia gama de estilos y acabados, por lo que es f\u00e1cil encontrar la combinaci\u00f3n perfecta para cualquier dise\u00f1o de jard\u00edn. Tanto si prefiere el aspecto elegante de los biombos de jard\u00edn de aluminio como la intrincada belleza de los biombos de jard\u00edn met\u00e1licos recortados, Magic tiene algo que se adapta a su gusto. Magic tiene algo que se adapta a sus gustos.<\/p>\n<p>Los biombos de jard\u00edn decorativos de Magic no s\u00f3lo son funcionales, sino que son obras de arte. Nuestros biombos de jard\u00edn cortados con l\u00e1ser presentan intrincados dibujos y dise\u00f1os que pueden transformar un sencillo jard\u00edn en un pintoresco paisaje. Nuestros biombos de jard\u00edn cortados con l\u00e1ser presentan dise\u00f1os intrincados que pueden transformar un jard\u00edn sencillo en un paisaje pintoresco. Estas pantallas ornamentales para jard\u00edn est\u00e1n dise\u00f1adas para llamar la atenci\u00f3n y a\u00f1adir un toque de sofisticaci\u00f3n a cualquier entorno exterior. Tanto si busca pantallas ornamentales para jard\u00edn que complementen un jard\u00edn tradicional como pantallas modernas para instalaciones de jard\u00edn, nuestra gama de productos ofrece una amplia variedad de productos que se adaptan a sus necesidades. Tanto si busca pantallas de jard\u00edn ornamentadas para complementar un jard\u00edn tradicional como pantallas modernas para instalaciones de jard\u00edn, nuestra gama de productos ofrece infinitas posibilidades.<\/p>\n<h3>Durabilidad y calidad<\/h3>\n<p>En Magic, somos conscientes de la importancia de la durabilidad de los productos de exterior. Nuestras pantallas met\u00e1licas decorativas para jard\u00edn est\u00e1n fabricadas con materiales de alta calidad dise\u00f1ados para resistir a la intemperie. Nuestras pantallas met\u00e1licas decorativas para jard\u00edn est\u00e1n fabricadas con materiales de alta calidad dise\u00f1ados para resistir las inclemencias del tiempo. El uso de metales robustos garantiza que nuestras pantallas met\u00e1licas decorativas para jard\u00edn mantengan su belleza e integridad estructural con el paso del tiempo. mantener.<\/p>\n<p>Nuestra tecnolog\u00eda de corte por l\u00e1ser nos permite crear pantallas ornamentales para jard\u00edn que no s\u00f3lo son bellas, sino tambi\u00e9n precisas en su elaboraci\u00f3n. Los paneles met\u00e1licos de las pantallas para jard\u00edn se tratan con revestimientos protectores para evitar la oxidaci\u00f3n y la corrosi\u00f3n, garantizando que sigan siendo un atractivo complemento para su jard\u00edn durante mucho tiempo. Tanto si se enfrenta a una luz solar intensa como a fuertes lluvias, las pantallas met\u00e1licas para jard\u00edn de Magic est\u00e1n fabricadas para resistir e impresionar. e impresionar.<\/p>\n<h3>Funcionalidad y aplicaciones<\/h3>\n<p>Los biombos decorativos Magic cumplen m\u00faltiples funciones, lo que los convierte en un valioso complemento para cualquier espacio exterior. Adem\u00e1s, estas pantallas decorativas pueden actuar como cortavientos, proporcionando refugio contra las fuertes r\u00e1fagas de viento y creando un ambiente m\u00e1s c\u00f3modo para las reuniones al aire libre. Adem\u00e1s, estos biombos decorativos pueden actuar como cortavientos, protegiendo de las fuertes r\u00e1fagas y creando un entorno m\u00e1s c\u00f3modo para las reuniones al aire libre.<\/p>\n<p>La versatilidad de nuestras pantallas decorativas para jard\u00edn tambi\u00e9n se extiende a su uso como elementos art\u00edsticos en el jard\u00edn. Colocando estrat\u00e9gicamente los biombos de jard\u00edn recortados en metal, puede crear impresionantes contrastes visuales y jugar con luces y sombras, a\u00f1adiendo profundidad y car\u00e1cter a su paisaje. Los biombos de jard\u00edn tambi\u00e9n se pueden utilizar para delimitar distintas zonas del jard\u00edn, como separar los comedores de las zonas de descanso, o para crear encantadores caminos y entradas.<\/p>\n<h3>Mejore su jard\u00edn con magia<\/h3>\n<p>Las pantallas met\u00e1licas decorativas para jard\u00edn de Magic est\u00e1n dise\u00f1adas para realzar la belleza natural de su jard\u00edn a la vez que proporcionan soluciones pr\u00e1cticas para la decoraci\u00f3n de jardines. Nuestras opciones de pantallas de jard\u00edn de aluminio ofrecen un toque moderno a los elementos tradicionales de jard\u00edn, permiti\u00e9ndole crear un espacio que es a la vez funcional y est\u00e9ticamente agradable. Nuestros biombos de aluminio para jard\u00edn ofrecen un toque moderno a los elementos tradicionales de jard\u00edn, permiti\u00e9ndole crear un espacio funcional y est\u00e9ticamente agradable.<\/p>\n<p>Tanto si busca crear un santuario de serenidad como un espacio de entretenimiento vibrante, las pantallas decorativas para jard\u00edn de Magic proporcionan el equilibrio perfecto entre forma y funci\u00f3n. Con nuestra amplia gama de estilos y opciones personalizables, puede adaptar sus pantallas de jard\u00edn para reflejar su estilo personal. Con nuestra amplia gama de estilos y opciones personalizables, puede adaptar sus pantallas de jard\u00edn para reflejar su estilo personal y complementar la arquitectura existente de su hogar.<\/p>\n<p>En conclusi\u00f3n, los paneles met\u00e1licos para jard\u00edn y los paneles decorativos para jard\u00edn de Magic son una excelente opci\u00f3n para cualquiera que desee mejorar su espacio exterior con estilo y durabilidad. Nuestros productos est\u00e1n dise\u00f1ados para cumplir con los m\u00e1s altos est\u00e1ndares de calidad e innovaci\u00f3n, asegurando que su jard\u00edn se convierta en un verdadero reflejo de su creatividad y gusto. Nuestros productos est\u00e1n dise\u00f1ados para cumplir con los m\u00e1s altos est\u00e1ndares de calidad e innovaci\u00f3n, asegurando que su jard\u00edn se convierta en un fiel reflejo de su creatividad y gusto. Experimente el poder transformador de los paneles decorativos de jard\u00edn Magic y eleve su jard\u00edn. Experimente el poder transformador de los paneles decorativos Magic y eleve su jard\u00edn a nuevas cotas de belleza y funcionalidad.<\/p>","protected":false},"excerpt":{"rendered":"<p>Magic se enorgullece de estar en [...]<\/p>","protected":false},"featured_media":725,"comment_status":"open","ping_status":"closed","template":"","meta":{"site-sidebar-layout":"default","site-content-layout":"","ast-site-content-layout":"default","site-content-style":"default","site-sidebar-style":"default","ast-global-header-display":"","ast-banner-title-visibility":"","ast-main-header-display":"","ast-hfb-above-header-display":"","ast-hfb-below-header-display":"","ast-hfb-mobile-header-display":"","site-post-title":"","ast-breadcrumbs-content":"","ast-featured-img":"","footer-sml-layout":"","ast-disable-related-posts":"","theme-transparent-header-meta":"default","adv-header-id-meta":"","stick-header-meta":"","header-above-stick-meta":"","header-main-stick-meta":"","header-below-stick-meta":"","astra-migrate-meta-layouts":"set","ast-page-background-enabled":"default","ast-page-background-meta":{"desktop":{"background-color":"var(--ast-global-color-4)","background-image":"","background-repeat":"repeat","background-position":"center center","background-size":"auto","background-attachment":"scroll","background-type":"","background-media":"","overlay-type":"","overlay-color":"","overlay-opacity":"","overlay-gradient":""},"tablet":{"background-color":"","background-image":"","background-repeat":"repeat","background-position":"center center","background-size":"auto","background-attachment":"scroll","background-type":"","background-media":"","overlay-type":"","overlay-color":"","overlay-opacity":"","overlay-gradient":""},"mobile":{"background-color":"","background-image":"","background-repeat":"repeat","background-position":"center center","background-size":"auto","background-attachment":"scroll","background-type":"","background-media":"","overlay-type":"","overlay-color":"","overlay-opacity":"","overlay-gradient":""}},"ast-content-background-meta":{"desktop":{"background-color":"var(--ast-global-color-5)","background-image":"","background-repeat":"repeat","background-position":"center center","background-size":"auto","background-attachment":"scroll","background-type":"","background-media":"","overlay-type":"","overlay-color":"","overlay-opacity":"","overlay-gradient":""},"tablet":{"background-color":"var(--ast-global-color-5)","background-image":"","background-repeat":"repeat","background-position":"center center","background-size":"auto","background-attachment":"scroll","background-type":"","background-media":"","overlay-type":"","overlay-color":"","overlay-opacity":"","overlay-gradient":""},"mobile":{"background-color":"var(--ast-global-color-5)","background-image":"","background-repeat":"repeat","background-position":"center center","background-size":"auto","background-attachment":"scroll","background-type":"","background-media":"","overlay-type":"","overlay-color":"","overlay-opacity":"","overlay-gradient":""}}},"product_brand":[],"product_cat":[50,43],"product_tag":[],"class_list":{"0":"post-713","1":"product","2":"type-product","3":"status-publish","4":"has-post-thumbnail","6":"product_cat-aluminum-decorative-screen","7":"product_cat-aluminum-hollow-panel-series","8":"desktop-align-center","9":"tablet-align-left","10":"mobile-align-left","12":"first","13":"instock","14":"taxable","15":"shipping-taxable","16":"product-type-simple"},"_links":{"self":[{"href":"https:\/\/magicaluminum.com\/es\/wp-json\/wp\/v2\/product\/713","targetHints":{"allow":["GET"]}}],"collection":[{"href":"https:\/\/magicaluminum.com\/es\/wp-json\/wp\/v2\/product"}],"about":[{"href":"https:\/\/magicaluminum.com\/es\/wp-json\/wp\/v2\/types\/product"}],"replies":[{"embeddable":true,"href":"https:\/\/magicaluminum.com\/es\/wp-json\/wp\/v2\/comments?post=713"}],"wp:featuredmedia":[{"embeddable":true,"href":"https:\/\/magicaluminum.com\/es\/wp-json\/wp\/v2\/media\/725"}],"wp:attachment":[{"href":"https:\/\/magicaluminum.com\/es\/wp-json\/wp\/v2\/media?parent=713"}],"wp:term":[{"taxonomy":"product_brand","embeddable":true,"href":"https:\/\/magicaluminum.com\/es\/wp-json\/wp\/v2\/product_brand?post=713"},{"taxonomy":"product_cat","embeddable":true,"href":"https:\/\/magicaluminum.com\/es\/wp-json\/wp\/v2\/product_cat?post=713"},{"taxonomy":"product_tag","embeddable":true,"href":"https:\/\/magicaluminum.com\/es\/wp-json\/wp\/v2\/product_tag?post=713"}],"curies":[{"name":"wp","href":"https:\/\/api.w.org\/{rel}","templated":true}]}}