{"id":728,"date":"2024-08-02T09:22:08","date_gmt":"2024-08-02T09:22:08","guid":{"rendered":"https:\/\/magicaluminum.com\/?post_type=product&#038;p=728"},"modified":"2024-08-03T02:31:41","modified_gmt":"2024-08-03T02:31:41","slug":"decorative-aluminium-garden-screens","status":"publish","type":"product","link":"https:\/\/magicaluminum.com\/es\/producto\/pantallas-decorativas-de-aluminio-para-jardin\/","title":{"rendered":"metal recortado aluminio decorativo jard\u00edn valla pantallas"},"content":{"rendered":"<h2>Transforme su espacio exterior con las pantallas de jard\u00edn de aluminio Magic<\/h2>\n<p>En el mundo actual del dise\u00f1o de exteriores, las pantallas de aluminio para jard\u00edn se han convertido en un elemento b\u00e1sico para crear espacios exteriores bellos y funcionales. <strong>Magia<\/strong> est\u00e1 a la vanguardia de esta tendencia, ofreciendo <strong>pantallas met\u00e1licas decorativas para jard\u00edn<\/strong> Nuestras mosquiteras de aluminio para jard\u00edn est\u00e1n dise\u00f1adas para realzar el atractivo visual de su jard\u00edn y, al mismo tiempo, proporcionar privacidad y seguridad. Nuestras mosquiteras de aluminio para jard\u00edn est\u00e1n dise\u00f1adas para realzar el atractivo visual de su jard\u00edn a la vez que proporcionan privacidad y seguridad.<\/p>\n<h3>Ventajas de las pantallas de aluminio para jard\u00edn<\/h3>\n<p>El aluminio es un material ligero pero duradero, lo que lo convierte en una excelente opci\u00f3n para la decoraci\u00f3n de exteriores. <a href=\"https:\/\/magicaluminum.com\/es\/product-category\/aluminum-hollow-panel-series\/aluminum-decorative-screen\/\"><strong>Magia<\/strong>'s <strong>biombos met\u00e1licos para jard\u00edn<\/strong> <\/a>Las propiedades antioxidantes y resistentes a la corrosi\u00f3n del aluminio garantizan que sus mamparas de jard\u00edn mantendr\u00e1n su belleza y funcionalidad con el paso del tiempo, requiriendo un esfuerzo m\u00ednimo. Las propiedades de resistencia al \u00f3xido y a la corrosi\u00f3n del aluminio garantizan que sus mamparas de jard\u00edn mantendr\u00e1n su belleza y funcionalidad a lo largo del tiempo, requiriendo un m\u00ednimo mantenimiento.<\/p>\n<h4>Dise\u00f1os innovadores y versatilidad<\/h4>\n<p>En <strong>Magia<\/strong>Tanto si prefiere dise\u00f1os geom\u00e9tricos modernos como motivos cl\u00e1sicos, le ofrecemos una amplia gama de exquisitos estampados para satisfacer diferentes gustos y preferencias. nuestro equipo de dise\u00f1o puede crear <strong>vallas decorativas<\/strong> Nuestra avanzada tecnolog\u00eda de corte de metal permite crear patrones intrincados y precisos, convirtiendo cada pantalla en una obra de arte. en una obra de arte.<\/p>\n<p><strong>Biombos met\u00e1licos decorativos para jard\u00edn<\/strong> se pueden utilizar en diversos entornos de jard\u00edn, como vallas, separaciones, muros o enrejados para plantas. con otros elementos del jard\u00edn, nuestras pantallas a\u00f1aden profundidad y sofisticaci\u00f3n al dise\u00f1o de su jard\u00edn.<\/p>\n<h3>Aplicaciones pr\u00e1cticas y ventajas<\/h3>\n<p><strong>Magia<\/strong>Las mamparas de jard\u00edn de aluminio ofrecen una amplia gama de aplicaciones que van m\u00e1s all\u00e1 de su atractivo decorativo.<\/p>\n<ol>\n<li><strong>Protecci\u00f3n de la intimidad<\/strong>Nuestras pantallas pueden bloquear eficazmente las vistas no deseadas, creando un espacio exterior aislado en su patio o jard\u00edn.<\/li>\n<li><strong>Divisi\u00f3n Espacio<\/strong>Utilice biombos para dividir grandes superficies en zonas funcionales, como comedores y zonas de descanso, y mejorar as\u00ed la distribuci\u00f3n y la utilidad del jard\u00edn. del jard\u00edn.<\/li>\n<li><strong>Cortavientos<\/strong>En zonas ventosas, nuestras pantallas pueden proporcionar una barrera para proteger las plantas y crear un entorno exterior m\u00e1s confortable.<\/li>\n<li><strong>Decoraci\u00f3n de fondos<\/strong>Como tel\u00f3n de fondo decorativo, las pantallas de aluminio pueden combinarse con plantas para crear un efecto visual \u00fanico que realce la est\u00e9tica general de su jard\u00edn. .<\/li>\n<\/ol>\n<h3>Sostenibilidad medioambiental<\/h3>\n<p><strong>Magia<\/strong> Nuestras mosquiteras de jard\u00edn de aluminio son reciclables 100%, lo que refleja nuestro compromiso con el medio ambiente. Nuestras pantallas de jard\u00edn de aluminio son reciclables 100%, lo que refleja nuestra dedicaci\u00f3n a reducir el impacto medioambiental al tiempo que garantizamos productos de alta calidad. Al elegir el aluminio como material principal, contribuimos a las pr\u00e1cticas ecol\u00f3gicas sin comprometer la excelencia del producto.<\/p>\n<h3>Satisfacci\u00f3n y servicio al cliente<\/h3>\n<p>La satisfacci\u00f3n del cliente es nuestra m\u00e1xima prioridad. <a href=\"https:\/\/magicaluminum.com\/es\/\"><strong>Magia<\/strong><\/a> ofrece servicios completos de preventa y posventa, que incluyen asesoramiento sobre dise\u00f1o, instalaci\u00f3n y mantenimiento. est\u00e1 aqu\u00ed para ayudarle a seleccionar los productos perfectos para crear su espacio exterior ideal.<\/p>\n<h3>Conclusi\u00f3n<\/h3>\n<p><a href=\"https:\/\/magicaluminum.com\/es\/\"><strong>Magia<\/strong>'s<\/a> Los biombos de aluminio para jard\u00edn son la soluci\u00f3n perfecta para realzar la belleza y funcionalidad de sus espacios exteriores. Nuestros productos aportar\u00e1n un toque de elegancia y sofisticaci\u00f3n a su jard\u00edn, ya se trate de opciones decorativas, de mejora de la intimidad o de divisi\u00f3n de espacios. Elija entre una amplia gama de pantallas de aluminio para jard\u00edn que se adaptan a sus necesidades. <a href=\"https:\/\/magicaluminum.com\/es\/\"><strong>Magia<\/strong><\/a> para elevar su experiencia de vida al aire libre con nuestras impresionantes pantallas de jard\u00edn de aluminio.<\/p>\n<p>Para saber m\u00e1s sobre <a href=\"https:\/\/magicaluminum.com\/es\/product-category\/aluminum-hollow-panel-series\/aluminum-decorative-screen\/\">pantalla decorativa de aluminio<\/a> Para el jard\u00edn, puede seguirnos en <a href=\"https:\/\/www.tiktok.com\/@xenia3808?_t=8ns415qYud9&amp;_r=1\" target=\"_blank\" rel=\"noopener\">Tiktok<\/a> y <a href=\"https:\/\/youtube.com\/@magic-tt3yu?si=VsOTJE8H24qlEHCG\" target=\"_blank\" rel=\"noopener\">YouTube<\/a><\/p>","protected":false},"excerpt":{"rendered":"<p>Transforme su Outdo [...]<\/p>","protected":false},"featured_media":722,"comment_status":"open","ping_status":"closed","template":"","meta":{"site-sidebar-layout":"default","site-content-layout":"","ast-site-content-layout":"default","site-content-style":"default","site-sidebar-style":"default","ast-global-header-display":"","ast-banner-title-visibility":"","ast-main-header-display":"","ast-hfb-above-header-display":"","ast-hfb-below-header-display":"","ast-hfb-mobile-header-display":"","site-post-title":"","ast-breadcrumbs-content":"","ast-featured-img":"","footer-sml-layout":"","theme-transparent-header-meta":"default","adv-header-id-meta":"","stick-header-meta":"","header-above-stick-meta":"","header-main-stick-meta":"","header-below-stick-meta":"","astra-migrate-meta-layouts":"set","ast-page-background-enabled":"default","ast-page-background-meta":{"desktop":{"background-color":"var(--ast-global-color-4)","background-image":"","background-repeat":"repeat","background-position":"center center","background-size":"auto","background-attachment":"scroll","background-type":"","background-media":"","overlay-type":"","overlay-color":"","overlay-opacity":"","overlay-gradient":""},"tablet":{"background-color":"","background-image":"","background-repeat":"repeat","background-position":"center center","background-size":"auto","background-attachment":"scroll","background-type":"","background-media":"","overlay-type":"","overlay-color":"","overlay-opacity":"","overlay-gradient":""},"mobile":{"background-color":"","background-image":"","background-repeat":"repeat","background-position":"center center","background-size":"auto","background-attachment":"scroll","background-type":"","background-media":"","overlay-type":"","overlay-color":"","overlay-opacity":"","overlay-gradient":""}},"ast-content-background-meta":{"desktop":{"background-color":"var(--ast-global-color-5)","background-image":"","background-repeat":"repeat","background-position":"center center","background-size":"auto","background-attachment":"scroll","background-type":"","background-media":"","overlay-type":"","overlay-color":"","overlay-opacity":"","overlay-gradient":""},"tablet":{"background-color":"var(--ast-global-color-5)","background-image":"","background-repeat":"repeat","background-position":"center center","background-size":"auto","background-attachment":"scroll","background-type":"","background-media":"","overlay-type":"","overlay-color":"","overlay-opacity":"","overlay-gradient":""},"mobile":{"background-color":"var(--ast-global-color-5)","background-image":"","background-repeat":"repeat","background-position":"center center","background-size":"auto","background-attachment":"scroll","background-type":"","background-media":"","overlay-type":"","overlay-color":"","overlay-opacity":"","overlay-gradient":""}}},"product_brand":[],"product_cat":[50,43],"product_tag":[],"class_list":{"0":"post-728","1":"product","2":"type-product","3":"status-publish","4":"has-post-thumbnail","6":"product_cat-aluminum-decorative-screen","7":"product_cat-aluminum-hollow-panel-series","8":"desktop-align-center","9":"tablet-align-left","10":"mobile-align-left","12":"first","13":"instock","14":"taxable","15":"shipping-taxable","16":"product-type-simple"},"_links":{"self":[{"href":"https:\/\/magicaluminum.com\/es\/wp-json\/wp\/v2\/product\/728","targetHints":{"allow":["GET"]}}],"collection":[{"href":"https:\/\/magicaluminum.com\/es\/wp-json\/wp\/v2\/product"}],"about":[{"href":"https:\/\/magicaluminum.com\/es\/wp-json\/wp\/v2\/types\/product"}],"replies":[{"embeddable":true,"href":"https:\/\/magicaluminum.com\/es\/wp-json\/wp\/v2\/comments?post=728"}],"wp:featuredmedia":[{"embeddable":true,"href":"https:\/\/magicaluminum.com\/es\/wp-json\/wp\/v2\/media\/722"}],"wp:attachment":[{"href":"https:\/\/magicaluminum.com\/es\/wp-json\/wp\/v2\/media?parent=728"}],"wp:term":[{"taxonomy":"product_brand","embeddable":true,"href":"https:\/\/magicaluminum.com\/es\/wp-json\/wp\/v2\/product_brand?post=728"},{"taxonomy":"product_cat","embeddable":true,"href":"https:\/\/magicaluminum.com\/es\/wp-json\/wp\/v2\/product_cat?post=728"},{"taxonomy":"product_tag","embeddable":true,"href":"https:\/\/magicaluminum.com\/es\/wp-json\/wp\/v2\/product_tag?post=728"}],"curies":[{"name":"wp","href":"https:\/\/api.w.org\/{rel}","templated":true}]}}