{"id":774,"date":"2024-08-03T07:23:20","date_gmt":"2024-08-03T07:23:20","guid":{"rendered":"https:\/\/magicaluminum.com\/?post_type=product&#038;p=774"},"modified":"2024-08-03T08:04:25","modified_gmt":"2024-08-03T08:04:25","slug":"metal-garden-screens-decorative","status":"publish","type":"product","link":"https:\/\/magicaluminum.com\/es\/producto\/pantallas-metalicas-decorativas-de-jardin\/","title":{"rendered":"pantallas de jard\u00edn decorativas de metal cortado con l\u00e1ser"},"content":{"rendered":"<p><a href=\"https:\/\/magicaluminum.com\/es\/\">Materiales m\u00e1gicos de decoraci\u00f3n de aluminio<\/a> puede centrarse en la producci\u00f3n de pantallas de jard\u00edn de metal decorativo de acuerdo a la demanda del cliente para pantallas de jard\u00edn de metal decorativo m\u00e1s de 10 a\u00f1os de experiencia<\/p>\n<p>Como fabricante l\u00edder de biombos de jard\u00edn cortados con l\u00e1ser, Magic se especializa en la creaci\u00f3n de biombos de jard\u00edn decorativos de metal de alta calidad que realzan cualquier jard\u00edn. Nuestra experiencia radica en la elaboraci\u00f3n de dise\u00f1os a medida que combinan el atractivo est\u00e9tico con la funcionalidad, garantizando que nuestros productos no s\u00f3lo embellecen, sino que tambi\u00e9n proporcionan privacidad y seguridad. no s\u00f3lo embellecen, sino que tambi\u00e9n proporcionan privacidad y seguridad.<\/p>\n<p>Nuestras pantallas ornamentales para jard\u00edn est\u00e1n meticulosamente dise\u00f1adas con tecnolog\u00eda avanzada de corte por l\u00e1ser, lo que nos permite producir patrones intrincados que se adaptan a una variedad de estilos y preferencias. Nuestras pantallas ornamentales para jard\u00edn se dise\u00f1an meticulosamente utilizando tecnolog\u00eda avanzada de corte por l\u00e1ser, lo que nos permite producir patrones intrincados que se adaptan a una variedad de estilos y preferencias. <a href=\"https:\/\/magicaluminum.com\/es\/\">Magia<\/a> ofrece una gama de opciones personalizables adaptadas a sus necesidades espec\u00edficas.<\/p>\n<p>En <a href=\"https:\/\/magicaluminum.com\/es\/\">Magia<\/a>Nuestro compromiso con la calidad y la satisfacci\u00f3n del cliente nos convierte en la mejor opci\u00f3n para propietarios de viviendas y paisajistas. Nuestro compromiso con la calidad y la satisfacci\u00f3n del cliente nos convierte en la mejor opci\u00f3n para propietarios de viviendas y paisajistas.<\/p>\n<p>Elija <a href=\"https:\/\/magicaluminum.com\/es\/\">Magia<\/a> para sus necesidades de pantallas de jard\u00edn y transforme su espacio exterior con nuestras soluciones innovadoras y decorativas.<\/p>\n<p><a href=\"https:\/\/magicaluminum.com\/es\/\">Magia<\/a> es un proveedor de soluciones integrales de techos y muros cortina de aluminio, m\u00e1s Techos de aluminio, revestimientos arquitect\u00f3nicos de aluminio, pantallas met\u00e1licas para jardines decorativos, paneles de aluminio para techos de salas de pantallas P\u00f3ngase en contacto con nosotros. o <a href=\"https:\/\/magicaluminum.com\/es\/contacto\/\">Contacto<\/a> en <a href=\"https:\/\/www.tiktok.com\/@xenia3808?_t=8ns415qYud9&amp;_r=1\" target=\"_blank\" rel=\"noopener\">Tiktok<\/a> o <a href=\"https:\/\/youtube.com\/@magic-tt3yu?si=VsOTJE8H24qlEHCG\" target=\"_blank\" rel=\"noopener\">YouTube<\/a> para ver m\u00e1s ejemplos de ingenier\u00eda<\/p>","protected":false},"excerpt":{"rendered":"<p>Decoraci\u00f3n m\u00e1gica de aluminio [...]<\/p>","protected":false},"featured_media":778,"comment_status":"open","ping_status":"closed","template":"","meta":{"site-sidebar-layout":"default","site-content-layout":"","ast-site-content-layout":"default","site-content-style":"default","site-sidebar-style":"default","ast-global-header-display":"","ast-banner-title-visibility":"","ast-main-header-display":"","ast-hfb-above-header-display":"","ast-hfb-below-header-display":"","ast-hfb-mobile-header-display":"","site-post-title":"","ast-breadcrumbs-content":"","ast-featured-img":"","footer-sml-layout":"","theme-transparent-header-meta":"default","adv-header-id-meta":"","stick-header-meta":"","header-above-stick-meta":"","header-main-stick-meta":"","header-below-stick-meta":"","astra-migrate-meta-layouts":"set","ast-page-background-enabled":"default","ast-page-background-meta":{"desktop":{"background-color":"var(--ast-global-color-4)","background-image":"","background-repeat":"repeat","background-position":"center center","background-size":"auto","background-attachment":"scroll","background-type":"","background-media":"","overlay-type":"","overlay-color":"","overlay-opacity":"","overlay-gradient":""},"tablet":{"background-color":"","background-image":"","background-repeat":"repeat","background-position":"center center","background-size":"auto","background-attachment":"scroll","background-type":"","background-media":"","overlay-type":"","overlay-color":"","overlay-opacity":"","overlay-gradient":""},"mobile":{"background-color":"","background-image":"","background-repeat":"repeat","background-position":"center center","background-size":"auto","background-attachment":"scroll","background-type":"","background-media":"","overlay-type":"","overlay-color":"","overlay-opacity":"","overlay-gradient":""}},"ast-content-background-meta":{"desktop":{"background-color":"var(--ast-global-color-5)","background-image":"","background-repeat":"repeat","background-position":"center center","background-size":"auto","background-attachment":"scroll","background-type":"","background-media":"","overlay-type":"","overlay-color":"","overlay-opacity":"","overlay-gradient":""},"tablet":{"background-color":"var(--ast-global-color-5)","background-image":"","background-repeat":"repeat","background-position":"center center","background-size":"auto","background-attachment":"scroll","background-type":"","background-media":"","overlay-type":"","overlay-color":"","overlay-opacity":"","overlay-gradient":""},"mobile":{"background-color":"var(--ast-global-color-5)","background-image":"","background-repeat":"repeat","background-position":"center center","background-size":"auto","background-attachment":"scroll","background-type":"","background-media":"","overlay-type":"","overlay-color":"","overlay-opacity":"","overlay-gradient":""}}},"product_brand":[],"product_cat":[50,43],"product_tag":[],"class_list":{"0":"post-774","1":"product","2":"type-product","3":"status-publish","4":"has-post-thumbnail","6":"product_cat-aluminum-decorative-screen","7":"product_cat-aluminum-hollow-panel-series","8":"desktop-align-center","9":"tablet-align-left","10":"mobile-align-left","12":"first","13":"instock","14":"taxable","15":"shipping-taxable","16":"product-type-simple"},"_links":{"self":[{"href":"https:\/\/magicaluminum.com\/es\/wp-json\/wp\/v2\/product\/774","targetHints":{"allow":["GET"]}}],"collection":[{"href":"https:\/\/magicaluminum.com\/es\/wp-json\/wp\/v2\/product"}],"about":[{"href":"https:\/\/magicaluminum.com\/es\/wp-json\/wp\/v2\/types\/product"}],"replies":[{"embeddable":true,"href":"https:\/\/magicaluminum.com\/es\/wp-json\/wp\/v2\/comments?post=774"}],"wp:featuredmedia":[{"embeddable":true,"href":"https:\/\/magicaluminum.com\/es\/wp-json\/wp\/v2\/media\/778"}],"wp:attachment":[{"href":"https:\/\/magicaluminum.com\/es\/wp-json\/wp\/v2\/media?parent=774"}],"wp:term":[{"taxonomy":"product_brand","embeddable":true,"href":"https:\/\/magicaluminum.com\/es\/wp-json\/wp\/v2\/product_brand?post=774"},{"taxonomy":"product_cat","embeddable":true,"href":"https:\/\/magicaluminum.com\/es\/wp-json\/wp\/v2\/product_cat?post=774"},{"taxonomy":"product_tag","embeddable":true,"href":"https:\/\/magicaluminum.com\/es\/wp-json\/wp\/v2\/product_tag?post=774"}],"curies":[{"name":"wp","href":"https:\/\/api.w.org\/{rel}","templated":true}]}}