{"id":790,"date":"2024-08-06T08:41:16","date_gmt":"2024-08-06T08:41:16","guid":{"rendered":"https:\/\/magicaluminum.com\/?post_type=product&#038;p=790"},"modified":"2024-08-06T08:50:59","modified_gmt":"2024-08-06T08:50:59","slug":"pvdf-coating-aluminium-cladding","status":"publish","type":"product","link":"https:\/\/magicaluminum.com\/es\/producto\/revestimiento-pvdf-revestimiento-de-aluminio\/","title":{"rendered":"chapas de revestimiento de aluminio con revestimiento de pvdf"},"content":{"rendered":"<div class=\"flex-shrink-0 flex flex-col relative items-end\">\n<div>\n<div class=\"pt-0\">\n<div class=\"gizmo-bot-avatar flex h-8 w-8 items-center justify-center overflow-hidden rounded-full\">\n<div class=\"relative p-1 rounded-sm flex items-center justify-center bg-token-main-surface-primary text-token-text-primary h-8 w-8\"><strong>revestimiento de aluminio con recubrimiento de pvdf caracter\u00edsticas del producto:<\/strong><\/div>\n<\/div>\n<\/div>\n<\/div>\n<\/div>\n<div class=\"group\/conversation-turn relative flex w-full min-w-0 flex-col agent-turn\">\n<div class=\"flex-col gap-1 md:gap-3\">\n<div class=\"flex flex-grow flex-col max-w-full\">\n<div class=\"min-h-[20px] text-message flex w-full flex-col items-end gap-2 whitespace-pre-wrap break-words [.text-message+&amp;]:mt-5 overflow-x-auto\" dir=\"auto\" data-message-author-role=\"assistant\" data-message-id=\"110de4a8-b163-44c9-b8f3-78484e63d11d\">\n<div class=\"flex w-full flex-col gap-1 empty:hidden first:pt-[3px]\">\n<div class=\"markdown prose w-full break-words dark:prose-invert light\">\n<p><a href=\"https:\/\/magicaluminum.com\/es\/\">Magia<\/a> El muro cortina de chapa de aluminio est\u00e1 fabricado con aluminio de alta calidad y cuenta con un revestimiento duradero de PVDF que protege contra los rayos UV, las fluctuaciones de temperatura y la erosi\u00f3n atmosf\u00e9rica. Este producto presenta una excelente resistencia a la flexi\u00f3n y al viento, lo que demuestra su adaptabilidad y potencial de desarrollo secundario. El muro cortina de chapa de aluminio de Magic ofrece las siguientes caracter\u00edsticas.<\/p>\n<ul>\n<li><strong>Ligero y muy resistente.<\/strong> A pesar de su ligereza, esta chapa proporciona una impresionante integridad estructural.<\/li>\n<li><strong>Impermeable y resistente a la corrosi\u00f3n.<\/strong> Est\u00e1 dise\u00f1ado para soportar condiciones clim\u00e1ticas adversas, por lo que es ideal para un uso prolongado.<\/li>\n<li><strong>Ign\u00edfugo y anticontaminaci\u00f3n.<\/strong> El muro cortina es resistente al fuego y a la contaminaci\u00f3n, lo que a\u00f1ade una capa extra de seguridad y durabilidad.<\/li>\n<li><strong>Bajo mantenimiento y larga vida \u00fatil.<\/strong> Este producto requiere un mantenimiento m\u00ednimo, lo que reduce los costes generales de mantenimiento.<\/li>\n<li><strong>Opciones de dise\u00f1o vers\u00e1tiles.<\/strong> La chapa de aluminio se puede moldear en diversas curvas y dise\u00f1os, y su superficie se puede pintar en diferentes colores para crear patrones asombrosos. Esto permite libertad creativa, permitiendo a los dise\u00f1adores lograr una amplia gama de efectos est\u00e9ticos. La combinaci\u00f3n con muros cortina de cristal permite una mayor libertad creativa, permitiendo a los dise\u00f1adores conseguir una amplia gama de efectos est\u00e9ticos. La combinaci\u00f3n con muros cortina de cristal realza a\u00fan m\u00e1s la elegancia y sofisticaci\u00f3n del edificio, ofreciendo un aspecto moderno y noble.<\/li>\n<\/ul>\n<p>Con estos atributos. <a href=\"https:\/\/magicaluminum.com\/es\/\">Magia<\/a> El muro cortina de chapa de aluminio no s\u00f3lo mejora el rendimiento funcional de un edificio, sino que tambi\u00e9n eleva su atractivo arquitect\u00f3nico.<\/p>\n<\/div>\n<\/div>\n<\/div>\n<\/div>\n<\/div>\n<\/div>","protected":false},"excerpt":{"rendered":"<p>Revestimiento de aluminio pvdf Adecuado para todo tipo de aeropuertos, gasolineras, aparcamientos, metros, estadios, centros comerciales, edificios de oficinas, oficinas, lugares de ocio. lugares de ocio.<\/p>\n<p>En <a href=\"https:\/\/magicaluminum.com\/es\/\">Magia<\/a>Utilizamos KYNAR500, una resina de fluoruro de polivinilideno, por su excepcional resistencia a la corrosi\u00f3n y a la intemperie. Utilizamos KYNAR500, una resina de fluoruro de polivinilideno, por su excepcional resistencia a la corrosi\u00f3n y a la intemperie. Nuestros revestimientos de fluorocarbono se aplican normalmente en dos, tres o cuatro capas, proporcionando una excelente protecci\u00f3n contra la lluvia \u00e1cida, la niebla salina y diversos contaminantes atmosf\u00e9ricos. Nuestros materiales de revestimiento de fluorocarbono de primera calidad proceden de fabricantes de renombre. Nuestros materiales de revestimiento de fluorocarbono de primera calidad proceden de fabricantes de renombre como PPG, NDT, AKZO y NIPPO. <a href=\"https:\/\/magicaluminum.com\/es\/\"><strong>Magia<\/strong><\/a>Ofrecemos una amplia gama de hermosas opciones de color, permitiendo a nuestros clientes elegir entre las placas de color proporcionadas por el fabricante o suministrar sus propias muestras de color para un acabado personalizado. muestras para un acabado personalizado.<\/p>","protected":false},"featured_media":791,"comment_status":"open","ping_status":"closed","template":"","meta":{"site-sidebar-layout":"default","site-content-layout":"","ast-site-content-layout":"default","site-content-style":"default","site-sidebar-style":"default","ast-global-header-display":"","ast-banner-title-visibility":"","ast-main-header-display":"","ast-hfb-above-header-display":"","ast-hfb-below-header-display":"","ast-hfb-mobile-header-display":"","site-post-title":"","ast-breadcrumbs-content":"","ast-featured-img":"","footer-sml-layout":"","theme-transparent-header-meta":"default","adv-header-id-meta":"","stick-header-meta":"","header-above-stick-meta":"","header-main-stick-meta":"","header-below-stick-meta":"","astra-migrate-meta-layouts":"set","ast-page-background-enabled":"default","ast-page-background-meta":{"desktop":{"background-color":"var(--ast-global-color-4)","background-image":"","background-repeat":"repeat","background-position":"center center","background-size":"auto","background-attachment":"scroll","background-type":"","background-media":"","overlay-type":"","overlay-color":"","overlay-opacity":"","overlay-gradient":""},"tablet":{"background-color":"","background-image":"","background-repeat":"repeat","background-position":"center center","background-size":"auto","background-attachment":"scroll","background-type":"","background-media":"","overlay-type":"","overlay-color":"","overlay-opacity":"","overlay-gradient":""},"mobile":{"background-color":"","background-image":"","background-repeat":"repeat","background-position":"center center","background-size":"auto","background-attachment":"scroll","background-type":"","background-media":"","overlay-type":"","overlay-color":"","overlay-opacity":"","overlay-gradient":""}},"ast-content-background-meta":{"desktop":{"background-color":"var(--ast-global-color-5)","background-image":"","background-repeat":"repeat","background-position":"center center","background-size":"auto","background-attachment":"scroll","background-type":"","background-media":"","overlay-type":"","overlay-color":"","overlay-opacity":"","overlay-gradient":""},"tablet":{"background-color":"var(--ast-global-color-5)","background-image":"","background-repeat":"repeat","background-position":"center center","background-size":"auto","background-attachment":"scroll","background-type":"","background-media":"","overlay-type":"","overlay-color":"","overlay-opacity":"","overlay-gradient":""},"mobile":{"background-color":"var(--ast-global-color-5)","background-image":"","background-repeat":"repeat","background-position":"center center","background-size":"auto","background-attachment":"scroll","background-type":"","background-media":"","overlay-type":"","overlay-color":"","overlay-opacity":"","overlay-gradient":""}}},"product_brand":[],"product_cat":[30,37],"product_tag":[],"class_list":{"0":"post-790","1":"product","2":"type-product","3":"status-publish","4":"has-post-thumbnail","6":"product_cat-aluminum-veneer-series","7":"product_cat-pvdf-aluminum-veneer","8":"desktop-align-center","9":"tablet-align-left","10":"mobile-align-left","12":"first","13":"onbackorder","14":"taxable","15":"shipping-taxable","16":"purchasable","17":"product-type-simple"},"_links":{"self":[{"href":"https:\/\/magicaluminum.com\/es\/wp-json\/wp\/v2\/product\/790","targetHints":{"allow":["GET"]}}],"collection":[{"href":"https:\/\/magicaluminum.com\/es\/wp-json\/wp\/v2\/product"}],"about":[{"href":"https:\/\/magicaluminum.com\/es\/wp-json\/wp\/v2\/types\/product"}],"replies":[{"embeddable":true,"href":"https:\/\/magicaluminum.com\/es\/wp-json\/wp\/v2\/comments?post=790"}],"wp:featuredmedia":[{"embeddable":true,"href":"https:\/\/magicaluminum.com\/es\/wp-json\/wp\/v2\/media\/791"}],"wp:attachment":[{"href":"https:\/\/magicaluminum.com\/es\/wp-json\/wp\/v2\/media?parent=790"}],"wp:term":[{"taxonomy":"product_brand","embeddable":true,"href":"https:\/\/magicaluminum.com\/es\/wp-json\/wp\/v2\/product_brand?post=790"},{"taxonomy":"product_cat","embeddable":true,"href":"https:\/\/magicaluminum.com\/es\/wp-json\/wp\/v2\/product_cat?post=790"},{"taxonomy":"product_tag","embeddable":true,"href":"https:\/\/magicaluminum.com\/es\/wp-json\/wp\/v2\/product_tag?post=790"}],"curies":[{"name":"wp","href":"https:\/\/api.w.org\/{rel}","templated":true}]}}