{"id":1213,"date":"2024-09-04T09:03:57","date_gmt":"2024-09-04T09:03:57","guid":{"rendered":"https:\/\/magicaluminum.com\/?page_id=1213"},"modified":"2024-09-05T02:11:03","modified_gmt":"2024-09-05T02:11:03","slug":"privacy-policy","status":"publish","type":"page","link":"https:\/\/magicaluminum.com\/fr\/politique-de-confidentialite\/","title":{"rendered":"Politique de confidentialit\u00e9"},"content":{"rendered":"<div data-elementor-type=\"wp-page\" data-elementor-id=\"1213\" class=\"elementor elementor-1213\" data-elementor-post-type=\"page\">\n\t\t\t\t<div class=\"elementor-element elementor-element-486007d e-flex e-con-boxed e-con e-parent\" data-id=\"486007d\" data-element_type=\"container\" data-e-type=\"container\">\n\t\t\t\t\t<div class=\"e-con-inner\">\n\t\t\t\t<div class=\"elementor-element elementor-element-37b8bd6 elementor-widget elementor-widget-elementskit-heading\" data-id=\"37b8bd6\" data-element_type=\"widget\" data-e-type=\"widget\" data-widget_type=\"elementskit-heading.default\">\n\t\t\t\t<div class=\"elementor-widget-container\">\n\t\t\t\t\t<div class=\"ekit-wid-con\" ><div class=\"ekit-heading elementskit-section-title-wraper text_left   ekit_heading_tablet-   ekit_heading_mobile-\"><h2 class=\"ekit-heading--title elementskit-section-title\">Politique de confidentialit\u00e9<\/h2><div class=\"ekit_heading_separetor_wraper ekit_heading_elementskit-border-divider\"><div class=\"elementskit-border-divider\"><\/div><\/div><h4 class=\"ekit-heading--subtitle elementskit-section-subtitle  elementskit-style-border\">\n\t\t\t\t\t\tAvis et clause de non-responsabilit\u00e9\n\t\t\t\t\t<\/h4>\t\t\t\t<div class='ekit-heading__description'>\n\t\t\t\t\t<p>R\u00e9ponses \u00e0 vos questions<\/p>\n\t\t\t\t<\/div>\n\t\t\t<\/div><\/div>\t\t\t\t<\/div>\n\t\t\t\t<\/div>\n\t\t\t\t\t<\/div>\n\t\t\t\t<\/div>\n\t\t<div class=\"elementor-element elementor-element-6ef5520 e-flex e-con-boxed e-con e-parent\" data-id=\"6ef5520\" data-element_type=\"container\" data-e-type=\"container\">\n\t\t\t\t\t<div class=\"e-con-inner\">\n\t\t\t\t<div class=\"elementor-element elementor-element-141502e elementor-widget elementor-widget-text-editor\" data-id=\"141502e\" data-element_type=\"widget\" data-e-type=\"widget\" data-widget_type=\"text-editor.default\">\n\t\t\t\t<div class=\"elementor-widget-container\">\n\t\t\t\t\t\t\t\t\t<p>Qu'est-ce qu'une information personnelle et pourquoi la recueillons-nous ?<\/p><p>Les informations personnelles sont des informations ou des opinions qui permettent d'identifier une personne. Les exemples d'informations personnelles que nous collectons sont les suivants : noms, adresses, adresses \u00e9lectroniques, num\u00e9ros de t\u00e9l\u00e9phone et de t\u00e9l\u00e9copie. Exemples d'informations personnelles collect\u00e9es : noms, adresses, adresses \u00e9lectroniques, num\u00e9ros de t\u00e9l\u00e9phone et de t\u00e9l\u00e9copie.<\/p><p>Ces informations personnelles sont obtenues de diff\u00e9rentes mani\u00e8res, notamment\u00a0<strong>[entretiens, correspondance, par t\u00e9l\u00e9phone et t\u00e9l\u00e9copie, par courrier \u00e9lectronique, via notre site web\u00a0<\/strong><span style=\"font-size: 14.4px;\"><b>https:\/\/magicaluminum.com<\/b><\/span><b>Les informations sur l'\u00e9tat de sant\u00e9 de la population, sur votre site web, sur les m\u00e9dias et les publications, sur d'autres sources accessibles au public, sur les cookies - supprimez tout ce qui n'est pas applicable].\u00a0<\/b>Nous ne garantissons pas les liens des sites web ou la politique des tiers autoris\u00e9s.<\/p><p>Nous recueillons vos donn\u00e9es personnelles dans le but premier de vous fournir nos services, de fournir des informations \u00e0 nos clients et de faire du marketing. Nous pouvons \u00e9galement utiliser vos informations personnelles \u00e0 des fins secondaires \u00e9troitement li\u00e9es \u00e0 la finalit\u00e9 premi\u00e8re, dans des circonstances o\u00f9 vous pourriez raisonnablement vous attendre \u00e0 ce qu'elles soient utilis\u00e9es \u00e0 d'autres fins. Nous pouvons \u00e9galement utiliser vos informations personnelles \u00e0 des fins secondaires \u00e9troitement li\u00e9es \u00e0 la finalit\u00e9 premi\u00e8re, dans des circonstances o\u00f9 vous pouvez raisonnablement vous attendre \u00e0 une telle utilisation ou divulgation. Vous pouvez vous d\u00e9sinscrire de nos listes de diffusion\/marketing \u00e0 tout moment en nous contactant par \u00e9crit.<\/p><p>Lorsque nous recueillons des informations personnelles, nous vous expliquons, le cas \u00e9ch\u00e9ant et dans la mesure du possible, pourquoi nous recueillons ces informations et comment nous pr\u00e9voyons de les utiliser. l'utiliser.<\/p><h4>INFORMATIONS SENSIBLES<\/h4><p>Les informations sensibles sont d\u00e9finies dans la loi sur la protection de la vie priv\u00e9e comme des informations ou des opinions sur des sujets tels que l'origine raciale ou ethnique d'un individu, ses opinions politiques, son appartenance \u00e0 une association politique, ses croyances religieuses ou philosophiques, son appartenance \u00e0 un syndicat ou \u00e0 toute autre organisation. Les informations sensibles sont d\u00e9finies dans la loi sur la protection de la vie priv\u00e9e comme des informations ou des opinions sur des sujets tels que l'origine raciale ou ethnique d'un individu, ses opinions politiques, son appartenance \u00e0 une association politique, ses croyances religieuses ou philosophiques, son appartenance \u00e0 un syndicat ou autre. Les informations sensibles sont d\u00e9finies dans la loi sur la protection de la vie priv\u00e9e comme des informations ou des opinions sur des sujets tels que l'origine raciale ou ethnique, les opinions politiques, l'appartenance \u00e0 une association politique, les croyances religieuses ou philosophiques, l'appartenance \u00e0 un syndicat ou \u00e0 un autre organisme professionnel, le casier judiciaire ou les informations relatives \u00e0 la sant\u00e9 d'un individu.<\/p><p>Les informations sensibles ne seront utilis\u00e9es que par nous.<\/p><ul><li>Pour la finalit\u00e9 premi\u00e8re pour laquelle il a \u00e9t\u00e9 obtenu<\/li><li>Pour un objectif secondaire directement li\u00e9 \u00e0 l'objectif principal<\/li><li>avec votre consentement ; ou lorsque la loi l'exige ou l'autorise.<\/li><\/ul><h4>TROISI\u00c8ME PARTIE<\/h4><p>Dans la mesure du possible et du raisonnable, nous ne collecterons vos informations personnelles qu'aupr\u00e8s de vous. Toutefois, dans certaines circonstances, des informations peuvent nous \u00eatre fournies par des tiers. Dans ce cas, nous prendrons des mesures raisonnables pour veiller \u00e0 ce que vous soyez inform\u00e9 des informations qui nous sont fournies par le tiers. Toutefois, dans certaines circonstances, nous pouvons \u00eatre amen\u00e9s \u00e0 recevoir des informations de la part de tiers.<\/p><h4>Divulgation d'informations personnelles<\/h4><p>Vos informations personnelles peuvent \u00eatre divulgu\u00e9es dans un certain nombre de circonstances, notamment les suivantes.<\/p><ul><li>des tiers lorsque vous consentez \u00e0 l'utilisation ou \u00e0 la divulgation ; et<\/li><li>Lorsque la loi l'exige ou l'autorise.<\/li><\/ul><h4>s\u00e9curit\u00e9 des informations personnelles<\/h4><p>Vos informations personnelles sont stock\u00e9es de mani\u00e8re \u00e0 les prot\u00e9ger raisonnablement contre toute utilisation abusive et toute perte, ainsi que contre tout acc\u00e8s, toute modification ou toute divulgation non autoris\u00e9s. La divulgation.<\/p><p>Lorsque vos informations personnelles ne sont plus n\u00e9cessaires aux fins pour lesquelles elles ont \u00e9t\u00e9 obtenues, nous prendrons des mesures raisonnables pour les d\u00e9truire ou les d\u00e9personnaliser de mani\u00e8re permanente. Toutefois, la plupart des informations personnelles sont ou seront stock\u00e9es dans des dossiers clients que nous conserverons pendant au moins 7 ans. Nous nous engageons \u00e0 les conserver pendant au moins sept ans.<\/p><h4>l'acc\u00e8s \u00e0 vos donn\u00e9es personnelles<\/h4><p>Vous pouvez acc\u00e9der aux informations personnelles que nous d\u00e9tenons \u00e0 votre sujet et les mettre \u00e0 jour et\/ou les corriger, sous r\u00e9serve de certaines exceptions. Si vous souhaitez acc\u00e9der \u00e0 vos informations personnelles, veuillez nous contacter par \u00e9crit. Si vous souhaitez acc\u00e9der \u00e0 vos informations personnelles, veuillez nous contacter par \u00e9crit.<\/p><p>Afin de prot\u00e9ger vos informations personnelles, nous pouvons vous demander de vous identifier avant de vous communiquer les informations demand\u00e9es.<\/p><h4>Maintenir la qualit\u00e9 de vos informations personnelles<\/h4><p>Il est important pour nous que vos informations personnelles soient \u00e0 jour. Nous prendrons des mesures raisonnables pour nous assurer que vos informations personnelles sont exactes, compl\u00e8tes et \u00e0 jour. Si vous constatez que les informations dont nous disposons ne sont pas \u00e0 jour ou sont inexactes, veuillez nous en informer d\u00e8s que possible afin que nous puissions les mettre \u00e0 jour. Si vous constatez que les informations dont nous disposons ne sont pas \u00e0 jour ou sont inexactes, veuillez nous en informer d\u00e8s que possible afin que nous puissions mettre \u00e0 jour nos dossiers et nous assurer que nous pouvons continuer \u00e0 vous fournir des services de qualit\u00e9.<\/p><h4>MISES \u00c0 JOUR DE LA POLITIQUE<\/h4><p>Cette politique peut \u00eatre modifi\u00e9e de temps \u00e0 autre et est disponible sur notre site web.<\/p><h4>plaintes et demandes de renseignements concernant la politique priv\u00e9e<\/h4><p>Si vous avez des questions ou des plaintes concernant notre politique de protection de la vie priv\u00e9e, veuillez nous contacter \u00e0 l'adresse suivante<\/p><p><strong>Ecocampor<\/strong><br \/><a href=\"mailto:xenia@oupinaluminum.com\"><b>xenia@oupinaluminum.com<\/b><\/a><\/p>\t\t\t\t\t\t\t\t<\/div>\n\t\t\t\t<\/div>\n\t\t\t\t\t<\/div>\n\t\t\t\t<\/div>\n\t\t<div class=\"elementor-element elementor-element-23da82a e-flex e-con-boxed e-con e-parent\" data-id=\"23da82a\" data-element_type=\"container\" data-e-type=\"container\">\n\t\t\t\t\t<div class=\"e-con-inner\">\n\t\t\t\t<div class=\"elementor-element elementor-element-029f1ed elementor-button-align-stretch elementor-widget elementor-widget-form\" data-id=\"029f1ed\" data-element_type=\"widget\" data-e-type=\"widget\" data-settings=\"{&quot;step_next_label&quot;:&quot;Next&quot;,&quot;step_previous_label&quot;:&quot;Previous&quot;,&quot;button_width&quot;:&quot;100&quot;,&quot;step_type&quot;:&quot;number_text&quot;,&quot;step_icon_shape&quot;:&quot;circle&quot;}\" data-widget_type=\"form.default\">\n\t\t\t\t<div class=\"elementor-widget-container\">\n\t\t\t\t\t\t\t<form class=\"elementor-form\" method=\"post\" name=\"New Form\" aria-label=\"Nouveau formulaire\" action=\"\">\n\t\t\t<input type=\"hidden\" name=\"post_id\" value=\"1213\"\/>\n\t\t\t<input type=\"hidden\" name=\"form_id\" value=\"029f1ed\"\/>\n\t\t\t<input type=\"hidden\" name=\"referer_title\" value=\"Privacy Policy - Mingic Aluminum Cladding Wall\" \/>\n\n\t\t\t\t\t\t\t<input type=\"hidden\" name=\"queried_id\" value=\"1213\"\/>\n\t\t\t\n\t\t\t<div class=\"elementor-form-fields-wrapper elementor-labels-above\">\n\t\t\t\t\t\t\t\t<div class=\"elementor-field-type-text elementor-field-group elementor-column elementor-field-group-name elementor-col-100\">\n\t\t\t\t\t\t\t\t\t\t\t\t<label for=\"form-field-name\" class=\"elementor-field-label\">\n\t\t\t\t\t\t\t\tNom\t\t\t\t\t\t\t<\/label>\n\t\t\t\t\t\t\t\t\t\t\t\t\t\t<input size=\"1\" type=\"text\" name=\"form_fields[name]\" id=\"form-field-name\" class=\"elementor-field elementor-size-sm  elementor-field-textual\" placeholder=\"Nom\">\n\t\t\t\t\t\t\t\t\t\t\t<\/div>\n\t\t\t\t\t\t\t\t<div class=\"elementor-field-type-email elementor-field-group elementor-column elementor-field-group-email elementor-col-100 elementor-field-required\">\n\t\t\t\t\t\t\t\t\t\t\t\t<label for=\"form-field-email\" class=\"elementor-field-label\">\n\t\t\t\t\t\t\t\tCourriel\t\t\t\t\t\t\t<\/label>\n\t\t\t\t\t\t\t\t\t\t\t\t\t\t<input size=\"1\" type=\"email\" name=\"form_fields[email]\" id=\"form-field-email\" class=\"elementor-field elementor-size-sm  elementor-field-textual\" placeholder=\"Courriel\" required=\"required\">\n\t\t\t\t\t\t\t\t\t\t\t<\/div>\n\t\t\t\t\t\t\t\t<div class=\"elementor-field-type-textarea elementor-field-group elementor-column elementor-field-group-message elementor-col-100\">\n\t\t\t\t\t\t\t\t\t\t\t\t<label for=\"form-field-message\" class=\"elementor-field-label\">\n\t\t\t\t\t\t\t\tMessage\t\t\t\t\t\t\t<\/label>\n\t\t\t\t\t\t<textarea class=\"elementor-field-textual elementor-field  elementor-size-sm\" name=\"form_fields[message]\" id=\"form-field-message\" rows=\"4\" placeholder=\"Message\"><\/textarea>\t\t\t\t<\/div>\n\t\t\t\t\t\t\t\t<div class=\"elementor-field-group elementor-column elementor-field-type-submit elementor-col-100 e-form__buttons\">\n\t\t\t\t\t<button class=\"elementor-button elementor-size-sm\" type=\"submit\">\n\t\t\t\t\t\t<span class=\"elementor-button-content-wrapper\">\n\t\t\t\t\t\t\t\t\t\t\t\t\t\t\t\t\t\t\t\t\t\t<span class=\"elementor-button-text\">Envoyer<\/span>\n\t\t\t\t\t\t\t\t\t\t\t\t\t<\/span>\n\t\t\t\t\t<\/button>\n\t\t\t\t<\/div>\n\t\t\t<\/div>\n\t\t<input type=\"hidden\" name=\"trp-form-language\" value=\"fr\"\/><\/form>\n\t\t\t\t\t\t<\/div>\n\t\t\t\t<\/div>\n\t\t\t\t\t<\/div>\n\t\t\t\t<\/div>\n\t\t\t\t<\/div>","protected":false},"excerpt":{"rendered":"<p>Politique de confidentialit\u00e9 Notic [...]<\/p>","protected":false},"author":1,"featured_media":0,"parent":0,"menu_order":0,"comment_status":"closed","ping_status":"closed","template":"","meta":{"site-sidebar-layout":"no-sidebar","site-content-layout":"","ast-site-content-layout":"full-width-container","site-content-style":"default","site-sidebar-style":"default","ast-global-header-display":"","ast-banner-title-visibility":"","ast-main-header-display":"","ast-hfb-above-header-display":"","ast-hfb-below-header-display":"","ast-hfb-mobile-header-display":"","site-post-title":"disabled","ast-breadcrumbs-content":"","ast-featured-img":"disabled","footer-sml-layout":"","ast-disable-related-posts":"","theme-transparent-header-meta":"","adv-header-id-meta":"","stick-header-meta":"","header-above-stick-meta":"","header-main-stick-meta":"","header-below-stick-meta":"","astra-migrate-meta-layouts":"default","ast-page-background-enabled":"default","ast-page-background-meta":{"desktop":{"background-color":"var(--ast-global-color-4)","background-image":"","background-repeat":"repeat","background-position":"center center","background-size":"auto","background-attachment":"scroll","background-type":"","background-media":"","overlay-type":"","overlay-color":"","overlay-opacity":"","overlay-gradient":""},"tablet":{"background-color":"","background-image":"","background-repeat":"repeat","background-position":"center center","background-size":"auto","background-attachment":"scroll","background-type":"","background-media":"","overlay-type":"","overlay-color":"","overlay-opacity":"","overlay-gradient":""},"mobile":{"background-color":"","background-image":"","background-repeat":"repeat","background-position":"center center","background-size":"auto","background-attachment":"scroll","background-type":"","background-media":"","overlay-type":"","overlay-color":"","overlay-opacity":"","overlay-gradient":""}},"ast-content-background-meta":{"desktop":{"background-color":"var(--ast-global-color-5)","background-image":"","background-repeat":"repeat","background-position":"center center","background-size":"auto","background-attachment":"scroll","background-type":"","background-media":"","overlay-type":"","overlay-color":"","overlay-opacity":"","overlay-gradient":""},"tablet":{"background-color":"var(--ast-global-color-5)","background-image":"","background-repeat":"repeat","background-position":"center center","background-size":"auto","background-attachment":"scroll","background-type":"","background-media":"","overlay-type":"","overlay-color":"","overlay-opacity":"","overlay-gradient":""},"mobile":{"background-color":"var(--ast-global-color-5)","background-image":"","background-repeat":"repeat","background-position":"center center","background-size":"auto","background-attachment":"scroll","background-type":"","background-media":"","overlay-type":"","overlay-color":"","overlay-opacity":"","overlay-gradient":""}},"footnotes":""},"class_list":["post-1213","page","type-page","status-publish","hentry"],"_links":{"self":[{"href":"https:\/\/magicaluminum.com\/fr\/wp-json\/wp\/v2\/pages\/1213","targetHints":{"allow":["GET"]}}],"collection":[{"href":"https:\/\/magicaluminum.com\/fr\/wp-json\/wp\/v2\/pages"}],"about":[{"href":"https:\/\/magicaluminum.com\/fr\/wp-json\/wp\/v2\/types\/page"}],"author":[{"embeddable":true,"href":"https:\/\/magicaluminum.com\/fr\/wp-json\/wp\/v2\/users\/1"}],"replies":[{"embeddable":true,"href":"https:\/\/magicaluminum.com\/fr\/wp-json\/wp\/v2\/comments?post=1213"}],"version-history":[{"count":10,"href":"https:\/\/magicaluminum.com\/fr\/wp-json\/wp\/v2\/pages\/1213\/revisions"}],"predecessor-version":[{"id":1227,"href":"https:\/\/magicaluminum.com\/fr\/wp-json\/wp\/v2\/pages\/1213\/revisions\/1227"}],"wp:attachment":[{"href":"https:\/\/magicaluminum.com\/fr\/wp-json\/wp\/v2\/media?parent=1213"}],"curies":[{"name":"wp","href":"https:\/\/api.w.org\/{rel}","templated":true}]}}