{"id":1505,"date":"2024-09-18T06:10:23","date_gmt":"2024-09-18T06:10:23","guid":{"rendered":"https:\/\/magicaluminum.com\/?post_type=product&#038;p=1505"},"modified":"2024-09-18T06:10:23","modified_gmt":"2024-09-18T06:10:23","slug":"wood-grain-aluminum-veneer","status":"publish","type":"product","link":"https:\/\/magicaluminum.com\/fr\/produit\/placage-aluminium-grain-de-bois\/","title":{"rendered":"Placage aluminium grain de bois"},"content":{"rendered":"<p>Les placages en aluminium \u00e0 grain de bois sont des produits qui imitent et surpassent la beaut\u00e9 de la nature. Leurs avantages uniques comprennent des couleurs et des textures de surface riches, ainsi qu'une durabilit\u00e9 exceptionnelle - r\u00e9sistant \u00e0 la d\u00e9coloration, au craqu\u00e8lement et \u00e0 l'\u00e9caillage, m\u00eame apr\u00e8s une exposition prolong\u00e9e au soleil. Leurs avantages uniques sont la richesse des couleurs et des textures de surface, ainsi qu'une durabilit\u00e9 exceptionnelle - r\u00e9sistance \u00e0 la d\u00e9coloration, au craqu\u00e8lement et \u00e0 l'\u00e9caillage, m\u00eame apr\u00e8s une exposition prolong\u00e9e au soleil. La structure mol\u00e9culaire sp\u00e9ciale ne laisse p\u00e9n\u00e9trer qu'un milli\u00e8me des rayons UV, ce qui conf\u00e8re aux panneaux des propri\u00e9t\u00e9s anti-\u00e2ge et de r\u00e9sistance aux intemp\u00e9ries sup\u00e9rieures \u00e0 celles de n'importe quel autre panneau. La structure mol\u00e9culaire sp\u00e9ciale ne laisse p\u00e9n\u00e9trer qu'un milli\u00e8me des rayons UV, ce qui conf\u00e8re aux panneaux des propri\u00e9t\u00e9s antivieillissement et de r\u00e9sistance aux intemp\u00e9ries sup\u00e9rieures \u00e0 celles de tout autre produit rev\u00eatu.<\/p>","protected":false},"excerpt":{"rendered":"<p>Aluminium grain de bois [...]<\/p>","protected":false},"featured_media":1346,"comment_status":"open","ping_status":"closed","template":"","meta":{"site-sidebar-layout":"default","site-content-layout":"","ast-site-content-layout":"default","site-content-style":"default","site-sidebar-style":"default","ast-global-header-display":"","ast-banner-title-visibility":"","ast-main-header-display":"","ast-hfb-above-header-display":"","ast-hfb-below-header-display":"","ast-hfb-mobile-header-display":"","site-post-title":"","ast-breadcrumbs-content":"","ast-featured-img":"","footer-sml-layout":"","ast-disable-related-posts":"","theme-transparent-header-meta":"default","adv-header-id-meta":"","stick-header-meta":"","header-above-stick-meta":"","header-main-stick-meta":"","header-below-stick-meta":"","astra-migrate-meta-layouts":"set","ast-page-background-enabled":"default","ast-page-background-meta":{"desktop":{"background-color":"var(--ast-global-color-4)","background-image":"","background-repeat":"repeat","background-position":"center center","background-size":"auto","background-attachment":"scroll","background-type":"","background-media":"","overlay-type":"","overlay-color":"","overlay-opacity":"","overlay-gradient":""},"tablet":{"background-color":"","background-image":"","background-repeat":"repeat","background-position":"center center","background-size":"auto","background-attachment":"scroll","background-type":"","background-media":"","overlay-type":"","overlay-color":"","overlay-opacity":"","overlay-gradient":""},"mobile":{"background-color":"","background-image":"","background-repeat":"repeat","background-position":"center center","background-size":"auto","background-attachment":"scroll","background-type":"","background-media":"","overlay-type":"","overlay-color":"","overlay-opacity":"","overlay-gradient":""}},"ast-content-background-meta":{"desktop":{"background-color":"var(--ast-global-color-5)","background-image":"","background-repeat":"repeat","background-position":"center center","background-size":"auto","background-attachment":"scroll","background-type":"","background-media":"","overlay-type":"","overlay-color":"","overlay-opacity":"","overlay-gradient":""},"tablet":{"background-color":"var(--ast-global-color-5)","background-image":"","background-repeat":"repeat","background-position":"center center","background-size":"auto","background-attachment":"scroll","background-type":"","background-media":"","overlay-type":"","overlay-color":"","overlay-opacity":"","overlay-gradient":""},"mobile":{"background-color":"var(--ast-global-color-5)","background-image":"","background-repeat":"repeat","background-position":"center center","background-size":"auto","background-attachment":"scroll","background-type":"","background-media":"","overlay-type":"","overlay-color":"","overlay-opacity":"","overlay-gradient":""}}},"product_brand":[],"product_cat":[36],"product_tag":[],"class_list":{"0":"post-1505","1":"product","2":"type-product","3":"status-publish","4":"has-post-thumbnail","6":"product_cat-wood-grain-aluminum-veneer","7":"desktop-align-center","8":"tablet-align-left","9":"mobile-align-left","11":"first","12":"instock","13":"taxable","14":"shipping-taxable","15":"purchasable","16":"product-type-simple"},"_links":{"self":[{"href":"https:\/\/magicaluminum.com\/fr\/wp-json\/wp\/v2\/product\/1505","targetHints":{"allow":["GET"]}}],"collection":[{"href":"https:\/\/magicaluminum.com\/fr\/wp-json\/wp\/v2\/product"}],"about":[{"href":"https:\/\/magicaluminum.com\/fr\/wp-json\/wp\/v2\/types\/product"}],"replies":[{"embeddable":true,"href":"https:\/\/magicaluminum.com\/fr\/wp-json\/wp\/v2\/comments?post=1505"}],"wp:featuredmedia":[{"embeddable":true,"href":"https:\/\/magicaluminum.com\/fr\/wp-json\/wp\/v2\/media\/1346"}],"wp:attachment":[{"href":"https:\/\/magicaluminum.com\/fr\/wp-json\/wp\/v2\/media?parent=1505"}],"wp:term":[{"taxonomy":"product_brand","embeddable":true,"href":"https:\/\/magicaluminum.com\/fr\/wp-json\/wp\/v2\/product_brand?post=1505"},{"taxonomy":"product_cat","embeddable":true,"href":"https:\/\/magicaluminum.com\/fr\/wp-json\/wp\/v2\/product_cat?post=1505"},{"taxonomy":"product_tag","embeddable":true,"href":"https:\/\/magicaluminum.com\/fr\/wp-json\/wp\/v2\/product_tag?post=1505"}],"curies":[{"name":"wp","href":"https:\/\/api.w.org\/{rel}","templated":true}]}}