{"id":1512,"date":"2024-09-19T03:19:00","date_gmt":"2024-09-19T03:19:00","guid":{"rendered":"https:\/\/magicaluminum.com\/?post_type=product&#038;p=1512"},"modified":"2024-09-19T03:19:00","modified_gmt":"2024-09-19T03:19:00","slug":"stone-grain-aluminum-veneer","status":"publish","type":"product","link":"https:\/\/magicaluminum.com\/fr\/produit\/placage-aluminium-grain-de-pierre\/","title":{"rendered":"bardage ext\u00e9rieur aspect pierre bardage aluminium"},"content":{"rendered":"<p>La majorit\u00e9 des propri\u00e9taires et des concepteurs aiment la pierre avec sa texture naturelle, sa texture avanc\u00e9e, mais comme il s'agit d'une ressource non renouvelable, de plus en plus de gens pr\u00eatent attention \u00e0 l'utilisation rationnelle de la pierre, afin de r\u00e9duire la consommation excessive des ressources terrestres. La naissance du placage d'aluminium imitant la pierre permet de compenser les d\u00e9fauts de nombreuses pierres et d'obtenir l'effet d\u00e9coratif. Le placage d'aluminium compense les d\u00e9fauts de nombreuses pierres et peut avoir l'effet d\u00e9coratif de la pierre sans consommer de ressources, ce qui constitue un choix de grande qualit\u00e9 pour l'am\u00e9nagement int\u00e9rieur et ext\u00e9rieur. l'am\u00e9nagement int\u00e9rieur et ext\u00e9rieur<\/p>\n<p>Le processus de fabrication du placage en aluminium \u00e0 grain de pierre comprend principalement le rev\u00eatement, qui se divise en deux proc\u00e9d\u00e9s : le rev\u00eatement au rouleau au fluorocarbone et le rev\u00eatement par pulv\u00e9risation au fluorocarbone. Le processus de traitement de la t\u00f4le avant le rev\u00eatement est fondamentalement similaire et consiste principalement en ce qui suit Le processus de traitement de la t\u00f4le avant le rev\u00eatement est fondamentalement similaire et consiste principalement \u00e0 couper, poin\u00e7onner, plier, courber, souder, meuler, etc. Les panneaux d'aluminium sont transform\u00e9s dans les formes et les dimensions requises pour la construction, puis le processus de rev\u00eatement correspondant est mis en \u0153uvre. Les panneaux d'aluminium sont transform\u00e9s dans les formes et les dimensions requises pour la construction, puis le processus de rev\u00eatement correspondant est mis en \u0153uvre selon le processus.<br \/>\nPanneaux en aluminium de type pierre : 1.5~3.0mm : 130~260 yuan\/\u33a1, traitement de surface : pulv\u00e9risation de texture de pierre.<br \/>\nPanneaux d'aluminium \u00e0 texture de pierre : 1.5~3.0mm : 130~300 yuan\/\u33a1, traitement de surface : fluorocarbone trois couches \u00e0 texture de pierre.<\/p>","protected":false},"excerpt":{"rendered":"<p>Pierre avec t [...]<\/p>","protected":false},"featured_media":1347,"comment_status":"open","ping_status":"closed","template":"","meta":{"site-sidebar-layout":"default","site-content-layout":"","ast-site-content-layout":"default","site-content-style":"default","site-sidebar-style":"default","ast-global-header-display":"","ast-banner-title-visibility":"","ast-main-header-display":"","ast-hfb-above-header-display":"","ast-hfb-below-header-display":"","ast-hfb-mobile-header-display":"","site-post-title":"","ast-breadcrumbs-content":"","ast-featured-img":"","footer-sml-layout":"","theme-transparent-header-meta":"default","adv-header-id-meta":"","stick-header-meta":"","header-above-stick-meta":"","header-main-stick-meta":"","header-below-stick-meta":"","astra-migrate-meta-layouts":"set","ast-page-background-enabled":"default","ast-page-background-meta":{"desktop":{"background-color":"var(--ast-global-color-4)","background-image":"","background-repeat":"repeat","background-position":"center center","background-size":"auto","background-attachment":"scroll","background-type":"","background-media":"","overlay-type":"","overlay-color":"","overlay-opacity":"","overlay-gradient":""},"tablet":{"background-color":"","background-image":"","background-repeat":"repeat","background-position":"center center","background-size":"auto","background-attachment":"scroll","background-type":"","background-media":"","overlay-type":"","overlay-color":"","overlay-opacity":"","overlay-gradient":""},"mobile":{"background-color":"","background-image":"","background-repeat":"repeat","background-position":"center center","background-size":"auto","background-attachment":"scroll","background-type":"","background-media":"","overlay-type":"","overlay-color":"","overlay-opacity":"","overlay-gradient":""}},"ast-content-background-meta":{"desktop":{"background-color":"var(--ast-global-color-5)","background-image":"","background-repeat":"repeat","background-position":"center center","background-size":"auto","background-attachment":"scroll","background-type":"","background-media":"","overlay-type":"","overlay-color":"","overlay-opacity":"","overlay-gradient":""},"tablet":{"background-color":"var(--ast-global-color-5)","background-image":"","background-repeat":"repeat","background-position":"center center","background-size":"auto","background-attachment":"scroll","background-type":"","background-media":"","overlay-type":"","overlay-color":"","overlay-opacity":"","overlay-gradient":""},"mobile":{"background-color":"var(--ast-global-color-5)","background-image":"","background-repeat":"repeat","background-position":"center center","background-size":"auto","background-attachment":"scroll","background-type":"","background-media":"","overlay-type":"","overlay-color":"","overlay-opacity":"","overlay-gradient":""}}},"product_brand":[],"product_cat":[38],"product_tag":[],"class_list":{"0":"post-1512","1":"product","2":"type-product","3":"status-publish","4":"has-post-thumbnail","6":"product_cat-stone-grain-aluminum-veneer","7":"desktop-align-center","8":"tablet-align-left","9":"mobile-align-left","11":"first","12":"instock","13":"taxable","14":"shipping-taxable","15":"product-type-simple"},"_links":{"self":[{"href":"https:\/\/magicaluminum.com\/fr\/wp-json\/wp\/v2\/product\/1512","targetHints":{"allow":["GET"]}}],"collection":[{"href":"https:\/\/magicaluminum.com\/fr\/wp-json\/wp\/v2\/product"}],"about":[{"href":"https:\/\/magicaluminum.com\/fr\/wp-json\/wp\/v2\/types\/product"}],"replies":[{"embeddable":true,"href":"https:\/\/magicaluminum.com\/fr\/wp-json\/wp\/v2\/comments?post=1512"}],"wp:featuredmedia":[{"embeddable":true,"href":"https:\/\/magicaluminum.com\/fr\/wp-json\/wp\/v2\/media\/1347"}],"wp:attachment":[{"href":"https:\/\/magicaluminum.com\/fr\/wp-json\/wp\/v2\/media?parent=1512"}],"wp:term":[{"taxonomy":"product_brand","embeddable":true,"href":"https:\/\/magicaluminum.com\/fr\/wp-json\/wp\/v2\/product_brand?post=1512"},{"taxonomy":"product_cat","embeddable":true,"href":"https:\/\/magicaluminum.com\/fr\/wp-json\/wp\/v2\/product_cat?post=1512"},{"taxonomy":"product_tag","embeddable":true,"href":"https:\/\/magicaluminum.com\/fr\/wp-json\/wp\/v2\/product_tag?post=1512"}],"curies":[{"name":"wp","href":"https:\/\/api.w.org\/{rel}","templated":true}]}}