{"id":1514,"date":"2024-09-19T07:21:27","date_gmt":"2024-09-19T07:21:27","guid":{"rendered":"https:\/\/magicaluminum.com\/?post_type=product&#038;p=1514"},"modified":"2024-09-19T07:21:27","modified_gmt":"2024-09-19T07:21:27","slug":"metal-building-wall-panels","status":"publish","type":"product","link":"https:\/\/magicaluminum.com\/fr\/produit\/panneaux-muraux-pour-batiments-metalliques\/","title":{"rendered":"Panneaux muraux de construction m\u00e9talliques en placage d'aluminium \u00e0 peindre"},"content":{"rendered":"<p><a href=\"https:\/\/magicaluminum.com\/fr\/\">Magie<\/a> Le placage aluminium avec peinture UV 3D offre une solution de d\u00e9coration murale s\u00fbre et respectueuse de l'environnement pour les mat\u00e9riaux de construction. Apr\u00e8s le rev\u00eatement de base, le panneau d'aluminium est termin\u00e9 par un processus d'impression 3D UV automatis\u00e9 pour cr\u00e9er le design souhait\u00e9. Ce processus prot\u00e8ge non seulement l'environnement, mais permet \u00e9galement aux panneaux d'\u00eatre enti\u00e8rement recyclables, ce qui garantit une utilisation efficace des ressources.<\/p>\n<p>\"La r\u00e9duction des \u00e9missions de carbone et l'\u00e9conomie d'\u00e9nergie seront les tendances cl\u00e9s du d\u00e9veloppement futur de l'industrie de la construction. Les panneaux d'aluminium, associ\u00e9s \u00e0 d'autres mat\u00e9riaux respectueux de l'environnement, peuvent am\u00e9liorer consid\u00e9rablement les \u00e9conomies d'\u00e9nergie et les performances environnementales des panneaux d'aluminium fluorocarbon\u00e9s. Les panneaux d'aluminium, lorsqu'ils sont associ\u00e9s \u00e0 d'autres mat\u00e9riaux \u00e9cologiques, peuvent am\u00e9liorer consid\u00e9rablement les \u00e9conomies d'\u00e9nergie et les performances environnementales des panneaux d'aluminium fluorocarbon\u00e9. Par exemple, la fixation de laine de roche \u00e0 l'arri\u00e8re d'un mur-rideau en panneaux d'aluminium fluorocarbon\u00e9 offre une excellente isolation, contribuant ainsi \u00e0 maintenir le contr\u00f4le de la temp\u00e9rature. Par exemple, la fixation de laine de roche \u00e0 l'arri\u00e8re d'un mur-rideau en panneaux d'aluminium fluorocarbon\u00e9 offre une excellente isolation, contribuant \u00e0 maintenir le contr\u00f4le de la temp\u00e9rature. Par exemple, la fixation de laine de roche \u00e0 l'arri\u00e8re d'un mur-rideau en panneaux d'aluminium fluorocarbon\u00e9 fournit une excellente isolation, aidant \u00e0 maintenir le contr\u00f4le de la temp\u00e9rature.<\/p>","protected":false},"excerpt":{"rendered":"<p>Peinture UV 3D magique [...]<\/p>","protected":false},"featured_media":1519,"comment_status":"open","ping_status":"closed","template":"","meta":{"site-sidebar-layout":"default","site-content-layout":"","ast-site-content-layout":"default","site-content-style":"default","site-sidebar-style":"default","ast-global-header-display":"","ast-banner-title-visibility":"","ast-main-header-display":"","ast-hfb-above-header-display":"","ast-hfb-below-header-display":"","ast-hfb-mobile-header-display":"","site-post-title":"","ast-breadcrumbs-content":"","ast-featured-img":"","footer-sml-layout":"","ast-disable-related-posts":"","theme-transparent-header-meta":"default","adv-header-id-meta":"","stick-header-meta":"","header-above-stick-meta":"","header-main-stick-meta":"","header-below-stick-meta":"","astra-migrate-meta-layouts":"set","ast-page-background-enabled":"default","ast-page-background-meta":{"desktop":{"background-color":"var(--ast-global-color-4)","background-image":"","background-repeat":"repeat","background-position":"center center","background-size":"auto","background-attachment":"scroll","background-type":"","background-media":"","overlay-type":"","overlay-color":"","overlay-opacity":"","overlay-gradient":""},"tablet":{"background-color":"","background-image":"","background-repeat":"repeat","background-position":"center center","background-size":"auto","background-attachment":"scroll","background-type":"","background-media":"","overlay-type":"","overlay-color":"","overlay-opacity":"","overlay-gradient":""},"mobile":{"background-color":"","background-image":"","background-repeat":"repeat","background-position":"center center","background-size":"auto","background-attachment":"scroll","background-type":"","background-media":"","overlay-type":"","overlay-color":"","overlay-opacity":"","overlay-gradient":""}},"ast-content-background-meta":{"desktop":{"background-color":"var(--ast-global-color-5)","background-image":"","background-repeat":"repeat","background-position":"center center","background-size":"auto","background-attachment":"scroll","background-type":"","background-media":"","overlay-type":"","overlay-color":"","overlay-opacity":"","overlay-gradient":""},"tablet":{"background-color":"var(--ast-global-color-5)","background-image":"","background-repeat":"repeat","background-position":"center center","background-size":"auto","background-attachment":"scroll","background-type":"","background-media":"","overlay-type":"","overlay-color":"","overlay-opacity":"","overlay-gradient":""},"mobile":{"background-color":"var(--ast-global-color-5)","background-image":"","background-repeat":"repeat","background-position":"center center","background-size":"auto","background-attachment":"scroll","background-type":"","background-media":"","overlay-type":"","overlay-color":"","overlay-opacity":"","overlay-gradient":""}}},"product_brand":[],"product_cat":[41],"product_tag":[85,79],"class_list":{"0":"post-1514","1":"product","2":"type-product","3":"status-publish","4":"has-post-thumbnail","6":"product_cat-painting-aluminum-veneer","7":"product_tag-aluminum-buildings-curtain-wall","8":"product_tag-aluminum-interior-wall-cladding","9":"desktop-align-center","10":"tablet-align-left","11":"mobile-align-left","13":"first","14":"instock","15":"taxable","16":"shipping-taxable","17":"purchasable","18":"product-type-simple"},"_links":{"self":[{"href":"https:\/\/magicaluminum.com\/fr\/wp-json\/wp\/v2\/product\/1514","targetHints":{"allow":["GET"]}}],"collection":[{"href":"https:\/\/magicaluminum.com\/fr\/wp-json\/wp\/v2\/product"}],"about":[{"href":"https:\/\/magicaluminum.com\/fr\/wp-json\/wp\/v2\/types\/product"}],"replies":[{"embeddable":true,"href":"https:\/\/magicaluminum.com\/fr\/wp-json\/wp\/v2\/comments?post=1514"}],"wp:featuredmedia":[{"embeddable":true,"href":"https:\/\/magicaluminum.com\/fr\/wp-json\/wp\/v2\/media\/1519"}],"wp:attachment":[{"href":"https:\/\/magicaluminum.com\/fr\/wp-json\/wp\/v2\/media?parent=1514"}],"wp:term":[{"taxonomy":"product_brand","embeddable":true,"href":"https:\/\/magicaluminum.com\/fr\/wp-json\/wp\/v2\/product_brand?post=1514"},{"taxonomy":"product_cat","embeddable":true,"href":"https:\/\/magicaluminum.com\/fr\/wp-json\/wp\/v2\/product_cat?post=1514"},{"taxonomy":"product_tag","embeddable":true,"href":"https:\/\/magicaluminum.com\/fr\/wp-json\/wp\/v2\/product_tag?post=1514"}],"curies":[{"name":"wp","href":"https:\/\/api.w.org\/{rel}","templated":true}]}}