{"id":704,"date":"2024-07-31T08:51:11","date_gmt":"2024-07-31T08:51:11","guid":{"rendered":"https:\/\/magicaluminum.com\/?post_type=product&#038;p=704"},"modified":"2024-08-02T06:46:01","modified_gmt":"2024-08-02T06:46:01","slug":"perforated-panel-aluminum-facade-cladding","status":"publish","type":"product","link":"https:\/\/magicaluminum.com\/fr\/produit\/panneau-perfore-revetement-de-facade-en-aluminium\/","title":{"rendered":"panneau de fa\u00e7ade en aluminium perfor\u00e9 rev\u00eatement des murs ext\u00e9rieurs"},"content":{"rendered":"<p><strong>Am\u00e9liorer le confort acoustique avec le rev\u00eatement de fa\u00e7ade en aluminium perfor\u00e9 de Magic<\/strong><\/p>\n<p>Les panneaux de fa\u00e7ade en aluminium perfor\u00e9 de Magic sont con\u00e7us pour red\u00e9finir les espaces int\u00e9rieurs en offrant une absorption acoustique exceptionnelle et une grande polyvalence esth\u00e9tique. En tant que leader dans le domaine des solutions innovantes de rev\u00eatement mural, Magic a con\u00e7u ses panneaux de fa\u00e7ade perfor\u00e9s pour r\u00e9pondre aux divers besoins de l'architecture moderne tout en offrant des performances acoustiques sup\u00e9rieures. En tant que leader dans le domaine des solutions innovantes de rev\u00eatement mural, Magic a con\u00e7u son panneau de fa\u00e7ade perfor\u00e9 pour r\u00e9pondre aux divers besoins de l'architecture moderne tout en offrant des performances acoustiques sup\u00e9rieures. Nos produits sont con\u00e7us pour transformer les espaces gr\u00e2ce \u00e0 leur composition unique et \u00e0 leurs avantages pratiques, ce qui en fait un choix id\u00e9al pour tous les environnements.<\/p>\n<p><strong>Performance acoustique in\u00e9gal\u00e9e<\/strong><\/p>\n<p>Les capacit\u00e9s acoustiques des panneaux perfor\u00e9s de Magic sont in\u00e9gal\u00e9es. En disposant strat\u00e9giquement les perforations selon diff\u00e9rents motifs et tailles, nos rev\u00eatements en aluminium r\u00e9duisent efficacement les niveaux de bruit et am\u00e9liorent l'isolation acoustique. Cette innovation en mati\u00e8re de conception permet \u00e0 nos produits de respecter et de d\u00e9passer les normes industrielles en mati\u00e8re d'absorption acoustique aux \u00c9tats-Unis. Le rev\u00eatement en aluminium s'adapte aux besoins sp\u00e9cifiques de l'espace, garantissant ainsi des performances acoustiques optimales.<\/p>\n<p>Pour am\u00e9liorer encore les propri\u00e9t\u00e9s d'absorption acoustique, nos bardages ext\u00e9rieurs perfor\u00e9s int\u00e8grent des mat\u00e9riaux suppl\u00e9mentaires tels que le tissu de laine ou la laine de verre. Ces mat\u00e9riaux renforcent consid\u00e9rablement l'efficacit\u00e9 d'absorption acoustique des panneaux, ce qui les rend particuli\u00e8rement efficaces dans les environnements o\u00f9 la r\u00e9duction du bruit est primordiale. Ces mat\u00e9riaux renforcent consid\u00e9rablement l'efficacit\u00e9 d'absorption acoustique des panneaux, ce qui les rend particuli\u00e8rement efficaces dans les environnements o\u00f9 la r\u00e9duction du bruit est primordiale. Nos panneaux perfor\u00e9s \u04243.0 sont notamment r\u00e9put\u00e9s pour leurs propri\u00e9t\u00e9s exceptionnelles d'absorption acoustique, ce qui en fait un produit de choix pour les entreprises. Nos panneaux perfor\u00e9s \u04243.0 sont r\u00e9put\u00e9s pour leurs remarquables propri\u00e9t\u00e9s d'absorption acoustique, ce qui en fait un choix privil\u00e9gi\u00e9 dans les environnements exigeant des performances acoustiques sup\u00e9rieures.<\/p>\n<p><strong>Options de conception personnalisables<\/strong><\/p>\n<p>Les rev\u00eatements muraux en aluminium perfor\u00e9 de Magic offrent un large \u00e9ventail d'options de conception pour r\u00e9pondre aux pr\u00e9f\u00e9rences esth\u00e9tiques de nos clients. Avec plus de 30 motifs de perforation diff\u00e9rents, les concepteurs peuvent cr\u00e9er un panneau de fa\u00e7ade visuellement frappant qui compl\u00e8te l'ensemble de la conception int\u00e9rieure. Avec plus de 30 motifs de perforation diff\u00e9rents, les concepteurs peuvent cr\u00e9er un panneau de fa\u00e7ade visuellement frappant qui compl\u00e8te l'ensemble de la d\u00e9coration int\u00e9rieure. En outre, nous proposons des services de personnalisation pour r\u00e9pondre \u00e0 des exigences de conception sp\u00e9cifiques, ce qui permet aux architectes et aux concepteurs de concr\u00e9tiser leur vision avec pr\u00e9cision. En outre, nous proposons des services de personnalisation pour r\u00e9pondre \u00e0 des exigences de conception sp\u00e9cifiques, ce qui permet aux architectes et aux concepteurs de concr\u00e9tiser leur vision avec pr\u00e9cision.<\/p>\n<p>Le taux de perforation de nos panneaux de fa\u00e7ade varie de 15% \u00e0 25%, offrant un excellent \u00e9quilibre entre l'absorption acoustique et l'esth\u00e9tique. Cette gamme garantit que les panneaux conservent leur int\u00e9grit\u00e9 structurelle tout en offrant des performances acoustiques sup\u00e9rieures. Les perforations soigneusement r\u00e9alis\u00e9es contribuent au coefficient d'absorption acoustique global, qui varie de 0,45 \u00e0 0,92, ce qui permet de minimiser efficacement les bruits et les \u00e9chos ind\u00e9sirables dans une grande vari\u00e9t\u00e9 d'espaces. Les perforations soigneusement r\u00e9alis\u00e9es contribuent au coefficient d'absorption acoustique global, qui varie de 0,45 \u00e0 0,92, ce qui permet de minimiser efficacement les bruits et les \u00e9chos ind\u00e9sirables dans une grande vari\u00e9t\u00e9 d'espaces.<\/p>\n<p><strong>Polyvalence et application<\/strong><\/p>\n<p>Les rev\u00eatements de fa\u00e7ade en aluminium de Magic sont tr\u00e8s polyvalents et conviennent donc \u00e0 un large \u00e9ventail d'applications. Qu'il s'agisse d'un immeuble de bureaux, d'un \u00e9tablissement d'enseignement, d'un \u00e9tablissement de sant\u00e9 ou d'un lieu de divertissement, nos panneaux de bardage sont con\u00e7us pour am\u00e9liorer l'environnement acoustique et rehausser le design global. La possibilit\u00e9 de personnaliser les motifs de perforation et d'int\u00e9grer des mat\u00e9riaux insonorisants rend les rev\u00eatements muraux de Magic adaptables. La capacit\u00e9 de personnaliser les motifs de perforation et d'int\u00e9grer des mat\u00e9riaux insonorisants rend les panneaux Magic adaptables aux diff\u00e9rents styles architecturaux et exigences fonctionnelles.<\/p>\n<p>La combinaison de grandes et de petites perforations dans nos panneaux d'aluminium permet une absorption \u00e9quilibr\u00e9e des diff\u00e9rentes fr\u00e9quences sonores. Les grandes perforations sont particuli\u00e8rement efficaces pour absorber les sons \u00e0 basse fr\u00e9quence, tandis que les petites perforations excellent dans l'absorption des sons \u00e0 haute fr\u00e9quence. Les grandes perforations sont particuli\u00e8rement efficaces pour absorber les sons de basse fr\u00e9quence, tandis que les petites perforations excellent dans l'absorption des sons de haute fr\u00e9quence. Cette capacit\u00e9 d'absorption \u00e0 double fr\u00e9quence garantit un environnement acoustique confortable, quel que soit le type de bruit pr\u00e9sent.<\/p>\n<p><strong>Avantages environnementaux et pratiques<\/strong><\/p>\n<p>Outre leurs avantages acoustiques et esth\u00e9tiques, les panneaux perfor\u00e9s de Magic offrent plusieurs avantages pratiques. La construction l\u00e9g\u00e8re des panneaux simplifie l'installation et r\u00e9duit la charge structurelle globale du b\u00e2timent. La construction l\u00e9g\u00e8re des panneaux simplifie l'installation et r\u00e9duit la charge structurelle globale du b\u00e2timent. En outre, la durabilit\u00e9 et la faible maintenance de nos panneaux perfor\u00e9s garantissent des performances durables, ce qui en fait une alternative rentable aux panneaux conventionnels. En outre, la durabilit\u00e9 et la faible maintenance de nos panneaux perfor\u00e9s garantissent des performances durables, ce qui en fait une solution rentable pour les architectes et les constructeurs.<\/p>\n<p>Magic s'engage en faveur du d\u00e9veloppement durable et nos panneaux perfor\u00e9s sont con\u00e7us dans le respect de l'environnement. Les mat\u00e9riaux utilis\u00e9s dans nos produits sont soigneusement s\u00e9lectionn\u00e9s pour minimiser l'impact sur l'environnement tout en maximisant les performances. Les mat\u00e9riaux utilis\u00e9s dans nos produits sont soigneusement s\u00e9lectionn\u00e9s pour minimiser l'impact sur l'environnement tout en maximisant les performances. La mission de Magic est de fournir des solutions de construction innovantes qui sont \u00e0 la fois fonctionnelles et respectueuses de l'environnement.<\/p>\n<p><strong>Conclusion<\/strong><\/p>\n<p>Les panneaux de bardage perfor\u00e9s de Magic repr\u00e9sentent la fusion parfaite du design, de la fonctionnalit\u00e9 et de la performance acoustique. Gr\u00e2ce \u00e0 leur capacit\u00e9 \u00e0 transformer les espaces, \u00e0 r\u00e9duire le bruit et \u00e0 am\u00e9liorer l'esth\u00e9tique, ces panneaux muraux ext\u00e9rieurs sont un choix indispensable pour l'architecture moderne. Notre engagement en faveur de la qualit\u00e9 et de l'innovation garantit que chaque rev\u00eatement mural perfor\u00e9 que nous produisons r\u00e9pond aux normes d'excellence les plus \u00e9lev\u00e9es, ce qui fait de Magic un partenaire de confiance dans la cr\u00e9ation d'environnements int\u00e9rieurs exceptionnels. Notre engagement en faveur de la qualit\u00e9 et de l'innovation garantit que chaque rev\u00eatement de paroi perfor\u00e9e que nous produisons r\u00e9pond aux normes d'excellence les plus \u00e9lev\u00e9es, faisant de Magic un partenaire de confiance dans la cr\u00e9ation d'environnements int\u00e9rieurs exceptionnels. Avec les rev\u00eatements perfor\u00e9s, votre espace atteindra de nouveaux sommets en termes de confort acoustique et de sophistication du design.<\/p>","protected":false},"excerpt":{"rendered":"<p>les attributs du rev\u00eatement de fa\u00e7ade en aluminium perfor\u00e9.<\/p>\n<table style=\"border-collapse: collapse; width: 444.25pt;\" border=\"0\" width=\"654\" cellspacing=\"0\" cellpadding=\"0\">\n<tbody>\n<tr style=\"height: 12.90pt;\">\n<td class=\"et1\" style=\"height: 12.90pt; width: 124.30pt;\" width=\"182\" height=\"18\">Nom du produit<\/td>\n<td class=\"et1\" style=\"width: 319.95pt;\" width=\"471\">bardage en aluminium perfor\u00e9<\/td>\n<\/tr>\n<tr style=\"height: 12.90pt;\">\n<td class=\"et1\" style=\"height: 12.90pt;\" height=\"18\">Rev\u00eatement de surface<\/td>\n<td class=\"et1\">Peinture polyester fluorocarbon\u00e9e, pulv\u00e9risation de poudre, grain de bois, grain de pierre, etc.<\/td>\n<\/tr>\n<tr style=\"height: 12.90pt;\">\n<td class=\"et1\" style=\"height: 12.90pt;\" height=\"18\">Epaisseur du produit<\/td>\n<td class=\"et1\">Personnalis\u00e9 selon les besoins<\/td>\n<\/tr>\n<tr style=\"height: 12.90pt;\">\n<td class=\"et1\" style=\"height: 12.90pt;\" height=\"18\">Processus de production<\/td>\n<td class=\"et1\">Poin\u00e7onnage, sculpture et \u00e9vidage, arc, forme irr\u00e9guli\u00e8re, etc.<\/td>\n<\/tr>\n<tr style=\"height: 12.90pt;\">\n<td class=\"et1\" style=\"height: 12.90pt;\" height=\"18\">Service apr\u00e8s-vente<\/td>\n<td class=\"et1\">Retour et remplacement<\/td>\n<\/tr>\n<tr style=\"height: 12.90pt;\">\n<td class=\"et1\" style=\"height: 12.90pt;\" height=\"18\">Capacit\u00e9 de solution de projet<\/td>\n<td class=\"et1\">solution globale pour les projets, conception de mod\u00e8les 3D<span class=\"font2\">(math.) genre<\/span><span class=\"font0\">Consolidation des cat\u00e9gories crois\u00e9es<\/span><\/td>\n<\/tr>\n<tr style=\"height: 25.80pt;\">\n<td class=\"et1\" style=\"height: 25.80pt;\" height=\"37\">Application du produit<\/td>\n<td class=\"et2\" style=\"width: 319.95pt;\" width=\"471\">Mur-rideau, d\u00e9coration int\u00e9rieure et ext\u00e9rieure, place, centre commercial, h\u00f4tel, a\u00e9roport, station-service, parking, m\u00e9tro, gymnase, centre commercial, etc.<\/td>\n<\/tr>\n<tr style=\"height: 25.80pt;\">\n<td class=\"et1\" style=\"height: 25.80pt;\" height=\"37\">Avantages du produit<\/td>\n<td class=\"et2\" style=\"width: 319.95pt;\" width=\"471\">L\u00e9g\u00e8ret\u00e9, bonne rigidit\u00e9, haute r\u00e9sistance, bonne r\u00e9sistance aux intemp\u00e9ries et \u00e0 la corrosion, respectueuse de l'environnement et recyclable.<\/td>\n<\/tr>\n<tr style=\"height: 15.60pt;\">\n<td class=\"et1\" style=\"height: 15.60pt;\" height=\"22\">Fonction<\/td>\n<td class=\"et3\">Ignifuge, isolant thermique, r\u00e9sistant \u00e0 l'humidit\u00e9, imperm\u00e9able \u00e0 l'eau<\/td>\n<\/tr>\n<tr style=\"height: 12.90pt;\">\n<td class=\"et1\" style=\"height: 12.90pt;\" height=\"18\">Utilisation<\/td>\n<td class=\"et1\">D\u00e9coration des murs ext\u00e9rieurs des b\u00e2timents<\/td>\n<\/tr>\n<tr style=\"height: 12.90pt;\">\n<td class=\"et1\" style=\"height: 12.90pt;\" height=\"18\">Conception<\/td>\n<td class=\"et1\">Rev\u00eatement mural en aluminium sur mesure<\/td>\n<\/tr>\n<\/tbody>\n<\/table>\n<p>&nbsp;<\/p>","protected":false},"featured_media":708,"comment_status":"open","ping_status":"closed","template":"","meta":{"site-sidebar-layout":"default","site-content-layout":"","ast-site-content-layout":"default","site-content-style":"default","site-sidebar-style":"default","ast-global-header-display":"","ast-banner-title-visibility":"","ast-main-header-display":"","ast-hfb-above-header-display":"","ast-hfb-below-header-display":"","ast-hfb-mobile-header-display":"","site-post-title":"","ast-breadcrumbs-content":"","ast-featured-img":"","footer-sml-layout":"","theme-transparent-header-meta":"default","adv-header-id-meta":"","stick-header-meta":"","header-above-stick-meta":"","header-main-stick-meta":"","header-below-stick-meta":"","astra-migrate-meta-layouts":"set","ast-page-background-enabled":"default","ast-page-background-meta":{"desktop":{"background-color":"var(--ast-global-color-4)","background-image":"","background-repeat":"repeat","background-position":"center center","background-size":"auto","background-attachment":"scroll","background-type":"","background-media":"","overlay-type":"","overlay-color":"","overlay-opacity":"","overlay-gradient":""},"tablet":{"background-color":"","background-image":"","background-repeat":"repeat","background-position":"center center","background-size":"auto","background-attachment":"scroll","background-type":"","background-media":"","overlay-type":"","overlay-color":"","overlay-opacity":"","overlay-gradient":""},"mobile":{"background-color":"","background-image":"","background-repeat":"repeat","background-position":"center center","background-size":"auto","background-attachment":"scroll","background-type":"","background-media":"","overlay-type":"","overlay-color":"","overlay-opacity":"","overlay-gradient":""}},"ast-content-background-meta":{"desktop":{"background-color":"var(--ast-global-color-5)","background-image":"","background-repeat":"repeat","background-position":"center center","background-size":"auto","background-attachment":"scroll","background-type":"","background-media":"","overlay-type":"","overlay-color":"","overlay-opacity":"","overlay-gradient":""},"tablet":{"background-color":"var(--ast-global-color-5)","background-image":"","background-repeat":"repeat","background-position":"center center","background-size":"auto","background-attachment":"scroll","background-type":"","background-media":"","overlay-type":"","overlay-color":"","overlay-opacity":"","overlay-gradient":""},"mobile":{"background-color":"var(--ast-global-color-5)","background-image":"","background-repeat":"repeat","background-position":"center center","background-size":"auto","background-attachment":"scroll","background-type":"","background-media":"","overlay-type":"","overlay-color":"","overlay-opacity":"","overlay-gradient":""}}},"product_brand":[],"product_cat":[43,47],"product_tag":[],"class_list":{"0":"post-704","1":"product","2":"type-product","3":"status-publish","4":"has-post-thumbnail","6":"product_cat-aluminum-hollow-panel-series","7":"product_cat-aluminum-perforation-panel","8":"desktop-align-center","9":"tablet-align-left","10":"mobile-align-left","12":"first","13":"instock","14":"taxable","15":"shipping-taxable","16":"product-type-simple"},"_links":{"self":[{"href":"https:\/\/magicaluminum.com\/fr\/wp-json\/wp\/v2\/product\/704","targetHints":{"allow":["GET"]}}],"collection":[{"href":"https:\/\/magicaluminum.com\/fr\/wp-json\/wp\/v2\/product"}],"about":[{"href":"https:\/\/magicaluminum.com\/fr\/wp-json\/wp\/v2\/types\/product"}],"replies":[{"embeddable":true,"href":"https:\/\/magicaluminum.com\/fr\/wp-json\/wp\/v2\/comments?post=704"}],"wp:featuredmedia":[{"embeddable":true,"href":"https:\/\/magicaluminum.com\/fr\/wp-json\/wp\/v2\/media\/708"}],"wp:attachment":[{"href":"https:\/\/magicaluminum.com\/fr\/wp-json\/wp\/v2\/media?parent=704"}],"wp:term":[{"taxonomy":"product_brand","embeddable":true,"href":"https:\/\/magicaluminum.com\/fr\/wp-json\/wp\/v2\/product_brand?post=704"},{"taxonomy":"product_cat","embeddable":true,"href":"https:\/\/magicaluminum.com\/fr\/wp-json\/wp\/v2\/product_cat?post=704"},{"taxonomy":"product_tag","embeddable":true,"href":"https:\/\/magicaluminum.com\/fr\/wp-json\/wp\/v2\/product_tag?post=704"}],"curies":[{"name":"wp","href":"https:\/\/api.w.org\/{rel}","templated":true}]}}