{"id":1483,"date":"2024-09-13T10:02:57","date_gmt":"2024-09-13T10:02:57","guid":{"rendered":"https:\/\/magicaluminum.com\/?post_type=product&#038;p=1483"},"modified":"2024-09-14T08:19:34","modified_gmt":"2024-09-14T08:19:34","slug":"anodized-aluminum-panels","status":"publish","type":"product","link":"https:\/\/magicaluminum.com\/fr_fr\/produit\/panneaux-en-aluminium-anodise\/","title":{"rendered":"Panneaux en aluminium anodis\u00e9"},"content":{"rendered":"<p>Les panneaux muraux d\u00e9coratifs en aluminium peuvent \u00eatre divis\u00e9s en placage d'aluminium anodis\u00e9, placage d'aluminium PVDF, panneaux d'aluminium \u00e0 rev\u00eatement en poudre, etc.<\/p>\n<p>Panneaux en aluminium anodis\u00e9 Avantage :<\/p>\n<p><strong>Finition m\u00e9tallique solide.<\/strong> La surface anodis\u00e9e de l'aluminium pr\u00e9sente une duret\u00e9 \u00e9lev\u00e9e, atteignant des niveaux de qualit\u00e9 gemme, et offre une excellente r\u00e9sistance aux rayures. conserve la couleur m\u00e9tallique naturelle de l'aluminium, ce qui renforce l'esth\u00e9tique m\u00e9tallique moderne et augmente la qualit\u00e9 et la valeur du produit.<\/p>\n<p><strong>Haute r\u00e9sistance au feu.<\/strong> Fabriqu\u00e9 en m\u00e9tal pur, sans peinture ni substances chimiques \u00e0 la surface, il r\u00e9siste \u00e0 des temp\u00e9ratures allant jusqu'\u00e0 600\u00b0C sans br\u00fbler ni d\u00e9gager de gaz toxiques Il est donc conforme aux normes de s\u00e9curit\u00e9 incendie et aux normes environnementales.<\/p>\n<p><strong>Fortes propri\u00e9t\u00e9s anti-salissures.<\/strong> Il r\u00e9siste aux empreintes digitales et aux taches, est facile \u00e0 nettoyer et \u00e9vite les taches de corrosion.<\/p>","protected":false},"excerpt":{"rendered":"<p>Aluminium d\u00e9coratif [...]<\/p>","protected":false},"featured_media":1073,"comment_status":"open","ping_status":"closed","template":"","meta":{"site-sidebar-layout":"default","site-content-layout":"","ast-site-content-layout":"default","site-content-style":"default","site-sidebar-style":"default","ast-global-header-display":"","ast-banner-title-visibility":"","ast-main-header-display":"","ast-hfb-above-header-display":"","ast-hfb-below-header-display":"","ast-hfb-mobile-header-display":"","site-post-title":"","ast-breadcrumbs-content":"","ast-featured-img":"","footer-sml-layout":"","ast-disable-related-posts":"","theme-transparent-header-meta":"default","adv-header-id-meta":"","stick-header-meta":"","header-above-stick-meta":"","header-main-stick-meta":"","header-below-stick-meta":"","astra-migrate-meta-layouts":"set","ast-page-background-enabled":"default","ast-page-background-meta":{"desktop":{"background-color":"var(--ast-global-color-4)","background-image":"","background-repeat":"repeat","background-position":"center center","background-size":"auto","background-attachment":"scroll","background-type":"","background-media":"","overlay-type":"","overlay-color":"","overlay-opacity":"","overlay-gradient":""},"tablet":{"background-color":"","background-image":"","background-repeat":"repeat","background-position":"center center","background-size":"auto","background-attachment":"scroll","background-type":"","background-media":"","overlay-type":"","overlay-color":"","overlay-opacity":"","overlay-gradient":""},"mobile":{"background-color":"","background-image":"","background-repeat":"repeat","background-position":"center center","background-size":"auto","background-attachment":"scroll","background-type":"","background-media":"","overlay-type":"","overlay-color":"","overlay-opacity":"","overlay-gradient":""}},"ast-content-background-meta":{"desktop":{"background-color":"var(--ast-global-color-5)","background-image":"","background-repeat":"repeat","background-position":"center center","background-size":"auto","background-attachment":"scroll","background-type":"","background-media":"","overlay-type":"","overlay-color":"","overlay-opacity":"","overlay-gradient":""},"tablet":{"background-color":"var(--ast-global-color-5)","background-image":"","background-repeat":"repeat","background-position":"center center","background-size":"auto","background-attachment":"scroll","background-type":"","background-media":"","overlay-type":"","overlay-color":"","overlay-opacity":"","overlay-gradient":""},"mobile":{"background-color":"var(--ast-global-color-5)","background-image":"","background-repeat":"repeat","background-position":"center center","background-size":"auto","background-attachment":"scroll","background-type":"","background-media":"","overlay-type":"","overlay-color":"","overlay-opacity":"","overlay-gradient":""}}},"product_brand":[],"product_cat":[35],"product_tag":[],"class_list":{"0":"post-1483","1":"product","2":"type-product","3":"status-publish","4":"has-post-thumbnail","6":"product_cat-anodized-aluminum-veneer","7":"desktop-align-center","8":"tablet-align-left","9":"mobile-align-left","11":"first","12":"instock","13":"taxable","14":"shipping-taxable","15":"purchasable","16":"product-type-simple"},"_links":{"self":[{"href":"https:\/\/magicaluminum.com\/fr_fr\/wp-json\/wp\/v2\/product\/1483","targetHints":{"allow":["GET"]}}],"collection":[{"href":"https:\/\/magicaluminum.com\/fr_fr\/wp-json\/wp\/v2\/product"}],"about":[{"href":"https:\/\/magicaluminum.com\/fr_fr\/wp-json\/wp\/v2\/types\/product"}],"replies":[{"embeddable":true,"href":"https:\/\/magicaluminum.com\/fr_fr\/wp-json\/wp\/v2\/comments?post=1483"}],"wp:featuredmedia":[{"embeddable":true,"href":"https:\/\/magicaluminum.com\/fr_fr\/wp-json\/wp\/v2\/media\/1073"}],"wp:attachment":[{"href":"https:\/\/magicaluminum.com\/fr_fr\/wp-json\/wp\/v2\/media?parent=1483"}],"wp:term":[{"taxonomy":"product_brand","embeddable":true,"href":"https:\/\/magicaluminum.com\/fr_fr\/wp-json\/wp\/v2\/product_brand?post=1483"},{"taxonomy":"product_cat","embeddable":true,"href":"https:\/\/magicaluminum.com\/fr_fr\/wp-json\/wp\/v2\/product_cat?post=1483"},{"taxonomy":"product_tag","embeddable":true,"href":"https:\/\/magicaluminum.com\/fr_fr\/wp-json\/wp\/v2\/product_tag?post=1483"}],"curies":[{"name":"wp","href":"https:\/\/api.w.org\/{rel}","templated":true}]}}