{"id":1502,"date":"2024-09-14T09:19:30","date_gmt":"2024-09-14T09:19:30","guid":{"rendered":"https:\/\/magicaluminum.com\/?post_type=product&#038;p=1502"},"modified":"2024-09-14T09:19:30","modified_gmt":"2024-09-14T09:19:30","slug":"aluminum-mesh-panels","status":"publish","type":"product","link":"https:\/\/magicaluminum.com\/fr_fr\/produit\/panneaux-en-maille-daluminium\/","title":{"rendered":"Panneaux grillag\u00e9s en aluminium"},"content":{"rendered":"<p><a href=\"https:\/\/magicaluminum.com\/fr_fr\/product-category\/aluminum-hollow-panel-series\/aluminum-mesh-veneer\/\">Panneaux en maille d'aluminium<\/a> Lorsqu'il est utilis\u00e9 pour les murs-rideaux ext\u00e9rieurs dans la d\u00e9coration architecturale, la solidit\u00e9 de son mat\u00e9riau m\u00e9tallique lui permet de r\u00e9sister facilement \u00e0 des conditions m\u00e9t\u00e9orologiques difficiles telles que les temp\u00eates, tout en lui permettant d'\u00eatre utilis\u00e9 comme une couverture protectrice pour l'ext\u00e9rieur du b\u00e2timent. Lorsqu'il est utilis\u00e9 pour les murs-rideaux int\u00e9rieurs dans la d\u00e9coration architecturale, la solidit\u00e9 de son mat\u00e9riau m\u00e9tallique lui permet de r\u00e9sister facilement \u00e0 des conditions climatiques difficiles telles que les temp\u00eates, tout en lui permettant d'\u00eatre utilis\u00e9 comme couverture de protection pour l'ext\u00e9rieur du b\u00e2timent. Lorsqu'il est utilis\u00e9 pour les murs-rideaux int\u00e9rieurs dans la d\u00e9coration architecturale, la solidit\u00e9 de son mat\u00e9riau m\u00e9tallique lui permet de r\u00e9sister facilement aux conditions climatiques difficiles telles que les temp\u00eates, tout en \u00e9tant facile \u00e0 entretenir. D'un point de vue esth\u00e9tique, la maille ressemble \u00e0 un tissu, ce qui offre un plaisir visuel. Lorsqu'il est utilis\u00e9 pour les plafonds int\u00e9rieurs ou les cloisons, sa transparence et son \u00e9clat uniques ajoutent une couche suppl\u00e9mentaire de plaisir esth\u00e9tique \u00e0 l'espace.<\/p>\n<p>L'ouverture de la maille d'aluminium est divis\u00e9e en : 0,5x1mm, 1x2mm, 1,25\u00d72,5mm, 1,5\u00d72,5mm, 1,6\u00d73,2mm, 2x3mm, 3x4mm, 3*5mm, 3*6mm, 4*8mm, 5*10mm, 6*12mm, 8*16mm, 10*20mm, 12*25mm, 15*30mm 20x40mm 25x50mm 30x60mm 40x80mm 50x100mm et ainsi de suite. 8*16mm, 10*20mm, 12*25mm, 15*30mm 20x40mm 25x50mm 30x60mm 40x80mm 50x100mm et ainsi de suite.<\/p>\n<p>&nbsp;<\/p>","protected":false},"excerpt":{"rendered":"<p>Panneaux en maille d'aluminium [...]<\/p>","protected":false},"featured_media":1499,"comment_status":"open","ping_status":"closed","template":"","meta":{"site-sidebar-layout":"default","site-content-layout":"","ast-site-content-layout":"default","site-content-style":"default","site-sidebar-style":"default","ast-global-header-display":"","ast-banner-title-visibility":"","ast-main-header-display":"","ast-hfb-above-header-display":"","ast-hfb-below-header-display":"","ast-hfb-mobile-header-display":"","site-post-title":"","ast-breadcrumbs-content":"","ast-featured-img":"","footer-sml-layout":"","ast-disable-related-posts":"","theme-transparent-header-meta":"default","adv-header-id-meta":"","stick-header-meta":"","header-above-stick-meta":"","header-main-stick-meta":"","header-below-stick-meta":"","astra-migrate-meta-layouts":"set","ast-page-background-enabled":"default","ast-page-background-meta":{"desktop":{"background-color":"var(--ast-global-color-4)","background-image":"","background-repeat":"repeat","background-position":"center center","background-size":"auto","background-attachment":"scroll","background-type":"","background-media":"","overlay-type":"","overlay-color":"","overlay-opacity":"","overlay-gradient":""},"tablet":{"background-color":"","background-image":"","background-repeat":"repeat","background-position":"center center","background-size":"auto","background-attachment":"scroll","background-type":"","background-media":"","overlay-type":"","overlay-color":"","overlay-opacity":"","overlay-gradient":""},"mobile":{"background-color":"","background-image":"","background-repeat":"repeat","background-position":"center center","background-size":"auto","background-attachment":"scroll","background-type":"","background-media":"","overlay-type":"","overlay-color":"","overlay-opacity":"","overlay-gradient":""}},"ast-content-background-meta":{"desktop":{"background-color":"var(--ast-global-color-5)","background-image":"","background-repeat":"repeat","background-position":"center center","background-size":"auto","background-attachment":"scroll","background-type":"","background-media":"","overlay-type":"","overlay-color":"","overlay-opacity":"","overlay-gradient":""},"tablet":{"background-color":"var(--ast-global-color-5)","background-image":"","background-repeat":"repeat","background-position":"center center","background-size":"auto","background-attachment":"scroll","background-type":"","background-media":"","overlay-type":"","overlay-color":"","overlay-opacity":"","overlay-gradient":""},"mobile":{"background-color":"var(--ast-global-color-5)","background-image":"","background-repeat":"repeat","background-position":"center center","background-size":"auto","background-attachment":"scroll","background-type":"","background-media":"","overlay-type":"","overlay-color":"","overlay-opacity":"","overlay-gradient":""}}},"product_brand":[],"product_cat":[95],"product_tag":[85],"class_list":{"0":"post-1502","1":"product","2":"type-product","3":"status-publish","4":"has-post-thumbnail","6":"product_cat-aluminum-mesh-veneer","7":"product_tag-aluminum-buildings-curtain-wall","8":"desktop-align-center","9":"tablet-align-left","10":"mobile-align-left","12":"first","13":"instock","14":"sale","15":"taxable","16":"shipping-taxable","17":"purchasable","18":"product-type-simple"},"_links":{"self":[{"href":"https:\/\/magicaluminum.com\/fr_fr\/wp-json\/wp\/v2\/product\/1502","targetHints":{"allow":["GET"]}}],"collection":[{"href":"https:\/\/magicaluminum.com\/fr_fr\/wp-json\/wp\/v2\/product"}],"about":[{"href":"https:\/\/magicaluminum.com\/fr_fr\/wp-json\/wp\/v2\/types\/product"}],"replies":[{"embeddable":true,"href":"https:\/\/magicaluminum.com\/fr_fr\/wp-json\/wp\/v2\/comments?post=1502"}],"wp:featuredmedia":[{"embeddable":true,"href":"https:\/\/magicaluminum.com\/fr_fr\/wp-json\/wp\/v2\/media\/1499"}],"wp:attachment":[{"href":"https:\/\/magicaluminum.com\/fr_fr\/wp-json\/wp\/v2\/media?parent=1502"}],"wp:term":[{"taxonomy":"product_brand","embeddable":true,"href":"https:\/\/magicaluminum.com\/fr_fr\/wp-json\/wp\/v2\/product_brand?post=1502"},{"taxonomy":"product_cat","embeddable":true,"href":"https:\/\/magicaluminum.com\/fr_fr\/wp-json\/wp\/v2\/product_cat?post=1502"},{"taxonomy":"product_tag","embeddable":true,"href":"https:\/\/magicaluminum.com\/fr_fr\/wp-json\/wp\/v2\/product_tag?post=1502"}],"curies":[{"name":"wp","href":"https:\/\/api.w.org\/{rel}","templated":true}]}}