{"id":1504,"date":"2024-09-14T10:01:00","date_gmt":"2024-09-14T10:01:00","guid":{"rendered":"https:\/\/magicaluminum.com\/?post_type=product&#038;p=1504"},"modified":"2024-09-14T10:01:01","modified_gmt":"2024-09-14T10:01:01","slug":"hyperbolic-aluminum-veneer","status":"publish","type":"product","link":"https:\/\/magicaluminum.com\/fr_fr\/produit\/placage-aluminium-hyperbolique\/","title":{"rendered":"Placage aluminium hyperbolique"},"content":{"rendered":"<p>Le mur-rideau hyperbolique en aluminium offre un impact visuel exceptionnel, avec l'avantage suppl\u00e9mentaire d'excellentes propri\u00e9t\u00e9s d'\u00e9tanch\u00e9it\u00e9. Fabriqu\u00e9s \u00e0 partir d'un alliage d'aluminium de haute qualit\u00e9 gr\u00e2ce \u00e0 une fabrication pr\u00e9cise, les panneaux hyperboliques en aluminium ont une longue dur\u00e9e de vie, ce qui permet de r\u00e9duire les co\u00fbts au fil du temps. Fabriqu\u00e9s \u00e0 partir d'un alliage d'aluminium de haute qualit\u00e9 gr\u00e2ce \u00e0 une fabrication pr\u00e9cise, les panneaux hyperboliques en aluminium ont une longue dur\u00e9e de vie, ce qui permet de r\u00e9duire les co\u00fbts au fil du temps. Ces panneaux peuvent prendre diff\u00e9rentes formes et \u00eatre rev\u00eatus de diff\u00e9rentes couleurs afin de cr\u00e9er des styles architecturaux uniques. Ces panneaux peuvent prendre diff\u00e9rentes formes et \u00eatre rev\u00eatus de diff\u00e9rentes couleurs pour cr\u00e9er des styles architecturaux uniques, r\u00e9pondant ainsi aux diverses exigences des diff\u00e9rents projets de construction. diff\u00e9rents projets de construction.<\/p>","protected":false},"excerpt":{"rendered":"<p>Aluminium hyperbolique [...]<\/p>","protected":false},"featured_media":1350,"comment_status":"open","ping_status":"closed","template":"","meta":{"site-sidebar-layout":"default","site-content-layout":"","ast-site-content-layout":"default","site-content-style":"default","site-sidebar-style":"default","ast-global-header-display":"","ast-banner-title-visibility":"","ast-main-header-display":"","ast-hfb-above-header-display":"","ast-hfb-below-header-display":"","ast-hfb-mobile-header-display":"","site-post-title":"","ast-breadcrumbs-content":"","ast-featured-img":"","footer-sml-layout":"","ast-disable-related-posts":"","theme-transparent-header-meta":"default","adv-header-id-meta":"","stick-header-meta":"","header-above-stick-meta":"","header-main-stick-meta":"","header-below-stick-meta":"","astra-migrate-meta-layouts":"set","ast-page-background-enabled":"default","ast-page-background-meta":{"desktop":{"background-color":"var(--ast-global-color-4)","background-image":"","background-repeat":"repeat","background-position":"center center","background-size":"auto","background-attachment":"scroll","background-type":"","background-media":"","overlay-type":"","overlay-color":"","overlay-opacity":"","overlay-gradient":""},"tablet":{"background-color":"","background-image":"","background-repeat":"repeat","background-position":"center center","background-size":"auto","background-attachment":"scroll","background-type":"","background-media":"","overlay-type":"","overlay-color":"","overlay-opacity":"","overlay-gradient":""},"mobile":{"background-color":"","background-image":"","background-repeat":"repeat","background-position":"center center","background-size":"auto","background-attachment":"scroll","background-type":"","background-media":"","overlay-type":"","overlay-color":"","overlay-opacity":"","overlay-gradient":""}},"ast-content-background-meta":{"desktop":{"background-color":"var(--ast-global-color-5)","background-image":"","background-repeat":"repeat","background-position":"center center","background-size":"auto","background-attachment":"scroll","background-type":"","background-media":"","overlay-type":"","overlay-color":"","overlay-opacity":"","overlay-gradient":""},"tablet":{"background-color":"var(--ast-global-color-5)","background-image":"","background-repeat":"repeat","background-position":"center center","background-size":"auto","background-attachment":"scroll","background-type":"","background-media":"","overlay-type":"","overlay-color":"","overlay-opacity":"","overlay-gradient":""},"mobile":{"background-color":"var(--ast-global-color-5)","background-image":"","background-repeat":"repeat","background-position":"center center","background-size":"auto","background-attachment":"scroll","background-type":"","background-media":"","overlay-type":"","overlay-color":"","overlay-opacity":"","overlay-gradient":""}}},"product_brand":[],"product_cat":[51],"product_tag":[],"class_list":{"0":"post-1504","1":"product","2":"type-product","3":"status-publish","4":"has-post-thumbnail","6":"product_cat-aluminum-baffle-ceiling-series","7":"desktop-align-center","8":"tablet-align-left","9":"mobile-align-left","11":"first","12":"instock","13":"taxable","14":"shipping-taxable","15":"purchasable","16":"product-type-simple"},"_links":{"self":[{"href":"https:\/\/magicaluminum.com\/fr_fr\/wp-json\/wp\/v2\/product\/1504","targetHints":{"allow":["GET"]}}],"collection":[{"href":"https:\/\/magicaluminum.com\/fr_fr\/wp-json\/wp\/v2\/product"}],"about":[{"href":"https:\/\/magicaluminum.com\/fr_fr\/wp-json\/wp\/v2\/types\/product"}],"replies":[{"embeddable":true,"href":"https:\/\/magicaluminum.com\/fr_fr\/wp-json\/wp\/v2\/comments?post=1504"}],"wp:featuredmedia":[{"embeddable":true,"href":"https:\/\/magicaluminum.com\/fr_fr\/wp-json\/wp\/v2\/media\/1350"}],"wp:attachment":[{"href":"https:\/\/magicaluminum.com\/fr_fr\/wp-json\/wp\/v2\/media?parent=1504"}],"wp:term":[{"taxonomy":"product_brand","embeddable":true,"href":"https:\/\/magicaluminum.com\/fr_fr\/wp-json\/wp\/v2\/product_brand?post=1504"},{"taxonomy":"product_cat","embeddable":true,"href":"https:\/\/magicaluminum.com\/fr_fr\/wp-json\/wp\/v2\/product_cat?post=1504"},{"taxonomy":"product_tag","embeddable":true,"href":"https:\/\/magicaluminum.com\/fr_fr\/wp-json\/wp\/v2\/product_tag?post=1504"}],"curies":[{"name":"wp","href":"https:\/\/api.w.org\/{rel}","templated":true}]}}