{"id":1877,"date":"2024-10-23T09:34:40","date_gmt":"2024-10-23T09:34:40","guid":{"rendered":"https:\/\/magicaluminum.com\/?post_type=product&#038;p=1877"},"modified":"2024-11-09T09:30:06","modified_gmt":"2024-11-09T09:30:06","slug":"prefab-custom-eco-capsule-house-e5","status":"publish","type":"product","link":"https:\/\/magicaluminum.com\/fr_fr\/produit\/maison-prefabriquee-eco-capsule-personnalisee-e5\/","title":{"rendered":"Mingic prefab custom eco capsule house mobile cabin house, a smart portable capsule home"},"content":{"rendered":"<p>Le E5 est une capsule spatiale tr\u00e8s populaire qui peut r\u00e9pondre \u00e0 vos besoins en mati\u00e8re de maison \u00e9cologique pr\u00e9fabriqu\u00e9e et personnalis\u00e9e. Le E5 est dot\u00e9 d'un syst\u00e8me de maison intelligente, d'un am\u00e9nagement int\u00e9rieur qui suit la conception classique d'un lit king-size d'h\u00f4tel, d'une salle de bain s\u00e9par\u00e9e humide et s\u00e8che, d'un lavabo spacieux et d'une salle de bain respectueuse de l'environnement. Le E5 est \u00e9quip\u00e9 d'un syst\u00e8me de maison intelligente, avec un am\u00e9nagement int\u00e9rieur qui suit le design classique d'un lit king-size d'h\u00f4tel, une salle de bain s\u00e9par\u00e9e humide et s\u00e8che, un lavabo spacieux et une salle de bain \u00e9cologique. L'E5 est dot\u00e9 d'un syst\u00e8me de maison intelligente, d'un am\u00e9nagement int\u00e9rieur qui suit la conception classique d'un lit king-size, d'une salle de bains s\u00e9par\u00e9e, d'un lavabo spacieux et d'un balcon panoramique ultra-large qui met la beaut\u00e9 de la nature \u00e0 port\u00e9e de main.<\/p>\n<h4>capsule house e5-flat layout<\/h4>\n<p><img fetchpriority=\"high\" decoding=\"async\" class=\"alignnone size-medium wp-image-2052\" src=\"https:\/\/magicaluminum.com\/wp-content\/uploads\/2024\/10\/E5-2-300x212.webp\" alt=\"\" width=\"300\" height=\"212\" srcset=\"https:\/\/magicaluminum.com\/wp-content\/uploads\/2024\/10\/E5-2-300x212.webp 300w, https:\/\/magicaluminum.com\/wp-content\/uploads\/2024\/10\/E5-2-1024x724.webp 1024w, https:\/\/magicaluminum.com\/wp-content\/uploads\/2024\/10\/E5-2-768x543.webp 768w, https:\/\/magicaluminum.com\/wp-content\/uploads\/2024\/10\/E5-2-1536x1086.webp 1536w, https:\/\/magicaluminum.com\/wp-content\/uploads\/2024\/10\/E5-2-2048x1448.webp 2048w, https:\/\/magicaluminum.com\/wp-content\/uploads\/2024\/10\/E5-2-18x12.webp 18w, https:\/\/magicaluminum.com\/wp-content\/uploads\/2024\/10\/E5-2-600x424.webp 600w\" sizes=\"(max-width: 300px) 100vw, 300px\" \/><\/p>\n<h4>maison de la capsule spatiale plan E5<\/h4>\n<p><img decoding=\"async\" class=\"alignnone size-medium wp-image-2050\" src=\"https:\/\/magicaluminum.com\/wp-content\/uploads\/2024\/10\/E52-300x221.webp\" alt=\"\" width=\"300\" height=\"221\" srcset=\"https:\/\/magicaluminum.com\/wp-content\/uploads\/2024\/10\/E52-300x221.webp 300w, https:\/\/magicaluminum.com\/wp-content\/uploads\/2024\/10\/E52-1024x754.webp 1024w, https:\/\/magicaluminum.com\/wp-content\/uploads\/2024\/10\/E52-768x565.webp 768w, https:\/\/magicaluminum.com\/wp-content\/uploads\/2024\/10\/E52-16x12.webp 16w, https:\/\/magicaluminum.com\/wp-content\/uploads\/2024\/10\/E52-600x442.webp 600w, https:\/\/magicaluminum.com\/wp-content\/uploads\/2024\/10\/E52.webp 1189w\" sizes=\"(max-width: 300px) 100vw, 300px\" \/><\/p>","protected":false},"excerpt":{"rendered":"<p>Le Mingic E5 est un h [...]<\/p>","protected":false},"featured_media":2051,"comment_status":"open","ping_status":"closed","template":"","meta":{"site-sidebar-layout":"default","site-content-layout":"","ast-site-content-layout":"default","site-content-style":"default","site-sidebar-style":"default","ast-global-header-display":"","ast-banner-title-visibility":"","ast-main-header-display":"","ast-hfb-above-header-display":"","ast-hfb-below-header-display":"","ast-hfb-mobile-header-display":"","site-post-title":"","ast-breadcrumbs-content":"","ast-featured-img":"","footer-sml-layout":"","ast-disable-related-posts":"","theme-transparent-header-meta":"default","adv-header-id-meta":"","stick-header-meta":"","header-above-stick-meta":"","header-main-stick-meta":"","header-below-stick-meta":"","astra-migrate-meta-layouts":"set","ast-page-background-enabled":"default","ast-page-background-meta":{"desktop":{"background-color":"var(--ast-global-color-4)","background-image":"","background-repeat":"repeat","background-position":"center center","background-size":"auto","background-attachment":"scroll","background-type":"","background-media":"","overlay-type":"","overlay-color":"","overlay-opacity":"","overlay-gradient":""},"tablet":{"background-color":"","background-image":"","background-repeat":"repeat","background-position":"center center","background-size":"auto","background-attachment":"scroll","background-type":"","background-media":"","overlay-type":"","overlay-color":"","overlay-opacity":"","overlay-gradient":""},"mobile":{"background-color":"","background-image":"","background-repeat":"repeat","background-position":"center center","background-size":"auto","background-attachment":"scroll","background-type":"","background-media":"","overlay-type":"","overlay-color":"","overlay-opacity":"","overlay-gradient":""}},"ast-content-background-meta":{"desktop":{"background-color":"var(--ast-global-color-5)","background-image":"","background-repeat":"repeat","background-position":"center center","background-size":"auto","background-attachment":"scroll","background-type":"","background-media":"","overlay-type":"","overlay-color":"","overlay-opacity":"","overlay-gradient":""},"tablet":{"background-color":"var(--ast-global-color-5)","background-image":"","background-repeat":"repeat","background-position":"center center","background-size":"auto","background-attachment":"scroll","background-type":"","background-media":"","overlay-type":"","overlay-color":"","overlay-opacity":"","overlay-gradient":""},"mobile":{"background-color":"var(--ast-global-color-5)","background-image":"","background-repeat":"repeat","background-position":"center center","background-size":"auto","background-attachment":"scroll","background-type":"","background-media":"","overlay-type":"","overlay-color":"","overlay-opacity":"","overlay-gradient":""}}},"product_brand":[],"product_cat":[71],"product_tag":[],"class_list":{"0":"post-1877","1":"product","2":"type-product","3":"status-publish","4":"has-post-thumbnail","6":"product_cat-capsule-house","7":"desktop-align-center","8":"tablet-align-left","9":"mobile-align-left","11":"first","12":"instock","13":"sale","14":"taxable","15":"shipping-taxable","16":"purchasable","17":"product-type-simple"},"_links":{"self":[{"href":"https:\/\/magicaluminum.com\/fr_fr\/wp-json\/wp\/v2\/product\/1877","targetHints":{"allow":["GET"]}}],"collection":[{"href":"https:\/\/magicaluminum.com\/fr_fr\/wp-json\/wp\/v2\/product"}],"about":[{"href":"https:\/\/magicaluminum.com\/fr_fr\/wp-json\/wp\/v2\/types\/product"}],"replies":[{"embeddable":true,"href":"https:\/\/magicaluminum.com\/fr_fr\/wp-json\/wp\/v2\/comments?post=1877"}],"wp:featuredmedia":[{"embeddable":true,"href":"https:\/\/magicaluminum.com\/fr_fr\/wp-json\/wp\/v2\/media\/2051"}],"wp:attachment":[{"href":"https:\/\/magicaluminum.com\/fr_fr\/wp-json\/wp\/v2\/media?parent=1877"}],"wp:term":[{"taxonomy":"product_brand","embeddable":true,"href":"https:\/\/magicaluminum.com\/fr_fr\/wp-json\/wp\/v2\/product_brand?post=1877"},{"taxonomy":"product_cat","embeddable":true,"href":"https:\/\/magicaluminum.com\/fr_fr\/wp-json\/wp\/v2\/product_cat?post=1877"},{"taxonomy":"product_tag","embeddable":true,"href":"https:\/\/magicaluminum.com\/fr_fr\/wp-json\/wp\/v2\/product_tag?post=1877"}],"curies":[{"name":"wp","href":"https:\/\/api.w.org\/{rel}","templated":true}]}}