{"id":2054,"date":"2024-11-14T07:34:10","date_gmt":"2024-11-14T07:34:10","guid":{"rendered":"https:\/\/magicaluminum.com\/?post_type=product&#038;p=2054"},"modified":"2024-11-22T09:30:55","modified_gmt":"2024-11-22T09:30:55","slug":"mobile-prefabricated-capsule-house-e7","status":"publish","type":"product","link":"https:\/\/magicaluminum.com\/fr_fr\/produit\/maison-mobile-prefabriquee-e7\/","title":{"rendered":"maison mobile ext\u00e9rieure amovible petite maison capsule | maison capsule 1 chambre"},"content":{"rendered":"<p>La maison-capsule Mingic E7 est notre mod\u00e8le le plus vendu. Avec une largeur am\u00e9lior\u00e9e de 3,3 m\u00e8tres, l'int\u00e9rieur reprend le design classique d'un h\u00f4tel standard, avec un lit king-size, une salle de bain s\u00e8che et humide s\u00e9par\u00e9e, un lavabo spacieux et un balcon panoramique ultra-large. Avec une largeur am\u00e9lior\u00e9e de 3,3 m\u00e8tres, l'int\u00e9rieur reprend le design classique d'un h\u00f4tel standard avec un lit king-size, une salle de bain s\u00e8che et humide s\u00e9par\u00e9e, un lavabo spacieux et un balcon panoramique ultra-large, amenant la beaut\u00e9 de la nature jusqu'au pas de votre porte. La beaut\u00e9 de la nature est ainsi \u00e0 port\u00e9e de main.<\/p>\n<p>La maison en tube d'acier galvanis\u00e9 avec capsule en aluminium offre une solution durable et moderne pour les espaces r\u00e9sidentiels et commerciaux. Id\u00e9ale pour les villas, les panneaux de capsules pr\u00e9fabriqu\u00e9s pour les h\u00f4tels et d'autres constructions modulaires, cette conception combine la force et l'attrait esth\u00e9tique. Id\u00e9ale pour les villas, les h\u00f4tels pr\u00e9fabriqu\u00e9s en panneaux de capsules et d'autres constructions modulaires, cette conception combine la force et l'attrait esth\u00e9tique. La maison capsule pr\u00e9fabriqu\u00e9e avec salle de bain offre un espace de vie enti\u00e8rement fonctionnel, incorporant une utilisation efficace de l'espace avec des installations de salle de bain int\u00e9gr\u00e9es, ce qui en fait un excellent choix pour les h\u00f4tels haut de gamme, les vacanciers et autres voyageurs. La maison capsule pr\u00e9fabriqu\u00e9e avec salle de bain offre un espace de vie enti\u00e8rement fonctionnel, incorporant une utilisation efficace de l'espace avec des installations sanitaires int\u00e9gr\u00e9es, ce qui en fait un excellent choix pour les h\u00f4tels haut de gamme, les villas de vacances et les solutions de vie urbaine compacte. Cette combinaison assure \u00e0 la fois confort et durabilit\u00e9, ce qui en fait le choix id\u00e9al pour ceux qui recherchent un environnement de vie moderne et durable.<\/p>\n<h4>capsule house e7 model<\/h4>\n<p><img fetchpriority=\"high\" decoding=\"async\" class=\"alignnone size-medium wp-image-2052\" src=\"https:\/\/magicaluminum.com\/wp-content\/uploads\/2024\/10\/E5-2-300x212.webp\" alt=\"\" width=\"300\" height=\"212\" srcset=\"https:\/\/magicaluminum.com\/wp-content\/uploads\/2024\/10\/E5-2-300x212.webp 300w, https:\/\/magicaluminum.com\/wp-content\/uploads\/2024\/10\/E5-2-1024x724.webp 1024w, https:\/\/magicaluminum.com\/wp-content\/uploads\/2024\/10\/E5-2-768x543.webp 768w, https:\/\/magicaluminum.com\/wp-content\/uploads\/2024\/10\/E5-2-1536x1086.webp 1536w, https:\/\/magicaluminum.com\/wp-content\/uploads\/2024\/10\/E5-2-2048x1448.webp 2048w, https:\/\/magicaluminum.com\/wp-content\/uploads\/2024\/10\/E5-2-18x12.webp 18w, https:\/\/magicaluminum.com\/wp-content\/uploads\/2024\/10\/E5-2-600x424.webp 600w\" sizes=\"(max-width: 300px) 100vw, 300px\" \/><\/p>\n<h4>maison de la capsule spatiale plan E7<\/h4>\n<p><img decoding=\"async\" class=\"alignnone size-medium wp-image-2050\" src=\"https:\/\/magicaluminum.com\/wp-content\/uploads\/2024\/10\/E52-300x221.webp\" alt=\"\" width=\"300\" height=\"221\" srcset=\"https:\/\/magicaluminum.com\/wp-content\/uploads\/2024\/10\/E52-300x221.webp 300w, https:\/\/magicaluminum.com\/wp-content\/uploads\/2024\/10\/E52-1024x754.webp 1024w, https:\/\/magicaluminum.com\/wp-content\/uploads\/2024\/10\/E52-768x565.webp 768w, https:\/\/magicaluminum.com\/wp-content\/uploads\/2024\/10\/E52-16x12.webp 16w, https:\/\/magicaluminum.com\/wp-content\/uploads\/2024\/10\/E52-600x442.webp 600w, https:\/\/magicaluminum.com\/wp-content\/uploads\/2024\/10\/E52.webp 1189w\" sizes=\"(max-width: 300px) 100vw, 300px\" \/><\/p>","protected":false},"excerpt":{"rendered":"<p>La capsule E7 de Mingic [...]<\/p>","protected":false},"featured_media":2059,"comment_status":"open","ping_status":"closed","template":"","meta":{"site-sidebar-layout":"default","site-content-layout":"","ast-site-content-layout":"default","site-content-style":"default","site-sidebar-style":"default","ast-global-header-display":"","ast-banner-title-visibility":"","ast-main-header-display":"","ast-hfb-above-header-display":"","ast-hfb-below-header-display":"","ast-hfb-mobile-header-display":"","site-post-title":"","ast-breadcrumbs-content":"","ast-featured-img":"","footer-sml-layout":"","ast-disable-related-posts":"","theme-transparent-header-meta":"default","adv-header-id-meta":"","stick-header-meta":"","header-above-stick-meta":"","header-main-stick-meta":"","header-below-stick-meta":"","astra-migrate-meta-layouts":"set","ast-page-background-enabled":"default","ast-page-background-meta":{"desktop":{"background-color":"var(--ast-global-color-4)","background-image":"","background-repeat":"repeat","background-position":"center center","background-size":"auto","background-attachment":"scroll","background-type":"","background-media":"","overlay-type":"","overlay-color":"","overlay-opacity":"","overlay-gradient":""},"tablet":{"background-color":"","background-image":"","background-repeat":"repeat","background-position":"center center","background-size":"auto","background-attachment":"scroll","background-type":"","background-media":"","overlay-type":"","overlay-color":"","overlay-opacity":"","overlay-gradient":""},"mobile":{"background-color":"","background-image":"","background-repeat":"repeat","background-position":"center center","background-size":"auto","background-attachment":"scroll","background-type":"","background-media":"","overlay-type":"","overlay-color":"","overlay-opacity":"","overlay-gradient":""}},"ast-content-background-meta":{"desktop":{"background-color":"var(--ast-global-color-5)","background-image":"","background-repeat":"repeat","background-position":"center center","background-size":"auto","background-attachment":"scroll","background-type":"","background-media":"","overlay-type":"","overlay-color":"","overlay-opacity":"","overlay-gradient":""},"tablet":{"background-color":"var(--ast-global-color-5)","background-image":"","background-repeat":"repeat","background-position":"center center","background-size":"auto","background-attachment":"scroll","background-type":"","background-media":"","overlay-type":"","overlay-color":"","overlay-opacity":"","overlay-gradient":""},"mobile":{"background-color":"var(--ast-global-color-5)","background-image":"","background-repeat":"repeat","background-position":"center center","background-size":"auto","background-attachment":"scroll","background-type":"","background-media":"","overlay-type":"","overlay-color":"","overlay-opacity":"","overlay-gradient":""}}},"product_brand":[],"product_cat":[71],"product_tag":[],"class_list":{"0":"post-2054","1":"product","2":"type-product","3":"status-publish","4":"has-post-thumbnail","6":"product_cat-capsule-house","7":"desktop-align-center","8":"tablet-align-left","9":"mobile-align-left","11":"first","12":"instock","13":"sale","14":"taxable","15":"shipping-taxable","16":"purchasable","17":"product-type-simple"},"_links":{"self":[{"href":"https:\/\/magicaluminum.com\/fr_fr\/wp-json\/wp\/v2\/product\/2054","targetHints":{"allow":["GET"]}}],"collection":[{"href":"https:\/\/magicaluminum.com\/fr_fr\/wp-json\/wp\/v2\/product"}],"about":[{"href":"https:\/\/magicaluminum.com\/fr_fr\/wp-json\/wp\/v2\/types\/product"}],"replies":[{"embeddable":true,"href":"https:\/\/magicaluminum.com\/fr_fr\/wp-json\/wp\/v2\/comments?post=2054"}],"wp:featuredmedia":[{"embeddable":true,"href":"https:\/\/magicaluminum.com\/fr_fr\/wp-json\/wp\/v2\/media\/2059"}],"wp:attachment":[{"href":"https:\/\/magicaluminum.com\/fr_fr\/wp-json\/wp\/v2\/media?parent=2054"}],"wp:term":[{"taxonomy":"product_brand","embeddable":true,"href":"https:\/\/magicaluminum.com\/fr_fr\/wp-json\/wp\/v2\/product_brand?post=2054"},{"taxonomy":"product_cat","embeddable":true,"href":"https:\/\/magicaluminum.com\/fr_fr\/wp-json\/wp\/v2\/product_cat?post=2054"},{"taxonomy":"product_tag","embeddable":true,"href":"https:\/\/magicaluminum.com\/fr_fr\/wp-json\/wp\/v2\/product_tag?post=2054"}],"curies":[{"name":"wp","href":"https:\/\/api.w.org\/{rel}","templated":true}]}}