{"id":680,"date":"2024-07-25T09:32:11","date_gmt":"2024-07-25T09:32:11","guid":{"rendered":"https:\/\/magicaluminum.com\/?post_type=product&#038;p=680"},"modified":"2024-07-27T08:20:33","modified_gmt":"2024-07-27T08:20:33","slug":"aluminium-wood-u-baffle-ceiling-system","status":"publish","type":"product","link":"https:\/\/magicaluminum.com\/fr_fr\/produit\/systeme-de-plafonds-en-aluminium-bois-et-baffles-en-u\/","title":{"rendered":"syst\u00e8me de plafond encastr\u00e9 \u00e0 baffles en U en bois d'aluminium"},"content":{"rendered":"<p><strong>plafond u baffle couleur bois<\/strong>:<\/p>\n<p>Le syst\u00e8me de plafond \u00e0 chicanes en aluminium de magic peut \u00eatre personnalis\u00e9 dans une vari\u00e9t\u00e9 de couleurs selon vos besoins, nous faisons souvent la carte des couleurs comme suit nous r\u00e9alisons souvent la carte des couleurs comme suit.<\/p>\n<p><img fetchpriority=\"high\" decoding=\"async\" class=\"alignnone size-medium wp-image-688\" src=\"https:\/\/magicaluminum.com\/wp-content\/uploads\/2024\/07\/magic-aluminum-baffled-ceiling-partial-wood-grain-color-300x209.jpg\" alt=\"magic aluminium baffled ceiling partial wood grain colour\" width=\"300\" height=\"209\" srcset=\"https:\/\/magicaluminum.com\/wp-content\/uploads\/2024\/07\/magic-aluminum-baffled-ceiling-partial-wood-grain-color-300x209.jpg 300w, https:\/\/magicaluminum.com\/wp-content\/uploads\/2024\/07\/magic-aluminum-baffled-ceiling-partial-wood-grain-color-600x419.jpg 600w, https:\/\/magicaluminum.com\/wp-content\/uploads\/2024\/07\/magic-aluminum-baffled-ceiling-partial-wood-grain-color-768x536.jpg 768w, https:\/\/magicaluminum.com\/wp-content\/uploads\/2024\/07\/magic-aluminum-baffled-ceiling-partial-wood-grain-color.jpg 1000w\" sizes=\"(max-width: 300px) 100vw, 300px\" \/><\/p>\n<p>Aujourd'hui, le syst\u00e8me de plafond \u00e0 chicanes en aluminium le plus populaire est principalement d\u00e9cor\u00e9 avec une couleur de grain de bois, la surface est tr\u00e8s similaire \u00e0 celle du bois massif, mais elle est plus rentable que le plafond en bois massif. La surface est tr\u00e8s similaire \u00e0 celle du bois massif, mais elle est plus rentable que le plafond en bois massif.<\/p>\n<p>Pour plus de couleurs et plus de produits, veuillez consulter le service client\u00e8le, et nous les traiterons pour vous aussi longtemps que vous le souhaitez.<\/p>\n<p><strong>Sch\u00e9ma d'installation du plafond \u00e0 chicane en U<\/strong>:<\/p>\n<p><img decoding=\"async\" class=\"alignnone size-medium wp-image-691\" src=\"https:\/\/magicaluminum.com\/wp-content\/uploads\/2024\/07\/magic-aluminum-U-shaped-baffle-ceiling-installation-diagram-287x300.jpg\" alt=\"Sch\u00e9ma d&#039;installation du plafond \u00e0 baffles Magic aluminium U\" width=\"287\" height=\"300\" srcset=\"https:\/\/magicaluminum.com\/wp-content\/uploads\/2024\/07\/magic-aluminum-U-shaped-baffle-ceiling-installation-diagram-287x300.jpg 287w, https:\/\/magicaluminum.com\/wp-content\/uploads\/2024\/07\/magic-aluminum-U-shaped-baffle-ceiling-installation-diagram-600x627.jpg 600w, https:\/\/magicaluminum.com\/wp-content\/uploads\/2024\/07\/magic-aluminum-U-shaped-baffle-ceiling-installation-diagram.jpg 750w\" sizes=\"(max-width: 287px) 100vw, 287px\" \/><\/p>","protected":false},"excerpt":{"rendered":"<p><strong><b>CARACT\u00c9RISTIQUES DU PRODUIT<\/b><\/strong><\/p>\n<p>Le syst\u00e8me de plafond \u00e0 chicanes en aluminium de Magic a une structure transparente, un excellent effet d'\u00e9chappement, il est l'une des plaques install\u00e9es, la formation d'une vision sans tain au niveau de l'\u00e9cran. Le syst\u00e8me de plafond \u00e0 chicanes en aluminium de Magic a une structure transparente, un excellent effet d'\u00e9vacuation, il est l'une des plaques install\u00e9es, la formation d'une vision de niveau d'\u00e9cran \u00e0 sens unique, une belle forme, des lignes lumineuses, \u00e9l\u00e9gantes, simples et \u00e9l\u00e9gantes. l'espace peut produire l'effet d'un rideau, de sorte que le design change rapidement, l'espace entier du b\u00e2timent est spacieux et transparent, le plafond est plus \u00e9l\u00e9gant. L'ensemble de l'espace du b\u00e2timent est spacieux et transparent, le plafond est plus \u00e9l\u00e9gant !<\/p>\n<p><strong><b>CANDIDATURE<\/b><\/strong><\/p>\n<p>Largement utilis\u00e9 dans les couloirs, les bars, les centres commerciaux, les immeubles de bureaux, les biblioth\u00e8ques, les clubs, les places, les expositions, les stations de m\u00e9tro, les a\u00e9roports et autres lieux.<\/p>\n<p>Un plafond d\u00e9coratif peut ajuster la hauteur per\u00e7ue d'une pi\u00e8ce et dissimuler les tuyaux et autres utilit\u00e9s. En outre, il adoucit et diffuse la lumi\u00e8re naturelle du soleil ou la lumi\u00e8re artificielle, offrant une vue ouverte avec une excellente ventilation. En outre, il adoucit et diffuse la lumi\u00e8re naturelle du soleil ou la lumi\u00e8re artificielle, offrant une vue ouverte avec une excellente ventilation. La simplicit\u00e9 d'installation et d'entretien de ces plafonds en fait un choix populaire sur le march\u00e9 de la d\u00e9coration, offrant un aspect vivant et ordonn\u00e9 \u00e0 la fois. d'une apparence \u00e0 la fois vivante et ordonn\u00e9e.<\/p>","protected":false},"featured_media":686,"comment_status":"open","ping_status":"closed","template":"","meta":{"site-sidebar-layout":"default","site-content-layout":"","ast-site-content-layout":"default","site-content-style":"default","site-sidebar-style":"default","ast-global-header-display":"","ast-banner-title-visibility":"","ast-main-header-display":"","ast-hfb-above-header-display":"","ast-hfb-below-header-display":"","ast-hfb-mobile-header-display":"","site-post-title":"","ast-breadcrumbs-content":"","ast-featured-img":"","footer-sml-layout":"","theme-transparent-header-meta":"default","adv-header-id-meta":"","stick-header-meta":"","header-above-stick-meta":"","header-main-stick-meta":"","header-below-stick-meta":"","astra-migrate-meta-layouts":"set","ast-page-background-enabled":"default","ast-page-background-meta":{"desktop":{"background-color":"var(--ast-global-color-4)","background-image":"","background-repeat":"repeat","background-position":"center center","background-size":"auto","background-attachment":"scroll","background-type":"","background-media":"","overlay-type":"","overlay-color":"","overlay-opacity":"","overlay-gradient":""},"tablet":{"background-color":"","background-image":"","background-repeat":"repeat","background-position":"center center","background-size":"auto","background-attachment":"scroll","background-type":"","background-media":"","overlay-type":"","overlay-color":"","overlay-opacity":"","overlay-gradient":""},"mobile":{"background-color":"","background-image":"","background-repeat":"repeat","background-position":"center center","background-size":"auto","background-attachment":"scroll","background-type":"","background-media":"","overlay-type":"","overlay-color":"","overlay-opacity":"","overlay-gradient":""}},"ast-content-background-meta":{"desktop":{"background-color":"var(--ast-global-color-5)","background-image":"","background-repeat":"repeat","background-position":"center center","background-size":"auto","background-attachment":"scroll","background-type":"","background-media":"","overlay-type":"","overlay-color":"","overlay-opacity":"","overlay-gradient":""},"tablet":{"background-color":"var(--ast-global-color-5)","background-image":"","background-repeat":"repeat","background-position":"center center","background-size":"auto","background-attachment":"scroll","background-type":"","background-media":"","overlay-type":"","overlay-color":"","overlay-opacity":"","overlay-gradient":""},"mobile":{"background-color":"var(--ast-global-color-5)","background-image":"","background-repeat":"repeat","background-position":"center center","background-size":"auto","background-attachment":"scroll","background-type":"","background-media":"","overlay-type":"","overlay-color":"","overlay-opacity":"","overlay-gradient":""}}},"product_brand":[],"product_cat":[52],"product_tag":[],"class_list":{"0":"post-680","1":"product","2":"type-product","3":"status-publish","4":"has-post-thumbnail","6":"product_cat-u-baffle-ceiling","7":"desktop-align-center","8":"tablet-align-left","9":"mobile-align-left","11":"first","12":"instock","13":"taxable","14":"shipping-taxable","15":"product-type-simple"},"_links":{"self":[{"href":"https:\/\/magicaluminum.com\/fr_fr\/wp-json\/wp\/v2\/product\/680","targetHints":{"allow":["GET"]}}],"collection":[{"href":"https:\/\/magicaluminum.com\/fr_fr\/wp-json\/wp\/v2\/product"}],"about":[{"href":"https:\/\/magicaluminum.com\/fr_fr\/wp-json\/wp\/v2\/types\/product"}],"replies":[{"embeddable":true,"href":"https:\/\/magicaluminum.com\/fr_fr\/wp-json\/wp\/v2\/comments?post=680"}],"wp:featuredmedia":[{"embeddable":true,"href":"https:\/\/magicaluminum.com\/fr_fr\/wp-json\/wp\/v2\/media\/686"}],"wp:attachment":[{"href":"https:\/\/magicaluminum.com\/fr_fr\/wp-json\/wp\/v2\/media?parent=680"}],"wp:term":[{"taxonomy":"product_brand","embeddable":true,"href":"https:\/\/magicaluminum.com\/fr_fr\/wp-json\/wp\/v2\/product_brand?post=680"},{"taxonomy":"product_cat","embeddable":true,"href":"https:\/\/magicaluminum.com\/fr_fr\/wp-json\/wp\/v2\/product_cat?post=680"},{"taxonomy":"product_tag","embeddable":true,"href":"https:\/\/magicaluminum.com\/fr_fr\/wp-json\/wp\/v2\/product_tag?post=680"}],"curies":[{"name":"wp","href":"https:\/\/api.w.org\/{rel}","templated":true}]}}