{"id":713,"date":"2024-08-02T08:32:20","date_gmt":"2024-08-02T08:32:20","guid":{"rendered":"https:\/\/magicaluminum.com\/?post_type=product&#038;p=713"},"modified":"2024-08-02T09:09:47","modified_gmt":"2024-08-02T09:09:47","slug":"decorative-metal-garden-screen-panels","status":"publish","type":"product","link":"https:\/\/magicaluminum.com\/fr_fr\/produit\/panneaux-metalliques-decoratifs-pour-le-jardin\/","title":{"rendered":"panneaux d\u00e9coratifs de jardin en m\u00e9tal aluminium pour l'ext\u00e9rieur"},"content":{"rendered":"<p>Magic est fier de pr\u00e9senter sa gamme innovante de panneaux de s\u00e9paration de jardins, con\u00e7us pour am\u00e9liorer la beaut\u00e9 et la fonctionnalit\u00e9 des espaces ext\u00e9rieurs. Nos panneaux de s\u00e9paration de jardins en m\u00e9tal et nos panneaux de s\u00e9paration de jardins d\u00e9coratifs sont parfaits pour transformer des jardins ordinaires en lieux de d\u00e9tente ext\u00e9rieurs extraordinaires. Nos panneaux m\u00e9talliques et d\u00e9coratifs sont parfaits pour transformer des jardins ordinaires en lieux de d\u00e9tente ext\u00e9rieurs extraordinaires. En mettant l'accent sur l'esth\u00e9tique et la durabilit\u00e9, les \u00e9crans de jardin Magic sont le choix id\u00e9al pour tous ceux qui souhaitent ajouter une touche d'\u00e9l\u00e9gance et d'intimit\u00e9 \u00e0 leur jardin. d'\u00e9l\u00e9gance et d'intimit\u00e9 \u00e0 leur jardin.<\/p>\n<h3>Polyvalence et design<\/h3>\n<p>Les panneaux de paravent d\u00e9coratifs Magic's sont con\u00e7us dans un souci de polyvalence et peuvent \u00eatre utilis\u00e9s dans de nombreux contextes pour cr\u00e9er de l'intimit\u00e9. Nos panneaux d\u00e9coratifs de jardin en m\u00e9tal sont disponibles dans une large gamme de styles et de finitions, ce qui permet de trouver facilement l'accord parfait avec n'importe quelle conception de jardin. Que vous pr\u00e9f\u00e9riez l'aspect \u00e9pur\u00e9 des panneaux de jardin en aluminium ou la beaut\u00e9 complexe des panneaux de jardin en m\u00e9tal d\u00e9coup\u00e9, Magic a ce qu'il vous faut. Magic a quelque chose \u00e0 vous offrir.<\/p>\n<p>Les paravents d\u00e9coratifs de Magic ne sont pas seulement fonctionnels, ce sont des \u0153uvres d'art. Nos paravents d\u00e9coup\u00e9s au laser pr\u00e9sentent des motifs et des dessins complexes qui peuvent transformer un jardin ordinaire en un paysage pittoresque. Nos paravents de jardin d\u00e9coup\u00e9s au laser pr\u00e9sentent des motifs et des dessins complexes qui peuvent transformer un jardin ordinaire en un paysage pittoresque. Que vous recherchiez des paravents orn\u00e9s pour compl\u00e9ter un jardin traditionnel ou des paravents modernes pour des installations de jardin, notre gamme de produits offre un large \u00e9ventail de produits pour r\u00e9pondre \u00e0 vos besoins. Que vous recherchiez des paravents orn\u00e9s pour compl\u00e9ter un jardin traditionnel ou des paravents modernes pour des installations de jardin, notre gamme de produits offre des possibilit\u00e9s infinies.<\/p>\n<h3>Durabilit\u00e9 et qualit\u00e9<\/h3>\n<p>Chez Magic, nous comprenons l'importance de la durabilit\u00e9 des produits d'ext\u00e9rieur. Nos \u00e9crans de jardin d\u00e9coratifs en m\u00e9tal sont fabriqu\u00e9s \u00e0 partir de mat\u00e9riaux de haute qualit\u00e9 con\u00e7us pour r\u00e9sister aux \u00e9l\u00e9ments. Nos \u00e9crans de jardin d\u00e9coratifs en m\u00e9tal sont fabriqu\u00e9s \u00e0 partir de mat\u00e9riaux de haute qualit\u00e9 con\u00e7us pour r\u00e9sister aux \u00e9l\u00e9ments. L'utilisation de m\u00e9taux robustes garantit que nos \u00e9crans de jardin d\u00e9coratifs en m\u00e9tal conservent leur beaut\u00e9 et leur int\u00e9grit\u00e9 structurelle au fil du temps. maintenir.<\/p>\n<p>Notre technologie de d\u00e9coupe au laser nous permet de cr\u00e9er des \u00e9crans ornementaux pour le jardin qui sont non seulement beaux, mais aussi pr\u00e9cis dans leur fabrication. Les panneaux d'\u00e9cran de jardin en m\u00e9tal sont trait\u00e9s avec des rev\u00eatements protecteurs pour \u00e9viter la rouille et la corrosion, ce qui garantit qu'ils restent un ajout attrayant \u00e0 votre jardin pendant de nombreuses ann\u00e9es. Que vous soyez confront\u00e9 \u00e0 un ensoleillement intense ou \u00e0 de fortes pluies, les \u00e9crans de jardin en m\u00e9tal de Magic sont con\u00e7us pour durer et impressionner. et impressionner.<\/p>\n<h3>Fonctionnalit\u00e9 et applications<\/h3>\n<p>Les \u00e9crans de jardin d\u00e9coratifs Magic's remplissent de multiples fonctions, ce qui en fait un ajout pr\u00e9cieux \u00e0 tout espace ext\u00e9rieur. Ils peuvent \u00eatre utilis\u00e9s comme brise-vue pour prot\u00e9ger votre jardin des regards indiscrets et vous permettre de profiter de votre oasis en plein air en toute tranquillit\u00e9. En outre, ces \u00e9crans d\u00e9coratifs peuvent servir de brise-vent, offrant un abri contre les fortes rafales et cr\u00e9ant un environnement plus confortable pour les rassemblements en plein air.<\/p>\n<p>La polyvalence de nos \u00e9crans de jardin d\u00e9coratifs s'\u00e9tend \u00e9galement \u00e0 leur utilisation en tant qu'\u00e9l\u00e9ments artistiques dans le jardin. En pla\u00e7ant strat\u00e9giquement des \u00e9crans de jardin en m\u00e9tal d\u00e9coup\u00e9, vous pouvez cr\u00e9er des contrastes visuels \u00e9tonnants et jouer avec l'ombre et la lumi\u00e8re, en ajoutant de la profondeur et du caract\u00e8re \u00e0 votre paysage. Les \u00e9crans de jardin peuvent \u00e9galement \u00eatre utilis\u00e9s pour d\u00e9limiter diff\u00e9rentes zones dans un jardin, par exemple pour s\u00e9parer les salles \u00e0 manger des zones de d\u00e9tente, ou pour cr\u00e9er des all\u00e9es et des entr\u00e9es enchanteresses. ou pour cr\u00e9er des all\u00e9es et des entr\u00e9es enchanteresses.<\/p>\n<h3>La magie au service de votre jardin<\/h3>\n<p>Les \u00e9crans de jardin d\u00e9coratifs en m\u00e9tal de Magic sont con\u00e7us pour rehausser la beaut\u00e9 naturelle de votre jardin tout en offrant des solutions pratiques pour la protection de l'environnement. Nos \u00e9crans de jardin en aluminium apportent une touche de modernit\u00e9 aux \u00e9l\u00e9ments traditionnels du jardin, vous permettant de cr\u00e9er un espace \u00e0 la fois fonctionnel et esth\u00e9tique. Nos \u00e9crans de jardin en aluminium apportent une touche de modernit\u00e9 aux \u00e9l\u00e9ments traditionnels du jardin, vous permettant de cr\u00e9er un espace \u00e0 la fois fonctionnel et esth\u00e9tique.<\/p>\n<p>Que vous cherchiez \u00e0 cr\u00e9er un sanctuaire serein ou un espace de divertissement dynamique, les \u00e9crans de jardin Magic's d\u00e9coratifs offrent l'\u00e9quilibre parfait entre forme et fonction. Gr\u00e2ce \u00e0 notre vaste gamme de styles et d'options personnalisables, vous pouvez adapter vos \u00e9crans de jardin \u00e0 votre style personnel. Gr\u00e2ce \u00e0 notre vaste gamme de styles et d'options personnalisables, vous pouvez adapter vos \u00e9crans de jardin pour refl\u00e9ter votre style personnel et compl\u00e9ter l'architecture existante de votre maison.<\/p>\n<p>En conclusion, les panneaux grillag\u00e9s m\u00e9talliques et les panneaux grillag\u00e9s d\u00e9coratifs de Magic sont un excellent choix pour tous ceux qui cherchent \u00e0 am\u00e9liorer leur espace ext\u00e9rieur avec style et durabilit\u00e9. Nos produits sont con\u00e7us pour r\u00e9pondre aux normes les plus strictes en mati\u00e8re de qualit\u00e9 et d'innovation, afin que votre jardin devienne le reflet de votre cr\u00e9ativit\u00e9 et de vos go\u00fbts. Nos produits sont con\u00e7us pour r\u00e9pondre aux normes les plus strictes en mati\u00e8re de qualit\u00e9 et d'innovation, afin que votre jardin devienne le reflet de votre cr\u00e9ativit\u00e9 et de vos go\u00fbts. D\u00e9couvrez le pouvoir de transformation des panneaux d\u00e9coratifs Magic's et rehaussez votre jardin. D\u00e9couvrez le pouvoir de transformation des panneaux d\u00e9coratifs Magic's et \u00e9levez votre jardin vers de nouveaux sommets de beaut\u00e9 et de fonctionnalit\u00e9.<\/p>","protected":false},"excerpt":{"rendered":"<p>Magic est fier d'\u00eatre dans [...]<\/p>","protected":false},"featured_media":725,"comment_status":"open","ping_status":"closed","template":"","meta":{"site-sidebar-layout":"default","site-content-layout":"","ast-site-content-layout":"default","site-content-style":"default","site-sidebar-style":"default","ast-global-header-display":"","ast-banner-title-visibility":"","ast-main-header-display":"","ast-hfb-above-header-display":"","ast-hfb-below-header-display":"","ast-hfb-mobile-header-display":"","site-post-title":"","ast-breadcrumbs-content":"","ast-featured-img":"","footer-sml-layout":"","theme-transparent-header-meta":"default","adv-header-id-meta":"","stick-header-meta":"","header-above-stick-meta":"","header-main-stick-meta":"","header-below-stick-meta":"","astra-migrate-meta-layouts":"set","ast-page-background-enabled":"default","ast-page-background-meta":{"desktop":{"background-color":"var(--ast-global-color-4)","background-image":"","background-repeat":"repeat","background-position":"center center","background-size":"auto","background-attachment":"scroll","background-type":"","background-media":"","overlay-type":"","overlay-color":"","overlay-opacity":"","overlay-gradient":""},"tablet":{"background-color":"","background-image":"","background-repeat":"repeat","background-position":"center center","background-size":"auto","background-attachment":"scroll","background-type":"","background-media":"","overlay-type":"","overlay-color":"","overlay-opacity":"","overlay-gradient":""},"mobile":{"background-color":"","background-image":"","background-repeat":"repeat","background-position":"center center","background-size":"auto","background-attachment":"scroll","background-type":"","background-media":"","overlay-type":"","overlay-color":"","overlay-opacity":"","overlay-gradient":""}},"ast-content-background-meta":{"desktop":{"background-color":"var(--ast-global-color-5)","background-image":"","background-repeat":"repeat","background-position":"center center","background-size":"auto","background-attachment":"scroll","background-type":"","background-media":"","overlay-type":"","overlay-color":"","overlay-opacity":"","overlay-gradient":""},"tablet":{"background-color":"var(--ast-global-color-5)","background-image":"","background-repeat":"repeat","background-position":"center center","background-size":"auto","background-attachment":"scroll","background-type":"","background-media":"","overlay-type":"","overlay-color":"","overlay-opacity":"","overlay-gradient":""},"mobile":{"background-color":"var(--ast-global-color-5)","background-image":"","background-repeat":"repeat","background-position":"center center","background-size":"auto","background-attachment":"scroll","background-type":"","background-media":"","overlay-type":"","overlay-color":"","overlay-opacity":"","overlay-gradient":""}}},"product_brand":[],"product_cat":[50,43],"product_tag":[],"class_list":{"0":"post-713","1":"product","2":"type-product","3":"status-publish","4":"has-post-thumbnail","6":"product_cat-aluminum-decorative-screen","7":"product_cat-aluminum-hollow-panel-series","8":"desktop-align-center","9":"tablet-align-left","10":"mobile-align-left","12":"first","13":"instock","14":"taxable","15":"shipping-taxable","16":"product-type-simple"},"_links":{"self":[{"href":"https:\/\/magicaluminum.com\/fr_fr\/wp-json\/wp\/v2\/product\/713","targetHints":{"allow":["GET"]}}],"collection":[{"href":"https:\/\/magicaluminum.com\/fr_fr\/wp-json\/wp\/v2\/product"}],"about":[{"href":"https:\/\/magicaluminum.com\/fr_fr\/wp-json\/wp\/v2\/types\/product"}],"replies":[{"embeddable":true,"href":"https:\/\/magicaluminum.com\/fr_fr\/wp-json\/wp\/v2\/comments?post=713"}],"wp:featuredmedia":[{"embeddable":true,"href":"https:\/\/magicaluminum.com\/fr_fr\/wp-json\/wp\/v2\/media\/725"}],"wp:attachment":[{"href":"https:\/\/magicaluminum.com\/fr_fr\/wp-json\/wp\/v2\/media?parent=713"}],"wp:term":[{"taxonomy":"product_brand","embeddable":true,"href":"https:\/\/magicaluminum.com\/fr_fr\/wp-json\/wp\/v2\/product_brand?post=713"},{"taxonomy":"product_cat","embeddable":true,"href":"https:\/\/magicaluminum.com\/fr_fr\/wp-json\/wp\/v2\/product_cat?post=713"},{"taxonomy":"product_tag","embeddable":true,"href":"https:\/\/magicaluminum.com\/fr_fr\/wp-json\/wp\/v2\/product_tag?post=713"}],"curies":[{"name":"wp","href":"https:\/\/api.w.org\/{rel}","templated":true}]}}