{"id":728,"date":"2024-08-02T09:22:08","date_gmt":"2024-08-02T09:22:08","guid":{"rendered":"https:\/\/magicaluminum.com\/?post_type=product&#038;p=728"},"modified":"2024-08-03T02:31:41","modified_gmt":"2024-08-03T02:31:41","slug":"decorative-aluminium-garden-screens","status":"publish","type":"product","link":"https:\/\/magicaluminum.com\/fr_fr\/produit\/ecrans-de-jardin-en-aluminium-decoratifs\/","title":{"rendered":"\u00e9crans de cl\u00f4ture de jardin en aluminium d\u00e9coratif \u00e0 d\u00e9coupe m\u00e9tallique"},"content":{"rendered":"<h2>Transformez votre espace ext\u00e9rieur avec les \u00e9crans de jardin en aluminium de Magic<\/h2>\n<p>Dans le monde actuel de l'am\u00e9nagement ext\u00e9rieur, les \u00e9crans de jardin en aluminium sont devenus un \u00e9l\u00e9ment essentiel de la cr\u00e9ation d'espaces ext\u00e9rieurs beaux et fonctionnels. <strong>Magie<\/strong> est \u00e0 l'avant-garde de cette tendance, offrant des produits de haute qualit\u00e9. <strong>\u00e9crans de jardin d\u00e9coratifs en m\u00e9tal<\/strong> Nos \u00e9crans de jardin en aluminium sont con\u00e7us pour am\u00e9liorer l'attrait visuel de votre jardin tout en assurant l'intimit\u00e9 et la s\u00e9curit\u00e9. Nos \u00e9crans de jardin en aluminium sont con\u00e7us pour am\u00e9liorer l'attrait visuel de votre jardin tout en assurant l'intimit\u00e9 et la s\u00e9curit\u00e9.<\/p>\n<h3>Les avantages des \u00e9crans de jardin en aluminium<\/h3>\n<p>L'aluminium est un mat\u00e9riau l\u00e9ger mais durable, ce qui en fait un excellent choix pour les d\u00e9corations ext\u00e9rieures. <a href=\"https:\/\/magicaluminum.com\/fr_fr\/product-category\/aluminum-hollow-panel-series\/aluminum-decorative-screen\/\"><strong>Magie<\/strong>'s <strong>paravents de jardin en m\u00e9tal d\u00e9coup\u00e9<\/strong> <\/a>Les propri\u00e9t\u00e9s antirouille et anticorrosion de l'aluminium garantissent que vos \u00e9crans de jardin conserveront leur beaut\u00e9 et leur fonctionnalit\u00e9 au fil du temps, avec un minimum d'efforts. Les propri\u00e9t\u00e9s antirouille et anticorrosion de l'aluminium garantissent que vos \u00e9crans de jardin conserveront leur beaut\u00e9 et leur fonctionnalit\u00e9 au fil du temps, avec un minimum d'entretien. d'entretien.<\/p>\n<h4>Conception innovante et polyvalence<\/h4>\n<p>Au <strong>Magie<\/strong>Que vous pr\u00e9f\u00e9riez les motifs g\u00e9om\u00e9triques modernes ou les motifs classiques, nous proposons une large gamme de motifs exquis pour r\u00e9pondre aux diff\u00e9rents go\u00fbts et pr\u00e9f\u00e9rences. notre \u00e9quipe de designers peut cr\u00e9er des <strong>\u00e9crans de cl\u00f4ture d\u00e9coratifs<\/strong> Notre technologie avanc\u00e9e de d\u00e9coupe du m\u00e9tal permet de cr\u00e9er des motifs complexes et pr\u00e9cis, transformant chaque \u00e9cran en une \u0153uvre d'art. en une \u0153uvre d'art.<\/p>\n<p><strong>Paravents de jardin en m\u00e9tal d\u00e9coratifs<\/strong> peuvent \u00eatre utilis\u00e9s dans diff\u00e9rents contextes de jardin, tels que les cl\u00f4tures, les cloisons, les murs d'agr\u00e9ment ou les treillis de plantes. d'autres \u00e9l\u00e9ments du jardin, nos \u00e9crans ajoutent de la profondeur et de la sophistication \u00e0 l'am\u00e9nagement de votre jardin.<\/p>\n<h3>Applications pratiques et avantages<\/h3>\n<p><strong>Magie<\/strong>Les paravents de jardin en aluminium d'A.R.L. offrent une large gamme d'applications au-del\u00e0 de leur attrait d\u00e9coratif, dont certaines sont tr\u00e8s pratiques.<\/p>\n<ol>\n<li><strong>Protection de la vie priv\u00e9e<\/strong>Nos \u00e9crans peuvent bloquer efficacement les vues ind\u00e9sirables, cr\u00e9ant ainsi un espace ext\u00e9rieur isol\u00e9 dans votre patio ou votre jardin.<\/li>\n<li><strong>Division de l'espace<\/strong>Les \u00e9crans permettent de diviser les grands espaces en zones fonctionnelles, telles que les salles \u00e0 manger et les espaces de d\u00e9tente, ce qui am\u00e9liore l'agencement et la convivialit\u00e9 du jardin. l'am\u00e9nagement et l'utilisation du jardin.<\/li>\n<li><strong>Brise-vent<\/strong>Dans les r\u00e9gions venteuses, nos \u00e9crans peuvent constituer une barri\u00e8re pour prot\u00e9ger les plantes et cr\u00e9er un environnement ext\u00e9rieur plus confortable.<\/li>\n<li><strong>D\u00e9coration de la toile de fond<\/strong>... : En tant que toile de fond d\u00e9corative, les \u00e9crans en aluminium peuvent \u00eatre associ\u00e9s \u00e0 des plantes pour cr\u00e9er un effet visuel unique qui rehausse l'esth\u00e9tique g\u00e9n\u00e9rale de votre jardin. .<\/li>\n<\/ol>\n<h3>Durabilit\u00e9 environnementale<\/h3>\n<p><strong>Magie<\/strong> Nos \u00e9crans de jardin en aluminium sont recyclables 100%, ce qui t\u00e9moigne de notre volont\u00e9 de r\u00e9duire l'impact sur l'environnement tout en garantissant des produits de haute qualit\u00e9. Nos \u00e9crans de jardin en aluminium sont recyclables 100%, ce qui t\u00e9moigne de notre volont\u00e9 de r\u00e9duire l'impact sur l'environnement tout en garantissant des produits de haute qualit\u00e9. En choisissant l'aluminium comme mat\u00e9riau principal, nous contribuons \u00e0 des pratiques respectueuses de l'environnement sans compromettre l'excellence de nos produits.<\/p>\n<h3>Satisfaction du client et service<\/h3>\n<p>La satisfaction du client est notre plus grande priorit\u00e9. <a href=\"https:\/\/magicaluminum.com\/fr_fr\/\"><strong>Magie<\/strong><\/a> offre des services complets avant et apr\u00e8s la vente, y compris des conseils en mati\u00e8re de conception, d'installation et d'entretien. est l\u00e0 pour vous aider \u00e0 s\u00e9lectionner les produits parfaits pour cr\u00e9er votre espace ext\u00e9rieur id\u00e9al.<\/p>\n<h3>Conclusion<\/h3>\n<p><a href=\"https:\/\/magicaluminum.com\/fr_fr\/\"><strong>Magie<\/strong>'s<\/a> Les \u00e9crans de jardin en aluminium sont la solution parfaite pour am\u00e9liorer la beaut\u00e9 et la fonctionnalit\u00e9 de vos espaces ext\u00e9rieurs, que vous recherchiez des options d\u00e9coratives, d'intimit\u00e9 ou de division de l'espace. Que vous recherchiez des options d\u00e9coratives, d'intimit\u00e9 ou de division de l'espace, nos produits apporteront une touche d'\u00e9l\u00e9gance et de sophistication \u00e0 votre jardin. Choisissez parmi une large gamme de brise-vues en aluminium pour r\u00e9pondre \u00e0 vos besoins. <a href=\"https:\/\/magicaluminum.com\/fr_fr\/\"><strong>Magie<\/strong><\/a> pour rehausser votre exp\u00e9rience de la vie en plein air gr\u00e2ce \u00e0 nos superbes \u00e9crans de jardin en aluminium.<\/p>\n<p>Pour en savoir plus <a href=\"https:\/\/magicaluminum.com\/fr_fr\/product-category\/aluminum-hollow-panel-series\/aluminum-decorative-screen\/\">\u00e9cran de d\u00e9coration en aluminium<\/a> Pour le jardin, vous pouvez nous suivre sur <a href=\"https:\/\/www.tiktok.com\/@xenia3808?_t=8ns415qYud9&amp;_r=1\" target=\"_blank\" rel=\"noopener\">Tiktok<\/a> et <a href=\"https:\/\/youtube.com\/@magic-tt3yu?si=VsOTJE8H24qlEHCG\" target=\"_blank\" rel=\"noopener\">YouTube<\/a><\/p>","protected":false},"excerpt":{"rendered":"<p>Transformez votre Outdo [...]<\/p>","protected":false},"featured_media":722,"comment_status":"open","ping_status":"closed","template":"","meta":{"site-sidebar-layout":"default","site-content-layout":"","ast-site-content-layout":"default","site-content-style":"default","site-sidebar-style":"default","ast-global-header-display":"","ast-banner-title-visibility":"","ast-main-header-display":"","ast-hfb-above-header-display":"","ast-hfb-below-header-display":"","ast-hfb-mobile-header-display":"","site-post-title":"","ast-breadcrumbs-content":"","ast-featured-img":"","footer-sml-layout":"","ast-disable-related-posts":"","theme-transparent-header-meta":"default","adv-header-id-meta":"","stick-header-meta":"","header-above-stick-meta":"","header-main-stick-meta":"","header-below-stick-meta":"","astra-migrate-meta-layouts":"set","ast-page-background-enabled":"default","ast-page-background-meta":{"desktop":{"background-color":"var(--ast-global-color-4)","background-image":"","background-repeat":"repeat","background-position":"center center","background-size":"auto","background-attachment":"scroll","background-type":"","background-media":"","overlay-type":"","overlay-color":"","overlay-opacity":"","overlay-gradient":""},"tablet":{"background-color":"","background-image":"","background-repeat":"repeat","background-position":"center center","background-size":"auto","background-attachment":"scroll","background-type":"","background-media":"","overlay-type":"","overlay-color":"","overlay-opacity":"","overlay-gradient":""},"mobile":{"background-color":"","background-image":"","background-repeat":"repeat","background-position":"center center","background-size":"auto","background-attachment":"scroll","background-type":"","background-media":"","overlay-type":"","overlay-color":"","overlay-opacity":"","overlay-gradient":""}},"ast-content-background-meta":{"desktop":{"background-color":"var(--ast-global-color-5)","background-image":"","background-repeat":"repeat","background-position":"center center","background-size":"auto","background-attachment":"scroll","background-type":"","background-media":"","overlay-type":"","overlay-color":"","overlay-opacity":"","overlay-gradient":""},"tablet":{"background-color":"var(--ast-global-color-5)","background-image":"","background-repeat":"repeat","background-position":"center center","background-size":"auto","background-attachment":"scroll","background-type":"","background-media":"","overlay-type":"","overlay-color":"","overlay-opacity":"","overlay-gradient":""},"mobile":{"background-color":"var(--ast-global-color-5)","background-image":"","background-repeat":"repeat","background-position":"center center","background-size":"auto","background-attachment":"scroll","background-type":"","background-media":"","overlay-type":"","overlay-color":"","overlay-opacity":"","overlay-gradient":""}}},"product_brand":[],"product_cat":[50,43],"product_tag":[],"class_list":{"0":"post-728","1":"product","2":"type-product","3":"status-publish","4":"has-post-thumbnail","6":"product_cat-aluminum-decorative-screen","7":"product_cat-aluminum-hollow-panel-series","8":"desktop-align-center","9":"tablet-align-left","10":"mobile-align-left","12":"first","13":"instock","14":"taxable","15":"shipping-taxable","16":"product-type-simple"},"_links":{"self":[{"href":"https:\/\/magicaluminum.com\/fr_fr\/wp-json\/wp\/v2\/product\/728","targetHints":{"allow":["GET"]}}],"collection":[{"href":"https:\/\/magicaluminum.com\/fr_fr\/wp-json\/wp\/v2\/product"}],"about":[{"href":"https:\/\/magicaluminum.com\/fr_fr\/wp-json\/wp\/v2\/types\/product"}],"replies":[{"embeddable":true,"href":"https:\/\/magicaluminum.com\/fr_fr\/wp-json\/wp\/v2\/comments?post=728"}],"wp:featuredmedia":[{"embeddable":true,"href":"https:\/\/magicaluminum.com\/fr_fr\/wp-json\/wp\/v2\/media\/722"}],"wp:attachment":[{"href":"https:\/\/magicaluminum.com\/fr_fr\/wp-json\/wp\/v2\/media?parent=728"}],"wp:term":[{"taxonomy":"product_brand","embeddable":true,"href":"https:\/\/magicaluminum.com\/fr_fr\/wp-json\/wp\/v2\/product_brand?post=728"},{"taxonomy":"product_cat","embeddable":true,"href":"https:\/\/magicaluminum.com\/fr_fr\/wp-json\/wp\/v2\/product_cat?post=728"},{"taxonomy":"product_tag","embeddable":true,"href":"https:\/\/magicaluminum.com\/fr_fr\/wp-json\/wp\/v2\/product_tag?post=728"}],"curies":[{"name":"wp","href":"https:\/\/api.w.org\/{rel}","templated":true}]}}