{"id":774,"date":"2024-08-03T07:23:20","date_gmt":"2024-08-03T07:23:20","guid":{"rendered":"https:\/\/magicaluminum.com\/?post_type=product&#038;p=774"},"modified":"2024-08-03T08:04:25","modified_gmt":"2024-08-03T08:04:25","slug":"metal-garden-screens-decorative","status":"publish","type":"product","link":"https:\/\/magicaluminum.com\/fr_fr\/produit\/ecrans-de-jardin-metalliques-decoratifs\/","title":{"rendered":"\u00e9crans de jardin d\u00e9coratifs en m\u00e9tal d\u00e9coup\u00e9 au laser"},"content":{"rendered":"<p><a href=\"https:\/\/magicaluminum.com\/fr_fr\/\">Mat\u00e9riaux de d\u00e9coration en aluminium magique<\/a> peut se concentrer sur la production de paravents m\u00e9talliques d\u00e9coratifs selon la demande du client pour les paravents m\u00e9talliques d\u00e9coratifs une exp\u00e9rience de plus de 10 ans<\/p>\n<p>En tant que fabricant leader de paravents de jardin d\u00e9coup\u00e9s au laser, Magic est sp\u00e9cialis\u00e9 dans la cr\u00e9ation de paravents de jardin d\u00e9coratifs en m\u00e9tal de haute qualit\u00e9 qui rehaussent n'importe quel jardin. Notre expertise r\u00e9side dans la conception de mod\u00e8les sur mesure qui allient esth\u00e9tique et fonctionnalit\u00e9, garantissant que nos produits ne se contentent pas d'embellir, mais qu'ils garantissent \u00e9galement l'intimit\u00e9 et la s\u00e9curit\u00e9. Nos produits ne se contentent pas d'embellir, ils assurent aussi l'intimit\u00e9 et la s\u00e9curit\u00e9.<\/p>\n<p>Nos \u00e9crans de jardin ornementaux sont m\u00e9ticuleusement con\u00e7us \u00e0 l'aide d'une technologie avanc\u00e9e de d\u00e9coupe au laser, ce qui nous permet de produire des motifs complexes qui conviennent \u00e0 une vari\u00e9t\u00e9 de styles et de pr\u00e9f\u00e9rences. Nos \u00e9crans de jardin ornementaux sont m\u00e9ticuleusement con\u00e7us \u00e0 l'aide d'une technologie avanc\u00e9e de d\u00e9coupe au laser, ce qui nous permet de produire des motifs complexes qui conviennent \u00e0 une vari\u00e9t\u00e9 de styles et de pr\u00e9f\u00e9rences. <a href=\"https:\/\/magicaluminum.com\/fr_fr\/\">Magie<\/a> offre un \u00e9ventail d'options personnalisables pour r\u00e9pondre \u00e0 vos besoins sp\u00e9cifiques.<\/p>\n<p>Au <a href=\"https:\/\/magicaluminum.com\/fr_fr\/\">Magie<\/a>Notre engagement en faveur de la qualit\u00e9 et de la satisfaction du client fait de nous le choix privil\u00e9gi\u00e9 des propri\u00e9taires et des paysagistes. Notre engagement en faveur de la qualit\u00e9 et de la satisfaction du client fait de nous le choix privil\u00e9gi\u00e9 des propri\u00e9taires et des paysagistes.<\/p>\n<p>Choisir <a href=\"https:\/\/magicaluminum.com\/fr_fr\/\">Magie<\/a> pour vos besoins en \u00e9crans de jardin et transformez votre espace ext\u00e9rieur avec nos solutions innovantes et d\u00e9coratives.<\/p>\n<p><a href=\"https:\/\/magicaluminum.com\/fr_fr\/\">Magie<\/a> est un fournisseur de solutions compl\u00e8tes de plafonds et murs-rideaux en aluminium, plus Plafonds en aluminium, bardages architecturaux en aluminium, \u00e9crans de jardin en m\u00e9tal, panneaux de toit pour salles d'exposition en aluminium. d\u00e9coratifs, panneaux de toiture pour salles d'exposition en aluminium Veuillez nous contacter. ou <a href=\"https:\/\/magicaluminum.com\/fr_fr\/nous-contacter\/\">nous contacter<\/a> sur <a href=\"https:\/\/www.tiktok.com\/@xenia3808?_t=8ns415qYud9&amp;_r=1\" target=\"_blank\" rel=\"noopener\">Tiktok<\/a> ou <a href=\"https:\/\/youtube.com\/@magic-tt3yu?si=VsOTJE8H24qlEHCG\" target=\"_blank\" rel=\"noopener\">YouTube<\/a> pour voir d'autres exemples d'ing\u00e9nierie<\/p>","protected":false},"excerpt":{"rendered":"<p>D\u00e9cor aluminium magique [...]<\/p>","protected":false},"featured_media":778,"comment_status":"open","ping_status":"closed","template":"","meta":{"site-sidebar-layout":"default","site-content-layout":"","ast-site-content-layout":"default","site-content-style":"default","site-sidebar-style":"default","ast-global-header-display":"","ast-banner-title-visibility":"","ast-main-header-display":"","ast-hfb-above-header-display":"","ast-hfb-below-header-display":"","ast-hfb-mobile-header-display":"","site-post-title":"","ast-breadcrumbs-content":"","ast-featured-img":"","footer-sml-layout":"","ast-disable-related-posts":"","theme-transparent-header-meta":"default","adv-header-id-meta":"","stick-header-meta":"","header-above-stick-meta":"","header-main-stick-meta":"","header-below-stick-meta":"","astra-migrate-meta-layouts":"set","ast-page-background-enabled":"default","ast-page-background-meta":{"desktop":{"background-color":"var(--ast-global-color-4)","background-image":"","background-repeat":"repeat","background-position":"center center","background-size":"auto","background-attachment":"scroll","background-type":"","background-media":"","overlay-type":"","overlay-color":"","overlay-opacity":"","overlay-gradient":""},"tablet":{"background-color":"","background-image":"","background-repeat":"repeat","background-position":"center center","background-size":"auto","background-attachment":"scroll","background-type":"","background-media":"","overlay-type":"","overlay-color":"","overlay-opacity":"","overlay-gradient":""},"mobile":{"background-color":"","background-image":"","background-repeat":"repeat","background-position":"center center","background-size":"auto","background-attachment":"scroll","background-type":"","background-media":"","overlay-type":"","overlay-color":"","overlay-opacity":"","overlay-gradient":""}},"ast-content-background-meta":{"desktop":{"background-color":"var(--ast-global-color-5)","background-image":"","background-repeat":"repeat","background-position":"center center","background-size":"auto","background-attachment":"scroll","background-type":"","background-media":"","overlay-type":"","overlay-color":"","overlay-opacity":"","overlay-gradient":""},"tablet":{"background-color":"var(--ast-global-color-5)","background-image":"","background-repeat":"repeat","background-position":"center center","background-size":"auto","background-attachment":"scroll","background-type":"","background-media":"","overlay-type":"","overlay-color":"","overlay-opacity":"","overlay-gradient":""},"mobile":{"background-color":"var(--ast-global-color-5)","background-image":"","background-repeat":"repeat","background-position":"center center","background-size":"auto","background-attachment":"scroll","background-type":"","background-media":"","overlay-type":"","overlay-color":"","overlay-opacity":"","overlay-gradient":""}}},"product_brand":[],"product_cat":[50,43],"product_tag":[],"class_list":{"0":"post-774","1":"product","2":"type-product","3":"status-publish","4":"has-post-thumbnail","6":"product_cat-aluminum-decorative-screen","7":"product_cat-aluminum-hollow-panel-series","8":"desktop-align-center","9":"tablet-align-left","10":"mobile-align-left","12":"first","13":"instock","14":"taxable","15":"shipping-taxable","16":"product-type-simple"},"_links":{"self":[{"href":"https:\/\/magicaluminum.com\/fr_fr\/wp-json\/wp\/v2\/product\/774","targetHints":{"allow":["GET"]}}],"collection":[{"href":"https:\/\/magicaluminum.com\/fr_fr\/wp-json\/wp\/v2\/product"}],"about":[{"href":"https:\/\/magicaluminum.com\/fr_fr\/wp-json\/wp\/v2\/types\/product"}],"replies":[{"embeddable":true,"href":"https:\/\/magicaluminum.com\/fr_fr\/wp-json\/wp\/v2\/comments?post=774"}],"wp:featuredmedia":[{"embeddable":true,"href":"https:\/\/magicaluminum.com\/fr_fr\/wp-json\/wp\/v2\/media\/778"}],"wp:attachment":[{"href":"https:\/\/magicaluminum.com\/fr_fr\/wp-json\/wp\/v2\/media?parent=774"}],"wp:term":[{"taxonomy":"product_brand","embeddable":true,"href":"https:\/\/magicaluminum.com\/fr_fr\/wp-json\/wp\/v2\/product_brand?post=774"},{"taxonomy":"product_cat","embeddable":true,"href":"https:\/\/magicaluminum.com\/fr_fr\/wp-json\/wp\/v2\/product_cat?post=774"},{"taxonomy":"product_tag","embeddable":true,"href":"https:\/\/magicaluminum.com\/fr_fr\/wp-json\/wp\/v2\/product_tag?post=774"}],"curies":[{"name":"wp","href":"https:\/\/api.w.org\/{rel}","templated":true}]}}