{"id":790,"date":"2024-08-06T08:41:16","date_gmt":"2024-08-06T08:41:16","guid":{"rendered":"https:\/\/magicaluminum.com\/?post_type=product&#038;p=790"},"modified":"2024-08-06T08:50:59","modified_gmt":"2024-08-06T08:50:59","slug":"pvdf-coating-aluminium-cladding","status":"publish","type":"product","link":"https:\/\/magicaluminum.com\/fr_fr\/produit\/revetement-pvdf-bardage-aluminium\/","title":{"rendered":"t\u00f4les de bardage en aluminium rev\u00eatues de pvdf"},"content":{"rendered":"<div class=\"flex-shrink-0 flex flex-col relative items-end\">\n<div>\n<div class=\"pt-0\">\n<div class=\"gizmo-bot-avatar flex h-8 w-8 items-center justify-center overflow-hidden rounded-full\">\n<div class=\"relative p-1 rounded-sm flex items-center justify-center bg-token-main-surface-primary text-token-text-primary h-8 w-8\"><strong>rev\u00eatement pvdf bardage aluminium caract\u00e9ristiques du produit :<\/strong><\/div>\n<\/div>\n<\/div>\n<\/div>\n<\/div>\n<div class=\"group\/conversation-turn relative flex w-full min-w-0 flex-col agent-turn\">\n<div class=\"flex-col gap-1 md:gap-3\">\n<div class=\"flex flex-grow flex-col max-w-full\">\n<div class=\"min-h-[20px] text-message flex w-full flex-col items-end gap-2 whitespace-pre-wrap break-words [.text-message+&amp;]:mt-5 overflow-x-auto\" dir=\"auto\" data-message-author-role=\"assistant\" data-message-id=\"110de4a8-b163-44c9-b8f3-78484e63d11d\">\n<div class=\"flex w-full flex-col gap-1 empty:hidden first:pt-[3px]\">\n<div class=\"markdown prose w-full break-words dark:prose-invert light\">\n<p><a href=\"https:\/\/magicaluminum.com\/fr_fr\/\">La magie<\/a> Le mur-rideau en placage d'aluminium est fabriqu\u00e9 \u00e0 partir d'aluminium de haute qualit\u00e9 et comporte un rev\u00eatement PVDF durable qui prot\u00e8ge contre les rayons UV, les fluctuations de temp\u00e9rature et l'\u00e9rosion atmosph\u00e9rique. Ce produit pr\u00e9sente une excellente r\u00e9sistance \u00e0 la flexion et au vent, ce qui t\u00e9moigne de son adaptabilit\u00e9 et de son potentiel de d\u00e9veloppement secondaire. Le mur-rideau en placage d'aluminium de Magic offre les caract\u00e9ristiques suivantes.<\/p>\n<ul>\n<li><strong>L\u00e9ger et tr\u00e8s r\u00e9sistant.<\/strong> Malgr\u00e9 sa l\u00e9g\u00e8ret\u00e9, ce placage offre une int\u00e9grit\u00e9 structurelle impressionnante.<\/li>\n<li><strong>Imperm\u00e9able et r\u00e9sistant \u00e0 la corrosion.<\/strong> Il est con\u00e7u pour r\u00e9sister aux conditions m\u00e9t\u00e9orologiques difficiles, ce qui le rend id\u00e9al pour une utilisation \u00e0 long terme.<\/li>\n<li><strong>Ignifuge et anti-pollution.<\/strong> Le mur-rideau est r\u00e9sistant au feu et \u00e0 la pollution, ce qui ajoute une couche suppl\u00e9mentaire de s\u00e9curit\u00e9 et de durabilit\u00e9.<\/li>\n<li><strong>Peu d'entretien et longue dur\u00e9e de vie.<\/strong> Ce produit n\u00e9cessite un entretien minimal, ce qui r\u00e9duit les co\u00fbts d'entretien globaux.<\/li>\n<li><strong>Options de conception polyvalentes.<\/strong> Le placage d'aluminium peut \u00eatre fa\u00e7onn\u00e9 en diff\u00e9rentes courbes et dessins, et sa surface peut \u00eatre peinte en diff\u00e9rentes couleurs pour cr\u00e9er des motifs \u00e9tonnants, ce qui offre une grande libert\u00e9 de cr\u00e9ation et permet aux concepteurs d'obtenir un large \u00e9ventail d'effets esth\u00e9tiques. Cela permet une grande libert\u00e9 de cr\u00e9ation, permettant aux concepteurs d'obtenir un large \u00e9ventail d'effets esth\u00e9tiques. La combinaison avec des murs-rideaux en verre renforce encore l'\u00e9l\u00e9gance et la sophistication du b\u00e2timent, offrant une apparence moderne et noble.<\/li>\n<\/ul>\n<p>Avec ces attributs. <a href=\"https:\/\/magicaluminum.com\/fr_fr\/\">La magie<\/a> Le mur-rideau en placage d'aluminium am\u00e9liore non seulement les performances fonctionnelles d'un b\u00e2timent mais rehausse \u00e9galement son attrait architectural.<\/p>\n<\/div>\n<\/div>\n<\/div>\n<\/div>\n<\/div>\n<\/div>","protected":false},"excerpt":{"rendered":"<p>bardage en aluminium pvdf Convient \u00e0 toutes sortes d'a\u00e9roports, de stations-service, de parkings, de m\u00e9tros, de stades, de centres commerciaux, d'immeubles de bureaux, de bureaux, de lieux de loisirs. lieux de loisirs.<\/p>\n<p>Au <a href=\"https:\/\/magicaluminum.com\/fr_fr\/\">Magie<\/a>Nous utilisons le KYNAR500, une r\u00e9sine de fluorure de polyvinylid\u00e8ne, pour sa r\u00e9sistance exceptionnelle \u00e0 la corrosion et aux intemp\u00e9ries. Nous utilisons le KYNAR500, une r\u00e9sine de fluorure de polyvinylid\u00e8ne, pour sa r\u00e9sistance exceptionnelle \u00e0 la corrosion et aux intemp\u00e9ries. Nos rev\u00eatements fluorocarbon\u00e9s sont g\u00e9n\u00e9ralement appliqu\u00e9s en deux, trois ou quatre couches, offrant une protection exceptionnelle contre les pluies acides, le brouillard salin et divers polluants atmosph\u00e9riques. Les rev\u00eatements fluorocarbon\u00e9s r\u00e9sistent \u00e0 la corrosion et au froid et peuvent supporter une forte exposition aux ultraviolets, ce qui garantit une stabilit\u00e9 et une durabilit\u00e9 durables des couleurs. Nous nous procurons nos rev\u00eatements fluorocarbon\u00e9s de premi\u00e8re qualit\u00e9 aupr\u00e8s de fabricants renomm\u00e9s. Nous nous approvisionnons en mat\u00e9riaux de rev\u00eatement fluorocarbon\u00e9s aupr\u00e8s de fabricants renomm\u00e9s tels que PPG, NDT, AKZO et NIPPO. <a href=\"https:\/\/magicaluminum.com\/fr_fr\/\"><strong>Magie<\/strong><\/a>En outre, nous offrons une large gamme de couleurs magnifiques, permettant \u00e0 nos clients de choisir parmi les plaques de couleurs fournies par le fabricant ou de fournir leurs propres \u00e9chantillons de couleurs pour une finition personnalis\u00e9e. Les clients peuvent \u00e9galement fournir leurs propres \u00e9chantillons pour une finition personnalis\u00e9e.<\/p>","protected":false},"featured_media":791,"comment_status":"open","ping_status":"closed","template":"","meta":{"site-sidebar-layout":"default","site-content-layout":"","ast-site-content-layout":"default","site-content-style":"default","site-sidebar-style":"default","ast-global-header-display":"","ast-banner-title-visibility":"","ast-main-header-display":"","ast-hfb-above-header-display":"","ast-hfb-below-header-display":"","ast-hfb-mobile-header-display":"","site-post-title":"","ast-breadcrumbs-content":"","ast-featured-img":"","footer-sml-layout":"","theme-transparent-header-meta":"default","adv-header-id-meta":"","stick-header-meta":"","header-above-stick-meta":"","header-main-stick-meta":"","header-below-stick-meta":"","astra-migrate-meta-layouts":"set","ast-page-background-enabled":"default","ast-page-background-meta":{"desktop":{"background-color":"var(--ast-global-color-4)","background-image":"","background-repeat":"repeat","background-position":"center center","background-size":"auto","background-attachment":"scroll","background-type":"","background-media":"","overlay-type":"","overlay-color":"","overlay-opacity":"","overlay-gradient":""},"tablet":{"background-color":"","background-image":"","background-repeat":"repeat","background-position":"center center","background-size":"auto","background-attachment":"scroll","background-type":"","background-media":"","overlay-type":"","overlay-color":"","overlay-opacity":"","overlay-gradient":""},"mobile":{"background-color":"","background-image":"","background-repeat":"repeat","background-position":"center center","background-size":"auto","background-attachment":"scroll","background-type":"","background-media":"","overlay-type":"","overlay-color":"","overlay-opacity":"","overlay-gradient":""}},"ast-content-background-meta":{"desktop":{"background-color":"var(--ast-global-color-5)","background-image":"","background-repeat":"repeat","background-position":"center center","background-size":"auto","background-attachment":"scroll","background-type":"","background-media":"","overlay-type":"","overlay-color":"","overlay-opacity":"","overlay-gradient":""},"tablet":{"background-color":"var(--ast-global-color-5)","background-image":"","background-repeat":"repeat","background-position":"center center","background-size":"auto","background-attachment":"scroll","background-type":"","background-media":"","overlay-type":"","overlay-color":"","overlay-opacity":"","overlay-gradient":""},"mobile":{"background-color":"var(--ast-global-color-5)","background-image":"","background-repeat":"repeat","background-position":"center center","background-size":"auto","background-attachment":"scroll","background-type":"","background-media":"","overlay-type":"","overlay-color":"","overlay-opacity":"","overlay-gradient":""}}},"product_brand":[],"product_cat":[30,37],"product_tag":[],"class_list":{"0":"post-790","1":"product","2":"type-product","3":"status-publish","4":"has-post-thumbnail","6":"product_cat-aluminum-veneer-series","7":"product_cat-pvdf-aluminum-veneer","8":"desktop-align-center","9":"tablet-align-left","10":"mobile-align-left","12":"first","13":"onbackorder","14":"taxable","15":"shipping-taxable","16":"purchasable","17":"product-type-simple"},"_links":{"self":[{"href":"https:\/\/magicaluminum.com\/fr_fr\/wp-json\/wp\/v2\/product\/790","targetHints":{"allow":["GET"]}}],"collection":[{"href":"https:\/\/magicaluminum.com\/fr_fr\/wp-json\/wp\/v2\/product"}],"about":[{"href":"https:\/\/magicaluminum.com\/fr_fr\/wp-json\/wp\/v2\/types\/product"}],"replies":[{"embeddable":true,"href":"https:\/\/magicaluminum.com\/fr_fr\/wp-json\/wp\/v2\/comments?post=790"}],"wp:featuredmedia":[{"embeddable":true,"href":"https:\/\/magicaluminum.com\/fr_fr\/wp-json\/wp\/v2\/media\/791"}],"wp:attachment":[{"href":"https:\/\/magicaluminum.com\/fr_fr\/wp-json\/wp\/v2\/media?parent=790"}],"wp:term":[{"taxonomy":"product_brand","embeddable":true,"href":"https:\/\/magicaluminum.com\/fr_fr\/wp-json\/wp\/v2\/product_brand?post=790"},{"taxonomy":"product_cat","embeddable":true,"href":"https:\/\/magicaluminum.com\/fr_fr\/wp-json\/wp\/v2\/product_cat?post=790"},{"taxonomy":"product_tag","embeddable":true,"href":"https:\/\/magicaluminum.com\/fr_fr\/wp-json\/wp\/v2\/product_tag?post=790"}],"curies":[{"name":"wp","href":"https:\/\/api.w.org\/{rel}","templated":true}]}}