{"id":1502,"date":"2024-09-14T09:19:30","date_gmt":"2024-09-14T09:19:30","guid":{"rendered":"https:\/\/magicaluminum.com\/?post_type=product&#038;p=1502"},"modified":"2024-09-14T09:19:30","modified_gmt":"2024-09-14T09:19:30","slug":"aluminum-mesh-panels","status":"publish","type":"product","link":"https:\/\/magicaluminum.com\/it\/prodotto\/pannelli-in-rete-di-alluminio\/","title":{"rendered":"Pannelli a rete in alluminio"},"content":{"rendered":"<p><a href=\"https:\/\/magicaluminum.com\/it\/product-category\/aluminum-hollow-panel-series\/aluminum-mesh-veneer\/\">Pannelli in rete di alluminio<\/a> Quando viene utilizzato per le facciate continue esterne nella decorazione architettonica, la resistenza del suo materiale metallico gli permette di resistere facilmente a condizioni climatiche avverse come le tempeste, consentendogli anche di essere utilizzato come copertura protettiva per l'esterno dell'edificio. Nella decorazione architettonica, la resistenza del suo materiale metallico gli permette di resistere facilmente a condizioni atmosferiche avverse come le tempeste, consentendo al contempo di essere utilizzato come copertura protettiva per l'esterno dell'edificio. Quando viene utilizzata per le facciate continue interne nella decorazione architettonica, la resistenza del suo materiale metallico le permette di resistere facilmente a condizioni atmosferiche avverse come le tempeste, pur essendo di facile manutenzione. Dal punto di vista estetico, la rete assomiglia a un tessuto intrecciato, offrendo un piacere visivo. Se utilizzata per soffitti interni o pareti divisorie, la sua trasparenza e lucentezza uniche aggiungono un ulteriore livello di piacere estetico allo spazio.<\/p>\n<p>L'apertura della maglia di alluminio \u00e8 suddivisa in: 0,5x1mm, 1x2mm, 1,25\u00d72,5mm, 1,5\u00d72,5mm, 1,6\u00d73,2mm, 2x3mm, 3x4mm, 3*5mm, 3*6mm, 4*8mm, 5*10mm, 6*12mm 8*16mm, 10*20mm, 12*25mm, 15*30mm 20x40mm 25x50mm 30x60mm 40x80mm 50x100mm e cos\u00ec via.<\/p>\n<p>&nbsp;<\/p>","protected":false},"excerpt":{"rendered":"<p>I pannelli in rete di alluminio [...]<\/p>","protected":false},"featured_media":1499,"comment_status":"open","ping_status":"closed","template":"","meta":{"site-sidebar-layout":"default","site-content-layout":"","ast-site-content-layout":"default","site-content-style":"default","site-sidebar-style":"default","ast-global-header-display":"","ast-banner-title-visibility":"","ast-main-header-display":"","ast-hfb-above-header-display":"","ast-hfb-below-header-display":"","ast-hfb-mobile-header-display":"","site-post-title":"","ast-breadcrumbs-content":"","ast-featured-img":"","footer-sml-layout":"","ast-disable-related-posts":"","theme-transparent-header-meta":"default","adv-header-id-meta":"","stick-header-meta":"","header-above-stick-meta":"","header-main-stick-meta":"","header-below-stick-meta":"","astra-migrate-meta-layouts":"set","ast-page-background-enabled":"default","ast-page-background-meta":{"desktop":{"background-color":"var(--ast-global-color-4)","background-image":"","background-repeat":"repeat","background-position":"center center","background-size":"auto","background-attachment":"scroll","background-type":"","background-media":"","overlay-type":"","overlay-color":"","overlay-opacity":"","overlay-gradient":""},"tablet":{"background-color":"","background-image":"","background-repeat":"repeat","background-position":"center center","background-size":"auto","background-attachment":"scroll","background-type":"","background-media":"","overlay-type":"","overlay-color":"","overlay-opacity":"","overlay-gradient":""},"mobile":{"background-color":"","background-image":"","background-repeat":"repeat","background-position":"center center","background-size":"auto","background-attachment":"scroll","background-type":"","background-media":"","overlay-type":"","overlay-color":"","overlay-opacity":"","overlay-gradient":""}},"ast-content-background-meta":{"desktop":{"background-color":"var(--ast-global-color-5)","background-image":"","background-repeat":"repeat","background-position":"center center","background-size":"auto","background-attachment":"scroll","background-type":"","background-media":"","overlay-type":"","overlay-color":"","overlay-opacity":"","overlay-gradient":""},"tablet":{"background-color":"var(--ast-global-color-5)","background-image":"","background-repeat":"repeat","background-position":"center center","background-size":"auto","background-attachment":"scroll","background-type":"","background-media":"","overlay-type":"","overlay-color":"","overlay-opacity":"","overlay-gradient":""},"mobile":{"background-color":"var(--ast-global-color-5)","background-image":"","background-repeat":"repeat","background-position":"center center","background-size":"auto","background-attachment":"scroll","background-type":"","background-media":"","overlay-type":"","overlay-color":"","overlay-opacity":"","overlay-gradient":""}}},"product_brand":[],"product_cat":[95],"product_tag":[85],"class_list":{"0":"post-1502","1":"product","2":"type-product","3":"status-publish","4":"has-post-thumbnail","6":"product_cat-aluminum-mesh-veneer","7":"product_tag-aluminum-buildings-curtain-wall","8":"desktop-align-center","9":"tablet-align-left","10":"mobile-align-left","12":"first","13":"instock","14":"sale","15":"taxable","16":"shipping-taxable","17":"purchasable","18":"product-type-simple"},"_links":{"self":[{"href":"https:\/\/magicaluminum.com\/it\/wp-json\/wp\/v2\/product\/1502","targetHints":{"allow":["GET"]}}],"collection":[{"href":"https:\/\/magicaluminum.com\/it\/wp-json\/wp\/v2\/product"}],"about":[{"href":"https:\/\/magicaluminum.com\/it\/wp-json\/wp\/v2\/types\/product"}],"replies":[{"embeddable":true,"href":"https:\/\/magicaluminum.com\/it\/wp-json\/wp\/v2\/comments?post=1502"}],"wp:featuredmedia":[{"embeddable":true,"href":"https:\/\/magicaluminum.com\/it\/wp-json\/wp\/v2\/media\/1499"}],"wp:attachment":[{"href":"https:\/\/magicaluminum.com\/it\/wp-json\/wp\/v2\/media?parent=1502"}],"wp:term":[{"taxonomy":"product_brand","embeddable":true,"href":"https:\/\/magicaluminum.com\/it\/wp-json\/wp\/v2\/product_brand?post=1502"},{"taxonomy":"product_cat","embeddable":true,"href":"https:\/\/magicaluminum.com\/it\/wp-json\/wp\/v2\/product_cat?post=1502"},{"taxonomy":"product_tag","embeddable":true,"href":"https:\/\/magicaluminum.com\/it\/wp-json\/wp\/v2\/product_tag?post=1502"}],"curies":[{"name":"wp","href":"https:\/\/api.w.org\/{rel}","templated":true}]}}