{"id":1506,"date":"2024-09-18T08:41:56","date_gmt":"2024-09-18T08:41:56","guid":{"rendered":"https:\/\/magicaluminum.com\/?post_type=product&#038;p=1506"},"modified":"2025-08-21T16:51:35","modified_gmt":"2025-08-21T08:51:35","slug":"pvdf-coating-aluminum-veneer-sheets","status":"publish","type":"product","link":"https:\/\/magicaluminum.com\/it\/prodotto\/rivestimento-in-pvdf-fogli-di-impiallacciatura-in-alluminio\/","title":{"rendered":"rivestimento in pvdf fogli di impiallacciatura in alluminio"},"content":{"rendered":"<p>Il rivestimento magico in PVDF dell'impiallacciatura di alluminio si riferisce a materiali per la decorazione di edifici lavorati con tecniche di cromatizzazione e spruzzatura di fluorocarburi. Il rivestimento al fluorocarbonio utilizza principalmente la resina di fluoruro di polivinilidene (KANAR500), con un sistema di rivestimento a tre strati composto da primer, finitura e vernice trasparente. e trasparente.<\/p>\n<p>La struttura del pannello di alluminio \u00e8 costituita principalmente dal pannello frontale, dalle nervature di rinforzo e dai codici degli angoli. Le dimensioni massime di formatura possono raggiungere gli 8000 mm \u00d7 1800 mm. Il processo di rivestimento \u00e8 tipicamente a due mani e una cottura o a tre mani e due cotture, in conformit\u00e0 agli standard AAMA2605-98 stabiliti dall'American Architectural Manufacturers Association (AAMA) e dall'American Subcontractors Association. Il processo di rivestimento \u00e8 tipicamente a due mani e una cottura o a tre mani e due cotture, in conformit\u00e0 agli standard AAMA2605-98 stabiliti dall'American Architectural Manufacturers Association (AAMA) e dall'American Subcontractors Association (ASCA).<\/p>\n<p><strong>Spessori standard.<\/strong> 1,5 mm, 2,0 mm, 2,5 mm, 3,0 mm<br \/>\n<strong>Dimensioni comuni.<\/strong> 600 x<em>600 mm, 600\u00d7<\/em>1200 mm<\/p>\n<p><script src=\"chrome-extension:\/\/fpelahbljekknahkcaegamhcndkfpfnc\/iFrame.js\" type=\"text\/javascript\"><\/script><\/p>","protected":false},"excerpt":{"rendered":"<p>Il rivestimento magico in PVDF [...]<\/p>","protected":false},"featured_media":1508,"comment_status":"open","ping_status":"closed","template":"","meta":{"site-sidebar-layout":"default","site-content-layout":"","ast-site-content-layout":"default","site-content-style":"default","site-sidebar-style":"default","ast-global-header-display":"","ast-banner-title-visibility":"","ast-main-header-display":"","ast-hfb-above-header-display":"","ast-hfb-below-header-display":"","ast-hfb-mobile-header-display":"","site-post-title":"","ast-breadcrumbs-content":"","ast-featured-img":"","footer-sml-layout":"","theme-transparent-header-meta":"default","adv-header-id-meta":"","stick-header-meta":"","header-above-stick-meta":"","header-main-stick-meta":"","header-below-stick-meta":"","astra-migrate-meta-layouts":"set","ast-page-background-enabled":"default","ast-page-background-meta":{"desktop":{"background-color":"var(--ast-global-color-4)","background-image":"","background-repeat":"repeat","background-position":"center center","background-size":"auto","background-attachment":"scroll","background-type":"","background-media":"","overlay-type":"","overlay-color":"","overlay-opacity":"","overlay-gradient":""},"tablet":{"background-color":"","background-image":"","background-repeat":"repeat","background-position":"center center","background-size":"auto","background-attachment":"scroll","background-type":"","background-media":"","overlay-type":"","overlay-color":"","overlay-opacity":"","overlay-gradient":""},"mobile":{"background-color":"","background-image":"","background-repeat":"repeat","background-position":"center center","background-size":"auto","background-attachment":"scroll","background-type":"","background-media":"","overlay-type":"","overlay-color":"","overlay-opacity":"","overlay-gradient":""}},"ast-content-background-meta":{"desktop":{"background-color":"var(--ast-global-color-5)","background-image":"","background-repeat":"repeat","background-position":"center center","background-size":"auto","background-attachment":"scroll","background-type":"","background-media":"","overlay-type":"","overlay-color":"","overlay-opacity":"","overlay-gradient":""},"tablet":{"background-color":"var(--ast-global-color-5)","background-image":"","background-repeat":"repeat","background-position":"center center","background-size":"auto","background-attachment":"scroll","background-type":"","background-media":"","overlay-type":"","overlay-color":"","overlay-opacity":"","overlay-gradient":""},"mobile":{"background-color":"var(--ast-global-color-5)","background-image":"","background-repeat":"repeat","background-position":"center center","background-size":"auto","background-attachment":"scroll","background-type":"","background-media":"","overlay-type":"","overlay-color":"","overlay-opacity":"","overlay-gradient":""}}},"product_brand":[],"product_cat":[37],"product_tag":[85],"class_list":{"0":"post-1506","1":"product","2":"type-product","3":"status-publish","4":"has-post-thumbnail","6":"product_cat-pvdf-aluminum-veneer","7":"product_tag-aluminum-buildings-curtain-wall","8":"desktop-align-center","9":"tablet-align-left","10":"mobile-align-left","12":"first","13":"instock","14":"sale","15":"taxable","16":"shipping-taxable","17":"purchasable","18":"product-type-simple"},"_links":{"self":[{"href":"https:\/\/magicaluminum.com\/it\/wp-json\/wp\/v2\/product\/1506","targetHints":{"allow":["GET"]}}],"collection":[{"href":"https:\/\/magicaluminum.com\/it\/wp-json\/wp\/v2\/product"}],"about":[{"href":"https:\/\/magicaluminum.com\/it\/wp-json\/wp\/v2\/types\/product"}],"replies":[{"embeddable":true,"href":"https:\/\/magicaluminum.com\/it\/wp-json\/wp\/v2\/comments?post=1506"}],"wp:featuredmedia":[{"embeddable":true,"href":"https:\/\/magicaluminum.com\/it\/wp-json\/wp\/v2\/media\/1508"}],"wp:attachment":[{"href":"https:\/\/magicaluminum.com\/it\/wp-json\/wp\/v2\/media?parent=1506"}],"wp:term":[{"taxonomy":"product_brand","embeddable":true,"href":"https:\/\/magicaluminum.com\/it\/wp-json\/wp\/v2\/product_brand?post=1506"},{"taxonomy":"product_cat","embeddable":true,"href":"https:\/\/magicaluminum.com\/it\/wp-json\/wp\/v2\/product_cat?post=1506"},{"taxonomy":"product_tag","embeddable":true,"href":"https:\/\/magicaluminum.com\/it\/wp-json\/wp\/v2\/product_tag?post=1506"}],"curies":[{"name":"wp","href":"https:\/\/api.w.org\/{rel}","templated":true}]}}