{"id":1512,"date":"2024-09-19T03:19:00","date_gmt":"2024-09-19T03:19:00","guid":{"rendered":"https:\/\/magicaluminum.com\/?post_type=product&#038;p=1512"},"modified":"2024-09-19T03:19:00","modified_gmt":"2024-09-19T03:19:00","slug":"stone-grain-aluminum-veneer","status":"publish","type":"product","link":"https:\/\/magicaluminum.com\/it\/prodotto\/impiallacciatura-in-alluminio-con-venature-di-pietra\/","title":{"rendered":"rivestimento esterno in pietra rivestimento in alluminio"},"content":{"rendered":"<p>La pietra con texture naturale, texture avanzata \u00e8 amata dalla maggior parte dei proprietari e dei designer, ma essendo una risorsa non rinnovabile, sempre pi\u00f9 persone prestano attenzione all'uso razionale della pietra, al fine di ridurre il consumo eccessivo di risorse terrestri. La nascita dell'impiallacciatura in alluminio a imitazione della pietra compensa i difetti di molte pietre e pu\u00f2 avere un effetto decorativo. compensa i difetti di molte pietre e pu\u00f2 avere l'effetto decorativo della pietra senza consumare risorse, una scelta di alta qualit\u00e0 per il design di interni ed esterni. design per interni ed esterni<\/p>\n<p>Il processo di produzione dell'impiallacciatura in alluminio con venatura a pietra prevede principalmente il rivestimento, che si divide in due processi: uno \u00e8 il rivestimento a rullo con fluorocarburi e l'altro \u00e8 il rivestimento a spruzzo con fluorocarburi. Il rivestimento si divide in due processi: uno \u00e8 il rivestimento a rullo con fluorocarburi e l'altro \u00e8 il rivestimento a spruzzo con fluorocarburi. Il processo di lavorazione della lamiera prima del rivestimento \u00e8 fondamentalmente simile e consiste principalmente di Il processo di lavorazione della lamiera prima del rivestimento \u00e8 sostanzialmente simile e consiste principalmente nel taglio, nella punzonatura, nella piegatura, nella curvatura, nella saldatura, nella smerigliatura, ecc. I pannelli di alluminio vengono trasformati nelle forme e nelle dimensioni richieste per la costruzione, quindi viene eseguito il processo di rivestimento corrispondente in base al processo.<br \/>\nPannelli in alluminio tipo pietra: 1,5~3,0 mm: 130~260 yuan\/\u33a1, trattamento superficiale: verniciatura a spruzzo della struttura della pietra<br \/>\nSpruzzatura di texture in pietra di pannelli in alluminio: 1,5~3,0 mm: 130~300 yuan\/\u33a1, trattamento superficiale: spruzzatura di texture in pietra a tre strati in fluorocarbonio<\/p>","protected":false},"excerpt":{"rendered":"<p>Pietra con t [...]<\/p>","protected":false},"featured_media":1347,"comment_status":"open","ping_status":"closed","template":"","meta":{"site-sidebar-layout":"default","site-content-layout":"","ast-site-content-layout":"default","site-content-style":"default","site-sidebar-style":"default","ast-global-header-display":"","ast-banner-title-visibility":"","ast-main-header-display":"","ast-hfb-above-header-display":"","ast-hfb-below-header-display":"","ast-hfb-mobile-header-display":"","site-post-title":"","ast-breadcrumbs-content":"","ast-featured-img":"","footer-sml-layout":"","theme-transparent-header-meta":"default","adv-header-id-meta":"","stick-header-meta":"","header-above-stick-meta":"","header-main-stick-meta":"","header-below-stick-meta":"","astra-migrate-meta-layouts":"set","ast-page-background-enabled":"default","ast-page-background-meta":{"desktop":{"background-color":"var(--ast-global-color-4)","background-image":"","background-repeat":"repeat","background-position":"center center","background-size":"auto","background-attachment":"scroll","background-type":"","background-media":"","overlay-type":"","overlay-color":"","overlay-opacity":"","overlay-gradient":""},"tablet":{"background-color":"","background-image":"","background-repeat":"repeat","background-position":"center center","background-size":"auto","background-attachment":"scroll","background-type":"","background-media":"","overlay-type":"","overlay-color":"","overlay-opacity":"","overlay-gradient":""},"mobile":{"background-color":"","background-image":"","background-repeat":"repeat","background-position":"center center","background-size":"auto","background-attachment":"scroll","background-type":"","background-media":"","overlay-type":"","overlay-color":"","overlay-opacity":"","overlay-gradient":""}},"ast-content-background-meta":{"desktop":{"background-color":"var(--ast-global-color-5)","background-image":"","background-repeat":"repeat","background-position":"center center","background-size":"auto","background-attachment":"scroll","background-type":"","background-media":"","overlay-type":"","overlay-color":"","overlay-opacity":"","overlay-gradient":""},"tablet":{"background-color":"var(--ast-global-color-5)","background-image":"","background-repeat":"repeat","background-position":"center center","background-size":"auto","background-attachment":"scroll","background-type":"","background-media":"","overlay-type":"","overlay-color":"","overlay-opacity":"","overlay-gradient":""},"mobile":{"background-color":"var(--ast-global-color-5)","background-image":"","background-repeat":"repeat","background-position":"center center","background-size":"auto","background-attachment":"scroll","background-type":"","background-media":"","overlay-type":"","overlay-color":"","overlay-opacity":"","overlay-gradient":""}}},"product_brand":[],"product_cat":[38],"product_tag":[],"class_list":{"0":"post-1512","1":"product","2":"type-product","3":"status-publish","4":"has-post-thumbnail","6":"product_cat-stone-grain-aluminum-veneer","7":"desktop-align-center","8":"tablet-align-left","9":"mobile-align-left","11":"first","12":"instock","13":"taxable","14":"shipping-taxable","15":"product-type-simple"},"_links":{"self":[{"href":"https:\/\/magicaluminum.com\/it\/wp-json\/wp\/v2\/product\/1512","targetHints":{"allow":["GET"]}}],"collection":[{"href":"https:\/\/magicaluminum.com\/it\/wp-json\/wp\/v2\/product"}],"about":[{"href":"https:\/\/magicaluminum.com\/it\/wp-json\/wp\/v2\/types\/product"}],"replies":[{"embeddable":true,"href":"https:\/\/magicaluminum.com\/it\/wp-json\/wp\/v2\/comments?post=1512"}],"wp:featuredmedia":[{"embeddable":true,"href":"https:\/\/magicaluminum.com\/it\/wp-json\/wp\/v2\/media\/1347"}],"wp:attachment":[{"href":"https:\/\/magicaluminum.com\/it\/wp-json\/wp\/v2\/media?parent=1512"}],"wp:term":[{"taxonomy":"product_brand","embeddable":true,"href":"https:\/\/magicaluminum.com\/it\/wp-json\/wp\/v2\/product_brand?post=1512"},{"taxonomy":"product_cat","embeddable":true,"href":"https:\/\/magicaluminum.com\/it\/wp-json\/wp\/v2\/product_cat?post=1512"},{"taxonomy":"product_tag","embeddable":true,"href":"https:\/\/magicaluminum.com\/it\/wp-json\/wp\/v2\/product_tag?post=1512"}],"curies":[{"name":"wp","href":"https:\/\/api.w.org\/{rel}","templated":true}]}}