{"id":1877,"date":"2024-10-23T09:34:40","date_gmt":"2024-10-23T09:34:40","guid":{"rendered":"https:\/\/magicaluminum.com\/?post_type=product&#038;p=1877"},"modified":"2024-11-09T09:30:06","modified_gmt":"2024-11-09T09:30:06","slug":"prefab-custom-eco-capsule-house-e5","status":"publish","type":"product","link":"https:\/\/magicaluminum.com\/it\/prodotto\/casa-prefabbricata-a-capsula-ecologica-personalizzata-e5\/","title":{"rendered":"Mingic prefabbricato personalizzato eco casa capsula casa mobile cabina, una casa capsula intelligente portatile"},"content":{"rendered":"<p>L'E5 di Mingic \u00e8 una capsula spaziale molto popolare che pu\u00f2 soddisfare le vostre esigenze di una casa prefabbricata eco-capsula personalizzata. L'E5 \u00e8 dotato di un sistema di casa intelligente, con una disposizione interna che segue il classico design del letto king-size di un hotel, un bagno separato umido e asciutto, un ampio lavabo e un bagno ecologico. L'E5 \u00e8 dotato di un sistema domestico intelligente, con una disposizione interna che segue il classico design del letto king-size di un hotel, un bagno separato umido e asciutto, un ampio lavabo e un bagno ecologico. L'E5 \u00e8 dotato di un sistema domestico intelligente, con una disposizione interna che segue il classico design del letto king-size degli hotel, un bagno separato umido e asciutto, uno spazioso lavabo e un balcone panoramico ultra ampio che porta la bellezza della natura a portata di mano.<\/p>\n<h4>casa capsula e5-piatto<\/h4>\n<p><img fetchpriority=\"high\" decoding=\"async\" class=\"alignnone size-medium wp-image-2052\" src=\"https:\/\/magicaluminum.com\/wp-content\/uploads\/2024\/10\/E5-2-300x212.webp\" alt=\"\" width=\"300\" height=\"212\" srcset=\"https:\/\/magicaluminum.com\/wp-content\/uploads\/2024\/10\/E5-2-300x212.webp 300w, https:\/\/magicaluminum.com\/wp-content\/uploads\/2024\/10\/E5-2-1024x724.webp 1024w, https:\/\/magicaluminum.com\/wp-content\/uploads\/2024\/10\/E5-2-768x543.webp 768w, https:\/\/magicaluminum.com\/wp-content\/uploads\/2024\/10\/E5-2-1536x1086.webp 1536w, https:\/\/magicaluminum.com\/wp-content\/uploads\/2024\/10\/E5-2-2048x1448.webp 2048w, https:\/\/magicaluminum.com\/wp-content\/uploads\/2024\/10\/E5-2-18x12.webp 18w, https:\/\/magicaluminum.com\/wp-content\/uploads\/2024\/10\/E5-2-600x424.webp 600w\" sizes=\"(max-width: 300px) 100vw, 300px\" \/><\/p>\n<h4>piano della casa della capsula spaziale E5<\/h4>\n<p><img decoding=\"async\" class=\"alignnone size-medium wp-image-2050\" src=\"https:\/\/magicaluminum.com\/wp-content\/uploads\/2024\/10\/E52-300x221.webp\" alt=\"\" width=\"300\" height=\"221\" srcset=\"https:\/\/magicaluminum.com\/wp-content\/uploads\/2024\/10\/E52-300x221.webp 300w, https:\/\/magicaluminum.com\/wp-content\/uploads\/2024\/10\/E52-1024x754.webp 1024w, https:\/\/magicaluminum.com\/wp-content\/uploads\/2024\/10\/E52-768x565.webp 768w, https:\/\/magicaluminum.com\/wp-content\/uploads\/2024\/10\/E52-16x12.webp 16w, https:\/\/magicaluminum.com\/wp-content\/uploads\/2024\/10\/E52-600x442.webp 600w, https:\/\/magicaluminum.com\/wp-content\/uploads\/2024\/10\/E52.webp 1189w\" sizes=\"(max-width: 300px) 100vw, 300px\" \/><\/p>","protected":false},"excerpt":{"rendered":"<p>Il Mingic E5 \u00e8 una macchina [...]<\/p>","protected":false},"featured_media":2051,"comment_status":"open","ping_status":"closed","template":"","meta":{"site-sidebar-layout":"default","site-content-layout":"","ast-site-content-layout":"default","site-content-style":"default","site-sidebar-style":"default","ast-global-header-display":"","ast-banner-title-visibility":"","ast-main-header-display":"","ast-hfb-above-header-display":"","ast-hfb-below-header-display":"","ast-hfb-mobile-header-display":"","site-post-title":"","ast-breadcrumbs-content":"","ast-featured-img":"","footer-sml-layout":"","ast-disable-related-posts":"","theme-transparent-header-meta":"default","adv-header-id-meta":"","stick-header-meta":"","header-above-stick-meta":"","header-main-stick-meta":"","header-below-stick-meta":"","astra-migrate-meta-layouts":"set","ast-page-background-enabled":"default","ast-page-background-meta":{"desktop":{"background-color":"var(--ast-global-color-4)","background-image":"","background-repeat":"repeat","background-position":"center center","background-size":"auto","background-attachment":"scroll","background-type":"","background-media":"","overlay-type":"","overlay-color":"","overlay-opacity":"","overlay-gradient":""},"tablet":{"background-color":"","background-image":"","background-repeat":"repeat","background-position":"center center","background-size":"auto","background-attachment":"scroll","background-type":"","background-media":"","overlay-type":"","overlay-color":"","overlay-opacity":"","overlay-gradient":""},"mobile":{"background-color":"","background-image":"","background-repeat":"repeat","background-position":"center center","background-size":"auto","background-attachment":"scroll","background-type":"","background-media":"","overlay-type":"","overlay-color":"","overlay-opacity":"","overlay-gradient":""}},"ast-content-background-meta":{"desktop":{"background-color":"var(--ast-global-color-5)","background-image":"","background-repeat":"repeat","background-position":"center center","background-size":"auto","background-attachment":"scroll","background-type":"","background-media":"","overlay-type":"","overlay-color":"","overlay-opacity":"","overlay-gradient":""},"tablet":{"background-color":"var(--ast-global-color-5)","background-image":"","background-repeat":"repeat","background-position":"center center","background-size":"auto","background-attachment":"scroll","background-type":"","background-media":"","overlay-type":"","overlay-color":"","overlay-opacity":"","overlay-gradient":""},"mobile":{"background-color":"var(--ast-global-color-5)","background-image":"","background-repeat":"repeat","background-position":"center center","background-size":"auto","background-attachment":"scroll","background-type":"","background-media":"","overlay-type":"","overlay-color":"","overlay-opacity":"","overlay-gradient":""}}},"product_brand":[],"product_cat":[71],"product_tag":[],"class_list":{"0":"post-1877","1":"product","2":"type-product","3":"status-publish","4":"has-post-thumbnail","6":"product_cat-capsule-house","7":"desktop-align-center","8":"tablet-align-left","9":"mobile-align-left","11":"first","12":"instock","13":"sale","14":"taxable","15":"shipping-taxable","16":"purchasable","17":"product-type-simple"},"_links":{"self":[{"href":"https:\/\/magicaluminum.com\/it\/wp-json\/wp\/v2\/product\/1877","targetHints":{"allow":["GET"]}}],"collection":[{"href":"https:\/\/magicaluminum.com\/it\/wp-json\/wp\/v2\/product"}],"about":[{"href":"https:\/\/magicaluminum.com\/it\/wp-json\/wp\/v2\/types\/product"}],"replies":[{"embeddable":true,"href":"https:\/\/magicaluminum.com\/it\/wp-json\/wp\/v2\/comments?post=1877"}],"wp:featuredmedia":[{"embeddable":true,"href":"https:\/\/magicaluminum.com\/it\/wp-json\/wp\/v2\/media\/2051"}],"wp:attachment":[{"href":"https:\/\/magicaluminum.com\/it\/wp-json\/wp\/v2\/media?parent=1877"}],"wp:term":[{"taxonomy":"product_brand","embeddable":true,"href":"https:\/\/magicaluminum.com\/it\/wp-json\/wp\/v2\/product_brand?post=1877"},{"taxonomy":"product_cat","embeddable":true,"href":"https:\/\/magicaluminum.com\/it\/wp-json\/wp\/v2\/product_cat?post=1877"},{"taxonomy":"product_tag","embeddable":true,"href":"https:\/\/magicaluminum.com\/it\/wp-json\/wp\/v2\/product_tag?post=1877"}],"curies":[{"name":"wp","href":"https:\/\/api.w.org\/{rel}","templated":true}]}}