{"id":728,"date":"2024-08-02T09:22:08","date_gmt":"2024-08-02T09:22:08","guid":{"rendered":"https:\/\/magicaluminum.com\/?post_type=product&#038;p=728"},"modified":"2024-08-03T02:31:41","modified_gmt":"2024-08-03T02:31:41","slug":"decorative-aluminium-garden-screens","status":"publish","type":"product","link":"https:\/\/magicaluminum.com\/it\/prodotto\/schermi-decorativi-da-giardino-in-alluminio\/","title":{"rendered":"metallo tagliato fuori schermi decorativi in alluminio per recinzioni da giardino"},"content":{"rendered":"<h2>Trasformate il vostro spazio all'aperto con gli schermi da giardino in alluminio di Magic<\/h2>\n<p>Nell'odierno mondo del design per esterni, le zanzariere da giardino in alluminio sono diventate un punto fermo per creare spazi esterni belli e funzionali. <strong>Magia<\/strong> \u00e8 all'avanguardia in questa tendenza, offrendo prodotti di alta qualit\u00e0. <strong>schermi decorativi da giardino in metallo<\/strong> Le nostre zanzariere da giardino in alluminio sono progettate per migliorare l'aspetto estetico del vostro giardino, fornendo al contempo privacy e sicurezza. Le nostre zanzariere da giardino in alluminio sono progettate per migliorare l'aspetto estetico del vostro giardino, garantendo al contempo privacy e sicurezza.<\/p>\n<h3>I vantaggi degli schermi da giardino in alluminio<\/h3>\n<p>L'alluminio \u00e8 un materiale leggero ma resistente, che lo rende una scelta eccellente per le decorazioni esterne. <a href=\"https:\/\/magicaluminum.com\/it\/product-category\/aluminum-hollow-panel-series\/aluminum-decorative-screen\/\"><strong>Magia<\/strong>'s <strong>schermi da giardino in metallo ritagliati<\/strong> <\/a>Le propriet\u00e0 antiruggine e anticorrosione dell'alluminio garantiscono che le vostre zanzariere da giardino mantengano la loro bellezza e funzionalit\u00e0 nel tempo, richiedendo uno sforzo minimo. Le propriet\u00e0 antiruggine e anticorrosione dell'alluminio assicurano che i vostri paraventi da giardino manterranno la loro bellezza e funzionalit\u00e0 nel tempo, richiedendo una manutenzione minima. manutenzione.<\/p>\n<h4>Design innovativo e versatilit\u00e0<\/h4>\n<p>A <strong>Magia<\/strong>Sia che preferiate disegni geometrici moderni o motivi classici, vi offriamo un'ampia gamma di modelli raffinati per soddisfare gusti e preferenze diverse. il nostro team di designer \u00e8 in grado di creare <strong>schermi di recinzione decorativi<\/strong> La nostra avanzata tecnologia di taglio del metallo consente di creare modelli intricati e precisi, trasformando ogni schermo in un'opera d'arte. in un'opera d'arte.<\/p>\n<p><strong>Schermi da giardino in metallo decorativi<\/strong> possono essere utilizzati in vari contesti del giardino, come recinzioni, pareti divisorie, pareti divisorie o graticci per le piante. altri elementi del giardino, i nostri paraventi aggiungono profondit\u00e0 e raffinatezza al progetto del vostro giardino.<\/p>\n<h3>Applicazioni pratiche e vantaggi<\/h3>\n<p><strong>Magia<\/strong>Le zanzariere da giardino in alluminio offrono un'ampia gamma di applicazioni che vanno al di l\u00e0 del loro aspetto decorativo. Alcuni usi pratici includono.<\/p>\n<ol>\n<li><strong>Protezione della privacy<\/strong>I nostri schermi possono bloccare efficacemente le viste indesiderate, creando uno spazio esterno appartato nel vostro patio o giardino.<\/li>\n<li><strong>Divisione Spazio<\/strong>Utilizzare schermi per suddividere aree pi\u00f9 ampie in zone funzionali, come zone pranzo e relax, migliorando la disposizione e la fruibilit\u00e0 del giardino. fruibilit\u00e0.<\/li>\n<li><strong>Frangivento<\/strong>Nelle zone ventose, i nostri schermi possono costituire una barriera per proteggere le piante e creare un ambiente esterno pi\u00f9 confortevole.<\/li>\n<li><strong>Decorazione del fondale<\/strong>Come sfondo decorativo, i paraventi in alluminio possono essere abbinati alle piante per creare un effetto visivo unico che migliora l'estetica complessiva del giardino. .<\/li>\n<\/ol>\n<h3>Sostenibilit\u00e0 ambientale<\/h3>\n<p><strong>Magia<\/strong> Le nostre zanzariere da giardino in alluminio sono riciclabili 100%, a testimonianza del nostro impegno per la riduzione dell'impatto ambientale. Le nostre zanzariere da giardino in alluminio sono riciclabili 100%, a testimonianza del nostro impegno a ridurre l'impatto ambientale e a garantire prodotti di alta qualit\u00e0. Scegliendo l'alluminio come materiale principale, contribuiamo a pratiche ecologiche senza compromettere l'eccellenza dei prodotti.<\/p>\n<h3>Soddisfazione del cliente e servizio<\/h3>\n<p>La soddisfazione del cliente \u00e8 la nostra massima priorit\u00e0. <a href=\"https:\/\/magicaluminum.com\/it\/\"><strong>Magia<\/strong><\/a> offre servizi completi di pre-vendita e post-vendita, tra cui la consulenza per la progettazione, la guida all'installazione e la consulenza per la manutenzione. \u00e8 a disposizione per aiutarvi a scegliere i prodotti perfetti per creare il vostro spazio esterno ideale.<\/p>\n<h3>Conclusione<\/h3>\n<p><a href=\"https:\/\/magicaluminum.com\/it\/\"><strong>Magia<\/strong>'s<\/a> Le zanzariere da giardino in alluminio sono la soluzione perfetta per migliorare la bellezza e la funzionalit\u00e0 degli spazi esterni. Che siate alla ricerca di opzioni decorative, per migliorare la privacy o per dividere lo spazio, i nostri prodotti daranno un tocco di eleganza e raffinatezza al vostro giardino. Scegliete tra un'ampia gamma di paraventi da giardino in alluminio per soddisfare le vostre esigenze. <a href=\"https:\/\/magicaluminum.com\/it\/\"><strong>Magia<\/strong><\/a> per migliorare la vostra esperienza di vita all'aperto con i nostri splendidi paraventi da giardino in alluminio.<\/p>\n<p>Per saperne di pi\u00f9 <a href=\"https:\/\/magicaluminum.com\/it\/product-category\/aluminum-hollow-panel-series\/aluminum-decorative-screen\/\">schermo decorativo in alluminio<\/a> Per il giardino, potete seguirci su <a href=\"https:\/\/www.tiktok.com\/@xenia3808?_t=8ns415qYud9&amp;_r=1\" target=\"_blank\" rel=\"noopener\">Tiktok<\/a> e <a href=\"https:\/\/youtube.com\/@magic-tt3yu?si=VsOTJE8H24qlEHCG\" target=\"_blank\" rel=\"noopener\">YouTube<\/a><\/p>","protected":false},"excerpt":{"rendered":"<p>Trasformate il vostro outdo [...]<\/p>","protected":false},"featured_media":722,"comment_status":"open","ping_status":"closed","template":"","meta":{"site-sidebar-layout":"default","site-content-layout":"","ast-site-content-layout":"default","site-content-style":"default","site-sidebar-style":"default","ast-global-header-display":"","ast-banner-title-visibility":"","ast-main-header-display":"","ast-hfb-above-header-display":"","ast-hfb-below-header-display":"","ast-hfb-mobile-header-display":"","site-post-title":"","ast-breadcrumbs-content":"","ast-featured-img":"","footer-sml-layout":"","ast-disable-related-posts":"","theme-transparent-header-meta":"default","adv-header-id-meta":"","stick-header-meta":"","header-above-stick-meta":"","header-main-stick-meta":"","header-below-stick-meta":"","astra-migrate-meta-layouts":"set","ast-page-background-enabled":"default","ast-page-background-meta":{"desktop":{"background-color":"var(--ast-global-color-4)","background-image":"","background-repeat":"repeat","background-position":"center center","background-size":"auto","background-attachment":"scroll","background-type":"","background-media":"","overlay-type":"","overlay-color":"","overlay-opacity":"","overlay-gradient":""},"tablet":{"background-color":"","background-image":"","background-repeat":"repeat","background-position":"center center","background-size":"auto","background-attachment":"scroll","background-type":"","background-media":"","overlay-type":"","overlay-color":"","overlay-opacity":"","overlay-gradient":""},"mobile":{"background-color":"","background-image":"","background-repeat":"repeat","background-position":"center center","background-size":"auto","background-attachment":"scroll","background-type":"","background-media":"","overlay-type":"","overlay-color":"","overlay-opacity":"","overlay-gradient":""}},"ast-content-background-meta":{"desktop":{"background-color":"var(--ast-global-color-5)","background-image":"","background-repeat":"repeat","background-position":"center center","background-size":"auto","background-attachment":"scroll","background-type":"","background-media":"","overlay-type":"","overlay-color":"","overlay-opacity":"","overlay-gradient":""},"tablet":{"background-color":"var(--ast-global-color-5)","background-image":"","background-repeat":"repeat","background-position":"center center","background-size":"auto","background-attachment":"scroll","background-type":"","background-media":"","overlay-type":"","overlay-color":"","overlay-opacity":"","overlay-gradient":""},"mobile":{"background-color":"var(--ast-global-color-5)","background-image":"","background-repeat":"repeat","background-position":"center center","background-size":"auto","background-attachment":"scroll","background-type":"","background-media":"","overlay-type":"","overlay-color":"","overlay-opacity":"","overlay-gradient":""}}},"product_brand":[],"product_cat":[50,43],"product_tag":[],"class_list":{"0":"post-728","1":"product","2":"type-product","3":"status-publish","4":"has-post-thumbnail","6":"product_cat-aluminum-decorative-screen","7":"product_cat-aluminum-hollow-panel-series","8":"desktop-align-center","9":"tablet-align-left","10":"mobile-align-left","12":"first","13":"instock","14":"taxable","15":"shipping-taxable","16":"product-type-simple"},"_links":{"self":[{"href":"https:\/\/magicaluminum.com\/it\/wp-json\/wp\/v2\/product\/728","targetHints":{"allow":["GET"]}}],"collection":[{"href":"https:\/\/magicaluminum.com\/it\/wp-json\/wp\/v2\/product"}],"about":[{"href":"https:\/\/magicaluminum.com\/it\/wp-json\/wp\/v2\/types\/product"}],"replies":[{"embeddable":true,"href":"https:\/\/magicaluminum.com\/it\/wp-json\/wp\/v2\/comments?post=728"}],"wp:featuredmedia":[{"embeddable":true,"href":"https:\/\/magicaluminum.com\/it\/wp-json\/wp\/v2\/media\/722"}],"wp:attachment":[{"href":"https:\/\/magicaluminum.com\/it\/wp-json\/wp\/v2\/media?parent=728"}],"wp:term":[{"taxonomy":"product_brand","embeddable":true,"href":"https:\/\/magicaluminum.com\/it\/wp-json\/wp\/v2\/product_brand?post=728"},{"taxonomy":"product_cat","embeddable":true,"href":"https:\/\/magicaluminum.com\/it\/wp-json\/wp\/v2\/product_cat?post=728"},{"taxonomy":"product_tag","embeddable":true,"href":"https:\/\/magicaluminum.com\/it\/wp-json\/wp\/v2\/product_tag?post=728"}],"curies":[{"name":"wp","href":"https:\/\/api.w.org\/{rel}","templated":true}]}}