{"id":774,"date":"2024-08-03T07:23:20","date_gmt":"2024-08-03T07:23:20","guid":{"rendered":"https:\/\/magicaluminum.com\/?post_type=product&#038;p=774"},"modified":"2024-08-03T08:04:25","modified_gmt":"2024-08-03T08:04:25","slug":"metal-garden-screens-decorative","status":"publish","type":"product","link":"https:\/\/magicaluminum.com\/it\/prodotto\/schermi-da-giardino-in-metallo-decorativi\/","title":{"rendered":"schermi ornamentali da giardino tagliati al laser in metallo"},"content":{"rendered":"<p><a href=\"https:\/\/magicaluminum.com\/it\/\">Materiali per la decorazione dell'alluminio magico<\/a> pu\u00f2 concentrarsi sulla produzione di schermi da giardino in metallo decorativi in base alla domanda del cliente per schermi da giardino in metallo decorativi esperienza di oltre 10 anni<\/p>\n<p>In qualit\u00e0 di produttore leader di schermi da giardino tagliati al laser, Magic \u00e8 specializzata nella creazione di schermi da giardino decorativi in metallo di alta qualit\u00e0, che valorizzano qualsiasi giardino. La nostra esperienza consiste nel realizzare progetti su misura che combinano estetica e funzionalit\u00e0, garantendo che i nostri prodotti non solo abbelliscano, ma offrano anche privacy e sicurezza. abbelliscono ma garantiscono anche privacy e sicurezza.<\/p>\n<p>I nostri schermi ornamentali da giardino sono progettati meticolosamente utilizzando una tecnologia di taglio laser avanzata, che ci permette di produrre modelli intricati che si adattano a una variet\u00e0 di stili e preferenze. I nostri paraventi ornamentali da giardino sono progettati meticolosamente con l'ausilio di un'avanzata tecnologia di taglio laser, che ci permette di produrre modelli intricati che si adattano a una variet\u00e0 di stili e preferenze. <a href=\"https:\/\/magicaluminum.com\/it\/\">Magia<\/a> offre una serie di opzioni personalizzabili per soddisfare le vostre esigenze specifiche.<\/p>\n<p>A <a href=\"https:\/\/magicaluminum.com\/it\/\">Magia<\/a>Il nostro impegno per la qualit\u00e0 e la soddisfazione dei clienti ci rende la scelta ideale per i proprietari di case e i progettisti di paesaggi. Il nostro impegno per la qualit\u00e0 e la soddisfazione dei clienti ci rende la scelta ideale per i proprietari di case e i progettisti di paesaggi.<\/p>\n<p>Scegliere <a href=\"https:\/\/magicaluminum.com\/it\/\">Magia<\/a> per le vostre esigenze di schermatura del giardino e trasformate il vostro spazio esterno con le nostre soluzioni innovative e decorative.<\/p>\n<p><a href=\"https:\/\/magicaluminum.com\/it\/\">Magia<\/a> \u00e8 un fornitore di soluzioni per soffitti e facciate continue in alluminio, pi\u00f9 Soffitti in alluminio, rivestimenti architettonici in alluminio, schermi da giardino in metallo. decorativi, pannelli di copertura per sale schermo in alluminio Contattateci. o <a href=\"https:\/\/magicaluminum.com\/it\/contattateci\/\">contattateci<\/a> su <a href=\"https:\/\/www.tiktok.com\/@xenia3808?_t=8ns415qYud9&amp;_r=1\" target=\"_blank\" rel=\"noopener\">Tiktok<\/a> o <a href=\"https:\/\/youtube.com\/@magic-tt3yu?si=VsOTJE8H24qlEHCG\" target=\"_blank\" rel=\"noopener\">YouTube<\/a> per vedere altri esempi di ingegneria<\/p>","protected":false},"excerpt":{"rendered":"<p>Magica decorazione in alluminio [...]<\/p>","protected":false},"featured_media":778,"comment_status":"open","ping_status":"closed","template":"","meta":{"site-sidebar-layout":"default","site-content-layout":"","ast-site-content-layout":"default","site-content-style":"default","site-sidebar-style":"default","ast-global-header-display":"","ast-banner-title-visibility":"","ast-main-header-display":"","ast-hfb-above-header-display":"","ast-hfb-below-header-display":"","ast-hfb-mobile-header-display":"","site-post-title":"","ast-breadcrumbs-content":"","ast-featured-img":"","footer-sml-layout":"","ast-disable-related-posts":"","theme-transparent-header-meta":"default","adv-header-id-meta":"","stick-header-meta":"","header-above-stick-meta":"","header-main-stick-meta":"","header-below-stick-meta":"","astra-migrate-meta-layouts":"set","ast-page-background-enabled":"default","ast-page-background-meta":{"desktop":{"background-color":"var(--ast-global-color-4)","background-image":"","background-repeat":"repeat","background-position":"center center","background-size":"auto","background-attachment":"scroll","background-type":"","background-media":"","overlay-type":"","overlay-color":"","overlay-opacity":"","overlay-gradient":""},"tablet":{"background-color":"","background-image":"","background-repeat":"repeat","background-position":"center center","background-size":"auto","background-attachment":"scroll","background-type":"","background-media":"","overlay-type":"","overlay-color":"","overlay-opacity":"","overlay-gradient":""},"mobile":{"background-color":"","background-image":"","background-repeat":"repeat","background-position":"center center","background-size":"auto","background-attachment":"scroll","background-type":"","background-media":"","overlay-type":"","overlay-color":"","overlay-opacity":"","overlay-gradient":""}},"ast-content-background-meta":{"desktop":{"background-color":"var(--ast-global-color-5)","background-image":"","background-repeat":"repeat","background-position":"center center","background-size":"auto","background-attachment":"scroll","background-type":"","background-media":"","overlay-type":"","overlay-color":"","overlay-opacity":"","overlay-gradient":""},"tablet":{"background-color":"var(--ast-global-color-5)","background-image":"","background-repeat":"repeat","background-position":"center center","background-size":"auto","background-attachment":"scroll","background-type":"","background-media":"","overlay-type":"","overlay-color":"","overlay-opacity":"","overlay-gradient":""},"mobile":{"background-color":"var(--ast-global-color-5)","background-image":"","background-repeat":"repeat","background-position":"center center","background-size":"auto","background-attachment":"scroll","background-type":"","background-media":"","overlay-type":"","overlay-color":"","overlay-opacity":"","overlay-gradient":""}}},"product_brand":[],"product_cat":[50,43],"product_tag":[],"class_list":{"0":"post-774","1":"product","2":"type-product","3":"status-publish","4":"has-post-thumbnail","6":"product_cat-aluminum-decorative-screen","7":"product_cat-aluminum-hollow-panel-series","8":"desktop-align-center","9":"tablet-align-left","10":"mobile-align-left","12":"first","13":"instock","14":"taxable","15":"shipping-taxable","16":"product-type-simple"},"_links":{"self":[{"href":"https:\/\/magicaluminum.com\/it\/wp-json\/wp\/v2\/product\/774","targetHints":{"allow":["GET"]}}],"collection":[{"href":"https:\/\/magicaluminum.com\/it\/wp-json\/wp\/v2\/product"}],"about":[{"href":"https:\/\/magicaluminum.com\/it\/wp-json\/wp\/v2\/types\/product"}],"replies":[{"embeddable":true,"href":"https:\/\/magicaluminum.com\/it\/wp-json\/wp\/v2\/comments?post=774"}],"wp:featuredmedia":[{"embeddable":true,"href":"https:\/\/magicaluminum.com\/it\/wp-json\/wp\/v2\/media\/778"}],"wp:attachment":[{"href":"https:\/\/magicaluminum.com\/it\/wp-json\/wp\/v2\/media?parent=774"}],"wp:term":[{"taxonomy":"product_brand","embeddable":true,"href":"https:\/\/magicaluminum.com\/it\/wp-json\/wp\/v2\/product_brand?post=774"},{"taxonomy":"product_cat","embeddable":true,"href":"https:\/\/magicaluminum.com\/it\/wp-json\/wp\/v2\/product_cat?post=774"},{"taxonomy":"product_tag","embeddable":true,"href":"https:\/\/magicaluminum.com\/it\/wp-json\/wp\/v2\/product_tag?post=774"}],"curies":[{"name":"wp","href":"https:\/\/api.w.org\/{rel}","templated":true}]}}