{"id":790,"date":"2024-08-06T08:41:16","date_gmt":"2024-08-06T08:41:16","guid":{"rendered":"https:\/\/magicaluminum.com\/?post_type=product&#038;p=790"},"modified":"2024-08-06T08:50:59","modified_gmt":"2024-08-06T08:50:59","slug":"pvdf-coating-aluminium-cladding","status":"publish","type":"product","link":"https:\/\/magicaluminum.com\/it\/prodotto\/rivestimento-in-pvdf-rivestimento-in-alluminio\/","title":{"rendered":"lastre di rivestimento in alluminio rivestite in pvdf"},"content":{"rendered":"<div class=\"flex-shrink-0 flex flex-col relative items-end\">\n<div>\n<div class=\"pt-0\">\n<div class=\"gizmo-bot-avatar flex h-8 w-8 items-center justify-center overflow-hidden rounded-full\">\n<div class=\"relative p-1 rounded-sm flex items-center justify-center bg-token-main-surface-primary text-token-text-primary h-8 w-8\"><strong>rivestimento in pvdf rivestimento in alluminio caratteristiche del prodotto:<\/strong><\/div>\n<\/div>\n<\/div>\n<\/div>\n<\/div>\n<div class=\"group\/conversation-turn relative flex w-full min-w-0 flex-col agent-turn\">\n<div class=\"flex-col gap-1 md:gap-3\">\n<div class=\"flex flex-grow flex-col max-w-full\">\n<div class=\"min-h-[20px] text-message flex w-full flex-col items-end gap-2 whitespace-pre-wrap break-words [.text-message+&amp;]:mt-5 overflow-x-auto\" dir=\"auto\" data-message-author-role=\"assistant\" data-message-id=\"110de4a8-b163-44c9-b8f3-78484e63d11d\">\n<div class=\"flex w-full flex-col gap-1 empty:hidden first:pt-[3px]\">\n<div class=\"markdown prose w-full break-words dark:prose-invert light\">\n<p><a href=\"https:\/\/magicaluminum.com\/it\/\">Magia<\/a> La facciata continua in alluminio \u00e8 realizzata in alluminio di alta qualit\u00e0 e presenta un resistente rivestimento in PVDF che protegge dai raggi UV, dalle fluttuazioni di temperatura e dall'erosione atmosferica. Questo prodotto vanta un'eccellente resistenza alla flessione e al vento, dimostrando la sua adattabilit\u00e0 e il suo potenziale di sviluppo secondario. La facciata continua in alluminio Magic offre le seguenti caratteristiche.<\/p>\n<ul>\n<li><strong>Leggero e ad alta resistenza.<\/strong> Nonostante la sua leggerezza, questa impiallacciatura garantisce una notevole integrit\u00e0 strutturale.<\/li>\n<li><strong>Impermeabile e resistente alla corrosione.<\/strong> \u00c8 stato progettato per resistere alle condizioni climatiche avverse, il che lo rende ideale per l'uso a lungo termine.<\/li>\n<li><strong>Antincendio e antinquinamento.<\/strong> La facciata continua \u00e8 resistente al fuoco e all'inquinamento, aggiungendo un ulteriore livello di sicurezza e durata.<\/li>\n<li><strong>Bassa manutenzione e lunga durata.<\/strong> Questo prodotto richiede una manutenzione minima, riducendo i costi di manutenzione complessivi.<\/li>\n<li><strong>Opzioni di design versatili.<\/strong> L'impiallacciatura di alluminio pu\u00f2 essere modellata in varie curve e disegni e la sua superficie pu\u00f2 essere dipinta in diversi colori per creare motivi sorprendenti. Ci\u00f2 consente una libert\u00e0 creativa che permette ai progettisti di ottenere un'ampia gamma di effetti estetici. Questo permette una grande libert\u00e0 creativa, consentendo ai progettisti di ottenere un'ampia gamma di effetti estetici. La combinazione con le facciate continue in vetro aumenta ulteriormente l'eleganza e la raffinatezza dell'edificio, offrendo un aspetto moderno e nobile.<\/li>\n<\/ul>\n<p>Con questi attributi. <a href=\"https:\/\/magicaluminum.com\/it\/\">Magia<\/a> Le facciate continue in alluminio non solo migliorano le prestazioni funzionali di un edificio, ma ne elevano anche il fascino architettonico.<\/p>\n<\/div>\n<\/div>\n<\/div>\n<\/div>\n<\/div>\n<\/div>","protected":false},"excerpt":{"rendered":"<p>Rivestimento in alluminio pvdf Adatto a tutti i tipi di aeroporti, stazioni di servizio, parcheggi, metropolitane, stadi, centri commerciali, edifici per uffici, uffici, luoghi di svago. luoghi di svago.<\/p>\n<p>A <a href=\"https:\/\/magicaluminum.com\/it\/\">Magia<\/a>Utilizziamo KYNAR500, una resina di fluoruro di polivinilidene, per la sua eccezionale resistenza alla corrosione e agli agenti atmosferici. Utilizziamo KYNAR500, una resina di fluoruro di polivinilidene, per la sua eccezionale resistenza alla corrosione e agli agenti atmosferici. I nostri rivestimenti al fluorocarbonio sono applicati in genere in due, tre o quattro strati e offrono una protezione eccezionale contro le piogge acide, le nebbie saline e vari inquinanti atmosferici. I nostri rivestimenti al fluorocarbonio sono in grado di resistere ai raggi ultravioletti, assicurando stabilit\u00e0 del colore e durata nel tempo. Ci riforniamo di materiali di rivestimento al fluorocarbonio di altissimo livello da produttori rinomati. Ci riforniamo dei migliori materiali di rivestimento al fluorocarbonio da produttori rinomati come PPG, NDT, AKZO e NIPPO. <a href=\"https:\/\/magicaluminum.com\/it\/\"><strong>Magia<\/strong><\/a>Offriamo un'ampia gamma di splendide opzioni cromatiche, consentendo ai nostri clienti di scegliere tra le lastre di colore fornite dal produttore o di fornire i propri campioni di colore per una finitura personalizzata. campioni per una finitura personalizzata.<\/p>","protected":false},"featured_media":791,"comment_status":"open","ping_status":"closed","template":"","meta":{"site-sidebar-layout":"default","site-content-layout":"","ast-site-content-layout":"default","site-content-style":"default","site-sidebar-style":"default","ast-global-header-display":"","ast-banner-title-visibility":"","ast-main-header-display":"","ast-hfb-above-header-display":"","ast-hfb-below-header-display":"","ast-hfb-mobile-header-display":"","site-post-title":"","ast-breadcrumbs-content":"","ast-featured-img":"","footer-sml-layout":"","ast-disable-related-posts":"","theme-transparent-header-meta":"default","adv-header-id-meta":"","stick-header-meta":"","header-above-stick-meta":"","header-main-stick-meta":"","header-below-stick-meta":"","astra-migrate-meta-layouts":"set","ast-page-background-enabled":"default","ast-page-background-meta":{"desktop":{"background-color":"var(--ast-global-color-4)","background-image":"","background-repeat":"repeat","background-position":"center center","background-size":"auto","background-attachment":"scroll","background-type":"","background-media":"","overlay-type":"","overlay-color":"","overlay-opacity":"","overlay-gradient":""},"tablet":{"background-color":"","background-image":"","background-repeat":"repeat","background-position":"center center","background-size":"auto","background-attachment":"scroll","background-type":"","background-media":"","overlay-type":"","overlay-color":"","overlay-opacity":"","overlay-gradient":""},"mobile":{"background-color":"","background-image":"","background-repeat":"repeat","background-position":"center center","background-size":"auto","background-attachment":"scroll","background-type":"","background-media":"","overlay-type":"","overlay-color":"","overlay-opacity":"","overlay-gradient":""}},"ast-content-background-meta":{"desktop":{"background-color":"var(--ast-global-color-5)","background-image":"","background-repeat":"repeat","background-position":"center center","background-size":"auto","background-attachment":"scroll","background-type":"","background-media":"","overlay-type":"","overlay-color":"","overlay-opacity":"","overlay-gradient":""},"tablet":{"background-color":"var(--ast-global-color-5)","background-image":"","background-repeat":"repeat","background-position":"center center","background-size":"auto","background-attachment":"scroll","background-type":"","background-media":"","overlay-type":"","overlay-color":"","overlay-opacity":"","overlay-gradient":""},"mobile":{"background-color":"var(--ast-global-color-5)","background-image":"","background-repeat":"repeat","background-position":"center center","background-size":"auto","background-attachment":"scroll","background-type":"","background-media":"","overlay-type":"","overlay-color":"","overlay-opacity":"","overlay-gradient":""}}},"product_brand":[],"product_cat":[30,37],"product_tag":[],"class_list":{"0":"post-790","1":"product","2":"type-product","3":"status-publish","4":"has-post-thumbnail","6":"product_cat-aluminum-veneer-series","7":"product_cat-pvdf-aluminum-veneer","8":"desktop-align-center","9":"tablet-align-left","10":"mobile-align-left","12":"first","13":"onbackorder","14":"taxable","15":"shipping-taxable","16":"purchasable","17":"product-type-simple"},"_links":{"self":[{"href":"https:\/\/magicaluminum.com\/it\/wp-json\/wp\/v2\/product\/790","targetHints":{"allow":["GET"]}}],"collection":[{"href":"https:\/\/magicaluminum.com\/it\/wp-json\/wp\/v2\/product"}],"about":[{"href":"https:\/\/magicaluminum.com\/it\/wp-json\/wp\/v2\/types\/product"}],"replies":[{"embeddable":true,"href":"https:\/\/magicaluminum.com\/it\/wp-json\/wp\/v2\/comments?post=790"}],"wp:featuredmedia":[{"embeddable":true,"href":"https:\/\/magicaluminum.com\/it\/wp-json\/wp\/v2\/media\/791"}],"wp:attachment":[{"href":"https:\/\/magicaluminum.com\/it\/wp-json\/wp\/v2\/media?parent=790"}],"wp:term":[{"taxonomy":"product_brand","embeddable":true,"href":"https:\/\/magicaluminum.com\/it\/wp-json\/wp\/v2\/product_brand?post=790"},{"taxonomy":"product_cat","embeddable":true,"href":"https:\/\/magicaluminum.com\/it\/wp-json\/wp\/v2\/product_cat?post=790"},{"taxonomy":"product_tag","embeddable":true,"href":"https:\/\/magicaluminum.com\/it\/wp-json\/wp\/v2\/product_tag?post=790"}],"curies":[{"name":"wp","href":"https:\/\/api.w.org\/{rel}","templated":true}]}}