{"id":1502,"date":"2024-09-14T09:19:30","date_gmt":"2024-09-14T09:19:30","guid":{"rendered":"https:\/\/magicaluminum.com\/?post_type=product&#038;p=1502"},"modified":"2024-09-14T09:19:30","modified_gmt":"2024-09-14T09:19:30","slug":"aluminum-mesh-panels","status":"publish","type":"product","link":"https:\/\/magicaluminum.com\/ko\/product\/\uc54c\ub8e8\ubbf8\ub284-\uba54\uc26c-\ud328\ub110\/","title":{"rendered":"\uc54c\ub8e8\ubbf8\ub284 \uba54\uc26c \ud328\ub110"},"content":{"rendered":"<p><a href=\"https:\/\/magicaluminum.com\/ko\/product-category\/aluminum-hollow-panel-series\/aluminum-mesh-veneer\/\">\uc54c\ub8e8\ubbf8\ub284 \uba54\uc26c \ud328\ub110<\/a> \uac74\ucd95 \uc7a5\uc2dd\uc758 \uc678\ubd80 \ucee4\ud2bc\uc6d4\uc5d0 \uc0ac\uc6a9\ud558\uba74 \uae08\uc18d \uc18c\uc7ac\uc758 \uac15\ub3c4\ub85c \uc778\ud574 \ud3ed\ud48d\uacfc \uac19\uc740 \ud639\ub3c5\ud55c \uae30\uc0c1 \uc870\uac74\uc744 \uc27d\uac8c \uacac\ub51c \uc218 \uc788\uc73c\uba70 \uac74\ubb3c \uc678\ubd80\uc758 \ubcf4\ud638 \ucee4\ubc84\ub85c\ub3c4 \uc0ac\uc6a9\ud560 \uc218 \uc788\uc2b5\ub2c8\ub2e4. \uac74\ucd95 \uc7a5\uc2dd\uc758 \ubcbd\uc5d0 \uc0ac\uc6a9\ud558\uba74 \uae08\uc18d \uc18c\uc7ac\uc758 \uac15\ub3c4\ub85c \uc778\ud574 \ud3ed\ud48d\uacfc \uac19\uc740 \ud639\ub3c5\ud55c \uae30\uc0c1 \uc870\uac74\uc744 \uc27d\uac8c \uacac\ub51c \uc218 \uc788\uc73c\uba70, \ub610\ud55c \uac74\ucd95 \uc7a5\uc2dd\uc758 \ub0b4\ubd80 \ucee4\ud2bc\uc6d4\uc5d0 \uc0ac\uc6a9\ud558\uba74 \uae08\uc18d \uc18c\uc7ac\uc758 \uac15\ub3c4\ub85c \uc778\ud574 \ud3ed\ud48d\uacfc \uac19\uc740 \ud639\ub3c5\ud55c \uae30\uc0c1 \uc870\uac74\uc744 \uc27d\uac8c \uacac\ub51c \uc218 \uc788\uc73c\uba70 \uc720\uc9c0 \uad00\ub9ac\ub3c4 \uc27d\uc2b5\ub2c8\ub2e4. \ubbf8\uc801 \uad00\uc810\uc5d0\uc11c \ubcfc \ub54c \uba54\uc26c\ub294 \uc9c1\uc870 \uc9c1\ubb3c\uacfc \uc720\uc0ac\ud558\uc5ec \uc2dc\uac01\uc801\uc778 \uc990\uac70\uc6c0\uc744 \uc120\uc0ac\ud569\ub2c8\ub2e4. \uc2e4\ub0b4 \ucc9c\uc7a5\uc774\ub098 \ud30c\ud2f0\uc158 \ubcbd\uc5d0 \uc0ac\uc6a9\ud558\uba74 \ub3c5\ud2b9\ud55c \ud22c\uba85\uc131\uacfc \uad11\ud0dd\uc73c\ub85c \uacf5\uac04\uc5d0 \ubbf8\uc801 \uc990\uac70\uc6c0\uc744 \ub354\ud560 \uc218 \uc788\uc2b5\ub2c8\ub2e4.<\/p>\n<p>\uc54c\ub8e8\ubbf8\ub284 \uba54\uc26c\uc758 \uc870\ub9ac\uac1c\ub294 0.5x1mm, 1x2mm, 1.25\u00d72.5mm, 1.5\u00d72.5mm, 1.6\u00d73.2mm, 2x3mm, 3x4mm, 3*5mm, 3*6mm, 4*8mm, 5*10mm, 6*12mm\ub85c \ub098\ub269\ub2c8\ub2e4. 8*16mm, 10*20mm, 12*25mm, 15*30mm 20x40mm 25x50mm 30x60mm 40x80mm 50x100mm \ub4f1\ub4f1.<\/p>\n<p>&nbsp;<\/p>","protected":false},"excerpt":{"rendered":"<p>\uc54c\ub8e8\ubbf8\ub284 \uba54\uc26c \ud328\ub110 [...]<\/p>","protected":false},"featured_media":1499,"comment_status":"open","ping_status":"closed","template":"","meta":{"site-sidebar-layout":"default","site-content-layout":"","ast-site-content-layout":"default","site-content-style":"default","site-sidebar-style":"default","ast-global-header-display":"","ast-banner-title-visibility":"","ast-main-header-display":"","ast-hfb-above-header-display":"","ast-hfb-below-header-display":"","ast-hfb-mobile-header-display":"","site-post-title":"","ast-breadcrumbs-content":"","ast-featured-img":"","footer-sml-layout":"","theme-transparent-header-meta":"default","adv-header-id-meta":"","stick-header-meta":"","header-above-stick-meta":"","header-main-stick-meta":"","header-below-stick-meta":"","astra-migrate-meta-layouts":"set","ast-page-background-enabled":"default","ast-page-background-meta":{"desktop":{"background-color":"var(--ast-global-color-4)","background-image":"","background-repeat":"repeat","background-position":"center center","background-size":"auto","background-attachment":"scroll","background-type":"","background-media":"","overlay-type":"","overlay-color":"","overlay-opacity":"","overlay-gradient":""},"tablet":{"background-color":"","background-image":"","background-repeat":"repeat","background-position":"center center","background-size":"auto","background-attachment":"scroll","background-type":"","background-media":"","overlay-type":"","overlay-color":"","overlay-opacity":"","overlay-gradient":""},"mobile":{"background-color":"","background-image":"","background-repeat":"repeat","background-position":"center center","background-size":"auto","background-attachment":"scroll","background-type":"","background-media":"","overlay-type":"","overlay-color":"","overlay-opacity":"","overlay-gradient":""}},"ast-content-background-meta":{"desktop":{"background-color":"var(--ast-global-color-5)","background-image":"","background-repeat":"repeat","background-position":"center center","background-size":"auto","background-attachment":"scroll","background-type":"","background-media":"","overlay-type":"","overlay-color":"","overlay-opacity":"","overlay-gradient":""},"tablet":{"background-color":"var(--ast-global-color-5)","background-image":"","background-repeat":"repeat","background-position":"center center","background-size":"auto","background-attachment":"scroll","background-type":"","background-media":"","overlay-type":"","overlay-color":"","overlay-opacity":"","overlay-gradient":""},"mobile":{"background-color":"var(--ast-global-color-5)","background-image":"","background-repeat":"repeat","background-position":"center center","background-size":"auto","background-attachment":"scroll","background-type":"","background-media":"","overlay-type":"","overlay-color":"","overlay-opacity":"","overlay-gradient":""}}},"product_brand":[],"product_cat":[95],"product_tag":[85],"class_list":{"0":"post-1502","1":"product","2":"type-product","3":"status-publish","4":"has-post-thumbnail","6":"product_cat-aluminum-mesh-veneer","7":"product_tag-aluminum-buildings-curtain-wall","8":"desktop-align-center","9":"tablet-align-left","10":"mobile-align-left","12":"first","13":"instock","14":"sale","15":"taxable","16":"shipping-taxable","17":"purchasable","18":"product-type-simple"},"_links":{"self":[{"href":"https:\/\/magicaluminum.com\/ko\/wp-json\/wp\/v2\/product\/1502","targetHints":{"allow":["GET"]}}],"collection":[{"href":"https:\/\/magicaluminum.com\/ko\/wp-json\/wp\/v2\/product"}],"about":[{"href":"https:\/\/magicaluminum.com\/ko\/wp-json\/wp\/v2\/types\/product"}],"replies":[{"embeddable":true,"href":"https:\/\/magicaluminum.com\/ko\/wp-json\/wp\/v2\/comments?post=1502"}],"wp:featuredmedia":[{"embeddable":true,"href":"https:\/\/magicaluminum.com\/ko\/wp-json\/wp\/v2\/media\/1499"}],"wp:attachment":[{"href":"https:\/\/magicaluminum.com\/ko\/wp-json\/wp\/v2\/media?parent=1502"}],"wp:term":[{"taxonomy":"product_brand","embeddable":true,"href":"https:\/\/magicaluminum.com\/ko\/wp-json\/wp\/v2\/product_brand?post=1502"},{"taxonomy":"product_cat","embeddable":true,"href":"https:\/\/magicaluminum.com\/ko\/wp-json\/wp\/v2\/product_cat?post=1502"},{"taxonomy":"product_tag","embeddable":true,"href":"https:\/\/magicaluminum.com\/ko\/wp-json\/wp\/v2\/product_tag?post=1502"}],"curies":[{"name":"wp","href":"https:\/\/api.w.org\/{rel}","templated":true}]}}